{"id":8446,"date":"2017-10-30T16:43:31","date_gmt":"2017-10-30T16:43:31","guid":{"rendered":"https:\/\/chacamelia.com\/catalogue\/sin%20categorizar\/set-oolong\/"},"modified":"2018-02-12T18:12:13","modified_gmt":"2018-02-12T18:12:13","slug":"set-oolong","status":"publish","type":"product","link":"https:\/\/chacamelia.com\/es\/catalogue\/accesorios\/teteras-y-tazas\/set-oolong\/","title":{"rendered":"Set Oolong"},"content":{"rendered":"<p>Set Oolong tradicional de Taiwan con tetera de cer\u00e1mcia tradicional (150ml) y 3 tazas con bandeja de bamb\u00fa para colectar el agua da preparaci\u00f3n tradicional de Oolong (gongfu cha).<\/p>\n","protected":false},"excerpt":{"rendered":"<p>Set Oolong tradicional de Taiwan para la preparaci\u00f3n tradicional de Oolong (gongfu cha)<\/p>\n","protected":false},"featured_media":8438,"template":"","meta":{"_acf_changed":false},"product_brand":[],"product_cat":[611],"product_tag":[1034,1035,1036,1037,1038],"class_list":{"0":"post-8446","1":"product","2":"type-product","3":"status-publish","4":"has-post-thumbnail","6":"product_cat-teteras-y-tazas","7":"product_tag-bule-de-cha-es","8":"product_tag-ceramica-de-cha-es","9":"product_tag-ceramica-oolong-es","10":"product_tag-gongfu-cha-es","11":"product_tag-taiwan-es","12":"product_shipping_class-accesorios","14":"first","15":"outofstock","16":"taxable","17":"shipping-taxable","18":"purchasable","19":"product-type-simple"},"group_of_quantity":0,"min_quantity":0,"max_quantity":"","exclude_order_quantity_value_rules":"no","exclude_category_quantity_rules":"no","combine_variations":"no","acf":[],"yoast_head":"<!-- This site is optimized with the Yoast SEO plugin v27.1.1 - https:\/\/yoast.com\/product\/yoast-seo-wordpress\/ -->\n<title>Set Oolong tradicional de Taiwan<\/title>\n<meta name=\"description\" content=\"Set Oolong tradicional de Taiwan para la preparaci\u00f3n tradicional de Oolong (gongfu cha)\" \/>\n<meta name=\"robots\" content=\"index, follow, max-snippet:-1, max-image-preview:large, max-video-preview:-1\" \/>\n<link rel=\"canonical\" href=\"https:\/\/chacamelia.com\/catalogue\/acessorios\/bules-e-tacas\/set-oolong\/\" \/>\n<meta property=\"og:locale\" content=\"es_ES\" \/>\n<meta property=\"og:type\" content=\"article\" \/>\n<meta property=\"og:title\" content=\"Set Oolong tradicional de Taiwan\" \/>\n<meta property=\"og:description\" content=\"Set Oolong tradicional de Taiwan para la preparaci\u00f3n tradicional de Oolong (gongfu cha)\" \/>\n<meta property=\"og:url\" content=\"https:\/\/chacamelia.com\/catalogue\/acessorios\/bules-e-tacas\/set-oolong\/\" \/>\n<meta property=\"og:site_name\" content=\"Ch\u00e1 Cam\u00e9lia\" \/>\n<meta property=\"article:modified_time\" content=\"2018-02-12T18:12:13+00:00\" \/>\n<meta property=\"og:image\" content=\"https:\/\/chacamelia.com\/admin\/wp-content\/uploads\/2017\/10\/tabuleiro-com-bule-e-cha\u0301venas-taiwan.jpg\" \/>\n\t<meta property=\"og:image:width\" content=\"1500\" \/>\n\t<meta property=\"og:image:height\" content=\"1500\" \/>\n\t<meta property=\"og:image:type\" content=\"image\/jpeg\" \/>\n<meta name=\"twitter:card\" content=\"summary_large_image\" \/>\n<script type=\"application\/ld+json\" class=\"yoast-schema-graph\">{\"@context\":\"https:\/\/schema.org\",\"@graph\":[{\"@type\":\"WebPage\",\"@id\":\"https:\/\/chacamelia.com\/catalogue\/acessorios\/bules-e-tacas\/set-oolong\/\",\"url\":\"https:\/\/chacamelia.com\/catalogue\/acessorios\/bules-e-tacas\/set-oolong\/\",\"name\":\"Set Oolong tradicional de Taiwan\",\"isPartOf\":{\"@id\":\"https:\/\/chacamelia.com\/#website\"},\"primaryImageOfPage\":{\"@id\":\"https:\/\/chacamelia.com\/catalogue\/acessorios\/bules-e-tacas\/set-oolong\/#primaryimage\"},\"image\":{\"@id\":\"https:\/\/chacamelia.com\/catalogue\/acessorios\/bules-e-tacas\/set-oolong\/#primaryimage\"},\"thumbnailUrl\":\"https:\/\/chacamelia.com\/admin\/wp-content\/uploads\/2017\/10\/tabuleiro-com-bule-e-cha\u0301venas-taiwan.jpg\",\"datePublished\":\"2017-10-30T16:43:31+00:00\",\"dateModified\":\"2018-02-12T18:12:13+00:00\",\"description\":\"Set Oolong tradicional de Taiwan para la preparaci\u00f3n tradicional de Oolong (gongfu cha)\",\"breadcrumb\":{\"@id\":\"https:\/\/chacamelia.com\/catalogue\/acessorios\/bules-e-tacas\/set-oolong\/#breadcrumb\"},\"inLanguage\":\"es\",\"potentialAction\":[{\"@type\":\"ReadAction\",\"target\":[\"https:\/\/chacamelia.com\/catalogue\/acessorios\/bules-e-tacas\/set-oolong\/\"]}]},{\"@type\":\"ImageObject\",\"inLanguage\":\"es\",\"@id\":\"https:\/\/chacamelia.com\/catalogue\/acessorios\/bules-e-tacas\/set-oolong\/#primaryimage\",\"url\":\"https:\/\/chacamelia.com\/admin\/wp-content\/uploads\/2017\/10\/tabuleiro-com-bule-e-cha\u0301venas-taiwan.jpg\",\"contentUrl\":\"https:\/\/chacamelia.com\/admin\/wp-content\/uploads\/2017\/10\/tabuleiro-com-bule-e-cha\u0301venas-taiwan.jpg\",\"width\":1500,\"height\":1500},{\"@type\":\"BreadcrumbList\",\"@id\":\"https:\/\/chacamelia.com\/catalogue\/acessorios\/bules-e-tacas\/set-oolong\/#breadcrumb\",\"itemListElement\":[{\"@type\":\"ListItem\",\"position\":1,\"name\":\"Home\",\"item\":\"https:\/\/chacamelia.com\/es\/\"},{\"@type\":\"ListItem\",\"position\":2,\"name\":\"Tienda Online &#8211; T\u00e9s\",\"item\":\"https:\/\/chacamelia.com\/es\/tienda-online-tes\/\"},{\"@type\":\"ListItem\",\"position\":3,\"name\":\"Set Oolong\"}]},{\"@type\":\"WebSite\",\"@id\":\"https:\/\/chacamelia.com\/#website\",\"url\":\"https:\/\/chacamelia.com\/\",\"name\":\"Ch\u00e1 Cam\u00e9lia\",\"description\":\"M\u00e1s que una bebida, una actitud\",\"publisher\":{\"@id\":\"https:\/\/chacamelia.com\/#organization\"},\"potentialAction\":[{\"@type\":\"SearchAction\",\"target\":{\"@type\":\"EntryPoint\",\"urlTemplate\":\"https:\/\/chacamelia.com\/?s={search_term_string}\"},\"query-input\":{\"@type\":\"PropertyValueSpecification\",\"valueRequired\":true,\"valueName\":\"search_term_string\"}}],\"inLanguage\":\"es\"},{\"@type\":\"Organization\",\"@id\":\"https:\/\/chacamelia.com\/#organization\",\"name\":\"Ch\u00e1 Cam\u00e9lia\",\"url\":\"https:\/\/chacamelia.com\/\",\"logo\":{\"@type\":\"ImageObject\",\"inLanguage\":\"es\",\"@id\":\"https:\/\/chacamelia.com\/#\/schema\/logo\/image\/\",\"url\":\"https:\/\/chacamelia.com\/admin\/wp-content\/uploads\/2015\/06\/Logotipo.jpg\",\"contentUrl\":\"https:\/\/chacamelia.com\/admin\/wp-content\/uploads\/2015\/06\/Logotipo.jpg\",\"width\":289,\"height\":289,\"caption\":\"Ch\u00e1 Cam\u00e9lia\"},\"image\":{\"@id\":\"https:\/\/chacamelia.com\/#\/schema\/logo\/image\/\"}}]}<\/script>\n<!-- \/ Yoast SEO plugin. -->","yoast_head_json":{"title":"Set Oolong tradicional de Taiwan","description":"Set Oolong tradicional de Taiwan para la preparaci\u00f3n tradicional de Oolong (gongfu cha)","robots":{"index":"index","follow":"follow","max-snippet":"max-snippet:-1","max-image-preview":"max-image-preview:large","max-video-preview":"max-video-preview:-1"},"canonical":"https:\/\/chacamelia.com\/catalogue\/acessorios\/bules-e-tacas\/set-oolong\/","og_locale":"es_ES","og_type":"article","og_title":"Set Oolong tradicional de Taiwan","og_description":"Set Oolong tradicional de Taiwan para la preparaci\u00f3n tradicional de Oolong (gongfu cha)","og_url":"https:\/\/chacamelia.com\/catalogue\/acessorios\/bules-e-tacas\/set-oolong\/","og_site_name":"Ch\u00e1 Cam\u00e9lia","article_modified_time":"2018-02-12T18:12:13+00:00","og_image":[{"width":1500,"height":1500,"url":"https:\/\/chacamelia.com\/admin\/wp-content\/uploads\/2017\/10\/tabuleiro-com-bule-e-cha\u0301venas-taiwan.jpg","type":"image\/jpeg"}],"twitter_card":"summary_large_image","schema":{"@context":"https:\/\/schema.org","@graph":[{"@type":"WebPage","@id":"https:\/\/chacamelia.com\/catalogue\/acessorios\/bules-e-tacas\/set-oolong\/","url":"https:\/\/chacamelia.com\/catalogue\/acessorios\/bules-e-tacas\/set-oolong\/","name":"Set Oolong tradicional de Taiwan","isPartOf":{"@id":"https:\/\/chacamelia.com\/#website"},"primaryImageOfPage":{"@id":"https:\/\/chacamelia.com\/catalogue\/acessorios\/bules-e-tacas\/set-oolong\/#primaryimage"},"image":{"@id":"https:\/\/chacamelia.com\/catalogue\/acessorios\/bules-e-tacas\/set-oolong\/#primaryimage"},"thumbnailUrl":"https:\/\/chacamelia.com\/admin\/wp-content\/uploads\/2017\/10\/tabuleiro-com-bule-e-cha\u0301venas-taiwan.jpg","datePublished":"2017-10-30T16:43:31+00:00","dateModified":"2018-02-12T18:12:13+00:00","description":"Set Oolong tradicional de Taiwan para la preparaci\u00f3n tradicional de Oolong (gongfu cha)","breadcrumb":{"@id":"https:\/\/chacamelia.com\/catalogue\/acessorios\/bules-e-tacas\/set-oolong\/#breadcrumb"},"inLanguage":"es","potentialAction":[{"@type":"ReadAction","target":["https:\/\/chacamelia.com\/catalogue\/acessorios\/bules-e-tacas\/set-oolong\/"]}]},{"@type":"ImageObject","inLanguage":"es","@id":"https:\/\/chacamelia.com\/catalogue\/acessorios\/bules-e-tacas\/set-oolong\/#primaryimage","url":"https:\/\/chacamelia.com\/admin\/wp-content\/uploads\/2017\/10\/tabuleiro-com-bule-e-cha\u0301venas-taiwan.jpg","contentUrl":"https:\/\/chacamelia.com\/admin\/wp-content\/uploads\/2017\/10\/tabuleiro-com-bule-e-cha\u0301venas-taiwan.jpg","width":1500,"height":1500},{"@type":"BreadcrumbList","@id":"https:\/\/chacamelia.com\/catalogue\/acessorios\/bules-e-tacas\/set-oolong\/#breadcrumb","itemListElement":[{"@type":"ListItem","position":1,"name":"Home","item":"https:\/\/chacamelia.com\/es\/"},{"@type":"ListItem","position":2,"name":"Tienda Online &#8211; T\u00e9s","item":"https:\/\/chacamelia.com\/es\/tienda-online-tes\/"},{"@type":"ListItem","position":3,"name":"Set Oolong"}]},{"@type":"WebSite","@id":"https:\/\/chacamelia.com\/#website","url":"https:\/\/chacamelia.com\/","name":"Ch\u00e1 Cam\u00e9lia","description":"M\u00e1s que una bebida, una actitud","publisher":{"@id":"https:\/\/chacamelia.com\/#organization"},"potentialAction":[{"@type":"SearchAction","target":{"@type":"EntryPoint","urlTemplate":"https:\/\/chacamelia.com\/?s={search_term_string}"},"query-input":{"@type":"PropertyValueSpecification","valueRequired":true,"valueName":"search_term_string"}}],"inLanguage":"es"},{"@type":"Organization","@id":"https:\/\/chacamelia.com\/#organization","name":"Ch\u00e1 Cam\u00e9lia","url":"https:\/\/chacamelia.com\/","logo":{"@type":"ImageObject","inLanguage":"es","@id":"https:\/\/chacamelia.com\/#\/schema\/logo\/image\/","url":"https:\/\/chacamelia.com\/admin\/wp-content\/uploads\/2015\/06\/Logotipo.jpg","contentUrl":"https:\/\/chacamelia.com\/admin\/wp-content\/uploads\/2015\/06\/Logotipo.jpg","width":289,"height":289,"caption":"Ch\u00e1 Cam\u00e9lia"},"image":{"@id":"https:\/\/chacamelia.com\/#\/schema\/logo\/image\/"}}]}},"_links":{"self":[{"href":"https:\/\/chacamelia.com\/es\/wp-json\/wp\/v2\/product\/8446","targetHints":{"allow":["GET"]}}],"collection":[{"href":"https:\/\/chacamelia.com\/es\/wp-json\/wp\/v2\/product"}],"about":[{"href":"https:\/\/chacamelia.com\/es\/wp-json\/wp\/v2\/types\/product"}],"wp:featuredmedia":[{"embeddable":true,"href":"https:\/\/chacamelia.com\/es\/wp-json\/wp\/v2\/media\/8438"}],"wp:attachment":[{"href":"https:\/\/chacamelia.com\/es\/wp-json\/wp\/v2\/media?parent=8446"}],"wp:term":[{"taxonomy":"product_brand","embeddable":true,"href":"https:\/\/chacamelia.com\/es\/wp-json\/wp\/v2\/product_brand?post=8446"},{"taxonomy":"product_cat","embeddable":true,"href":"https:\/\/chacamelia.com\/es\/wp-json\/wp\/v2\/product_cat?post=8446"},{"taxonomy":"product_tag","embeddable":true,"href":"https:\/\/chacamelia.com\/es\/wp-json\/wp\/v2\/product_tag?post=8446"}],"curies":[{"name":"wp","href":"https:\/\/api.w.org\/{rel}","templated":true}]}}