{"id":830,"date":"2015-06-16T15:14:13","date_gmt":"2015-06-16T15:14:13","guid":{"rendered":"https:\/\/chacamelia.com\/admin\/catalogo\/morimoto-matcha-3\/"},"modified":"2025-04-08T13:01:55","modified_gmt":"2025-04-08T13:01:55","slug":"morimoto-matcha-3","status":"publish","type":"product","link":"https:\/\/chacamelia.com\/es\/catalogue\/tes\/matcha-es\/morimoto-matcha-3\/","title":{"rendered":"Matcha Morimoto Bio 20g"},"content":{"rendered":"<p>Para conseguir el Morimoto Matcha se muele el mejor Sencha de la familia Morimoto en un molino de cer\u00e1mica, con sumo cuidado, hasta obtener un polvo muy fino. Este t\u00e9, de un verde intenso, se bate con un batidor de bamb\u00fa (Chasen) en agua caliente (50-60\u00baC) hasta adquirir una textura cremosa. El Matcha es rico en antioxidantes, vitaminas y minerales. En verano se puede preparar tambi\u00e9n con agua fr\u00eda. Incluso puede utilizarse en postres (colado y salpicado sobre helados de vainilla o nata).<\/p>\n<p>Paquetes de 20g y 50g<\/p>\n<p>Aromas: rico, con taninos delicados, con cafe\u00edna<\/p>\n<p><a href=\"https:\/\/chacamelia.com\/es\/sobre-el-te\/preparacion\/matcha-te-en-polvo-para-la-ceremonia-del-te\/\">Ver preparaci\u00f3n<\/a><\/p>\n<p>&nbsp;<\/p>\n<p><img loading=\"lazy\" decoding=\"async\" class=\"alignnone wp-image-12905\" src=\"https:\/\/chacamelia.com\/admin\/wp-content\/uploads\/2015\/06\/eu_organic_logo_colour_outerline_rgb-280x186.jpg\" alt=\"\" width=\"101\" height=\"67\" \/><\/p>\n<p class=\"p1\">AGRICULTURA NO UE \/ PT-BIO-04<\/p>\n","protected":false},"excerpt":{"rendered":"<p>Un Matcha de excelente calidad para preparar con batidor de bamb\u00fa.<\/p>\n","protected":false},"featured_media":11049,"template":"","meta":{"_acf_changed":false},"product_brand":[],"product_cat":[33,591],"product_tag":[261,306,307,267],"class_list":{"0":"post-830","1":"product","2":"type-product","3":"status-publish","4":"has-post-thumbnail","6":"product_cat-tes","7":"product_cat-matcha-es","8":"product_tag-cerimonia-do-cha-es","9":"product_tag-cha-japones-es","10":"product_tag-cha-verde-es","11":"product_tag-matcha-es","13":"first","14":"instock","15":"taxable","16":"shipping-taxable","17":"purchasable","18":"product-type-simple"},"group_of_quantity":0,"min_quantity":0,"max_quantity":"","exclude_order_quantity_value_rules":"no","exclude_category_quantity_rules":"no","combine_variations":"no","acf":[],"yoast_head":"<!-- This site is optimized with the Yoast SEO plugin v27.1.1 - https:\/\/yoast.com\/product\/yoast-seo-wordpress\/ -->\n<title>Matcha Morimoto Bio 20g - Comprar T\u00e9s, Matcha en l\u00ednea - Ch\u00e1 Cam\u00e9lia<\/title>\n<meta name=\"description\" content=\"El Morimoto Matcha se muele hasta obtener un polvo rico en antioxidantes, vitaminas y minerales. Se puede preparar con agua caliente o fr\u00eda, y puede usarse en postres.\" \/>\n<meta name=\"robots\" content=\"index, follow, max-snippet:-1, max-image-preview:large, max-video-preview:-1\" \/>\n<link rel=\"canonical\" href=\"https:\/\/chacamelia.com\/catalogue\/chas\/matcha\/morimoto-matcha\/\" \/>\n<meta property=\"og:locale\" content=\"es_ES\" \/>\n<meta property=\"og:type\" content=\"article\" \/>\n<meta property=\"og:title\" content=\"Matcha Morimoto Bio 20g - Comprar T\u00e9s, Matcha en l\u00ednea - Ch\u00e1 Cam\u00e9lia\" \/>\n<meta property=\"og:description\" content=\"El Morimoto Matcha se muele hasta obtener un polvo rico en antioxidantes, vitaminas y minerales. Se puede preparar con agua caliente o fr\u00eda, y puede usarse en postres.\" \/>\n<meta property=\"og:url\" content=\"https:\/\/chacamelia.com\/catalogue\/chas\/matcha\/morimoto-matcha\/\" \/>\n<meta property=\"og:site_name\" content=\"Ch\u00e1 Cam\u00e9lia\" \/>\n<meta property=\"article:modified_time\" content=\"2025-04-08T13:01:55+00:00\" \/>\n<meta property=\"og:image\" content=\"https:\/\/chacamelia.com\/admin\/wp-content\/uploads\/2015\/06\/19-morimoto-matcha-v2-1024x1024.png\" \/>\n\t<meta property=\"og:image:width\" content=\"1024\" \/>\n\t<meta property=\"og:image:height\" content=\"1024\" \/>\n\t<meta property=\"og:image:type\" content=\"image\/png\" \/>\n<meta name=\"twitter:card\" content=\"summary_large_image\" \/>\n<meta name=\"twitter:label1\" content=\"Tiempo de lectura\" \/>\n\t<meta name=\"twitter:data1\" content=\"1 minuto\" \/>\n<script type=\"application\/ld+json\" class=\"yoast-schema-graph\">{\"@context\":\"https:\/\/schema.org\",\"@graph\":[{\"@type\":\"WebPage\",\"@id\":\"https:\/\/chacamelia.com\/catalogue\/chas\/matcha\/morimoto-matcha\/\",\"url\":\"https:\/\/chacamelia.com\/catalogue\/chas\/matcha\/morimoto-matcha\/\",\"name\":\"Matcha Morimoto Bio 20g - Comprar T\u00e9s, Matcha en l\u00ednea - Ch\u00e1 Cam\u00e9lia\",\"isPartOf\":{\"@id\":\"https:\/\/chacamelia.com\/#website\"},\"primaryImageOfPage\":{\"@id\":\"https:\/\/chacamelia.com\/catalogue\/chas\/matcha\/morimoto-matcha\/#primaryimage\"},\"image\":{\"@id\":\"https:\/\/chacamelia.com\/catalogue\/chas\/matcha\/morimoto-matcha\/#primaryimage\"},\"thumbnailUrl\":\"https:\/\/chacamelia.com\/admin\/wp-content\/uploads\/2015\/06\/19-morimoto-matcha-v2.png\",\"datePublished\":\"2015-06-16T15:14:13+00:00\",\"dateModified\":\"2025-04-08T13:01:55+00:00\",\"description\":\"El Morimoto Matcha se muele hasta obtener un polvo rico en antioxidantes, vitaminas y minerales. Se puede preparar con agua caliente o fr\u00eda, y puede usarse en postres.\",\"breadcrumb\":{\"@id\":\"https:\/\/chacamelia.com\/catalogue\/chas\/matcha\/morimoto-matcha\/#breadcrumb\"},\"inLanguage\":\"es\",\"potentialAction\":[{\"@type\":\"ReadAction\",\"target\":[\"https:\/\/chacamelia.com\/catalogue\/chas\/matcha\/morimoto-matcha\/\"]}]},{\"@type\":\"ImageObject\",\"inLanguage\":\"es\",\"@id\":\"https:\/\/chacamelia.com\/catalogue\/chas\/matcha\/morimoto-matcha\/#primaryimage\",\"url\":\"https:\/\/chacamelia.com\/admin\/wp-content\/uploads\/2015\/06\/19-morimoto-matcha-v2.png\",\"contentUrl\":\"https:\/\/chacamelia.com\/admin\/wp-content\/uploads\/2015\/06\/19-morimoto-matcha-v2.png\",\"width\":2500,\"height\":2500},{\"@type\":\"BreadcrumbList\",\"@id\":\"https:\/\/chacamelia.com\/catalogue\/chas\/matcha\/morimoto-matcha\/#breadcrumb\",\"itemListElement\":[{\"@type\":\"ListItem\",\"position\":1,\"name\":\"Home\",\"item\":\"https:\/\/chacamelia.com\/es\/\"},{\"@type\":\"ListItem\",\"position\":2,\"name\":\"Tienda Online &#8211; T\u00e9s\",\"item\":\"https:\/\/chacamelia.com\/es\/tienda-online-tes\/\"},{\"@type\":\"ListItem\",\"position\":3,\"name\":\"Matcha Morimoto Bio 20g\"}]},{\"@type\":\"WebSite\",\"@id\":\"https:\/\/chacamelia.com\/#website\",\"url\":\"https:\/\/chacamelia.com\/\",\"name\":\"Ch\u00e1 Cam\u00e9lia\",\"description\":\"M\u00e1s que una bebida, una actitud\",\"publisher\":{\"@id\":\"https:\/\/chacamelia.com\/#organization\"},\"potentialAction\":[{\"@type\":\"SearchAction\",\"target\":{\"@type\":\"EntryPoint\",\"urlTemplate\":\"https:\/\/chacamelia.com\/?s={search_term_string}\"},\"query-input\":{\"@type\":\"PropertyValueSpecification\",\"valueRequired\":true,\"valueName\":\"search_term_string\"}}],\"inLanguage\":\"es\"},{\"@type\":\"Organization\",\"@id\":\"https:\/\/chacamelia.com\/#organization\",\"name\":\"Ch\u00e1 Cam\u00e9lia\",\"url\":\"https:\/\/chacamelia.com\/\",\"logo\":{\"@type\":\"ImageObject\",\"inLanguage\":\"es\",\"@id\":\"https:\/\/chacamelia.com\/#\/schema\/logo\/image\/\",\"url\":\"https:\/\/chacamelia.com\/admin\/wp-content\/uploads\/2015\/06\/Logotipo.jpg\",\"contentUrl\":\"https:\/\/chacamelia.com\/admin\/wp-content\/uploads\/2015\/06\/Logotipo.jpg\",\"width\":289,\"height\":289,\"caption\":\"Ch\u00e1 Cam\u00e9lia\"},\"image\":{\"@id\":\"https:\/\/chacamelia.com\/#\/schema\/logo\/image\/\"}}]}<\/script>\n<!-- \/ Yoast SEO plugin. -->","yoast_head_json":{"title":"Matcha Morimoto Bio 20g - Comprar T\u00e9s, Matcha en l\u00ednea - Ch\u00e1 Cam\u00e9lia","description":"El Morimoto Matcha se muele hasta obtener un polvo rico en antioxidantes, vitaminas y minerales. Se puede preparar con agua caliente o fr\u00eda, y puede usarse en postres.","robots":{"index":"index","follow":"follow","max-snippet":"max-snippet:-1","max-image-preview":"max-image-preview:large","max-video-preview":"max-video-preview:-1"},"canonical":"https:\/\/chacamelia.com\/catalogue\/chas\/matcha\/morimoto-matcha\/","og_locale":"es_ES","og_type":"article","og_title":"Matcha Morimoto Bio 20g - Comprar T\u00e9s, Matcha en l\u00ednea - Ch\u00e1 Cam\u00e9lia","og_description":"El Morimoto Matcha se muele hasta obtener un polvo rico en antioxidantes, vitaminas y minerales. Se puede preparar con agua caliente o fr\u00eda, y puede usarse en postres.","og_url":"https:\/\/chacamelia.com\/catalogue\/chas\/matcha\/morimoto-matcha\/","og_site_name":"Ch\u00e1 Cam\u00e9lia","article_modified_time":"2025-04-08T13:01:55+00:00","og_image":[{"width":1024,"height":1024,"url":"https:\/\/chacamelia.com\/admin\/wp-content\/uploads\/2015\/06\/19-morimoto-matcha-v2-1024x1024.png","type":"image\/png"}],"twitter_card":"summary_large_image","twitter_misc":{"Tiempo de lectura":"1 minuto"},"schema":{"@context":"https:\/\/schema.org","@graph":[{"@type":"WebPage","@id":"https:\/\/chacamelia.com\/catalogue\/chas\/matcha\/morimoto-matcha\/","url":"https:\/\/chacamelia.com\/catalogue\/chas\/matcha\/morimoto-matcha\/","name":"Matcha Morimoto Bio 20g - Comprar T\u00e9s, Matcha en l\u00ednea - Ch\u00e1 Cam\u00e9lia","isPartOf":{"@id":"https:\/\/chacamelia.com\/#website"},"primaryImageOfPage":{"@id":"https:\/\/chacamelia.com\/catalogue\/chas\/matcha\/morimoto-matcha\/#primaryimage"},"image":{"@id":"https:\/\/chacamelia.com\/catalogue\/chas\/matcha\/morimoto-matcha\/#primaryimage"},"thumbnailUrl":"https:\/\/chacamelia.com\/admin\/wp-content\/uploads\/2015\/06\/19-morimoto-matcha-v2.png","datePublished":"2015-06-16T15:14:13+00:00","dateModified":"2025-04-08T13:01:55+00:00","description":"El Morimoto Matcha se muele hasta obtener un polvo rico en antioxidantes, vitaminas y minerales. Se puede preparar con agua caliente o fr\u00eda, y puede usarse en postres.","breadcrumb":{"@id":"https:\/\/chacamelia.com\/catalogue\/chas\/matcha\/morimoto-matcha\/#breadcrumb"},"inLanguage":"es","potentialAction":[{"@type":"ReadAction","target":["https:\/\/chacamelia.com\/catalogue\/chas\/matcha\/morimoto-matcha\/"]}]},{"@type":"ImageObject","inLanguage":"es","@id":"https:\/\/chacamelia.com\/catalogue\/chas\/matcha\/morimoto-matcha\/#primaryimage","url":"https:\/\/chacamelia.com\/admin\/wp-content\/uploads\/2015\/06\/19-morimoto-matcha-v2.png","contentUrl":"https:\/\/chacamelia.com\/admin\/wp-content\/uploads\/2015\/06\/19-morimoto-matcha-v2.png","width":2500,"height":2500},{"@type":"BreadcrumbList","@id":"https:\/\/chacamelia.com\/catalogue\/chas\/matcha\/morimoto-matcha\/#breadcrumb","itemListElement":[{"@type":"ListItem","position":1,"name":"Home","item":"https:\/\/chacamelia.com\/es\/"},{"@type":"ListItem","position":2,"name":"Tienda Online &#8211; T\u00e9s","item":"https:\/\/chacamelia.com\/es\/tienda-online-tes\/"},{"@type":"ListItem","position":3,"name":"Matcha Morimoto Bio 20g"}]},{"@type":"WebSite","@id":"https:\/\/chacamelia.com\/#website","url":"https:\/\/chacamelia.com\/","name":"Ch\u00e1 Cam\u00e9lia","description":"M\u00e1s que una bebida, una actitud","publisher":{"@id":"https:\/\/chacamelia.com\/#organization"},"potentialAction":[{"@type":"SearchAction","target":{"@type":"EntryPoint","urlTemplate":"https:\/\/chacamelia.com\/?s={search_term_string}"},"query-input":{"@type":"PropertyValueSpecification","valueRequired":true,"valueName":"search_term_string"}}],"inLanguage":"es"},{"@type":"Organization","@id":"https:\/\/chacamelia.com\/#organization","name":"Ch\u00e1 Cam\u00e9lia","url":"https:\/\/chacamelia.com\/","logo":{"@type":"ImageObject","inLanguage":"es","@id":"https:\/\/chacamelia.com\/#\/schema\/logo\/image\/","url":"https:\/\/chacamelia.com\/admin\/wp-content\/uploads\/2015\/06\/Logotipo.jpg","contentUrl":"https:\/\/chacamelia.com\/admin\/wp-content\/uploads\/2015\/06\/Logotipo.jpg","width":289,"height":289,"caption":"Ch\u00e1 Cam\u00e9lia"},"image":{"@id":"https:\/\/chacamelia.com\/#\/schema\/logo\/image\/"}}]}},"_links":{"self":[{"href":"https:\/\/chacamelia.com\/es\/wp-json\/wp\/v2\/product\/830","targetHints":{"allow":["GET"]}}],"collection":[{"href":"https:\/\/chacamelia.com\/es\/wp-json\/wp\/v2\/product"}],"about":[{"href":"https:\/\/chacamelia.com\/es\/wp-json\/wp\/v2\/types\/product"}],"wp:featuredmedia":[{"embeddable":true,"href":"https:\/\/chacamelia.com\/es\/wp-json\/wp\/v2\/media\/11049"}],"wp:attachment":[{"href":"https:\/\/chacamelia.com\/es\/wp-json\/wp\/v2\/media?parent=830"}],"wp:term":[{"taxonomy":"product_brand","embeddable":true,"href":"https:\/\/chacamelia.com\/es\/wp-json\/wp\/v2\/product_brand?post=830"},{"taxonomy":"product_cat","embeddable":true,"href":"https:\/\/chacamelia.com\/es\/wp-json\/wp\/v2\/product_cat?post=830"},{"taxonomy":"product_tag","embeddable":true,"href":"https:\/\/chacamelia.com\/es\/wp-json\/wp\/v2\/product_tag?post=830"}],"curies":[{"name":"wp","href":"https:\/\/api.w.org\/{rel}","templated":true}]}}