{"id":4756,"date":"2016-03-04T14:47:09","date_gmt":"2016-03-04T14:47:09","guid":{"rendered":"http:\/\/www.chacamelia.whysurreal.com\/es\/catalogue\/uncategorized\/matcha-gyokujou\/"},"modified":"2022-03-30T00:04:32","modified_gmt":"2022-03-30T00:04:32","slug":"matcha-gyokujou","status":"publish","type":"product","link":"https:\/\/chacamelia.com\/es\/catalogue\/tes\/matcha-es\/matcha-gyokujou\/","title":{"rendered":"Matcha Gyokujou"},"content":{"rendered":"<p>Matcha Gyokujou es el mejor Matcha del matrimonio Morimoto, Para esta calidad de Matcha superior ellos muelen las hojas mas tiernas de la primera cosecha de la variedad Okumidori hasta alcanzar una textura extremadamente fina. Las plantas de t\u00e9 crecieron a la sombra (Kabuse) en las \u00faltimas 2-3 semanas y as\u00ed este Matcha tiene un verde deslumbrante con una dulzura agradable. Apropiado para ser servido en la ceremonia del t\u00e9.<\/p>\n<p><em>Aromas: Ligera dulzura con taninos delicados, textura cremosa, con cafe\u00edna<\/em><\/p>\n<p>Paquete 20g (caja)<\/p>\n<p>&nbsp;<\/p>\n<p><img loading=\"lazy\" decoding=\"async\" class=\"alignnone wp-image-12905\" src=\"https:\/\/chacamelia.com\/admin\/wp-content\/uploads\/2015\/06\/eu_organic_logo_colour_outerline_rgb-280x186.jpg\" alt=\"\" width=\"101\" height=\"67\" \/><\/p>\n<p class=\"p1\">AGRICULTURA NO UE \/ PT-BIO-04<\/p>\n","protected":false},"excerpt":{"rendered":"<p>Matcha Gyokujou es la mejor calidad de Matcha del produtor Morimoto. Apropiado para ser servido en la ceremonia del t\u00e9.<\/p>\n","protected":false},"featured_media":4747,"template":"","meta":{"_acf_changed":false},"product_brand":[],"product_cat":[33,591],"product_tag":[261,307,267],"class_list":{"0":"post-4756","1":"product","2":"type-product","3":"status-publish","4":"has-post-thumbnail","6":"product_cat-tes","7":"product_cat-matcha-es","8":"product_tag-cerimonia-do-cha-es","9":"product_tag-cha-verde-es","10":"product_tag-matcha-es","12":"first","13":"instock","14":"taxable","15":"shipping-taxable","16":"purchasable","17":"product-type-simple"},"group_of_quantity":0,"min_quantity":0,"max_quantity":"","exclude_order_quantity_value_rules":"no","exclude_category_quantity_rules":"no","combine_variations":"no","acf":[],"yoast_head":"<!-- This site is optimized with the Yoast SEO plugin v27.1.1 - https:\/\/yoast.com\/product\/yoast-seo-wordpress\/ -->\n<title>Matcha Gyokujou - Comprar T\u00e9s, Matcha en l\u00ednea - Ch\u00e1 Cam\u00e9lia<\/title>\n<meta name=\"description\" content=\"Matcha Gyokujou es la mejor calidad de Matcha del produtor Morimoto. Apropiado para ser servido en la ceremonia del t\u00e9.\" \/>\n<meta name=\"robots\" content=\"index, follow, max-snippet:-1, max-image-preview:large, max-video-preview:-1\" \/>\n<link rel=\"canonical\" href=\"https:\/\/chacamelia.com\/catalogue\/chas\/matcha\/matcha-gyokujou\/\" \/>\n<meta property=\"og:locale\" content=\"es_ES\" \/>\n<meta property=\"og:type\" content=\"article\" \/>\n<meta property=\"og:title\" content=\"Matcha Gyokujou - Comprar T\u00e9s, Matcha en l\u00ednea - Ch\u00e1 Cam\u00e9lia\" \/>\n<meta property=\"og:description\" content=\"Matcha Gyokujou es la mejor calidad de Matcha del produtor Morimoto. Apropiado para ser servido en la ceremonia del t\u00e9.\" \/>\n<meta property=\"og:url\" content=\"https:\/\/chacamelia.com\/catalogue\/chas\/matcha\/matcha-gyokujou\/\" \/>\n<meta property=\"og:site_name\" content=\"Ch\u00e1 Cam\u00e9lia\" \/>\n<meta property=\"article:modified_time\" content=\"2022-03-30T00:04:32+00:00\" \/>\n<meta property=\"og:image\" content=\"https:\/\/chacamelia.com\/admin\/wp-content\/uploads\/2016\/03\/IMG_5557.jpg\" \/>\n\t<meta property=\"og:image:width\" content=\"1200\" \/>\n\t<meta property=\"og:image:height\" content=\"1200\" \/>\n\t<meta property=\"og:image:type\" content=\"image\/jpeg\" \/>\n<meta name=\"twitter:card\" content=\"summary_large_image\" \/>\n<script type=\"application\/ld+json\" class=\"yoast-schema-graph\">{\"@context\":\"https:\/\/schema.org\",\"@graph\":[{\"@type\":\"WebPage\",\"@id\":\"https:\/\/chacamelia.com\/catalogue\/chas\/matcha\/matcha-gyokujou\/\",\"url\":\"https:\/\/chacamelia.com\/catalogue\/chas\/matcha\/matcha-gyokujou\/\",\"name\":\"Matcha Gyokujou - Comprar T\u00e9s, Matcha en l\u00ednea - Ch\u00e1 Cam\u00e9lia\",\"isPartOf\":{\"@id\":\"https:\/\/chacamelia.com\/#website\"},\"primaryImageOfPage\":{\"@id\":\"https:\/\/chacamelia.com\/catalogue\/chas\/matcha\/matcha-gyokujou\/#primaryimage\"},\"image\":{\"@id\":\"https:\/\/chacamelia.com\/catalogue\/chas\/matcha\/matcha-gyokujou\/#primaryimage\"},\"thumbnailUrl\":\"https:\/\/chacamelia.com\/admin\/wp-content\/uploads\/2016\/03\/IMG_5557.jpg\",\"datePublished\":\"2016-03-04T14:47:09+00:00\",\"dateModified\":\"2022-03-30T00:04:32+00:00\",\"description\":\"Matcha Gyokujou es la mejor calidad de Matcha del produtor Morimoto. Apropiado para ser servido en la ceremonia del t\u00e9.\",\"breadcrumb\":{\"@id\":\"https:\/\/chacamelia.com\/catalogue\/chas\/matcha\/matcha-gyokujou\/#breadcrumb\"},\"inLanguage\":\"es\",\"potentialAction\":[{\"@type\":\"ReadAction\",\"target\":[\"https:\/\/chacamelia.com\/catalogue\/chas\/matcha\/matcha-gyokujou\/\"]}]},{\"@type\":\"ImageObject\",\"inLanguage\":\"es\",\"@id\":\"https:\/\/chacamelia.com\/catalogue\/chas\/matcha\/matcha-gyokujou\/#primaryimage\",\"url\":\"https:\/\/chacamelia.com\/admin\/wp-content\/uploads\/2016\/03\/IMG_5557.jpg\",\"contentUrl\":\"https:\/\/chacamelia.com\/admin\/wp-content\/uploads\/2016\/03\/IMG_5557.jpg\",\"width\":1200,\"height\":1200},{\"@type\":\"BreadcrumbList\",\"@id\":\"https:\/\/chacamelia.com\/catalogue\/chas\/matcha\/matcha-gyokujou\/#breadcrumb\",\"itemListElement\":[{\"@type\":\"ListItem\",\"position\":1,\"name\":\"Home\",\"item\":\"https:\/\/chacamelia.com\/es\/\"},{\"@type\":\"ListItem\",\"position\":2,\"name\":\"Tienda Online &#8211; T\u00e9s\",\"item\":\"https:\/\/chacamelia.com\/es\/tienda-online-tes\/\"},{\"@type\":\"ListItem\",\"position\":3,\"name\":\"Matcha Gyokujou\"}]},{\"@type\":\"WebSite\",\"@id\":\"https:\/\/chacamelia.com\/#website\",\"url\":\"https:\/\/chacamelia.com\/\",\"name\":\"Ch\u00e1 Cam\u00e9lia\",\"description\":\"M\u00e1s que una bebida, una actitud\",\"publisher\":{\"@id\":\"https:\/\/chacamelia.com\/#organization\"},\"potentialAction\":[{\"@type\":\"SearchAction\",\"target\":{\"@type\":\"EntryPoint\",\"urlTemplate\":\"https:\/\/chacamelia.com\/?s={search_term_string}\"},\"query-input\":{\"@type\":\"PropertyValueSpecification\",\"valueRequired\":true,\"valueName\":\"search_term_string\"}}],\"inLanguage\":\"es\"},{\"@type\":\"Organization\",\"@id\":\"https:\/\/chacamelia.com\/#organization\",\"name\":\"Ch\u00e1 Cam\u00e9lia\",\"url\":\"https:\/\/chacamelia.com\/\",\"logo\":{\"@type\":\"ImageObject\",\"inLanguage\":\"es\",\"@id\":\"https:\/\/chacamelia.com\/#\/schema\/logo\/image\/\",\"url\":\"https:\/\/chacamelia.com\/admin\/wp-content\/uploads\/2015\/06\/Logotipo.jpg\",\"contentUrl\":\"https:\/\/chacamelia.com\/admin\/wp-content\/uploads\/2015\/06\/Logotipo.jpg\",\"width\":289,\"height\":289,\"caption\":\"Ch\u00e1 Cam\u00e9lia\"},\"image\":{\"@id\":\"https:\/\/chacamelia.com\/#\/schema\/logo\/image\/\"}}]}<\/script>\n<!-- \/ Yoast SEO plugin. -->","yoast_head_json":{"title":"Matcha Gyokujou - Comprar T\u00e9s, Matcha en l\u00ednea - Ch\u00e1 Cam\u00e9lia","description":"Matcha Gyokujou es la mejor calidad de Matcha del produtor Morimoto. Apropiado para ser servido en la ceremonia del t\u00e9.","robots":{"index":"index","follow":"follow","max-snippet":"max-snippet:-1","max-image-preview":"max-image-preview:large","max-video-preview":"max-video-preview:-1"},"canonical":"https:\/\/chacamelia.com\/catalogue\/chas\/matcha\/matcha-gyokujou\/","og_locale":"es_ES","og_type":"article","og_title":"Matcha Gyokujou - Comprar T\u00e9s, Matcha en l\u00ednea - Ch\u00e1 Cam\u00e9lia","og_description":"Matcha Gyokujou es la mejor calidad de Matcha del produtor Morimoto. Apropiado para ser servido en la ceremonia del t\u00e9.","og_url":"https:\/\/chacamelia.com\/catalogue\/chas\/matcha\/matcha-gyokujou\/","og_site_name":"Ch\u00e1 Cam\u00e9lia","article_modified_time":"2022-03-30T00:04:32+00:00","og_image":[{"width":1200,"height":1200,"url":"https:\/\/chacamelia.com\/admin\/wp-content\/uploads\/2016\/03\/IMG_5557.jpg","type":"image\/jpeg"}],"twitter_card":"summary_large_image","schema":{"@context":"https:\/\/schema.org","@graph":[{"@type":"WebPage","@id":"https:\/\/chacamelia.com\/catalogue\/chas\/matcha\/matcha-gyokujou\/","url":"https:\/\/chacamelia.com\/catalogue\/chas\/matcha\/matcha-gyokujou\/","name":"Matcha Gyokujou - Comprar T\u00e9s, Matcha en l\u00ednea - Ch\u00e1 Cam\u00e9lia","isPartOf":{"@id":"https:\/\/chacamelia.com\/#website"},"primaryImageOfPage":{"@id":"https:\/\/chacamelia.com\/catalogue\/chas\/matcha\/matcha-gyokujou\/#primaryimage"},"image":{"@id":"https:\/\/chacamelia.com\/catalogue\/chas\/matcha\/matcha-gyokujou\/#primaryimage"},"thumbnailUrl":"https:\/\/chacamelia.com\/admin\/wp-content\/uploads\/2016\/03\/IMG_5557.jpg","datePublished":"2016-03-04T14:47:09+00:00","dateModified":"2022-03-30T00:04:32+00:00","description":"Matcha Gyokujou es la mejor calidad de Matcha del produtor Morimoto. Apropiado para ser servido en la ceremonia del t\u00e9.","breadcrumb":{"@id":"https:\/\/chacamelia.com\/catalogue\/chas\/matcha\/matcha-gyokujou\/#breadcrumb"},"inLanguage":"es","potentialAction":[{"@type":"ReadAction","target":["https:\/\/chacamelia.com\/catalogue\/chas\/matcha\/matcha-gyokujou\/"]}]},{"@type":"ImageObject","inLanguage":"es","@id":"https:\/\/chacamelia.com\/catalogue\/chas\/matcha\/matcha-gyokujou\/#primaryimage","url":"https:\/\/chacamelia.com\/admin\/wp-content\/uploads\/2016\/03\/IMG_5557.jpg","contentUrl":"https:\/\/chacamelia.com\/admin\/wp-content\/uploads\/2016\/03\/IMG_5557.jpg","width":1200,"height":1200},{"@type":"BreadcrumbList","@id":"https:\/\/chacamelia.com\/catalogue\/chas\/matcha\/matcha-gyokujou\/#breadcrumb","itemListElement":[{"@type":"ListItem","position":1,"name":"Home","item":"https:\/\/chacamelia.com\/es\/"},{"@type":"ListItem","position":2,"name":"Tienda Online &#8211; T\u00e9s","item":"https:\/\/chacamelia.com\/es\/tienda-online-tes\/"},{"@type":"ListItem","position":3,"name":"Matcha Gyokujou"}]},{"@type":"WebSite","@id":"https:\/\/chacamelia.com\/#website","url":"https:\/\/chacamelia.com\/","name":"Ch\u00e1 Cam\u00e9lia","description":"M\u00e1s que una bebida, una actitud","publisher":{"@id":"https:\/\/chacamelia.com\/#organization"},"potentialAction":[{"@type":"SearchAction","target":{"@type":"EntryPoint","urlTemplate":"https:\/\/chacamelia.com\/?s={search_term_string}"},"query-input":{"@type":"PropertyValueSpecification","valueRequired":true,"valueName":"search_term_string"}}],"inLanguage":"es"},{"@type":"Organization","@id":"https:\/\/chacamelia.com\/#organization","name":"Ch\u00e1 Cam\u00e9lia","url":"https:\/\/chacamelia.com\/","logo":{"@type":"ImageObject","inLanguage":"es","@id":"https:\/\/chacamelia.com\/#\/schema\/logo\/image\/","url":"https:\/\/chacamelia.com\/admin\/wp-content\/uploads\/2015\/06\/Logotipo.jpg","contentUrl":"https:\/\/chacamelia.com\/admin\/wp-content\/uploads\/2015\/06\/Logotipo.jpg","width":289,"height":289,"caption":"Ch\u00e1 Cam\u00e9lia"},"image":{"@id":"https:\/\/chacamelia.com\/#\/schema\/logo\/image\/"}}]}},"_links":{"self":[{"href":"https:\/\/chacamelia.com\/es\/wp-json\/wp\/v2\/product\/4756","targetHints":{"allow":["GET"]}}],"collection":[{"href":"https:\/\/chacamelia.com\/es\/wp-json\/wp\/v2\/product"}],"about":[{"href":"https:\/\/chacamelia.com\/es\/wp-json\/wp\/v2\/types\/product"}],"wp:featuredmedia":[{"embeddable":true,"href":"https:\/\/chacamelia.com\/es\/wp-json\/wp\/v2\/media\/4747"}],"wp:attachment":[{"href":"https:\/\/chacamelia.com\/es\/wp-json\/wp\/v2\/media?parent=4756"}],"wp:term":[{"taxonomy":"product_brand","embeddable":true,"href":"https:\/\/chacamelia.com\/es\/wp-json\/wp\/v2\/product_brand?post=4756"},{"taxonomy":"product_cat","embeddable":true,"href":"https:\/\/chacamelia.com\/es\/wp-json\/wp\/v2\/product_cat?post=4756"},{"taxonomy":"product_tag","embeddable":true,"href":"https:\/\/chacamelia.com\/es\/wp-json\/wp\/v2\/product_tag?post=4756"}],"curies":[{"name":"wp","href":"https:\/\/api.w.org\/{rel}","templated":true}]}}