{"id":3573,"date":"2015-10-19T10:56:20","date_gmt":"2015-10-19T10:56:20","guid":{"rendered":"https:\/\/chacamelia.com\/admin\/catalogo\/uncategorized\/cartucho-de-filtro-ifp-puro\/"},"modified":"2018-02-12T18:12:35","modified_gmt":"2018-02-12T18:12:35","slug":"cartucho-de-filtro-ifp-puro","status":"publish","type":"product","link":"https:\/\/chacamelia.com\/es\/catalogue\/accesorios\/filtros-de-agua-4\/cartucho-de-filtro-ifp-puro\/","title":{"rendered":"Cartucho de filtro IFP Puro"},"content":{"rendered":"<p><strong>Los cartuchos-filtro IFP puro combinan las caracter\u00edsticas especiales de un CARBONIT\u00ae habilitado monobloque de carbono sinterizado con una microfiltraci\u00f3n 0,15 uM atrav\u00e9s de una membrana capilar interna Ster-O-Tap\u00ae.<\/strong><\/p>\n<p><strong>Este cartucho-filtro es capaz de filtrar, de forma fiable, altas concentraciones de contaminantes. Los minerales disueltos en el agua permanecen. La membrana mantiene su eficacia durante la vida \u00fatil del cartucho- filtro.<\/strong><\/p>\n<p><strong>\u00a0<\/strong><\/p>\n<p><strong>Caracter\u00edsticas t\u00e9cnicas<\/strong><\/p>\n<p><strong>La cartuchos-filtro NFP Puro son adecuados para bajas presiones de agua de la red y permiten reducir la contaminaci\u00f3n bacteriana. La membrana interna Ster-O-Tap\u00ae cumple la <\/strong><strong>norma americana ANSI\/NSF 53 <\/strong><strong>Standard y los requisitos europeos.<\/strong><\/p>\n<p><strong>El elevado caudal de flujo obtenido con estos cartuchos-filtro los hace particularmente adecuados para su uso en combinaci\u00f3n con las turbulencias del agua, aumentando el efecto revitalizante. Por otro lado son la soluci\u00f3n ideal, en el caso de dispositivos de filtraci\u00f3n colocados en el lavavajillas, cuando se desea filtrar toda el agua fr\u00eda prescindiendo de un grifo adicional o una llave de paso de 3 v\u00edas.<\/strong><\/p>\n<p><strong>Este producto cumple con los requisitos de la Ley de Seguridad Alimentaria en Alemania.<\/strong><\/p>\n<p><strong>En la fabricaci\u00f3n de cartuchos- filtro se contribuye a la protecci\u00f3n del medio ambiente y el uso de materias primas renovables.<\/strong><\/p>\n<p><strong>Las dimensiones y los sellos de los cartuchos-filtro IFP Puro cumplen con las normas convencionales.<\/strong><\/p>\n<p><strong>\u00a0<\/strong><\/p>\n<p><strong>Tiempo de servicio: El cartucho-filtro debe ser reemplazado despu\u00e9s de 6 meses (seg\u00fan DIN 1988). En principio, durante estos 6 meses pueden ser filtrados 5.000 litros de agua . Sin embargo, es posible que tenga que reemplazarse antes si la disminuci\u00f3n del caudal de agua es notable. La sustituci\u00f3n temprana no es un defecto del filtro utilizado, sino m\u00e1s bien una indicaci\u00f3n de la fuerte presencia de part\u00edculas finas en el agua sin filtrar.<\/strong><\/p>\n<p><strong>Finura de los poros: Aproximadamente 0,15\u03bcm (membrana), 10\u03bcm (carb\u00f3n activado).<\/strong><\/p>\n<p><strong>Caudal: hasta aproximadamente 6-8 litros por minuto, dependiendo de la carcasa del filtro y la presi\u00f3n del agua.<\/strong><\/p>\n<p><strong>Temperatura: Usar s\u00f3lo con agua fr\u00eda, proteger de las heladas.<\/strong><\/p>\n<p><strong>\u00a0<\/strong><\/p>\n<p><strong>\u00a0<\/strong><\/p>\n<p><strong>\u00a0<\/strong><\/p>\n<p><strong>\u00a0<\/strong><\/p>\n<p>&nbsp;<\/p>\n<p>&nbsp;<\/p>\n<p>&nbsp;<\/p>\n","protected":false},"excerpt":{"rendered":"<p><strong>La cartuchos-filtro NFP Puro son adecuados para bajas presiones de agua de la red y permiten reducir la contaminaci\u00f3n bacteriana. <\/strong><\/p>\n","protected":false},"featured_media":2707,"template":"","meta":{"_acf_changed":false},"product_brand":[],"product_cat":[392],"product_tag":[1055,919],"class_list":{"0":"post-3573","1":"product","2":"type-product","3":"status-publish","4":"has-post-thumbnail","6":"product_cat-filtros-de-agua-4","7":"product_tag-filtro-agua-es","8":"product_tag-preparacao-do-cha-es","9":"product_shipping_class-accesorios","11":"first","12":"instock","13":"taxable","14":"shipping-taxable","15":"purchasable","16":"product-type-simple"},"group_of_quantity":0,"min_quantity":0,"max_quantity":"","exclude_order_quantity_value_rules":"no","exclude_category_quantity_rules":"no","combine_variations":"no","acf":[],"yoast_head":"<!-- This site is optimized with the Yoast SEO plugin v27.1.1 - https:\/\/yoast.com\/product\/yoast-seo-wordpress\/ -->\n<title>Cartucho de filtro IFP Puro - Comprar Filtros de Agua en l\u00ednea - Ch\u00e1 Cam\u00e9lia<\/title>\n<meta name=\"description\" content=\"Cartucho de filtro IFP Puro\" \/>\n<meta name=\"robots\" content=\"index, follow, max-snippet:-1, max-image-preview:large, max-video-preview:-1\" \/>\n<link rel=\"canonical\" href=\"https:\/\/chacamelia.com\/catalogue\/acessorios\/filtros-de-agua\/cartucho-ifp-puro\/\" \/>\n<meta property=\"og:locale\" content=\"es_ES\" \/>\n<meta property=\"og:type\" content=\"article\" \/>\n<meta property=\"og:title\" content=\"Cartucho de filtro IFP Puro - Comprar Filtros de Agua en l\u00ednea - Ch\u00e1 Cam\u00e9lia\" \/>\n<meta property=\"og:description\" content=\"Cartucho de filtro IFP Puro\" \/>\n<meta property=\"og:url\" content=\"https:\/\/chacamelia.com\/catalogue\/acessorios\/filtros-de-agua\/cartucho-ifp-puro\/\" \/>\n<meta property=\"og:site_name\" content=\"Ch\u00e1 Cam\u00e9lia\" \/>\n<meta property=\"article:modified_time\" content=\"2018-02-12T18:12:35+00:00\" \/>\n<meta property=\"og:image\" content=\"https:\/\/chacamelia.com\/admin\/wp-content\/uploads\/2015\/10\/IFP-Puro-square.jpg\" \/>\n\t<meta property=\"og:image:width\" content=\"1200\" \/>\n\t<meta property=\"og:image:height\" content=\"1200\" \/>\n\t<meta property=\"og:image:type\" content=\"image\/jpeg\" \/>\n<meta name=\"twitter:card\" content=\"summary_large_image\" \/>\n<meta name=\"twitter:label1\" content=\"Tiempo de lectura\" \/>\n\t<meta name=\"twitter:data1\" content=\"2 minutos\" \/>\n<script type=\"application\/ld+json\" class=\"yoast-schema-graph\">{\"@context\":\"https:\/\/schema.org\",\"@graph\":[{\"@type\":\"WebPage\",\"@id\":\"https:\/\/chacamelia.com\/catalogue\/acessorios\/filtros-de-agua\/cartucho-ifp-puro\/\",\"url\":\"https:\/\/chacamelia.com\/catalogue\/acessorios\/filtros-de-agua\/cartucho-ifp-puro\/\",\"name\":\"Cartucho de filtro IFP Puro - Comprar Filtros de Agua en l\u00ednea - Ch\u00e1 Cam\u00e9lia\",\"isPartOf\":{\"@id\":\"https:\/\/chacamelia.com\/#website\"},\"primaryImageOfPage\":{\"@id\":\"https:\/\/chacamelia.com\/catalogue\/acessorios\/filtros-de-agua\/cartucho-ifp-puro\/#primaryimage\"},\"image\":{\"@id\":\"https:\/\/chacamelia.com\/catalogue\/acessorios\/filtros-de-agua\/cartucho-ifp-puro\/#primaryimage\"},\"thumbnailUrl\":\"https:\/\/chacamelia.com\/admin\/wp-content\/uploads\/2015\/10\/IFP-Puro-square.jpg\",\"datePublished\":\"2015-10-19T10:56:20+00:00\",\"dateModified\":\"2018-02-12T18:12:35+00:00\",\"description\":\"Cartucho de filtro IFP Puro\",\"breadcrumb\":{\"@id\":\"https:\/\/chacamelia.com\/catalogue\/acessorios\/filtros-de-agua\/cartucho-ifp-puro\/#breadcrumb\"},\"inLanguage\":\"es\",\"potentialAction\":[{\"@type\":\"ReadAction\",\"target\":[\"https:\/\/chacamelia.com\/catalogue\/acessorios\/filtros-de-agua\/cartucho-ifp-puro\/\"]}]},{\"@type\":\"ImageObject\",\"inLanguage\":\"es\",\"@id\":\"https:\/\/chacamelia.com\/catalogue\/acessorios\/filtros-de-agua\/cartucho-ifp-puro\/#primaryimage\",\"url\":\"https:\/\/chacamelia.com\/admin\/wp-content\/uploads\/2015\/10\/IFP-Puro-square.jpg\",\"contentUrl\":\"https:\/\/chacamelia.com\/admin\/wp-content\/uploads\/2015\/10\/IFP-Puro-square.jpg\",\"width\":1200,\"height\":1200},{\"@type\":\"BreadcrumbList\",\"@id\":\"https:\/\/chacamelia.com\/catalogue\/acessorios\/filtros-de-agua\/cartucho-ifp-puro\/#breadcrumb\",\"itemListElement\":[{\"@type\":\"ListItem\",\"position\":1,\"name\":\"Home\",\"item\":\"https:\/\/chacamelia.com\/es\/\"},{\"@type\":\"ListItem\",\"position\":2,\"name\":\"Tienda Online &#8211; T\u00e9s\",\"item\":\"https:\/\/chacamelia.com\/es\/tienda-online-tes\/\"},{\"@type\":\"ListItem\",\"position\":3,\"name\":\"Cartucho de filtro IFP Puro\"}]},{\"@type\":\"WebSite\",\"@id\":\"https:\/\/chacamelia.com\/#website\",\"url\":\"https:\/\/chacamelia.com\/\",\"name\":\"Ch\u00e1 Cam\u00e9lia\",\"description\":\"M\u00e1s que una bebida, una actitud\",\"publisher\":{\"@id\":\"https:\/\/chacamelia.com\/#organization\"},\"potentialAction\":[{\"@type\":\"SearchAction\",\"target\":{\"@type\":\"EntryPoint\",\"urlTemplate\":\"https:\/\/chacamelia.com\/?s={search_term_string}\"},\"query-input\":{\"@type\":\"PropertyValueSpecification\",\"valueRequired\":true,\"valueName\":\"search_term_string\"}}],\"inLanguage\":\"es\"},{\"@type\":\"Organization\",\"@id\":\"https:\/\/chacamelia.com\/#organization\",\"name\":\"Ch\u00e1 Cam\u00e9lia\",\"url\":\"https:\/\/chacamelia.com\/\",\"logo\":{\"@type\":\"ImageObject\",\"inLanguage\":\"es\",\"@id\":\"https:\/\/chacamelia.com\/#\/schema\/logo\/image\/\",\"url\":\"https:\/\/chacamelia.com\/admin\/wp-content\/uploads\/2015\/06\/Logotipo.jpg\",\"contentUrl\":\"https:\/\/chacamelia.com\/admin\/wp-content\/uploads\/2015\/06\/Logotipo.jpg\",\"width\":289,\"height\":289,\"caption\":\"Ch\u00e1 Cam\u00e9lia\"},\"image\":{\"@id\":\"https:\/\/chacamelia.com\/#\/schema\/logo\/image\/\"}}]}<\/script>\n<!-- \/ Yoast SEO plugin. -->","yoast_head_json":{"title":"Cartucho de filtro IFP Puro - Comprar Filtros de Agua en l\u00ednea - Ch\u00e1 Cam\u00e9lia","description":"Cartucho de filtro IFP Puro","robots":{"index":"index","follow":"follow","max-snippet":"max-snippet:-1","max-image-preview":"max-image-preview:large","max-video-preview":"max-video-preview:-1"},"canonical":"https:\/\/chacamelia.com\/catalogue\/acessorios\/filtros-de-agua\/cartucho-ifp-puro\/","og_locale":"es_ES","og_type":"article","og_title":"Cartucho de filtro IFP Puro - Comprar Filtros de Agua en l\u00ednea - Ch\u00e1 Cam\u00e9lia","og_description":"Cartucho de filtro IFP Puro","og_url":"https:\/\/chacamelia.com\/catalogue\/acessorios\/filtros-de-agua\/cartucho-ifp-puro\/","og_site_name":"Ch\u00e1 Cam\u00e9lia","article_modified_time":"2018-02-12T18:12:35+00:00","og_image":[{"width":1200,"height":1200,"url":"https:\/\/chacamelia.com\/admin\/wp-content\/uploads\/2015\/10\/IFP-Puro-square.jpg","type":"image\/jpeg"}],"twitter_card":"summary_large_image","twitter_misc":{"Tiempo de lectura":"2 minutos"},"schema":{"@context":"https:\/\/schema.org","@graph":[{"@type":"WebPage","@id":"https:\/\/chacamelia.com\/catalogue\/acessorios\/filtros-de-agua\/cartucho-ifp-puro\/","url":"https:\/\/chacamelia.com\/catalogue\/acessorios\/filtros-de-agua\/cartucho-ifp-puro\/","name":"Cartucho de filtro IFP Puro - Comprar Filtros de Agua en l\u00ednea - Ch\u00e1 Cam\u00e9lia","isPartOf":{"@id":"https:\/\/chacamelia.com\/#website"},"primaryImageOfPage":{"@id":"https:\/\/chacamelia.com\/catalogue\/acessorios\/filtros-de-agua\/cartucho-ifp-puro\/#primaryimage"},"image":{"@id":"https:\/\/chacamelia.com\/catalogue\/acessorios\/filtros-de-agua\/cartucho-ifp-puro\/#primaryimage"},"thumbnailUrl":"https:\/\/chacamelia.com\/admin\/wp-content\/uploads\/2015\/10\/IFP-Puro-square.jpg","datePublished":"2015-10-19T10:56:20+00:00","dateModified":"2018-02-12T18:12:35+00:00","description":"Cartucho de filtro IFP Puro","breadcrumb":{"@id":"https:\/\/chacamelia.com\/catalogue\/acessorios\/filtros-de-agua\/cartucho-ifp-puro\/#breadcrumb"},"inLanguage":"es","potentialAction":[{"@type":"ReadAction","target":["https:\/\/chacamelia.com\/catalogue\/acessorios\/filtros-de-agua\/cartucho-ifp-puro\/"]}]},{"@type":"ImageObject","inLanguage":"es","@id":"https:\/\/chacamelia.com\/catalogue\/acessorios\/filtros-de-agua\/cartucho-ifp-puro\/#primaryimage","url":"https:\/\/chacamelia.com\/admin\/wp-content\/uploads\/2015\/10\/IFP-Puro-square.jpg","contentUrl":"https:\/\/chacamelia.com\/admin\/wp-content\/uploads\/2015\/10\/IFP-Puro-square.jpg","width":1200,"height":1200},{"@type":"BreadcrumbList","@id":"https:\/\/chacamelia.com\/catalogue\/acessorios\/filtros-de-agua\/cartucho-ifp-puro\/#breadcrumb","itemListElement":[{"@type":"ListItem","position":1,"name":"Home","item":"https:\/\/chacamelia.com\/es\/"},{"@type":"ListItem","position":2,"name":"Tienda Online &#8211; T\u00e9s","item":"https:\/\/chacamelia.com\/es\/tienda-online-tes\/"},{"@type":"ListItem","position":3,"name":"Cartucho de filtro IFP Puro"}]},{"@type":"WebSite","@id":"https:\/\/chacamelia.com\/#website","url":"https:\/\/chacamelia.com\/","name":"Ch\u00e1 Cam\u00e9lia","description":"M\u00e1s que una bebida, una actitud","publisher":{"@id":"https:\/\/chacamelia.com\/#organization"},"potentialAction":[{"@type":"SearchAction","target":{"@type":"EntryPoint","urlTemplate":"https:\/\/chacamelia.com\/?s={search_term_string}"},"query-input":{"@type":"PropertyValueSpecification","valueRequired":true,"valueName":"search_term_string"}}],"inLanguage":"es"},{"@type":"Organization","@id":"https:\/\/chacamelia.com\/#organization","name":"Ch\u00e1 Cam\u00e9lia","url":"https:\/\/chacamelia.com\/","logo":{"@type":"ImageObject","inLanguage":"es","@id":"https:\/\/chacamelia.com\/#\/schema\/logo\/image\/","url":"https:\/\/chacamelia.com\/admin\/wp-content\/uploads\/2015\/06\/Logotipo.jpg","contentUrl":"https:\/\/chacamelia.com\/admin\/wp-content\/uploads\/2015\/06\/Logotipo.jpg","width":289,"height":289,"caption":"Ch\u00e1 Cam\u00e9lia"},"image":{"@id":"https:\/\/chacamelia.com\/#\/schema\/logo\/image\/"}}]}},"_links":{"self":[{"href":"https:\/\/chacamelia.com\/es\/wp-json\/wp\/v2\/product\/3573","targetHints":{"allow":["GET"]}}],"collection":[{"href":"https:\/\/chacamelia.com\/es\/wp-json\/wp\/v2\/product"}],"about":[{"href":"https:\/\/chacamelia.com\/es\/wp-json\/wp\/v2\/types\/product"}],"wp:featuredmedia":[{"embeddable":true,"href":"https:\/\/chacamelia.com\/es\/wp-json\/wp\/v2\/media\/2707"}],"wp:attachment":[{"href":"https:\/\/chacamelia.com\/es\/wp-json\/wp\/v2\/media?parent=3573"}],"wp:term":[{"taxonomy":"product_brand","embeddable":true,"href":"https:\/\/chacamelia.com\/es\/wp-json\/wp\/v2\/product_brand?post=3573"},{"taxonomy":"product_cat","embeddable":true,"href":"https:\/\/chacamelia.com\/es\/wp-json\/wp\/v2\/product_cat?post=3573"},{"taxonomy":"product_tag","embeddable":true,"href":"https:\/\/chacamelia.com\/es\/wp-json\/wp\/v2\/product_tag?post=3573"}],"curies":[{"name":"wp","href":"https:\/\/api.w.org\/{rel}","templated":true}]}}