{"id":2570,"date":"2015-09-23T19:45:19","date_gmt":"2015-09-23T19:45:19","guid":{"rendered":"https:\/\/chacamelia.com\/admin\/catalogo\/uncategorized\/cartucho-filtro-nfp\/"},"modified":"2018-02-12T18:12:36","modified_gmt":"2018-02-12T18:12:36","slug":"cartucho-filtro-nfp","status":"publish","type":"product","link":"https:\/\/chacamelia.com\/es\/catalogue\/accesorios\/filtros-de-agua-4\/cartucho-filtro-nfp\/","title":{"rendered":"Cartucho filtro NFP"},"content":{"rendered":"<p>El cartucho de filtro NFP premium permite eliminar, con una alta eficiencia, los contaminantes como el cloro y otros residuos de medicamentos, as\u00ed como potenciales acumulaciones de plomo o de cobre resultantes del paso del agua por las canalizaciones dom\u00e9sticas. Lo mismo ocurre con las altas concentraciones de Escherichiacoli y \/ Enterococcusfaecalis en agua. Estas bacterias son eliminadas con seguridad y eficacia durante un per\u00edodo de 6 meses. Los minerales del agua se mantienen. Permite filtrar hasta 10.000 litros de agua.<\/p>\n<p>Se suministra de serie en el dispositivo de filtrado SANUNO.<\/p>\n<p>Tiempo de servicio: Se recomienda cambiar el cartucho del filtro cada 6 meses (seg\u00fan DIN 1988). En principio, durante estos 6 meses, se pueden filtrar 10.000 litros de agua. Sin embargo, puede ser necesaria hacer sustituciones antes si el agua disminuye perceptiblemente su flujo. Una sustituci\u00f3n temprana no es un defecto del filtro utilizado, sino m\u00e1s bien una indicaci\u00f3n de la fuerte presencia de part\u00edculas finas en el agua sin filtrar.<\/p>\n<p>Reducci\u00f3n de contaminantes: Los valores exactos de las reducciones de los contaminantes y los ensayos se dan a conocer en los informes elaborados por los organismos de certificaci\u00f3n. Pueden obtener m\u00e1s informaci\u00f3n en la p\u00e1gina info@ribablue.pt<\/p>\n<p>Finura del poro: es de aproximadamente 0,45 micr\u00f3metros.<\/p>\n<p>Caudal: aproximadamente 2 litros por minuto (dependiendo de la presi\u00f3n del agua).<\/p>\n<p>Utilice s\u00f3lo con agua fr\u00eda. Proteger de las heladas.<\/p>\n","protected":false},"excerpt":{"rendered":"<p>El cartucho de filtro NFP premium permite eliminar, con una alta eficiencia, los contaminantes como el cloro y otros residuos de medicamentos, as\u00ed como potenciales acumulaciones de plomo o de cobre resultantes del paso del agua por las canalizaciones dom\u00e9sticas.<\/p>\n","protected":false},"featured_media":2720,"template":"","meta":{"_acf_changed":false},"product_brand":[],"product_cat":[29,392],"product_tag":[1055,919],"class_list":{"0":"post-2570","1":"product","2":"type-product","3":"status-publish","4":"has-post-thumbnail","6":"product_cat-accesorios","7":"product_cat-filtros-de-agua-4","8":"product_tag-filtro-agua-es","9":"product_tag-preparacao-do-cha-es","10":"product_shipping_class-accesorios","12":"first","13":"instock","14":"taxable","15":"shipping-taxable","16":"purchasable","17":"product-type-simple"},"group_of_quantity":0,"min_quantity":0,"max_quantity":"","exclude_order_quantity_value_rules":"no","exclude_category_quantity_rules":"no","combine_variations":"no","acf":[],"yoast_head":"<!-- This site is optimized with the Yoast SEO plugin v27.1.1 - https:\/\/yoast.com\/product\/yoast-seo-wordpress\/ -->\n<title>Cartucho filtro NFP - Comprar Accesorios, Filtros de Agua en l\u00ednea - Ch\u00e1 Cam\u00e9lia<\/title>\n<meta name=\"description\" content=\"Cartucho filtro NFP\" \/>\n<meta name=\"robots\" content=\"index, follow, max-snippet:-1, max-image-preview:large, max-video-preview:-1\" \/>\n<link rel=\"canonical\" href=\"https:\/\/chacamelia.com\/catalogue\/acessorios\/filtros-de-agua\/cartucho-nfp-premium\/\" \/>\n<meta property=\"og:locale\" content=\"es_ES\" \/>\n<meta property=\"og:type\" content=\"article\" \/>\n<meta property=\"og:title\" content=\"Cartucho filtro NFP - Comprar Accesorios, Filtros de Agua en l\u00ednea - Ch\u00e1 Cam\u00e9lia\" \/>\n<meta property=\"og:description\" content=\"Cartucho filtro NFP\" \/>\n<meta property=\"og:url\" content=\"https:\/\/chacamelia.com\/catalogue\/acessorios\/filtros-de-agua\/cartucho-nfp-premium\/\" \/>\n<meta property=\"og:site_name\" content=\"Ch\u00e1 Cam\u00e9lia\" \/>\n<meta property=\"article:modified_time\" content=\"2018-02-12T18:12:36+00:00\" \/>\n<meta property=\"og:image\" content=\"https:\/\/chacamelia.com\/admin\/wp-content\/uploads\/2015\/09\/s-11-quare-1.jpg\" \/>\n\t<meta property=\"og:image:width\" content=\"1200\" \/>\n\t<meta property=\"og:image:height\" content=\"1200\" \/>\n\t<meta property=\"og:image:type\" content=\"image\/jpeg\" \/>\n<meta name=\"twitter:card\" content=\"summary_large_image\" \/>\n<meta name=\"twitter:label1\" content=\"Tiempo de lectura\" \/>\n\t<meta name=\"twitter:data1\" content=\"1 minuto\" \/>\n<script type=\"application\/ld+json\" class=\"yoast-schema-graph\">{\"@context\":\"https:\/\/schema.org\",\"@graph\":[{\"@type\":\"WebPage\",\"@id\":\"https:\/\/chacamelia.com\/catalogue\/acessorios\/filtros-de-agua\/cartucho-nfp-premium\/\",\"url\":\"https:\/\/chacamelia.com\/catalogue\/acessorios\/filtros-de-agua\/cartucho-nfp-premium\/\",\"name\":\"Cartucho filtro NFP - Comprar Accesorios, Filtros de Agua en l\u00ednea - Ch\u00e1 Cam\u00e9lia\",\"isPartOf\":{\"@id\":\"https:\/\/chacamelia.com\/#website\"},\"primaryImageOfPage\":{\"@id\":\"https:\/\/chacamelia.com\/catalogue\/acessorios\/filtros-de-agua\/cartucho-nfp-premium\/#primaryimage\"},\"image\":{\"@id\":\"https:\/\/chacamelia.com\/catalogue\/acessorios\/filtros-de-agua\/cartucho-nfp-premium\/#primaryimage\"},\"thumbnailUrl\":\"https:\/\/chacamelia.com\/admin\/wp-content\/uploads\/2015\/09\/s-11-quare-1.jpg\",\"datePublished\":\"2015-09-23T19:45:19+00:00\",\"dateModified\":\"2018-02-12T18:12:36+00:00\",\"description\":\"Cartucho filtro NFP\",\"breadcrumb\":{\"@id\":\"https:\/\/chacamelia.com\/catalogue\/acessorios\/filtros-de-agua\/cartucho-nfp-premium\/#breadcrumb\"},\"inLanguage\":\"es\",\"potentialAction\":[{\"@type\":\"ReadAction\",\"target\":[\"https:\/\/chacamelia.com\/catalogue\/acessorios\/filtros-de-agua\/cartucho-nfp-premium\/\"]}]},{\"@type\":\"ImageObject\",\"inLanguage\":\"es\",\"@id\":\"https:\/\/chacamelia.com\/catalogue\/acessorios\/filtros-de-agua\/cartucho-nfp-premium\/#primaryimage\",\"url\":\"https:\/\/chacamelia.com\/admin\/wp-content\/uploads\/2015\/09\/s-11-quare-1.jpg\",\"contentUrl\":\"https:\/\/chacamelia.com\/admin\/wp-content\/uploads\/2015\/09\/s-11-quare-1.jpg\",\"width\":1200,\"height\":1200},{\"@type\":\"BreadcrumbList\",\"@id\":\"https:\/\/chacamelia.com\/catalogue\/acessorios\/filtros-de-agua\/cartucho-nfp-premium\/#breadcrumb\",\"itemListElement\":[{\"@type\":\"ListItem\",\"position\":1,\"name\":\"Home\",\"item\":\"https:\/\/chacamelia.com\/es\/\"},{\"@type\":\"ListItem\",\"position\":2,\"name\":\"Tienda Online &#8211; T\u00e9s\",\"item\":\"https:\/\/chacamelia.com\/es\/tienda-online-tes\/\"},{\"@type\":\"ListItem\",\"position\":3,\"name\":\"Cartucho filtro NFP\"}]},{\"@type\":\"WebSite\",\"@id\":\"https:\/\/chacamelia.com\/#website\",\"url\":\"https:\/\/chacamelia.com\/\",\"name\":\"Ch\u00e1 Cam\u00e9lia\",\"description\":\"M\u00e1s que una bebida, una actitud\",\"publisher\":{\"@id\":\"https:\/\/chacamelia.com\/#organization\"},\"potentialAction\":[{\"@type\":\"SearchAction\",\"target\":{\"@type\":\"EntryPoint\",\"urlTemplate\":\"https:\/\/chacamelia.com\/?s={search_term_string}\"},\"query-input\":{\"@type\":\"PropertyValueSpecification\",\"valueRequired\":true,\"valueName\":\"search_term_string\"}}],\"inLanguage\":\"es\"},{\"@type\":\"Organization\",\"@id\":\"https:\/\/chacamelia.com\/#organization\",\"name\":\"Ch\u00e1 Cam\u00e9lia\",\"url\":\"https:\/\/chacamelia.com\/\",\"logo\":{\"@type\":\"ImageObject\",\"inLanguage\":\"es\",\"@id\":\"https:\/\/chacamelia.com\/#\/schema\/logo\/image\/\",\"url\":\"https:\/\/chacamelia.com\/admin\/wp-content\/uploads\/2015\/06\/Logotipo.jpg\",\"contentUrl\":\"https:\/\/chacamelia.com\/admin\/wp-content\/uploads\/2015\/06\/Logotipo.jpg\",\"width\":289,\"height\":289,\"caption\":\"Ch\u00e1 Cam\u00e9lia\"},\"image\":{\"@id\":\"https:\/\/chacamelia.com\/#\/schema\/logo\/image\/\"}}]}<\/script>\n<!-- \/ Yoast SEO plugin. -->","yoast_head_json":{"title":"Cartucho filtro NFP - Comprar Accesorios, Filtros de Agua en l\u00ednea - Ch\u00e1 Cam\u00e9lia","description":"Cartucho filtro NFP","robots":{"index":"index","follow":"follow","max-snippet":"max-snippet:-1","max-image-preview":"max-image-preview:large","max-video-preview":"max-video-preview:-1"},"canonical":"https:\/\/chacamelia.com\/catalogue\/acessorios\/filtros-de-agua\/cartucho-nfp-premium\/","og_locale":"es_ES","og_type":"article","og_title":"Cartucho filtro NFP - Comprar Accesorios, Filtros de Agua en l\u00ednea - Ch\u00e1 Cam\u00e9lia","og_description":"Cartucho filtro NFP","og_url":"https:\/\/chacamelia.com\/catalogue\/acessorios\/filtros-de-agua\/cartucho-nfp-premium\/","og_site_name":"Ch\u00e1 Cam\u00e9lia","article_modified_time":"2018-02-12T18:12:36+00:00","og_image":[{"width":1200,"height":1200,"url":"https:\/\/chacamelia.com\/admin\/wp-content\/uploads\/2015\/09\/s-11-quare-1.jpg","type":"image\/jpeg"}],"twitter_card":"summary_large_image","twitter_misc":{"Tiempo de lectura":"1 minuto"},"schema":{"@context":"https:\/\/schema.org","@graph":[{"@type":"WebPage","@id":"https:\/\/chacamelia.com\/catalogue\/acessorios\/filtros-de-agua\/cartucho-nfp-premium\/","url":"https:\/\/chacamelia.com\/catalogue\/acessorios\/filtros-de-agua\/cartucho-nfp-premium\/","name":"Cartucho filtro NFP - Comprar Accesorios, Filtros de Agua en l\u00ednea - Ch\u00e1 Cam\u00e9lia","isPartOf":{"@id":"https:\/\/chacamelia.com\/#website"},"primaryImageOfPage":{"@id":"https:\/\/chacamelia.com\/catalogue\/acessorios\/filtros-de-agua\/cartucho-nfp-premium\/#primaryimage"},"image":{"@id":"https:\/\/chacamelia.com\/catalogue\/acessorios\/filtros-de-agua\/cartucho-nfp-premium\/#primaryimage"},"thumbnailUrl":"https:\/\/chacamelia.com\/admin\/wp-content\/uploads\/2015\/09\/s-11-quare-1.jpg","datePublished":"2015-09-23T19:45:19+00:00","dateModified":"2018-02-12T18:12:36+00:00","description":"Cartucho filtro NFP","breadcrumb":{"@id":"https:\/\/chacamelia.com\/catalogue\/acessorios\/filtros-de-agua\/cartucho-nfp-premium\/#breadcrumb"},"inLanguage":"es","potentialAction":[{"@type":"ReadAction","target":["https:\/\/chacamelia.com\/catalogue\/acessorios\/filtros-de-agua\/cartucho-nfp-premium\/"]}]},{"@type":"ImageObject","inLanguage":"es","@id":"https:\/\/chacamelia.com\/catalogue\/acessorios\/filtros-de-agua\/cartucho-nfp-premium\/#primaryimage","url":"https:\/\/chacamelia.com\/admin\/wp-content\/uploads\/2015\/09\/s-11-quare-1.jpg","contentUrl":"https:\/\/chacamelia.com\/admin\/wp-content\/uploads\/2015\/09\/s-11-quare-1.jpg","width":1200,"height":1200},{"@type":"BreadcrumbList","@id":"https:\/\/chacamelia.com\/catalogue\/acessorios\/filtros-de-agua\/cartucho-nfp-premium\/#breadcrumb","itemListElement":[{"@type":"ListItem","position":1,"name":"Home","item":"https:\/\/chacamelia.com\/es\/"},{"@type":"ListItem","position":2,"name":"Tienda Online &#8211; T\u00e9s","item":"https:\/\/chacamelia.com\/es\/tienda-online-tes\/"},{"@type":"ListItem","position":3,"name":"Cartucho filtro NFP"}]},{"@type":"WebSite","@id":"https:\/\/chacamelia.com\/#website","url":"https:\/\/chacamelia.com\/","name":"Ch\u00e1 Cam\u00e9lia","description":"M\u00e1s que una bebida, una actitud","publisher":{"@id":"https:\/\/chacamelia.com\/#organization"},"potentialAction":[{"@type":"SearchAction","target":{"@type":"EntryPoint","urlTemplate":"https:\/\/chacamelia.com\/?s={search_term_string}"},"query-input":{"@type":"PropertyValueSpecification","valueRequired":true,"valueName":"search_term_string"}}],"inLanguage":"es"},{"@type":"Organization","@id":"https:\/\/chacamelia.com\/#organization","name":"Ch\u00e1 Cam\u00e9lia","url":"https:\/\/chacamelia.com\/","logo":{"@type":"ImageObject","inLanguage":"es","@id":"https:\/\/chacamelia.com\/#\/schema\/logo\/image\/","url":"https:\/\/chacamelia.com\/admin\/wp-content\/uploads\/2015\/06\/Logotipo.jpg","contentUrl":"https:\/\/chacamelia.com\/admin\/wp-content\/uploads\/2015\/06\/Logotipo.jpg","width":289,"height":289,"caption":"Ch\u00e1 Cam\u00e9lia"},"image":{"@id":"https:\/\/chacamelia.com\/#\/schema\/logo\/image\/"}}]}},"_links":{"self":[{"href":"https:\/\/chacamelia.com\/es\/wp-json\/wp\/v2\/product\/2570","targetHints":{"allow":["GET"]}}],"collection":[{"href":"https:\/\/chacamelia.com\/es\/wp-json\/wp\/v2\/product"}],"about":[{"href":"https:\/\/chacamelia.com\/es\/wp-json\/wp\/v2\/types\/product"}],"wp:featuredmedia":[{"embeddable":true,"href":"https:\/\/chacamelia.com\/es\/wp-json\/wp\/v2\/media\/2720"}],"wp:attachment":[{"href":"https:\/\/chacamelia.com\/es\/wp-json\/wp\/v2\/media?parent=2570"}],"wp:term":[{"taxonomy":"product_brand","embeddable":true,"href":"https:\/\/chacamelia.com\/es\/wp-json\/wp\/v2\/product_brand?post=2570"},{"taxonomy":"product_cat","embeddable":true,"href":"https:\/\/chacamelia.com\/es\/wp-json\/wp\/v2\/product_cat?post=2570"},{"taxonomy":"product_tag","embeddable":true,"href":"https:\/\/chacamelia.com\/es\/wp-json\/wp\/v2\/product_tag?post=2570"}],"curies":[{"name":"wp","href":"https:\/\/api.w.org\/{rel}","templated":true}]}}