{"id":2508,"date":"2015-09-22T16:23:37","date_gmt":"2015-09-22T16:23:37","guid":{"rendered":"https:\/\/chacamelia.com\/admin\/catalogo\/uncategorized\/onggi-ceramica-set-pequeno-2\/"},"modified":"2018-02-12T18:12:41","modified_gmt":"2018-02-12T18:12:41","slug":"onggi-ceramica-set-pequeno-2","status":"publish","type":"product","link":"https:\/\/chacamelia.com\/es\/catalogue\/accesorios\/ceramica-es\/ceramica-coreana-es\/onggi-ceramica-set-pequeno-2\/","title":{"rendered":"Onggi Cer\u00e1mica Set Peque\u00f1o"},"content":{"rendered":"<p>Onggi Cer\u00e1mica es un\u00a0estilo coreano tradicional.<\/p>\n<p><a href=\"https:\/\/chacamelia.com\/admin\/sobre-o-cha\/a-nossa-ceramica\/kang-seung-chul-ceramista-coreano\/\">Kang Seung Chul<\/a>, de la isla de Jeju tiene los recipientes Onggi tradicionales, pero al mismo tiempo tiene una fascinaci\u00f3n por la cer\u00e1mica m\u00e1s delicada. Su primera fuente de inspiraci\u00f3n fueron los platos de t\u00e9 coreano y japon\u00e9s y con el tiempo ha ido creando piezas con un estilo \u00fanico. Utilizando s\u00f3lo la arcilla local y sin esmalte, las piezas adquieren diferentes colores, dependiendo del tiempo de cocci\u00f3n, de amarillo claro a varios tonos de marr\u00f3n rojo y oscuro.<\/p>\n","protected":false},"excerpt":{"rendered":"<p><span lang=\"ES\"><span style=\"font-family: Calibri;\">Onggi Cer\u00e1mica Set Peque\u00f1o del ceramista coreano Kang Seung Chul consiste en una tetera (aproximadamente 220 ml) con un peque\u00f1o soporte para colocar la tapa y tres tazas<\/span><\/span><\/p>\n<p>&nbsp;<\/p>\n","protected":false},"featured_media":2096,"template":"","meta":{"_acf_changed":false},"product_brand":[],"product_cat":[617,280],"product_tag":[964,1054,1035,1058,350],"class_list":{"0":"post-2508","1":"product","2":"type-product","3":"status-publish","4":"has-post-thumbnail","6":"product_cat-ceramica-es","7":"product_cat-ceramica-coreana-es","8":"product_tag-ceramica-artesanal-es","9":"product_tag-ceramica-coreana-es","10":"product_tag-ceramica-de-cha-es","11":"product_tag-ceramica-onggi-es","12":"product_tag-conjunto-es","13":"product_shipping_class-accesorios","15":"first","16":"instock","17":"taxable","18":"shipping-taxable","19":"purchasable","20":"product-type-simple"},"group_of_quantity":0,"min_quantity":0,"max_quantity":"","exclude_order_quantity_value_rules":"no","exclude_category_quantity_rules":"no","combine_variations":"no","acf":[],"yoast_head":"<!-- This site is optimized with the Yoast SEO plugin v27.1.1 - https:\/\/yoast.com\/product\/yoast-seo-wordpress\/ -->\n<title>Onggi Cer\u00e1mica Set Peque\u00f1o - Comprar Cer\u00e1mica, Cer\u00e1mica Coreana en l\u00ednea - Ch\u00e1 Cam\u00e9lia<\/title>\n<meta name=\"description\" content=\"Onggi Cer\u00e1mica Set Peque\u00f1o\" \/>\n<meta name=\"robots\" content=\"index, follow, max-snippet:-1, max-image-preview:large, max-video-preview:-1\" \/>\n<link rel=\"canonical\" href=\"https:\/\/chacamelia.com\/catalogue\/acessorios\/ceramica\/ceramica-coreana\/onggi-ceramica-set-pequeno\/\" \/>\n<meta property=\"og:locale\" content=\"es_ES\" \/>\n<meta property=\"og:type\" content=\"article\" \/>\n<meta property=\"og:title\" content=\"Onggi Cer\u00e1mica Set Peque\u00f1o - Comprar Cer\u00e1mica, Cer\u00e1mica Coreana en l\u00ednea - Ch\u00e1 Cam\u00e9lia\" \/>\n<meta property=\"og:description\" content=\"Onggi Cer\u00e1mica Set Peque\u00f1o\" \/>\n<meta property=\"og:url\" content=\"https:\/\/chacamelia.com\/catalogue\/acessorios\/ceramica\/ceramica-coreana\/onggi-ceramica-set-pequeno\/\" \/>\n<meta property=\"og:site_name\" content=\"Ch\u00e1 Cam\u00e9lia\" \/>\n<meta property=\"article:modified_time\" content=\"2018-02-12T18:12:41+00:00\" \/>\n<meta property=\"og:image\" content=\"https:\/\/chacamelia.com\/admin\/wp-content\/uploads\/2015\/09\/Conjunto-pequeno.jpg\" \/>\n\t<meta property=\"og:image:width\" content=\"1200\" \/>\n\t<meta property=\"og:image:height\" content=\"1200\" \/>\n\t<meta property=\"og:image:type\" content=\"image\/jpeg\" \/>\n<meta name=\"twitter:card\" content=\"summary_large_image\" \/>\n<script type=\"application\/ld+json\" class=\"yoast-schema-graph\">{\"@context\":\"https:\/\/schema.org\",\"@graph\":[{\"@type\":\"WebPage\",\"@id\":\"https:\/\/chacamelia.com\/catalogue\/acessorios\/ceramica\/ceramica-coreana\/onggi-ceramica-set-pequeno\/\",\"url\":\"https:\/\/chacamelia.com\/catalogue\/acessorios\/ceramica\/ceramica-coreana\/onggi-ceramica-set-pequeno\/\",\"name\":\"Onggi Cer\u00e1mica Set Peque\u00f1o - Comprar Cer\u00e1mica, Cer\u00e1mica Coreana en l\u00ednea - Ch\u00e1 Cam\u00e9lia\",\"isPartOf\":{\"@id\":\"https:\/\/chacamelia.com\/#website\"},\"primaryImageOfPage\":{\"@id\":\"https:\/\/chacamelia.com\/catalogue\/acessorios\/ceramica\/ceramica-coreana\/onggi-ceramica-set-pequeno\/#primaryimage\"},\"image\":{\"@id\":\"https:\/\/chacamelia.com\/catalogue\/acessorios\/ceramica\/ceramica-coreana\/onggi-ceramica-set-pequeno\/#primaryimage\"},\"thumbnailUrl\":\"https:\/\/chacamelia.com\/admin\/wp-content\/uploads\/2015\/09\/Conjunto-pequeno.jpg\",\"datePublished\":\"2015-09-22T16:23:37+00:00\",\"dateModified\":\"2018-02-12T18:12:41+00:00\",\"description\":\"Onggi Cer\u00e1mica Set Peque\u00f1o\",\"breadcrumb\":{\"@id\":\"https:\/\/chacamelia.com\/catalogue\/acessorios\/ceramica\/ceramica-coreana\/onggi-ceramica-set-pequeno\/#breadcrumb\"},\"inLanguage\":\"es\",\"potentialAction\":[{\"@type\":\"ReadAction\",\"target\":[\"https:\/\/chacamelia.com\/catalogue\/acessorios\/ceramica\/ceramica-coreana\/onggi-ceramica-set-pequeno\/\"]}]},{\"@type\":\"ImageObject\",\"inLanguage\":\"es\",\"@id\":\"https:\/\/chacamelia.com\/catalogue\/acessorios\/ceramica\/ceramica-coreana\/onggi-ceramica-set-pequeno\/#primaryimage\",\"url\":\"https:\/\/chacamelia.com\/admin\/wp-content\/uploads\/2015\/09\/Conjunto-pequeno.jpg\",\"contentUrl\":\"https:\/\/chacamelia.com\/admin\/wp-content\/uploads\/2015\/09\/Conjunto-pequeno.jpg\",\"width\":1200,\"height\":1200},{\"@type\":\"BreadcrumbList\",\"@id\":\"https:\/\/chacamelia.com\/catalogue\/acessorios\/ceramica\/ceramica-coreana\/onggi-ceramica-set-pequeno\/#breadcrumb\",\"itemListElement\":[{\"@type\":\"ListItem\",\"position\":1,\"name\":\"Home\",\"item\":\"https:\/\/chacamelia.com\/es\/\"},{\"@type\":\"ListItem\",\"position\":2,\"name\":\"Tienda Online &#8211; T\u00e9s\",\"item\":\"https:\/\/chacamelia.com\/es\/tienda-online-tes\/\"},{\"@type\":\"ListItem\",\"position\":3,\"name\":\"Onggi Cer\u00e1mica Set Peque\u00f1o\"}]},{\"@type\":\"WebSite\",\"@id\":\"https:\/\/chacamelia.com\/#website\",\"url\":\"https:\/\/chacamelia.com\/\",\"name\":\"Ch\u00e1 Cam\u00e9lia\",\"description\":\"M\u00e1s que una bebida, una actitud\",\"publisher\":{\"@id\":\"https:\/\/chacamelia.com\/#organization\"},\"potentialAction\":[{\"@type\":\"SearchAction\",\"target\":{\"@type\":\"EntryPoint\",\"urlTemplate\":\"https:\/\/chacamelia.com\/?s={search_term_string}\"},\"query-input\":{\"@type\":\"PropertyValueSpecification\",\"valueRequired\":true,\"valueName\":\"search_term_string\"}}],\"inLanguage\":\"es\"},{\"@type\":\"Organization\",\"@id\":\"https:\/\/chacamelia.com\/#organization\",\"name\":\"Ch\u00e1 Cam\u00e9lia\",\"url\":\"https:\/\/chacamelia.com\/\",\"logo\":{\"@type\":\"ImageObject\",\"inLanguage\":\"es\",\"@id\":\"https:\/\/chacamelia.com\/#\/schema\/logo\/image\/\",\"url\":\"https:\/\/chacamelia.com\/admin\/wp-content\/uploads\/2015\/06\/Logotipo.jpg\",\"contentUrl\":\"https:\/\/chacamelia.com\/admin\/wp-content\/uploads\/2015\/06\/Logotipo.jpg\",\"width\":289,\"height\":289,\"caption\":\"Ch\u00e1 Cam\u00e9lia\"},\"image\":{\"@id\":\"https:\/\/chacamelia.com\/#\/schema\/logo\/image\/\"}}]}<\/script>\n<!-- \/ Yoast SEO plugin. -->","yoast_head_json":{"title":"Onggi Cer\u00e1mica Set Peque\u00f1o - Comprar Cer\u00e1mica, Cer\u00e1mica Coreana en l\u00ednea - Ch\u00e1 Cam\u00e9lia","description":"Onggi Cer\u00e1mica Set Peque\u00f1o","robots":{"index":"index","follow":"follow","max-snippet":"max-snippet:-1","max-image-preview":"max-image-preview:large","max-video-preview":"max-video-preview:-1"},"canonical":"https:\/\/chacamelia.com\/catalogue\/acessorios\/ceramica\/ceramica-coreana\/onggi-ceramica-set-pequeno\/","og_locale":"es_ES","og_type":"article","og_title":"Onggi Cer\u00e1mica Set Peque\u00f1o - Comprar Cer\u00e1mica, Cer\u00e1mica Coreana en l\u00ednea - Ch\u00e1 Cam\u00e9lia","og_description":"Onggi Cer\u00e1mica Set Peque\u00f1o","og_url":"https:\/\/chacamelia.com\/catalogue\/acessorios\/ceramica\/ceramica-coreana\/onggi-ceramica-set-pequeno\/","og_site_name":"Ch\u00e1 Cam\u00e9lia","article_modified_time":"2018-02-12T18:12:41+00:00","og_image":[{"width":1200,"height":1200,"url":"https:\/\/chacamelia.com\/admin\/wp-content\/uploads\/2015\/09\/Conjunto-pequeno.jpg","type":"image\/jpeg"}],"twitter_card":"summary_large_image","schema":{"@context":"https:\/\/schema.org","@graph":[{"@type":"WebPage","@id":"https:\/\/chacamelia.com\/catalogue\/acessorios\/ceramica\/ceramica-coreana\/onggi-ceramica-set-pequeno\/","url":"https:\/\/chacamelia.com\/catalogue\/acessorios\/ceramica\/ceramica-coreana\/onggi-ceramica-set-pequeno\/","name":"Onggi Cer\u00e1mica Set Peque\u00f1o - Comprar Cer\u00e1mica, Cer\u00e1mica Coreana en l\u00ednea - Ch\u00e1 Cam\u00e9lia","isPartOf":{"@id":"https:\/\/chacamelia.com\/#website"},"primaryImageOfPage":{"@id":"https:\/\/chacamelia.com\/catalogue\/acessorios\/ceramica\/ceramica-coreana\/onggi-ceramica-set-pequeno\/#primaryimage"},"image":{"@id":"https:\/\/chacamelia.com\/catalogue\/acessorios\/ceramica\/ceramica-coreana\/onggi-ceramica-set-pequeno\/#primaryimage"},"thumbnailUrl":"https:\/\/chacamelia.com\/admin\/wp-content\/uploads\/2015\/09\/Conjunto-pequeno.jpg","datePublished":"2015-09-22T16:23:37+00:00","dateModified":"2018-02-12T18:12:41+00:00","description":"Onggi Cer\u00e1mica Set Peque\u00f1o","breadcrumb":{"@id":"https:\/\/chacamelia.com\/catalogue\/acessorios\/ceramica\/ceramica-coreana\/onggi-ceramica-set-pequeno\/#breadcrumb"},"inLanguage":"es","potentialAction":[{"@type":"ReadAction","target":["https:\/\/chacamelia.com\/catalogue\/acessorios\/ceramica\/ceramica-coreana\/onggi-ceramica-set-pequeno\/"]}]},{"@type":"ImageObject","inLanguage":"es","@id":"https:\/\/chacamelia.com\/catalogue\/acessorios\/ceramica\/ceramica-coreana\/onggi-ceramica-set-pequeno\/#primaryimage","url":"https:\/\/chacamelia.com\/admin\/wp-content\/uploads\/2015\/09\/Conjunto-pequeno.jpg","contentUrl":"https:\/\/chacamelia.com\/admin\/wp-content\/uploads\/2015\/09\/Conjunto-pequeno.jpg","width":1200,"height":1200},{"@type":"BreadcrumbList","@id":"https:\/\/chacamelia.com\/catalogue\/acessorios\/ceramica\/ceramica-coreana\/onggi-ceramica-set-pequeno\/#breadcrumb","itemListElement":[{"@type":"ListItem","position":1,"name":"Home","item":"https:\/\/chacamelia.com\/es\/"},{"@type":"ListItem","position":2,"name":"Tienda Online &#8211; T\u00e9s","item":"https:\/\/chacamelia.com\/es\/tienda-online-tes\/"},{"@type":"ListItem","position":3,"name":"Onggi Cer\u00e1mica Set Peque\u00f1o"}]},{"@type":"WebSite","@id":"https:\/\/chacamelia.com\/#website","url":"https:\/\/chacamelia.com\/","name":"Ch\u00e1 Cam\u00e9lia","description":"M\u00e1s que una bebida, una actitud","publisher":{"@id":"https:\/\/chacamelia.com\/#organization"},"potentialAction":[{"@type":"SearchAction","target":{"@type":"EntryPoint","urlTemplate":"https:\/\/chacamelia.com\/?s={search_term_string}"},"query-input":{"@type":"PropertyValueSpecification","valueRequired":true,"valueName":"search_term_string"}}],"inLanguage":"es"},{"@type":"Organization","@id":"https:\/\/chacamelia.com\/#organization","name":"Ch\u00e1 Cam\u00e9lia","url":"https:\/\/chacamelia.com\/","logo":{"@type":"ImageObject","inLanguage":"es","@id":"https:\/\/chacamelia.com\/#\/schema\/logo\/image\/","url":"https:\/\/chacamelia.com\/admin\/wp-content\/uploads\/2015\/06\/Logotipo.jpg","contentUrl":"https:\/\/chacamelia.com\/admin\/wp-content\/uploads\/2015\/06\/Logotipo.jpg","width":289,"height":289,"caption":"Ch\u00e1 Cam\u00e9lia"},"image":{"@id":"https:\/\/chacamelia.com\/#\/schema\/logo\/image\/"}}]}},"_links":{"self":[{"href":"https:\/\/chacamelia.com\/es\/wp-json\/wp\/v2\/product\/2508","targetHints":{"allow":["GET"]}}],"collection":[{"href":"https:\/\/chacamelia.com\/es\/wp-json\/wp\/v2\/product"}],"about":[{"href":"https:\/\/chacamelia.com\/es\/wp-json\/wp\/v2\/types\/product"}],"wp:featuredmedia":[{"embeddable":true,"href":"https:\/\/chacamelia.com\/es\/wp-json\/wp\/v2\/media\/2096"}],"wp:attachment":[{"href":"https:\/\/chacamelia.com\/es\/wp-json\/wp\/v2\/media?parent=2508"}],"wp:term":[{"taxonomy":"product_brand","embeddable":true,"href":"https:\/\/chacamelia.com\/es\/wp-json\/wp\/v2\/product_brand?post=2508"},{"taxonomy":"product_cat","embeddable":true,"href":"https:\/\/chacamelia.com\/es\/wp-json\/wp\/v2\/product_cat?post=2508"},{"taxonomy":"product_tag","embeddable":true,"href":"https:\/\/chacamelia.com\/es\/wp-json\/wp\/v2\/product_tag?post=2508"}],"curies":[{"name":"wp","href":"https:\/\/api.w.org\/{rel}","templated":true}]}}