{"id":16595,"date":"2026-03-02T15:26:40","date_gmt":"2026-03-02T15:26:40","guid":{"rendered":"https:\/\/chacamelia.com\/catalogue\/sin%20categor\u00eda\/nomikoto-matcha-bio\/"},"modified":"2026-03-02T15:34:40","modified_gmt":"2026-03-02T15:34:40","slug":"nomikoto-matcha-bio","status":"publish","type":"product","link":"https:\/\/chacamelia.com\/es\/catalogue\/tes\/matcha-es\/nomikoto-matcha-bio\/","title":{"rendered":"Nomikoto Matcha Bio"},"content":{"rendered":"<div>El Nomikoto Matcha ecol\u00f3gico es un matcha elaborado con las primeras hojas de primavera de la variedad de t\u00e9 Asatsuyu, que da como resultado un color verde intenso y aromas delicados, con dulzura natural y un toque afrutado. Este matcha es cultivado por la familia Hayashi en Kirishima. La plantaci\u00f3n de t\u00e9 est\u00e1 rodeada por las monta\u00f1as de Kirishima, que suelen estar cubiertas por una niebla cuyos picos parecen islas (kiri = niebla, shima = isla). El Miumori Matcha se produce en cantidad limitada.<\/div>\n<div><\/div>\n<div><\/div>\n<div>Paquetes de 20 g<\/div>\n<div><\/div>\n<div><\/div>\n<div>Aromas: Verde primaveral, dulzura natural y toque afrutado, con cafe\u00edna.<\/div>\n<p>&nbsp;<\/p>\n<p><img loading=\"lazy\" decoding=\"async\" class=\"alignnone wp-image-16092\" src=\"https:\/\/chacamelia.com\/admin\/wp-content\/uploads\/2025\/07\/eu_organic_logo_colour_outerline_rgb-1-280x186.jpg\" alt=\"\" width=\"123\" height=\"82\" \/><\/p>\n<p>AGRICULTURA NO UE \/ PT-BIO-04<\/p>\n","protected":false},"excerpt":{"rendered":"<p>Nomikoto Matcha ecol\u00f3gico de la variedad de t\u00e9 Asatsuyu de Kirishima.<\/p>\n","protected":false},"featured_media":16598,"template":"","meta":{"_acf_changed":false},"product_brand":[],"product_cat":[591],"product_tag":[],"class_list":{"0":"post-16595","1":"product","2":"type-product","3":"status-publish","4":"has-post-thumbnail","6":"product_cat-matcha-es","8":"first","9":"instock","10":"taxable","11":"shipping-taxable","12":"purchasable","13":"product-type-simple"},"group_of_quantity":0,"min_quantity":0,"max_quantity":"","exclude_order_quantity_value_rules":"no","exclude_category_quantity_rules":"no","combine_variations":"no","acf":[],"yoast_head":"<!-- This site is optimized with the Yoast SEO plugin v27.1.1 - https:\/\/yoast.com\/product\/yoast-seo-wordpress\/ -->\n<title>Nomikoto Matcha Bio - Comprar Matcha en l\u00ednea - Ch\u00e1 Cam\u00e9lia<\/title>\n<meta name=\"description\" content=\"Nomikoto Matcha ecol\u00f3gico de la variedad de t\u00e9 Asatsuyu de Kirishima. Nomikoto Matcha Bio da variedade de ch\u00e1 Asatsuyu de Kirishima.\u00a0\" \/>\n<meta name=\"robots\" content=\"index, follow, max-snippet:-1, max-image-preview:large, max-video-preview:-1\" \/>\n<link rel=\"canonical\" href=\"https:\/\/chacamelia.com\/es\/catalogue\/tes\/matcha-es\/nomikoto-matcha-bio\/\" \/>\n<meta property=\"og:locale\" content=\"es_ES\" \/>\n<meta property=\"og:type\" content=\"article\" \/>\n<meta property=\"og:title\" content=\"Nomikoto Matcha Bio - Comprar Matcha en l\u00ednea - Ch\u00e1 Cam\u00e9lia\" \/>\n<meta property=\"og:description\" content=\"Nomikoto Matcha ecol\u00f3gico de la variedad de t\u00e9 Asatsuyu de Kirishima. Nomikoto Matcha Bio da variedade de ch\u00e1 Asatsuyu de Kirishima.\u00a0\" \/>\n<meta property=\"og:url\" content=\"https:\/\/chacamelia.com\/es\/catalogue\/tes\/matcha-es\/nomikoto-matcha-bio\/\" \/>\n<meta property=\"og:site_name\" content=\"Ch\u00e1 Cam\u00e9lia\" \/>\n<meta property=\"article:modified_time\" content=\"2026-03-02T15:34:40+00:00\" \/>\n<meta property=\"og:image\" content=\"https:\/\/chacamelia.com\/admin\/wp-content\/uploads\/2026\/03\/nomikoto-matcha-e1772464539114.png\" \/>\n\t<meta property=\"og:image:width\" content=\"400\" \/>\n\t<meta property=\"og:image:height\" content=\"404\" \/>\n\t<meta property=\"og:image:type\" content=\"image\/png\" \/>\n<meta name=\"twitter:card\" content=\"summary_large_image\" \/>\n<meta name=\"twitter:label1\" content=\"Tiempo de lectura\" \/>\n\t<meta name=\"twitter:data1\" content=\"1 minuto\" \/>\n<script type=\"application\/ld+json\" class=\"yoast-schema-graph\">{\"@context\":\"https:\/\/schema.org\",\"@graph\":[{\"@type\":\"WebPage\",\"@id\":\"https:\/\/chacamelia.com\/es\/catalogue\/tes\/matcha-es\/nomikoto-matcha-bio\/\",\"url\":\"https:\/\/chacamelia.com\/es\/catalogue\/tes\/matcha-es\/nomikoto-matcha-bio\/\",\"name\":\"Nomikoto Matcha Bio - Comprar Matcha en l\u00ednea - Ch\u00e1 Cam\u00e9lia\",\"isPartOf\":{\"@id\":\"https:\/\/chacamelia.com\/#website\"},\"primaryImageOfPage\":{\"@id\":\"https:\/\/chacamelia.com\/es\/catalogue\/tes\/matcha-es\/nomikoto-matcha-bio\/#primaryimage\"},\"image\":{\"@id\":\"https:\/\/chacamelia.com\/es\/catalogue\/tes\/matcha-es\/nomikoto-matcha-bio\/#primaryimage\"},\"thumbnailUrl\":\"https:\/\/chacamelia.com\/admin\/wp-content\/uploads\/2026\/03\/nomikoto-matcha-e1772464539114.png\",\"datePublished\":\"2026-03-02T15:26:40+00:00\",\"dateModified\":\"2026-03-02T15:34:40+00:00\",\"description\":\"Nomikoto Matcha ecol\u00f3gico de la variedad de t\u00e9 Asatsuyu de Kirishima. Nomikoto Matcha Bio da variedade de ch\u00e1 Asatsuyu de Kirishima.\u00a0\",\"breadcrumb\":{\"@id\":\"https:\/\/chacamelia.com\/es\/catalogue\/tes\/matcha-es\/nomikoto-matcha-bio\/#breadcrumb\"},\"inLanguage\":\"es\",\"potentialAction\":[{\"@type\":\"ReadAction\",\"target\":[\"https:\/\/chacamelia.com\/es\/catalogue\/tes\/matcha-es\/nomikoto-matcha-bio\/\"]}]},{\"@type\":\"ImageObject\",\"inLanguage\":\"es\",\"@id\":\"https:\/\/chacamelia.com\/es\/catalogue\/tes\/matcha-es\/nomikoto-matcha-bio\/#primaryimage\",\"url\":\"https:\/\/chacamelia.com\/admin\/wp-content\/uploads\/2026\/03\/nomikoto-matcha-e1772464539114.png\",\"contentUrl\":\"https:\/\/chacamelia.com\/admin\/wp-content\/uploads\/2026\/03\/nomikoto-matcha-e1772464539114.png\",\"width\":400,\"height\":404},{\"@type\":\"BreadcrumbList\",\"@id\":\"https:\/\/chacamelia.com\/es\/catalogue\/tes\/matcha-es\/nomikoto-matcha-bio\/#breadcrumb\",\"itemListElement\":[{\"@type\":\"ListItem\",\"position\":1,\"name\":\"Home\",\"item\":\"https:\/\/chacamelia.com\/es\/\"},{\"@type\":\"ListItem\",\"position\":2,\"name\":\"Tienda Online &#8211; T\u00e9s\",\"item\":\"https:\/\/chacamelia.com\/es\/tienda-online-tes\/\"},{\"@type\":\"ListItem\",\"position\":3,\"name\":\"Nomikoto Matcha Bio\"}]},{\"@type\":\"WebSite\",\"@id\":\"https:\/\/chacamelia.com\/#website\",\"url\":\"https:\/\/chacamelia.com\/\",\"name\":\"Ch\u00e1 Cam\u00e9lia\",\"description\":\"M\u00e1s que una bebida, una actitud\",\"publisher\":{\"@id\":\"https:\/\/chacamelia.com\/#organization\"},\"potentialAction\":[{\"@type\":\"SearchAction\",\"target\":{\"@type\":\"EntryPoint\",\"urlTemplate\":\"https:\/\/chacamelia.com\/?s={search_term_string}\"},\"query-input\":{\"@type\":\"PropertyValueSpecification\",\"valueRequired\":true,\"valueName\":\"search_term_string\"}}],\"inLanguage\":\"es\"},{\"@type\":\"Organization\",\"@id\":\"https:\/\/chacamelia.com\/#organization\",\"name\":\"Ch\u00e1 Cam\u00e9lia\",\"url\":\"https:\/\/chacamelia.com\/\",\"logo\":{\"@type\":\"ImageObject\",\"inLanguage\":\"es\",\"@id\":\"https:\/\/chacamelia.com\/#\/schema\/logo\/image\/\",\"url\":\"https:\/\/chacamelia.com\/admin\/wp-content\/uploads\/2015\/06\/Logotipo.jpg\",\"contentUrl\":\"https:\/\/chacamelia.com\/admin\/wp-content\/uploads\/2015\/06\/Logotipo.jpg\",\"width\":289,\"height\":289,\"caption\":\"Ch\u00e1 Cam\u00e9lia\"},\"image\":{\"@id\":\"https:\/\/chacamelia.com\/#\/schema\/logo\/image\/\"}}]}<\/script>\n<!-- \/ Yoast SEO plugin. -->","yoast_head_json":{"title":"Nomikoto Matcha Bio - Comprar Matcha en l\u00ednea - Ch\u00e1 Cam\u00e9lia","description":"Nomikoto Matcha ecol\u00f3gico de la variedad de t\u00e9 Asatsuyu de Kirishima. Nomikoto Matcha Bio da variedade de ch\u00e1 Asatsuyu de Kirishima.\u00a0","robots":{"index":"index","follow":"follow","max-snippet":"max-snippet:-1","max-image-preview":"max-image-preview:large","max-video-preview":"max-video-preview:-1"},"canonical":"https:\/\/chacamelia.com\/es\/catalogue\/tes\/matcha-es\/nomikoto-matcha-bio\/","og_locale":"es_ES","og_type":"article","og_title":"Nomikoto Matcha Bio - Comprar Matcha en l\u00ednea - Ch\u00e1 Cam\u00e9lia","og_description":"Nomikoto Matcha ecol\u00f3gico de la variedad de t\u00e9 Asatsuyu de Kirishima. Nomikoto Matcha Bio da variedade de ch\u00e1 Asatsuyu de Kirishima.\u00a0","og_url":"https:\/\/chacamelia.com\/es\/catalogue\/tes\/matcha-es\/nomikoto-matcha-bio\/","og_site_name":"Ch\u00e1 Cam\u00e9lia","article_modified_time":"2026-03-02T15:34:40+00:00","og_image":[{"width":400,"height":404,"url":"https:\/\/chacamelia.com\/admin\/wp-content\/uploads\/2026\/03\/nomikoto-matcha-e1772464539114.png","type":"image\/png"}],"twitter_card":"summary_large_image","twitter_misc":{"Tiempo de lectura":"1 minuto"},"schema":{"@context":"https:\/\/schema.org","@graph":[{"@type":"WebPage","@id":"https:\/\/chacamelia.com\/es\/catalogue\/tes\/matcha-es\/nomikoto-matcha-bio\/","url":"https:\/\/chacamelia.com\/es\/catalogue\/tes\/matcha-es\/nomikoto-matcha-bio\/","name":"Nomikoto Matcha Bio - Comprar Matcha en l\u00ednea - Ch\u00e1 Cam\u00e9lia","isPartOf":{"@id":"https:\/\/chacamelia.com\/#website"},"primaryImageOfPage":{"@id":"https:\/\/chacamelia.com\/es\/catalogue\/tes\/matcha-es\/nomikoto-matcha-bio\/#primaryimage"},"image":{"@id":"https:\/\/chacamelia.com\/es\/catalogue\/tes\/matcha-es\/nomikoto-matcha-bio\/#primaryimage"},"thumbnailUrl":"https:\/\/chacamelia.com\/admin\/wp-content\/uploads\/2026\/03\/nomikoto-matcha-e1772464539114.png","datePublished":"2026-03-02T15:26:40+00:00","dateModified":"2026-03-02T15:34:40+00:00","description":"Nomikoto Matcha ecol\u00f3gico de la variedad de t\u00e9 Asatsuyu de Kirishima. Nomikoto Matcha Bio da variedade de ch\u00e1 Asatsuyu de Kirishima.\u00a0","breadcrumb":{"@id":"https:\/\/chacamelia.com\/es\/catalogue\/tes\/matcha-es\/nomikoto-matcha-bio\/#breadcrumb"},"inLanguage":"es","potentialAction":[{"@type":"ReadAction","target":["https:\/\/chacamelia.com\/es\/catalogue\/tes\/matcha-es\/nomikoto-matcha-bio\/"]}]},{"@type":"ImageObject","inLanguage":"es","@id":"https:\/\/chacamelia.com\/es\/catalogue\/tes\/matcha-es\/nomikoto-matcha-bio\/#primaryimage","url":"https:\/\/chacamelia.com\/admin\/wp-content\/uploads\/2026\/03\/nomikoto-matcha-e1772464539114.png","contentUrl":"https:\/\/chacamelia.com\/admin\/wp-content\/uploads\/2026\/03\/nomikoto-matcha-e1772464539114.png","width":400,"height":404},{"@type":"BreadcrumbList","@id":"https:\/\/chacamelia.com\/es\/catalogue\/tes\/matcha-es\/nomikoto-matcha-bio\/#breadcrumb","itemListElement":[{"@type":"ListItem","position":1,"name":"Home","item":"https:\/\/chacamelia.com\/es\/"},{"@type":"ListItem","position":2,"name":"Tienda Online &#8211; T\u00e9s","item":"https:\/\/chacamelia.com\/es\/tienda-online-tes\/"},{"@type":"ListItem","position":3,"name":"Nomikoto Matcha Bio"}]},{"@type":"WebSite","@id":"https:\/\/chacamelia.com\/#website","url":"https:\/\/chacamelia.com\/","name":"Ch\u00e1 Cam\u00e9lia","description":"M\u00e1s que una bebida, una actitud","publisher":{"@id":"https:\/\/chacamelia.com\/#organization"},"potentialAction":[{"@type":"SearchAction","target":{"@type":"EntryPoint","urlTemplate":"https:\/\/chacamelia.com\/?s={search_term_string}"},"query-input":{"@type":"PropertyValueSpecification","valueRequired":true,"valueName":"search_term_string"}}],"inLanguage":"es"},{"@type":"Organization","@id":"https:\/\/chacamelia.com\/#organization","name":"Ch\u00e1 Cam\u00e9lia","url":"https:\/\/chacamelia.com\/","logo":{"@type":"ImageObject","inLanguage":"es","@id":"https:\/\/chacamelia.com\/#\/schema\/logo\/image\/","url":"https:\/\/chacamelia.com\/admin\/wp-content\/uploads\/2015\/06\/Logotipo.jpg","contentUrl":"https:\/\/chacamelia.com\/admin\/wp-content\/uploads\/2015\/06\/Logotipo.jpg","width":289,"height":289,"caption":"Ch\u00e1 Cam\u00e9lia"},"image":{"@id":"https:\/\/chacamelia.com\/#\/schema\/logo\/image\/"}}]}},"_links":{"self":[{"href":"https:\/\/chacamelia.com\/es\/wp-json\/wp\/v2\/product\/16595","targetHints":{"allow":["GET"]}}],"collection":[{"href":"https:\/\/chacamelia.com\/es\/wp-json\/wp\/v2\/product"}],"about":[{"href":"https:\/\/chacamelia.com\/es\/wp-json\/wp\/v2\/types\/product"}],"wp:featuredmedia":[{"embeddable":true,"href":"https:\/\/chacamelia.com\/es\/wp-json\/wp\/v2\/media\/16598"}],"wp:attachment":[{"href":"https:\/\/chacamelia.com\/es\/wp-json\/wp\/v2\/media?parent=16595"}],"wp:term":[{"taxonomy":"product_brand","embeddable":true,"href":"https:\/\/chacamelia.com\/es\/wp-json\/wp\/v2\/product_brand?post=16595"},{"taxonomy":"product_cat","embeddable":true,"href":"https:\/\/chacamelia.com\/es\/wp-json\/wp\/v2\/product_cat?post=16595"},{"taxonomy":"product_tag","embeddable":true,"href":"https:\/\/chacamelia.com\/es\/wp-json\/wp\/v2\/product_tag?post=16595"}],"curies":[{"name":"wp","href":"https:\/\/api.w.org\/{rel}","templated":true}]}}