{"id":16236,"date":"2025-09-23T15:43:33","date_gmt":"2025-09-23T15:43:33","guid":{"rendered":"https:\/\/chacamelia.com\/catalogue\/sin%20categor\u00eda\/pitcher-ceramica-preta\/"},"modified":"2025-12-03T10:43:56","modified_gmt":"2025-12-03T10:43:56","slug":"pitcher-ceramica-negra","status":"publish","type":"product","link":"https:\/\/chacamelia.com\/es\/catalogue\/accesorios\/teteras-y-tazas\/pitcher-ceramica-negra\/","title":{"rendered":"Pitcher Cer\u00e1mica Negra"},"content":{"rendered":"<p>Cer\u00e1mica artesanal portuguesa, Miguel Apolin\u00e1rio: Pitcher, aprox. 200ml.<\/p>\n<p>&nbsp;<\/p>\n<p>Todas las piezas son piezas \u00fanicas y var\u00edan ligeramente en tama\u00f1o de color y composici\u00f3n.<\/p>\n","protected":false},"excerpt":{"rendered":"<p>PITCHER CER\u00c1MICA NEGRA, CER\u00c1MICA PORTUGUESA HECHO A MANO MIGUEL APOLIN\u00c1RIO<\/p>\n","protected":false},"featured_media":16234,"template":"","meta":{"_acf_changed":false},"product_brand":[],"product_cat":[611,617],"product_tag":[],"class_list":{"0":"post-16236","1":"product","2":"type-product","3":"status-publish","4":"has-post-thumbnail","6":"product_cat-teteras-y-tazas","7":"product_cat-ceramica-es","9":"first","10":"instock","11":"taxable","12":"shipping-taxable","13":"purchasable","14":"product-type-simple"},"group_of_quantity":0,"min_quantity":0,"max_quantity":"","exclude_order_quantity_value_rules":"no","exclude_category_quantity_rules":"no","combine_variations":"no","acf":[],"yoast_head":"<!-- This site is optimized with the Yoast SEO plugin v27.1.1 - https:\/\/yoast.com\/product\/yoast-seo-wordpress\/ -->\n<title>Pitcher Cer\u00e1mica Negra - Comprar Teteras y Tazas, Cer\u00e1mica en l\u00ednea - Ch\u00e1 Cam\u00e9lia<\/title>\n<meta name=\"description\" content=\"PITCHER CER\u00c1MICA NEGRA, CER\u00c1MICA PORTUGUESA HECHO A MANO MIGUEL APOLIN\u00c1RIO PITCHER CER\u00c1MICA NEGRA, CER\u00c1MICA PORTUGUESA HECHO A MANO MIGUEL APOLIN\u00c1RIO\" \/>\n<meta name=\"robots\" content=\"index, follow, max-snippet:-1, max-image-preview:large, max-video-preview:-1\" \/>\n<link rel=\"canonical\" href=\"https:\/\/chacamelia.com\/es\/catalogue\/accesorios\/teteras-y-tazas\/pitcher-ceramica-negra\/\" \/>\n<meta property=\"og:locale\" content=\"es_ES\" \/>\n<meta property=\"og:type\" content=\"article\" \/>\n<meta property=\"og:title\" content=\"Pitcher Cer\u00e1mica Negra - Comprar Teteras y Tazas, Cer\u00e1mica en l\u00ednea - Ch\u00e1 Cam\u00e9lia\" \/>\n<meta property=\"og:description\" content=\"PITCHER CER\u00c1MICA NEGRA, CER\u00c1MICA PORTUGUESA HECHO A MANO MIGUEL APOLIN\u00c1RIO PITCHER CER\u00c1MICA NEGRA, CER\u00c1MICA PORTUGUESA HECHO A MANO MIGUEL APOLIN\u00c1RIO\" \/>\n<meta property=\"og:url\" content=\"https:\/\/chacamelia.com\/es\/catalogue\/accesorios\/teteras-y-tazas\/pitcher-ceramica-negra\/\" \/>\n<meta property=\"og:site_name\" content=\"Ch\u00e1 Cam\u00e9lia\" \/>\n<meta property=\"article:modified_time\" content=\"2025-12-03T10:43:56+00:00\" \/>\n<meta property=\"og:image\" content=\"https:\/\/chacamelia.com\/admin\/wp-content\/uploads\/2025\/09\/pitcher-ceramica-preta.jpg\" \/>\n\t<meta property=\"og:image:width\" content=\"1250\" \/>\n\t<meta property=\"og:image:height\" content=\"1250\" \/>\n\t<meta property=\"og:image:type\" content=\"image\/jpeg\" \/>\n<meta name=\"twitter:card\" content=\"summary_large_image\" \/>\n<meta name=\"twitter:label1\" content=\"Tiempo de lectura\" \/>\n\t<meta name=\"twitter:data1\" content=\"1 minuto\" \/>\n<script type=\"application\/ld+json\" class=\"yoast-schema-graph\">{\"@context\":\"https:\/\/schema.org\",\"@graph\":[{\"@type\":\"WebPage\",\"@id\":\"https:\/\/chacamelia.com\/es\/catalogue\/accesorios\/teteras-y-tazas\/pitcher-ceramica-negra\/\",\"url\":\"https:\/\/chacamelia.com\/es\/catalogue\/accesorios\/teteras-y-tazas\/pitcher-ceramica-negra\/\",\"name\":\"Pitcher Cer\u00e1mica Negra - Comprar Teteras y Tazas, Cer\u00e1mica en l\u00ednea - Ch\u00e1 Cam\u00e9lia\",\"isPartOf\":{\"@id\":\"https:\/\/chacamelia.com\/#website\"},\"primaryImageOfPage\":{\"@id\":\"https:\/\/chacamelia.com\/es\/catalogue\/accesorios\/teteras-y-tazas\/pitcher-ceramica-negra\/#primaryimage\"},\"image\":{\"@id\":\"https:\/\/chacamelia.com\/es\/catalogue\/accesorios\/teteras-y-tazas\/pitcher-ceramica-negra\/#primaryimage\"},\"thumbnailUrl\":\"https:\/\/chacamelia.com\/admin\/wp-content\/uploads\/2025\/09\/pitcher-ceramica-preta.jpg\",\"datePublished\":\"2025-09-23T15:43:33+00:00\",\"dateModified\":\"2025-12-03T10:43:56+00:00\",\"description\":\"PITCHER CER\u00c1MICA NEGRA, CER\u00c1MICA PORTUGUESA HECHO A MANO MIGUEL APOLIN\u00c1RIO PITCHER CER\u00c1MICA NEGRA, CER\u00c1MICA PORTUGUESA HECHO A MANO MIGUEL APOLIN\u00c1RIO\",\"breadcrumb\":{\"@id\":\"https:\/\/chacamelia.com\/es\/catalogue\/accesorios\/teteras-y-tazas\/pitcher-ceramica-negra\/#breadcrumb\"},\"inLanguage\":\"es\",\"potentialAction\":[{\"@type\":\"ReadAction\",\"target\":[\"https:\/\/chacamelia.com\/es\/catalogue\/accesorios\/teteras-y-tazas\/pitcher-ceramica-negra\/\"]}]},{\"@type\":\"ImageObject\",\"inLanguage\":\"es\",\"@id\":\"https:\/\/chacamelia.com\/es\/catalogue\/accesorios\/teteras-y-tazas\/pitcher-ceramica-negra\/#primaryimage\",\"url\":\"https:\/\/chacamelia.com\/admin\/wp-content\/uploads\/2025\/09\/pitcher-ceramica-preta.jpg\",\"contentUrl\":\"https:\/\/chacamelia.com\/admin\/wp-content\/uploads\/2025\/09\/pitcher-ceramica-preta.jpg\",\"width\":1250,\"height\":1250},{\"@type\":\"BreadcrumbList\",\"@id\":\"https:\/\/chacamelia.com\/es\/catalogue\/accesorios\/teteras-y-tazas\/pitcher-ceramica-negra\/#breadcrumb\",\"itemListElement\":[{\"@type\":\"ListItem\",\"position\":1,\"name\":\"Home\",\"item\":\"https:\/\/chacamelia.com\/es\/\"},{\"@type\":\"ListItem\",\"position\":2,\"name\":\"Tienda Online &#8211; T\u00e9s\",\"item\":\"https:\/\/chacamelia.com\/es\/tienda-online-tes\/\"},{\"@type\":\"ListItem\",\"position\":3,\"name\":\"Pitcher Cer\u00e1mica Negra\"}]},{\"@type\":\"WebSite\",\"@id\":\"https:\/\/chacamelia.com\/#website\",\"url\":\"https:\/\/chacamelia.com\/\",\"name\":\"Ch\u00e1 Cam\u00e9lia\",\"description\":\"M\u00e1s que una bebida, una actitud\",\"publisher\":{\"@id\":\"https:\/\/chacamelia.com\/#organization\"},\"potentialAction\":[{\"@type\":\"SearchAction\",\"target\":{\"@type\":\"EntryPoint\",\"urlTemplate\":\"https:\/\/chacamelia.com\/?s={search_term_string}\"},\"query-input\":{\"@type\":\"PropertyValueSpecification\",\"valueRequired\":true,\"valueName\":\"search_term_string\"}}],\"inLanguage\":\"es\"},{\"@type\":\"Organization\",\"@id\":\"https:\/\/chacamelia.com\/#organization\",\"name\":\"Ch\u00e1 Cam\u00e9lia\",\"url\":\"https:\/\/chacamelia.com\/\",\"logo\":{\"@type\":\"ImageObject\",\"inLanguage\":\"es\",\"@id\":\"https:\/\/chacamelia.com\/#\/schema\/logo\/image\/\",\"url\":\"https:\/\/chacamelia.com\/admin\/wp-content\/uploads\/2015\/06\/Logotipo.jpg\",\"contentUrl\":\"https:\/\/chacamelia.com\/admin\/wp-content\/uploads\/2015\/06\/Logotipo.jpg\",\"width\":289,\"height\":289,\"caption\":\"Ch\u00e1 Cam\u00e9lia\"},\"image\":{\"@id\":\"https:\/\/chacamelia.com\/#\/schema\/logo\/image\/\"}}]}<\/script>\n<!-- \/ Yoast SEO plugin. -->","yoast_head_json":{"title":"Pitcher Cer\u00e1mica Negra - Comprar Teteras y Tazas, Cer\u00e1mica en l\u00ednea - Ch\u00e1 Cam\u00e9lia","description":"PITCHER CER\u00c1MICA NEGRA, CER\u00c1MICA PORTUGUESA HECHO A MANO MIGUEL APOLIN\u00c1RIO PITCHER CER\u00c1MICA NEGRA, CER\u00c1MICA PORTUGUESA HECHO A MANO MIGUEL APOLIN\u00c1RIO","robots":{"index":"index","follow":"follow","max-snippet":"max-snippet:-1","max-image-preview":"max-image-preview:large","max-video-preview":"max-video-preview:-1"},"canonical":"https:\/\/chacamelia.com\/es\/catalogue\/accesorios\/teteras-y-tazas\/pitcher-ceramica-negra\/","og_locale":"es_ES","og_type":"article","og_title":"Pitcher Cer\u00e1mica Negra - Comprar Teteras y Tazas, Cer\u00e1mica en l\u00ednea - Ch\u00e1 Cam\u00e9lia","og_description":"PITCHER CER\u00c1MICA NEGRA, CER\u00c1MICA PORTUGUESA HECHO A MANO MIGUEL APOLIN\u00c1RIO PITCHER CER\u00c1MICA NEGRA, CER\u00c1MICA PORTUGUESA HECHO A MANO MIGUEL APOLIN\u00c1RIO","og_url":"https:\/\/chacamelia.com\/es\/catalogue\/accesorios\/teteras-y-tazas\/pitcher-ceramica-negra\/","og_site_name":"Ch\u00e1 Cam\u00e9lia","article_modified_time":"2025-12-03T10:43:56+00:00","og_image":[{"width":1250,"height":1250,"url":"https:\/\/chacamelia.com\/admin\/wp-content\/uploads\/2025\/09\/pitcher-ceramica-preta.jpg","type":"image\/jpeg"}],"twitter_card":"summary_large_image","twitter_misc":{"Tiempo de lectura":"1 minuto"},"schema":{"@context":"https:\/\/schema.org","@graph":[{"@type":"WebPage","@id":"https:\/\/chacamelia.com\/es\/catalogue\/accesorios\/teteras-y-tazas\/pitcher-ceramica-negra\/","url":"https:\/\/chacamelia.com\/es\/catalogue\/accesorios\/teteras-y-tazas\/pitcher-ceramica-negra\/","name":"Pitcher Cer\u00e1mica Negra - Comprar Teteras y Tazas, Cer\u00e1mica en l\u00ednea - Ch\u00e1 Cam\u00e9lia","isPartOf":{"@id":"https:\/\/chacamelia.com\/#website"},"primaryImageOfPage":{"@id":"https:\/\/chacamelia.com\/es\/catalogue\/accesorios\/teteras-y-tazas\/pitcher-ceramica-negra\/#primaryimage"},"image":{"@id":"https:\/\/chacamelia.com\/es\/catalogue\/accesorios\/teteras-y-tazas\/pitcher-ceramica-negra\/#primaryimage"},"thumbnailUrl":"https:\/\/chacamelia.com\/admin\/wp-content\/uploads\/2025\/09\/pitcher-ceramica-preta.jpg","datePublished":"2025-09-23T15:43:33+00:00","dateModified":"2025-12-03T10:43:56+00:00","description":"PITCHER CER\u00c1MICA NEGRA, CER\u00c1MICA PORTUGUESA HECHO A MANO MIGUEL APOLIN\u00c1RIO PITCHER CER\u00c1MICA NEGRA, CER\u00c1MICA PORTUGUESA HECHO A MANO MIGUEL APOLIN\u00c1RIO","breadcrumb":{"@id":"https:\/\/chacamelia.com\/es\/catalogue\/accesorios\/teteras-y-tazas\/pitcher-ceramica-negra\/#breadcrumb"},"inLanguage":"es","potentialAction":[{"@type":"ReadAction","target":["https:\/\/chacamelia.com\/es\/catalogue\/accesorios\/teteras-y-tazas\/pitcher-ceramica-negra\/"]}]},{"@type":"ImageObject","inLanguage":"es","@id":"https:\/\/chacamelia.com\/es\/catalogue\/accesorios\/teteras-y-tazas\/pitcher-ceramica-negra\/#primaryimage","url":"https:\/\/chacamelia.com\/admin\/wp-content\/uploads\/2025\/09\/pitcher-ceramica-preta.jpg","contentUrl":"https:\/\/chacamelia.com\/admin\/wp-content\/uploads\/2025\/09\/pitcher-ceramica-preta.jpg","width":1250,"height":1250},{"@type":"BreadcrumbList","@id":"https:\/\/chacamelia.com\/es\/catalogue\/accesorios\/teteras-y-tazas\/pitcher-ceramica-negra\/#breadcrumb","itemListElement":[{"@type":"ListItem","position":1,"name":"Home","item":"https:\/\/chacamelia.com\/es\/"},{"@type":"ListItem","position":2,"name":"Tienda Online &#8211; T\u00e9s","item":"https:\/\/chacamelia.com\/es\/tienda-online-tes\/"},{"@type":"ListItem","position":3,"name":"Pitcher Cer\u00e1mica Negra"}]},{"@type":"WebSite","@id":"https:\/\/chacamelia.com\/#website","url":"https:\/\/chacamelia.com\/","name":"Ch\u00e1 Cam\u00e9lia","description":"M\u00e1s que una bebida, una actitud","publisher":{"@id":"https:\/\/chacamelia.com\/#organization"},"potentialAction":[{"@type":"SearchAction","target":{"@type":"EntryPoint","urlTemplate":"https:\/\/chacamelia.com\/?s={search_term_string}"},"query-input":{"@type":"PropertyValueSpecification","valueRequired":true,"valueName":"search_term_string"}}],"inLanguage":"es"},{"@type":"Organization","@id":"https:\/\/chacamelia.com\/#organization","name":"Ch\u00e1 Cam\u00e9lia","url":"https:\/\/chacamelia.com\/","logo":{"@type":"ImageObject","inLanguage":"es","@id":"https:\/\/chacamelia.com\/#\/schema\/logo\/image\/","url":"https:\/\/chacamelia.com\/admin\/wp-content\/uploads\/2015\/06\/Logotipo.jpg","contentUrl":"https:\/\/chacamelia.com\/admin\/wp-content\/uploads\/2015\/06\/Logotipo.jpg","width":289,"height":289,"caption":"Ch\u00e1 Cam\u00e9lia"},"image":{"@id":"https:\/\/chacamelia.com\/#\/schema\/logo\/image\/"}}]}},"_links":{"self":[{"href":"https:\/\/chacamelia.com\/es\/wp-json\/wp\/v2\/product\/16236","targetHints":{"allow":["GET"]}}],"collection":[{"href":"https:\/\/chacamelia.com\/es\/wp-json\/wp\/v2\/product"}],"about":[{"href":"https:\/\/chacamelia.com\/es\/wp-json\/wp\/v2\/types\/product"}],"wp:featuredmedia":[{"embeddable":true,"href":"https:\/\/chacamelia.com\/es\/wp-json\/wp\/v2\/media\/16234"}],"wp:attachment":[{"href":"https:\/\/chacamelia.com\/es\/wp-json\/wp\/v2\/media?parent=16236"}],"wp:term":[{"taxonomy":"product_brand","embeddable":true,"href":"https:\/\/chacamelia.com\/es\/wp-json\/wp\/v2\/product_brand?post=16236"},{"taxonomy":"product_cat","embeddable":true,"href":"https:\/\/chacamelia.com\/es\/wp-json\/wp\/v2\/product_cat?post=16236"},{"taxonomy":"product_tag","embeddable":true,"href":"https:\/\/chacamelia.com\/es\/wp-json\/wp\/v2\/product_tag?post=16236"}],"curies":[{"name":"wp","href":"https:\/\/api.w.org\/{rel}","templated":true}]}}