{"id":1616,"date":"2015-06-16T14:41:10","date_gmt":"2015-06-16T14:41:10","guid":{"rendered":"https:\/\/chacamelia.com\/admin\/catalogo\/uncategorized\/kirishima-tennen-gyokuro-3\/"},"modified":"2025-04-08T14:03:09","modified_gmt":"2025-04-08T14:03:09","slug":"kirishima-tennen-gyokuro-3","status":"publish","type":"product","link":"https:\/\/chacamelia.com\/es\/catalogue\/tes\/tes-japoneses\/kirishima-tennen-gyokuro-3\/","title":{"rendered":"Gyokuro Kirishima Bio"},"content":{"rendered":"<p>Las hojas verde brillante de la variedad Asastsuyu se mantienen en la sombra durante tres semanas antes de su cosecha a finales de abril. Estas hojas muy delicadas tienen una dulzura pronunciada, lo que le da a este Gyokuro el nombre Tennen Gyokuro, lo que significa Gyokuro natural. Es una variedad que es dif\u00edcil de encontrar en condiciones de agricultura ecol\u00f3gica, por lo que es bastante raro. La dulzura y la fragancia de este t\u00e9 despiertan los sentidos con la complejidad de sus aromas y la infusi\u00f3n es de un color verde intenso.<\/p>\n<p><span lang=\"ES\"><span style=\"color: #000000; font-family: Calibri;\">Paquetes de 50g<\/span><\/span><\/p>\n<p><span lang=\"ES\"><span style=\"color: #000000; font-family: Calibri;\">\u00a0<\/span><\/span><\/p>\n<p><span lang=\"ES\"><span style=\"color: #000000; font-family: Calibri;\">Nota de cata: Umami, suave, con una complejidad profunda, bajo contenido en cafe\u00edna<\/span><\/span><\/p>\n<p>&nbsp;<\/p>\n<p>&nbsp;<\/p>\n<p><img loading=\"lazy\" decoding=\"async\" class=\"alignnone wp-image-12905\" src=\"https:\/\/chacamelia.com\/admin\/wp-content\/uploads\/2015\/06\/eu_organic_logo_colour_outerline_rgb-280x186.jpg\" alt=\"\" width=\"101\" height=\"67\" \/><\/p>\n<p class=\"p1\">AGRICULTURA NO UE \/ PT-BIO-04<\/p>\n","protected":false},"excerpt":{"rendered":"<p>El rey de los t\u00e9s japoneses crecido en la sombra.<\/p>\n","protected":false},"featured_media":11043,"template":"","meta":{"_acf_changed":false},"product_brand":[],"product_cat":[33,609],"product_tag":[306,307,308,309],"class_list":{"0":"post-1616","1":"product","2":"type-product","3":"status-publish","4":"has-post-thumbnail","6":"product_cat-tes","7":"product_cat-tes-japoneses","8":"product_tag-cha-japones-es","9":"product_tag-cha-verde-es","10":"product_tag-green-tea-es","11":"product_tag-japanese-tea-es","13":"first","14":"instock","15":"taxable","16":"shipping-taxable","17":"purchasable","18":"product-type-simple"},"group_of_quantity":0,"min_quantity":0,"max_quantity":"","exclude_order_quantity_value_rules":"no","exclude_category_quantity_rules":"no","combine_variations":"no","acf":[],"yoast_head":"<!-- This site is optimized with the Yoast SEO plugin v27.1.1 - https:\/\/yoast.com\/product\/yoast-seo-wordpress\/ -->\n<title>Gyokuro Kirishima Bio - Comprar T\u00e9s, T\u00e9s Japoneses en l\u00ednea - Ch\u00e1 Cam\u00e9lia<\/title>\n<meta name=\"description\" content=\"Las hojas verde brillante de la variedad Asastsuyu tienen una dulzura pronunciada y despiertan los sentidos.\" \/>\n<meta name=\"robots\" content=\"index, follow, max-snippet:-1, max-image-preview:large, max-video-preview:-1\" \/>\n<link rel=\"canonical\" href=\"https:\/\/chacamelia.com\/catalogue\/chas\/chas-japoneses\/kirishima-tennen-gyokuro\/\" \/>\n<meta property=\"og:locale\" content=\"es_ES\" \/>\n<meta property=\"og:type\" content=\"article\" \/>\n<meta property=\"og:title\" content=\"Gyokuro Kirishima Bio - Comprar T\u00e9s, T\u00e9s Japoneses en l\u00ednea - Ch\u00e1 Cam\u00e9lia\" \/>\n<meta property=\"og:description\" content=\"Las hojas verde brillante de la variedad Asastsuyu tienen una dulzura pronunciada y despiertan los sentidos.\" \/>\n<meta property=\"og:url\" content=\"https:\/\/chacamelia.com\/catalogue\/chas\/chas-japoneses\/kirishima-tennen-gyokuro\/\" \/>\n<meta property=\"og:site_name\" content=\"Ch\u00e1 Cam\u00e9lia\" \/>\n<meta property=\"article:modified_time\" content=\"2025-04-08T14:03:09+00:00\" \/>\n<meta property=\"og:image\" content=\"https:\/\/chacamelia.com\/admin\/wp-content\/uploads\/2015\/06\/18-kirishima-tennen-gyokuro-v2-1024x1024.png\" \/>\n\t<meta property=\"og:image:width\" content=\"1024\" \/>\n\t<meta property=\"og:image:height\" content=\"1024\" \/>\n\t<meta property=\"og:image:type\" content=\"image\/png\" \/>\n<meta name=\"twitter:card\" content=\"summary_large_image\" \/>\n<meta name=\"twitter:label1\" content=\"Tiempo de lectura\" \/>\n\t<meta name=\"twitter:data1\" content=\"1 minuto\" \/>\n<script type=\"application\/ld+json\" class=\"yoast-schema-graph\">{\"@context\":\"https:\/\/schema.org\",\"@graph\":[{\"@type\":\"WebPage\",\"@id\":\"https:\/\/chacamelia.com\/catalogue\/chas\/chas-japoneses\/kirishima-tennen-gyokuro\/\",\"url\":\"https:\/\/chacamelia.com\/catalogue\/chas\/chas-japoneses\/kirishima-tennen-gyokuro\/\",\"name\":\"Gyokuro Kirishima Bio - Comprar T\u00e9s, T\u00e9s Japoneses en l\u00ednea - Ch\u00e1 Cam\u00e9lia\",\"isPartOf\":{\"@id\":\"https:\/\/chacamelia.com\/#website\"},\"primaryImageOfPage\":{\"@id\":\"https:\/\/chacamelia.com\/catalogue\/chas\/chas-japoneses\/kirishima-tennen-gyokuro\/#primaryimage\"},\"image\":{\"@id\":\"https:\/\/chacamelia.com\/catalogue\/chas\/chas-japoneses\/kirishima-tennen-gyokuro\/#primaryimage\"},\"thumbnailUrl\":\"https:\/\/chacamelia.com\/admin\/wp-content\/uploads\/2015\/06\/18-kirishima-tennen-gyokuro-v2.png\",\"datePublished\":\"2015-06-16T14:41:10+00:00\",\"dateModified\":\"2025-04-08T14:03:09+00:00\",\"description\":\"Las hojas verde brillante de la variedad Asastsuyu tienen una dulzura pronunciada y despiertan los sentidos.\",\"breadcrumb\":{\"@id\":\"https:\/\/chacamelia.com\/catalogue\/chas\/chas-japoneses\/kirishima-tennen-gyokuro\/#breadcrumb\"},\"inLanguage\":\"es\",\"potentialAction\":[{\"@type\":\"ReadAction\",\"target\":[\"https:\/\/chacamelia.com\/catalogue\/chas\/chas-japoneses\/kirishima-tennen-gyokuro\/\"]}]},{\"@type\":\"ImageObject\",\"inLanguage\":\"es\",\"@id\":\"https:\/\/chacamelia.com\/catalogue\/chas\/chas-japoneses\/kirishima-tennen-gyokuro\/#primaryimage\",\"url\":\"https:\/\/chacamelia.com\/admin\/wp-content\/uploads\/2015\/06\/18-kirishima-tennen-gyokuro-v2.png\",\"contentUrl\":\"https:\/\/chacamelia.com\/admin\/wp-content\/uploads\/2015\/06\/18-kirishima-tennen-gyokuro-v2.png\",\"width\":2500,\"height\":2500},{\"@type\":\"BreadcrumbList\",\"@id\":\"https:\/\/chacamelia.com\/catalogue\/chas\/chas-japoneses\/kirishima-tennen-gyokuro\/#breadcrumb\",\"itemListElement\":[{\"@type\":\"ListItem\",\"position\":1,\"name\":\"Home\",\"item\":\"https:\/\/chacamelia.com\/es\/\"},{\"@type\":\"ListItem\",\"position\":2,\"name\":\"Tienda Online &#8211; T\u00e9s\",\"item\":\"https:\/\/chacamelia.com\/es\/tienda-online-tes\/\"},{\"@type\":\"ListItem\",\"position\":3,\"name\":\"Gyokuro Kirishima Bio\"}]},{\"@type\":\"WebSite\",\"@id\":\"https:\/\/chacamelia.com\/#website\",\"url\":\"https:\/\/chacamelia.com\/\",\"name\":\"Ch\u00e1 Cam\u00e9lia\",\"description\":\"M\u00e1s que una bebida, una actitud\",\"publisher\":{\"@id\":\"https:\/\/chacamelia.com\/#organization\"},\"potentialAction\":[{\"@type\":\"SearchAction\",\"target\":{\"@type\":\"EntryPoint\",\"urlTemplate\":\"https:\/\/chacamelia.com\/?s={search_term_string}\"},\"query-input\":{\"@type\":\"PropertyValueSpecification\",\"valueRequired\":true,\"valueName\":\"search_term_string\"}}],\"inLanguage\":\"es\"},{\"@type\":\"Organization\",\"@id\":\"https:\/\/chacamelia.com\/#organization\",\"name\":\"Ch\u00e1 Cam\u00e9lia\",\"url\":\"https:\/\/chacamelia.com\/\",\"logo\":{\"@type\":\"ImageObject\",\"inLanguage\":\"es\",\"@id\":\"https:\/\/chacamelia.com\/#\/schema\/logo\/image\/\",\"url\":\"https:\/\/chacamelia.com\/admin\/wp-content\/uploads\/2015\/06\/Logotipo.jpg\",\"contentUrl\":\"https:\/\/chacamelia.com\/admin\/wp-content\/uploads\/2015\/06\/Logotipo.jpg\",\"width\":289,\"height\":289,\"caption\":\"Ch\u00e1 Cam\u00e9lia\"},\"image\":{\"@id\":\"https:\/\/chacamelia.com\/#\/schema\/logo\/image\/\"}}]}<\/script>\n<!-- \/ Yoast SEO plugin. -->","yoast_head_json":{"title":"Gyokuro Kirishima Bio - Comprar T\u00e9s, T\u00e9s Japoneses en l\u00ednea - Ch\u00e1 Cam\u00e9lia","description":"Las hojas verde brillante de la variedad Asastsuyu tienen una dulzura pronunciada y despiertan los sentidos.","robots":{"index":"index","follow":"follow","max-snippet":"max-snippet:-1","max-image-preview":"max-image-preview:large","max-video-preview":"max-video-preview:-1"},"canonical":"https:\/\/chacamelia.com\/catalogue\/chas\/chas-japoneses\/kirishima-tennen-gyokuro\/","og_locale":"es_ES","og_type":"article","og_title":"Gyokuro Kirishima Bio - Comprar T\u00e9s, T\u00e9s Japoneses en l\u00ednea - Ch\u00e1 Cam\u00e9lia","og_description":"Las hojas verde brillante de la variedad Asastsuyu tienen una dulzura pronunciada y despiertan los sentidos.","og_url":"https:\/\/chacamelia.com\/catalogue\/chas\/chas-japoneses\/kirishima-tennen-gyokuro\/","og_site_name":"Ch\u00e1 Cam\u00e9lia","article_modified_time":"2025-04-08T14:03:09+00:00","og_image":[{"width":1024,"height":1024,"url":"https:\/\/chacamelia.com\/admin\/wp-content\/uploads\/2015\/06\/18-kirishima-tennen-gyokuro-v2-1024x1024.png","type":"image\/png"}],"twitter_card":"summary_large_image","twitter_misc":{"Tiempo de lectura":"1 minuto"},"schema":{"@context":"https:\/\/schema.org","@graph":[{"@type":"WebPage","@id":"https:\/\/chacamelia.com\/catalogue\/chas\/chas-japoneses\/kirishima-tennen-gyokuro\/","url":"https:\/\/chacamelia.com\/catalogue\/chas\/chas-japoneses\/kirishima-tennen-gyokuro\/","name":"Gyokuro Kirishima Bio - Comprar T\u00e9s, T\u00e9s Japoneses en l\u00ednea - Ch\u00e1 Cam\u00e9lia","isPartOf":{"@id":"https:\/\/chacamelia.com\/#website"},"primaryImageOfPage":{"@id":"https:\/\/chacamelia.com\/catalogue\/chas\/chas-japoneses\/kirishima-tennen-gyokuro\/#primaryimage"},"image":{"@id":"https:\/\/chacamelia.com\/catalogue\/chas\/chas-japoneses\/kirishima-tennen-gyokuro\/#primaryimage"},"thumbnailUrl":"https:\/\/chacamelia.com\/admin\/wp-content\/uploads\/2015\/06\/18-kirishima-tennen-gyokuro-v2.png","datePublished":"2015-06-16T14:41:10+00:00","dateModified":"2025-04-08T14:03:09+00:00","description":"Las hojas verde brillante de la variedad Asastsuyu tienen una dulzura pronunciada y despiertan los sentidos.","breadcrumb":{"@id":"https:\/\/chacamelia.com\/catalogue\/chas\/chas-japoneses\/kirishima-tennen-gyokuro\/#breadcrumb"},"inLanguage":"es","potentialAction":[{"@type":"ReadAction","target":["https:\/\/chacamelia.com\/catalogue\/chas\/chas-japoneses\/kirishima-tennen-gyokuro\/"]}]},{"@type":"ImageObject","inLanguage":"es","@id":"https:\/\/chacamelia.com\/catalogue\/chas\/chas-japoneses\/kirishima-tennen-gyokuro\/#primaryimage","url":"https:\/\/chacamelia.com\/admin\/wp-content\/uploads\/2015\/06\/18-kirishima-tennen-gyokuro-v2.png","contentUrl":"https:\/\/chacamelia.com\/admin\/wp-content\/uploads\/2015\/06\/18-kirishima-tennen-gyokuro-v2.png","width":2500,"height":2500},{"@type":"BreadcrumbList","@id":"https:\/\/chacamelia.com\/catalogue\/chas\/chas-japoneses\/kirishima-tennen-gyokuro\/#breadcrumb","itemListElement":[{"@type":"ListItem","position":1,"name":"Home","item":"https:\/\/chacamelia.com\/es\/"},{"@type":"ListItem","position":2,"name":"Tienda Online &#8211; T\u00e9s","item":"https:\/\/chacamelia.com\/es\/tienda-online-tes\/"},{"@type":"ListItem","position":3,"name":"Gyokuro Kirishima Bio"}]},{"@type":"WebSite","@id":"https:\/\/chacamelia.com\/#website","url":"https:\/\/chacamelia.com\/","name":"Ch\u00e1 Cam\u00e9lia","description":"M\u00e1s que una bebida, una actitud","publisher":{"@id":"https:\/\/chacamelia.com\/#organization"},"potentialAction":[{"@type":"SearchAction","target":{"@type":"EntryPoint","urlTemplate":"https:\/\/chacamelia.com\/?s={search_term_string}"},"query-input":{"@type":"PropertyValueSpecification","valueRequired":true,"valueName":"search_term_string"}}],"inLanguage":"es"},{"@type":"Organization","@id":"https:\/\/chacamelia.com\/#organization","name":"Ch\u00e1 Cam\u00e9lia","url":"https:\/\/chacamelia.com\/","logo":{"@type":"ImageObject","inLanguage":"es","@id":"https:\/\/chacamelia.com\/#\/schema\/logo\/image\/","url":"https:\/\/chacamelia.com\/admin\/wp-content\/uploads\/2015\/06\/Logotipo.jpg","contentUrl":"https:\/\/chacamelia.com\/admin\/wp-content\/uploads\/2015\/06\/Logotipo.jpg","width":289,"height":289,"caption":"Ch\u00e1 Cam\u00e9lia"},"image":{"@id":"https:\/\/chacamelia.com\/#\/schema\/logo\/image\/"}}]}},"_links":{"self":[{"href":"https:\/\/chacamelia.com\/es\/wp-json\/wp\/v2\/product\/1616","targetHints":{"allow":["GET"]}}],"collection":[{"href":"https:\/\/chacamelia.com\/es\/wp-json\/wp\/v2\/product"}],"about":[{"href":"https:\/\/chacamelia.com\/es\/wp-json\/wp\/v2\/types\/product"}],"wp:featuredmedia":[{"embeddable":true,"href":"https:\/\/chacamelia.com\/es\/wp-json\/wp\/v2\/media\/11043"}],"wp:attachment":[{"href":"https:\/\/chacamelia.com\/es\/wp-json\/wp\/v2\/media?parent=1616"}],"wp:term":[{"taxonomy":"product_brand","embeddable":true,"href":"https:\/\/chacamelia.com\/es\/wp-json\/wp\/v2\/product_brand?post=1616"},{"taxonomy":"product_cat","embeddable":true,"href":"https:\/\/chacamelia.com\/es\/wp-json\/wp\/v2\/product_cat?post=1616"},{"taxonomy":"product_tag","embeddable":true,"href":"https:\/\/chacamelia.com\/es\/wp-json\/wp\/v2\/product_tag?post=1616"}],"curies":[{"name":"wp","href":"https:\/\/api.w.org\/{rel}","templated":true}]}}