{"id":15955,"date":"2025-05-11T19:03:25","date_gmt":"2025-05-11T19:03:25","guid":{"rendered":"https:\/\/chacamelia.com\/?post_type=product&#038;p=15955"},"modified":"2025-05-11T19:29:23","modified_gmt":"2025-05-11T19:29:23","slug":"team-tea-blackout-experteas","status":"publish","type":"product","link":"https:\/\/chacamelia.com\/es\/catalogue\/tes\/producao-propria-es\/team-tea-blackout-experteas\/","title":{"rendered":"Team Tea Blackout ExperTeas Bio"},"content":{"rendered":"<p class=\"p1\">Team Tea Blackout es nuestra respuesta al corte de luz ocurrido el 28 de Abril de 2025 en la Pen\u00ednsula Ib\u00e9rica. Ya hab\u00edamos recogido muchas hojas de t\u00e9 y asumimos el reto de producir un lote epseical de t\u00e9 verde, completamente sin electricidad. Despu\u00e9s de vaporizarlas en nuestras estufas de g\u00e1s habituales, comezarmos una sesi\u00f3n en equipo, enrollando todas las hojas en varios lotes peque\u00f1os a mano. Las hojas se secaron en varios woks y sartenes sobre estufas de gas, y el secado final se dej\u00f3 al sol. Nos sorprendi\u00f3 el buen resultado y nos alegr\u00f3 haber realizado finalmente un experimenti de secado al sol, que a\u00f1ade un toque \u00fanico al t\u00e9.<\/p>\n<p>&nbsp;<\/p>\n<p class=\"p1\">Paquete de 20g<\/p>\n<p>&nbsp;<\/p>\n<p class=\"p1\">Aromas, Verde profundo con notas c\u00e1lidas y un toque afrutado, con cafe\u00edna.<\/p>\n<p>&nbsp;<\/p>\n<p><img loading=\"lazy\" decoding=\"async\" class=\"alignnone wp-image-15128\" src=\"https:\/\/chacamelia.com\/admin\/wp-content\/uploads\/2024\/05\/eu_organic_logo_colour_outerline_rgb-280x186.jpg\" alt=\"\" width=\"131\" height=\"87\" \/><\/p>\n<p>AGRICULTURA UE \/ PT-BIO-04<\/p>\n","protected":false},"excerpt":{"rendered":"<p>O Team Tea Blackout se produc\u00eda sin electricidad, se enrollaba a mano y se secaba con gas y luz solar.<\/p>\n","protected":false},"featured_media":15947,"template":"","meta":{"_acf_changed":false},"product_brand":[],"product_cat":[620],"product_tag":[],"class_list":{"0":"post-15955","1":"product","2":"type-product","3":"status-publish","4":"has-post-thumbnail","6":"product_cat-producao-propria-es","8":"first","9":"instock","10":"taxable","11":"shipping-taxable","12":"purchasable","13":"product-type-simple"},"group_of_quantity":0,"min_quantity":0,"max_quantity":"","exclude_order_quantity_value_rules":"no","exclude_category_quantity_rules":"no","combine_variations":"no","acf":[],"yoast_head":"<!-- This site is optimized with the Yoast SEO plugin v27.1.1 - https:\/\/yoast.com\/product\/yoast-seo-wordpress\/ -->\n<title>Team Tea Blackout ExperTeas Bio - Comprar Producci\u00f3n Propia en l\u00ednea - Ch\u00e1 Cam\u00e9lia<\/title>\n<meta name=\"description\" content=\"O Team Tea Blackout se produc\u00eda sin electricidad, se enrollaba a mano y se secaba con gas y luz solar.\u00a0\" \/>\n<meta name=\"robots\" content=\"index, follow, max-snippet:-1, max-image-preview:large, max-video-preview:-1\" \/>\n<link rel=\"canonical\" href=\"https:\/\/chacamelia.com\/es\/catalogue\/tes\/producao-propria-es\/team-tea-blackout-experteas\/\" \/>\n<meta property=\"og:locale\" content=\"es_ES\" \/>\n<meta property=\"og:type\" content=\"article\" \/>\n<meta property=\"og:title\" content=\"Team Tea Blackout ExperTeas Bio - Comprar Producci\u00f3n Propia en l\u00ednea - Ch\u00e1 Cam\u00e9lia\" \/>\n<meta property=\"og:description\" content=\"O Team Tea Blackout se produc\u00eda sin electricidad, se enrollaba a mano y se secaba con gas y luz solar.\u00a0\" \/>\n<meta property=\"og:url\" content=\"https:\/\/chacamelia.com\/es\/catalogue\/tes\/producao-propria-es\/team-tea-blackout-experteas\/\" \/>\n<meta property=\"og:site_name\" content=\"Ch\u00e1 Cam\u00e9lia\" \/>\n<meta property=\"article:modified_time\" content=\"2025-05-11T19:29:23+00:00\" \/>\n<meta property=\"og:image\" content=\"https:\/\/chacamelia.com\/admin\/wp-content\/uploads\/2025\/05\/img_1576.jpg\" \/>\n\t<meta property=\"og:image:width\" content=\"1512\" \/>\n\t<meta property=\"og:image:height\" content=\"2016\" \/>\n\t<meta property=\"og:image:type\" content=\"image\/jpeg\" \/>\n<meta name=\"twitter:card\" content=\"summary_large_image\" \/>\n<meta name=\"twitter:label1\" content=\"Tiempo de lectura\" \/>\n\t<meta name=\"twitter:data1\" content=\"2 minutos\" \/>\n<script type=\"application\/ld+json\" class=\"yoast-schema-graph\">{\"@context\":\"https:\/\/schema.org\",\"@graph\":[{\"@type\":\"WebPage\",\"@id\":\"https:\/\/chacamelia.com\/es\/catalogue\/tes\/producao-propria-es\/team-tea-blackout-experteas\/\",\"url\":\"https:\/\/chacamelia.com\/es\/catalogue\/tes\/producao-propria-es\/team-tea-blackout-experteas\/\",\"name\":\"Team Tea Blackout ExperTeas Bio - Comprar Producci\u00f3n Propia en l\u00ednea - Ch\u00e1 Cam\u00e9lia\",\"isPartOf\":{\"@id\":\"https:\/\/chacamelia.com\/#website\"},\"primaryImageOfPage\":{\"@id\":\"https:\/\/chacamelia.com\/es\/catalogue\/tes\/producao-propria-es\/team-tea-blackout-experteas\/#primaryimage\"},\"image\":{\"@id\":\"https:\/\/chacamelia.com\/es\/catalogue\/tes\/producao-propria-es\/team-tea-blackout-experteas\/#primaryimage\"},\"thumbnailUrl\":\"https:\/\/chacamelia.com\/admin\/wp-content\/uploads\/2025\/05\/img_1576.jpg\",\"datePublished\":\"2025-05-11T19:03:25+00:00\",\"dateModified\":\"2025-05-11T19:29:23+00:00\",\"description\":\"O Team Tea Blackout se produc\u00eda sin electricidad, se enrollaba a mano y se secaba con gas y luz solar.\u00a0\",\"breadcrumb\":{\"@id\":\"https:\/\/chacamelia.com\/es\/catalogue\/tes\/producao-propria-es\/team-tea-blackout-experteas\/#breadcrumb\"},\"inLanguage\":\"es\",\"potentialAction\":[{\"@type\":\"ReadAction\",\"target\":[\"https:\/\/chacamelia.com\/es\/catalogue\/tes\/producao-propria-es\/team-tea-blackout-experteas\/\"]}]},{\"@type\":\"ImageObject\",\"inLanguage\":\"es\",\"@id\":\"https:\/\/chacamelia.com\/es\/catalogue\/tes\/producao-propria-es\/team-tea-blackout-experteas\/#primaryimage\",\"url\":\"https:\/\/chacamelia.com\/admin\/wp-content\/uploads\/2025\/05\/img_1576.jpg\",\"contentUrl\":\"https:\/\/chacamelia.com\/admin\/wp-content\/uploads\/2025\/05\/img_1576.jpg\",\"width\":1512,\"height\":2016},{\"@type\":\"BreadcrumbList\",\"@id\":\"https:\/\/chacamelia.com\/es\/catalogue\/tes\/producao-propria-es\/team-tea-blackout-experteas\/#breadcrumb\",\"itemListElement\":[{\"@type\":\"ListItem\",\"position\":1,\"name\":\"Home\",\"item\":\"https:\/\/chacamelia.com\/es\/\"},{\"@type\":\"ListItem\",\"position\":2,\"name\":\"Tienda Online &#8211; T\u00e9s\",\"item\":\"https:\/\/chacamelia.com\/es\/tienda-online-tes\/\"},{\"@type\":\"ListItem\",\"position\":3,\"name\":\"Team Tea Blackout ExperTeas Bio\"}]},{\"@type\":\"WebSite\",\"@id\":\"https:\/\/chacamelia.com\/#website\",\"url\":\"https:\/\/chacamelia.com\/\",\"name\":\"Ch\u00e1 Cam\u00e9lia\",\"description\":\"M\u00e1s que una bebida, una actitud\",\"publisher\":{\"@id\":\"https:\/\/chacamelia.com\/#organization\"},\"potentialAction\":[{\"@type\":\"SearchAction\",\"target\":{\"@type\":\"EntryPoint\",\"urlTemplate\":\"https:\/\/chacamelia.com\/?s={search_term_string}\"},\"query-input\":{\"@type\":\"PropertyValueSpecification\",\"valueRequired\":true,\"valueName\":\"search_term_string\"}}],\"inLanguage\":\"es\"},{\"@type\":\"Organization\",\"@id\":\"https:\/\/chacamelia.com\/#organization\",\"name\":\"Ch\u00e1 Cam\u00e9lia\",\"url\":\"https:\/\/chacamelia.com\/\",\"logo\":{\"@type\":\"ImageObject\",\"inLanguage\":\"es\",\"@id\":\"https:\/\/chacamelia.com\/#\/schema\/logo\/image\/\",\"url\":\"https:\/\/chacamelia.com\/admin\/wp-content\/uploads\/2015\/06\/Logotipo.jpg\",\"contentUrl\":\"https:\/\/chacamelia.com\/admin\/wp-content\/uploads\/2015\/06\/Logotipo.jpg\",\"width\":289,\"height\":289,\"caption\":\"Ch\u00e1 Cam\u00e9lia\"},\"image\":{\"@id\":\"https:\/\/chacamelia.com\/#\/schema\/logo\/image\/\"}}]}<\/script>\n<!-- \/ Yoast SEO plugin. -->","yoast_head_json":{"title":"Team Tea Blackout ExperTeas Bio - Comprar Producci\u00f3n Propia en l\u00ednea - Ch\u00e1 Cam\u00e9lia","description":"O Team Tea Blackout se produc\u00eda sin electricidad, se enrollaba a mano y se secaba con gas y luz solar.\u00a0","robots":{"index":"index","follow":"follow","max-snippet":"max-snippet:-1","max-image-preview":"max-image-preview:large","max-video-preview":"max-video-preview:-1"},"canonical":"https:\/\/chacamelia.com\/es\/catalogue\/tes\/producao-propria-es\/team-tea-blackout-experteas\/","og_locale":"es_ES","og_type":"article","og_title":"Team Tea Blackout ExperTeas Bio - Comprar Producci\u00f3n Propia en l\u00ednea - Ch\u00e1 Cam\u00e9lia","og_description":"O Team Tea Blackout se produc\u00eda sin electricidad, se enrollaba a mano y se secaba con gas y luz solar.\u00a0","og_url":"https:\/\/chacamelia.com\/es\/catalogue\/tes\/producao-propria-es\/team-tea-blackout-experteas\/","og_site_name":"Ch\u00e1 Cam\u00e9lia","article_modified_time":"2025-05-11T19:29:23+00:00","og_image":[{"width":1512,"height":2016,"url":"https:\/\/chacamelia.com\/admin\/wp-content\/uploads\/2025\/05\/img_1576.jpg","type":"image\/jpeg"}],"twitter_card":"summary_large_image","twitter_misc":{"Tiempo de lectura":"2 minutos"},"schema":{"@context":"https:\/\/schema.org","@graph":[{"@type":"WebPage","@id":"https:\/\/chacamelia.com\/es\/catalogue\/tes\/producao-propria-es\/team-tea-blackout-experteas\/","url":"https:\/\/chacamelia.com\/es\/catalogue\/tes\/producao-propria-es\/team-tea-blackout-experteas\/","name":"Team Tea Blackout ExperTeas Bio - Comprar Producci\u00f3n Propia en l\u00ednea - Ch\u00e1 Cam\u00e9lia","isPartOf":{"@id":"https:\/\/chacamelia.com\/#website"},"primaryImageOfPage":{"@id":"https:\/\/chacamelia.com\/es\/catalogue\/tes\/producao-propria-es\/team-tea-blackout-experteas\/#primaryimage"},"image":{"@id":"https:\/\/chacamelia.com\/es\/catalogue\/tes\/producao-propria-es\/team-tea-blackout-experteas\/#primaryimage"},"thumbnailUrl":"https:\/\/chacamelia.com\/admin\/wp-content\/uploads\/2025\/05\/img_1576.jpg","datePublished":"2025-05-11T19:03:25+00:00","dateModified":"2025-05-11T19:29:23+00:00","description":"O Team Tea Blackout se produc\u00eda sin electricidad, se enrollaba a mano y se secaba con gas y luz solar.\u00a0","breadcrumb":{"@id":"https:\/\/chacamelia.com\/es\/catalogue\/tes\/producao-propria-es\/team-tea-blackout-experteas\/#breadcrumb"},"inLanguage":"es","potentialAction":[{"@type":"ReadAction","target":["https:\/\/chacamelia.com\/es\/catalogue\/tes\/producao-propria-es\/team-tea-blackout-experteas\/"]}]},{"@type":"ImageObject","inLanguage":"es","@id":"https:\/\/chacamelia.com\/es\/catalogue\/tes\/producao-propria-es\/team-tea-blackout-experteas\/#primaryimage","url":"https:\/\/chacamelia.com\/admin\/wp-content\/uploads\/2025\/05\/img_1576.jpg","contentUrl":"https:\/\/chacamelia.com\/admin\/wp-content\/uploads\/2025\/05\/img_1576.jpg","width":1512,"height":2016},{"@type":"BreadcrumbList","@id":"https:\/\/chacamelia.com\/es\/catalogue\/tes\/producao-propria-es\/team-tea-blackout-experteas\/#breadcrumb","itemListElement":[{"@type":"ListItem","position":1,"name":"Home","item":"https:\/\/chacamelia.com\/es\/"},{"@type":"ListItem","position":2,"name":"Tienda Online &#8211; T\u00e9s","item":"https:\/\/chacamelia.com\/es\/tienda-online-tes\/"},{"@type":"ListItem","position":3,"name":"Team Tea Blackout ExperTeas Bio"}]},{"@type":"WebSite","@id":"https:\/\/chacamelia.com\/#website","url":"https:\/\/chacamelia.com\/","name":"Ch\u00e1 Cam\u00e9lia","description":"M\u00e1s que una bebida, una actitud","publisher":{"@id":"https:\/\/chacamelia.com\/#organization"},"potentialAction":[{"@type":"SearchAction","target":{"@type":"EntryPoint","urlTemplate":"https:\/\/chacamelia.com\/?s={search_term_string}"},"query-input":{"@type":"PropertyValueSpecification","valueRequired":true,"valueName":"search_term_string"}}],"inLanguage":"es"},{"@type":"Organization","@id":"https:\/\/chacamelia.com\/#organization","name":"Ch\u00e1 Cam\u00e9lia","url":"https:\/\/chacamelia.com\/","logo":{"@type":"ImageObject","inLanguage":"es","@id":"https:\/\/chacamelia.com\/#\/schema\/logo\/image\/","url":"https:\/\/chacamelia.com\/admin\/wp-content\/uploads\/2015\/06\/Logotipo.jpg","contentUrl":"https:\/\/chacamelia.com\/admin\/wp-content\/uploads\/2015\/06\/Logotipo.jpg","width":289,"height":289,"caption":"Ch\u00e1 Cam\u00e9lia"},"image":{"@id":"https:\/\/chacamelia.com\/#\/schema\/logo\/image\/"}}]}},"_links":{"self":[{"href":"https:\/\/chacamelia.com\/es\/wp-json\/wp\/v2\/product\/15955","targetHints":{"allow":["GET"]}}],"collection":[{"href":"https:\/\/chacamelia.com\/es\/wp-json\/wp\/v2\/product"}],"about":[{"href":"https:\/\/chacamelia.com\/es\/wp-json\/wp\/v2\/types\/product"}],"wp:featuredmedia":[{"embeddable":true,"href":"https:\/\/chacamelia.com\/es\/wp-json\/wp\/v2\/media\/15947"}],"wp:attachment":[{"href":"https:\/\/chacamelia.com\/es\/wp-json\/wp\/v2\/media?parent=15955"}],"wp:term":[{"taxonomy":"product_brand","embeddable":true,"href":"https:\/\/chacamelia.com\/es\/wp-json\/wp\/v2\/product_brand?post=15955"},{"taxonomy":"product_cat","embeddable":true,"href":"https:\/\/chacamelia.com\/es\/wp-json\/wp\/v2\/product_cat?post=15955"},{"taxonomy":"product_tag","embeddable":true,"href":"https:\/\/chacamelia.com\/es\/wp-json\/wp\/v2\/product_tag?post=15955"}],"curies":[{"name":"wp","href":"https:\/\/api.w.org\/{rel}","templated":true}]}}