{"id":15514,"date":"2024-11-12T16:30:18","date_gmt":"2024-11-12T16:30:18","guid":{"rendered":"https:\/\/chacamelia.com\/catalogue\/sin%20categor\u00eda\/experteas-taliensis\/"},"modified":"2025-04-09T10:46:50","modified_gmt":"2025-04-09T10:46:50","slug":"experteas-taliensis","status":"publish","type":"product","link":"https:\/\/chacamelia.com\/es\/catalogue\/tes\/producao-propria-es\/experteas-taliensis\/","title":{"rendered":"Taliensis ExperTeas Bio"},"content":{"rendered":"<p>Esse ExperTeas Taliensis \u00e9 um ch\u00e1 verde da Camellia taliensis, a irm\u00e3 selvagem da planta de ch\u00e1. As folhas desta planta s\u00e3o muito delicadas e com um brilho especial. Como \u00e9 dif\u00edcil cultivar estas plantas, produzimos anualmente uma quantidade de cerca 1kg de ch\u00e1 verde vaporizado. Descubra a delicadeza desta planta especial.<\/p>\n<p>&nbsp;<\/p>\n<p>Embalagem de 20g<\/p>\n<p>&nbsp;<\/p>\n<p>Aromas: Verde primaveril com notas frutadas, com cafe\u00edna.<\/p>\n<p>&nbsp;<\/p>\n<p><img loading=\"lazy\" decoding=\"async\" class=\"alignnone wp-image-15128\" src=\"https:\/\/chacamelia.com\/admin\/wp-content\/uploads\/2024\/05\/eu_organic_logo_colour_outerline_rgb-280x186.jpg\" alt=\"\" width=\"140\" height=\"93\" \/><\/p>\n<p>AGRICULTURA UE \/ PT-BIO-04<\/p>\n","protected":false},"excerpt":{"rendered":"<p>Ch\u00e1 verde vaporizado da Camellia taliensis, irm\u00e3 selvagem da planta de ch\u00e1.<\/p>\n","protected":false},"featured_media":15509,"template":"","meta":{"_acf_changed":false},"product_brand":[],"product_cat":[620],"product_tag":[],"class_list":{"0":"post-15514","1":"product","2":"type-product","3":"status-publish","4":"has-post-thumbnail","6":"product_cat-producao-propria-es","8":"first","9":"outofstock","10":"taxable","11":"shipping-taxable","12":"purchasable","13":"product-type-simple"},"group_of_quantity":0,"min_quantity":0,"max_quantity":"","exclude_order_quantity_value_rules":"no","exclude_category_quantity_rules":"no","combine_variations":"no","acf":[],"yoast_head":"<!-- This site is optimized with the Yoast SEO plugin v27.1.1 - https:\/\/yoast.com\/product\/yoast-seo-wordpress\/ -->\n<title>Taliensis ExperTeas Bio - Comprar Producci\u00f3n Propia en l\u00ednea - Ch\u00e1 Cam\u00e9lia<\/title>\n<meta name=\"description\" content=\"Ch\u00e1 verde vaporizado da Camellia taliensis, irm\u00e3 selvagem da planta de ch\u00e1. Ch\u00e1 verde vaporizado da Camellia taliensis, irm\u00e3 selvagem da planta de ch\u00e1.\u00a0\" \/>\n<meta name=\"robots\" content=\"index, follow, max-snippet:-1, max-image-preview:large, max-video-preview:-1\" \/>\n<link rel=\"canonical\" href=\"https:\/\/chacamelia.com\/es\/catalogue\/tes\/producao-propria-es\/experteas-taliensis\/\" \/>\n<meta property=\"og:locale\" content=\"es_ES\" \/>\n<meta property=\"og:type\" content=\"article\" \/>\n<meta property=\"og:title\" content=\"Taliensis ExperTeas Bio - Comprar Producci\u00f3n Propia en l\u00ednea - Ch\u00e1 Cam\u00e9lia\" \/>\n<meta property=\"og:description\" content=\"Ch\u00e1 verde vaporizado da Camellia taliensis, irm\u00e3 selvagem da planta de ch\u00e1. Ch\u00e1 verde vaporizado da Camellia taliensis, irm\u00e3 selvagem da planta de ch\u00e1.\u00a0\" \/>\n<meta property=\"og:url\" content=\"https:\/\/chacamelia.com\/es\/catalogue\/tes\/producao-propria-es\/experteas-taliensis\/\" \/>\n<meta property=\"og:site_name\" content=\"Ch\u00e1 Cam\u00e9lia\" \/>\n<meta property=\"article:modified_time\" content=\"2025-04-09T10:46:50+00:00\" \/>\n<meta property=\"og:image\" content=\"https:\/\/chacamelia.com\/admin\/wp-content\/uploads\/2024\/11\/taliensis-green-tea.jpg\" \/>\n\t<meta property=\"og:image:width\" content=\"2500\" \/>\n\t<meta property=\"og:image:height\" content=\"2500\" \/>\n\t<meta property=\"og:image:type\" content=\"image\/jpeg\" \/>\n<meta name=\"twitter:card\" content=\"summary_large_image\" \/>\n<meta name=\"twitter:label1\" content=\"Tiempo de lectura\" \/>\n\t<meta name=\"twitter:data1\" content=\"1 minuto\" \/>\n<script type=\"application\/ld+json\" class=\"yoast-schema-graph\">{\"@context\":\"https:\/\/schema.org\",\"@graph\":[{\"@type\":\"WebPage\",\"@id\":\"https:\/\/chacamelia.com\/es\/catalogue\/tes\/producao-propria-es\/experteas-taliensis\/\",\"url\":\"https:\/\/chacamelia.com\/es\/catalogue\/tes\/producao-propria-es\/experteas-taliensis\/\",\"name\":\"Taliensis ExperTeas Bio - Comprar Producci\u00f3n Propia en l\u00ednea - Ch\u00e1 Cam\u00e9lia\",\"isPartOf\":{\"@id\":\"https:\/\/chacamelia.com\/#website\"},\"primaryImageOfPage\":{\"@id\":\"https:\/\/chacamelia.com\/es\/catalogue\/tes\/producao-propria-es\/experteas-taliensis\/#primaryimage\"},\"image\":{\"@id\":\"https:\/\/chacamelia.com\/es\/catalogue\/tes\/producao-propria-es\/experteas-taliensis\/#primaryimage\"},\"thumbnailUrl\":\"https:\/\/chacamelia.com\/admin\/wp-content\/uploads\/2024\/11\/taliensis-green-tea.jpg\",\"datePublished\":\"2024-11-12T16:30:18+00:00\",\"dateModified\":\"2025-04-09T10:46:50+00:00\",\"description\":\"Ch\u00e1 verde vaporizado da Camellia taliensis, irm\u00e3 selvagem da planta de ch\u00e1. Ch\u00e1 verde vaporizado da Camellia taliensis, irm\u00e3 selvagem da planta de ch\u00e1.\u00a0\",\"breadcrumb\":{\"@id\":\"https:\/\/chacamelia.com\/es\/catalogue\/tes\/producao-propria-es\/experteas-taliensis\/#breadcrumb\"},\"inLanguage\":\"es\",\"potentialAction\":[{\"@type\":\"ReadAction\",\"target\":[\"https:\/\/chacamelia.com\/es\/catalogue\/tes\/producao-propria-es\/experteas-taliensis\/\"]}]},{\"@type\":\"ImageObject\",\"inLanguage\":\"es\",\"@id\":\"https:\/\/chacamelia.com\/es\/catalogue\/tes\/producao-propria-es\/experteas-taliensis\/#primaryimage\",\"url\":\"https:\/\/chacamelia.com\/admin\/wp-content\/uploads\/2024\/11\/taliensis-green-tea.jpg\",\"contentUrl\":\"https:\/\/chacamelia.com\/admin\/wp-content\/uploads\/2024\/11\/taliensis-green-tea.jpg\",\"width\":2500,\"height\":2500},{\"@type\":\"BreadcrumbList\",\"@id\":\"https:\/\/chacamelia.com\/es\/catalogue\/tes\/producao-propria-es\/experteas-taliensis\/#breadcrumb\",\"itemListElement\":[{\"@type\":\"ListItem\",\"position\":1,\"name\":\"Home\",\"item\":\"https:\/\/chacamelia.com\/es\/\"},{\"@type\":\"ListItem\",\"position\":2,\"name\":\"Tienda Online &#8211; T\u00e9s\",\"item\":\"https:\/\/chacamelia.com\/es\/tienda-online-tes\/\"},{\"@type\":\"ListItem\",\"position\":3,\"name\":\"Taliensis ExperTeas Bio\"}]},{\"@type\":\"WebSite\",\"@id\":\"https:\/\/chacamelia.com\/#website\",\"url\":\"https:\/\/chacamelia.com\/\",\"name\":\"Ch\u00e1 Cam\u00e9lia\",\"description\":\"M\u00e1s que una bebida, una actitud\",\"publisher\":{\"@id\":\"https:\/\/chacamelia.com\/#organization\"},\"potentialAction\":[{\"@type\":\"SearchAction\",\"target\":{\"@type\":\"EntryPoint\",\"urlTemplate\":\"https:\/\/chacamelia.com\/?s={search_term_string}\"},\"query-input\":{\"@type\":\"PropertyValueSpecification\",\"valueRequired\":true,\"valueName\":\"search_term_string\"}}],\"inLanguage\":\"es\"},{\"@type\":\"Organization\",\"@id\":\"https:\/\/chacamelia.com\/#organization\",\"name\":\"Ch\u00e1 Cam\u00e9lia\",\"url\":\"https:\/\/chacamelia.com\/\",\"logo\":{\"@type\":\"ImageObject\",\"inLanguage\":\"es\",\"@id\":\"https:\/\/chacamelia.com\/#\/schema\/logo\/image\/\",\"url\":\"https:\/\/chacamelia.com\/admin\/wp-content\/uploads\/2015\/06\/Logotipo.jpg\",\"contentUrl\":\"https:\/\/chacamelia.com\/admin\/wp-content\/uploads\/2015\/06\/Logotipo.jpg\",\"width\":289,\"height\":289,\"caption\":\"Ch\u00e1 Cam\u00e9lia\"},\"image\":{\"@id\":\"https:\/\/chacamelia.com\/#\/schema\/logo\/image\/\"}}]}<\/script>\n<!-- \/ Yoast SEO plugin. -->","yoast_head_json":{"title":"Taliensis ExperTeas Bio - Comprar Producci\u00f3n Propia en l\u00ednea - Ch\u00e1 Cam\u00e9lia","description":"Ch\u00e1 verde vaporizado da Camellia taliensis, irm\u00e3 selvagem da planta de ch\u00e1. Ch\u00e1 verde vaporizado da Camellia taliensis, irm\u00e3 selvagem da planta de ch\u00e1.\u00a0","robots":{"index":"index","follow":"follow","max-snippet":"max-snippet:-1","max-image-preview":"max-image-preview:large","max-video-preview":"max-video-preview:-1"},"canonical":"https:\/\/chacamelia.com\/es\/catalogue\/tes\/producao-propria-es\/experteas-taliensis\/","og_locale":"es_ES","og_type":"article","og_title":"Taliensis ExperTeas Bio - Comprar Producci\u00f3n Propia en l\u00ednea - Ch\u00e1 Cam\u00e9lia","og_description":"Ch\u00e1 verde vaporizado da Camellia taliensis, irm\u00e3 selvagem da planta de ch\u00e1. Ch\u00e1 verde vaporizado da Camellia taliensis, irm\u00e3 selvagem da planta de ch\u00e1.\u00a0","og_url":"https:\/\/chacamelia.com\/es\/catalogue\/tes\/producao-propria-es\/experteas-taliensis\/","og_site_name":"Ch\u00e1 Cam\u00e9lia","article_modified_time":"2025-04-09T10:46:50+00:00","og_image":[{"width":2500,"height":2500,"url":"https:\/\/chacamelia.com\/admin\/wp-content\/uploads\/2024\/11\/taliensis-green-tea.jpg","type":"image\/jpeg"}],"twitter_card":"summary_large_image","twitter_misc":{"Tiempo de lectura":"1 minuto"},"schema":{"@context":"https:\/\/schema.org","@graph":[{"@type":"WebPage","@id":"https:\/\/chacamelia.com\/es\/catalogue\/tes\/producao-propria-es\/experteas-taliensis\/","url":"https:\/\/chacamelia.com\/es\/catalogue\/tes\/producao-propria-es\/experteas-taliensis\/","name":"Taliensis ExperTeas Bio - Comprar Producci\u00f3n Propia en l\u00ednea - Ch\u00e1 Cam\u00e9lia","isPartOf":{"@id":"https:\/\/chacamelia.com\/#website"},"primaryImageOfPage":{"@id":"https:\/\/chacamelia.com\/es\/catalogue\/tes\/producao-propria-es\/experteas-taliensis\/#primaryimage"},"image":{"@id":"https:\/\/chacamelia.com\/es\/catalogue\/tes\/producao-propria-es\/experteas-taliensis\/#primaryimage"},"thumbnailUrl":"https:\/\/chacamelia.com\/admin\/wp-content\/uploads\/2024\/11\/taliensis-green-tea.jpg","datePublished":"2024-11-12T16:30:18+00:00","dateModified":"2025-04-09T10:46:50+00:00","description":"Ch\u00e1 verde vaporizado da Camellia taliensis, irm\u00e3 selvagem da planta de ch\u00e1. Ch\u00e1 verde vaporizado da Camellia taliensis, irm\u00e3 selvagem da planta de ch\u00e1.\u00a0","breadcrumb":{"@id":"https:\/\/chacamelia.com\/es\/catalogue\/tes\/producao-propria-es\/experteas-taliensis\/#breadcrumb"},"inLanguage":"es","potentialAction":[{"@type":"ReadAction","target":["https:\/\/chacamelia.com\/es\/catalogue\/tes\/producao-propria-es\/experteas-taliensis\/"]}]},{"@type":"ImageObject","inLanguage":"es","@id":"https:\/\/chacamelia.com\/es\/catalogue\/tes\/producao-propria-es\/experteas-taliensis\/#primaryimage","url":"https:\/\/chacamelia.com\/admin\/wp-content\/uploads\/2024\/11\/taliensis-green-tea.jpg","contentUrl":"https:\/\/chacamelia.com\/admin\/wp-content\/uploads\/2024\/11\/taliensis-green-tea.jpg","width":2500,"height":2500},{"@type":"BreadcrumbList","@id":"https:\/\/chacamelia.com\/es\/catalogue\/tes\/producao-propria-es\/experteas-taliensis\/#breadcrumb","itemListElement":[{"@type":"ListItem","position":1,"name":"Home","item":"https:\/\/chacamelia.com\/es\/"},{"@type":"ListItem","position":2,"name":"Tienda Online &#8211; T\u00e9s","item":"https:\/\/chacamelia.com\/es\/tienda-online-tes\/"},{"@type":"ListItem","position":3,"name":"Taliensis ExperTeas Bio"}]},{"@type":"WebSite","@id":"https:\/\/chacamelia.com\/#website","url":"https:\/\/chacamelia.com\/","name":"Ch\u00e1 Cam\u00e9lia","description":"M\u00e1s que una bebida, una actitud","publisher":{"@id":"https:\/\/chacamelia.com\/#organization"},"potentialAction":[{"@type":"SearchAction","target":{"@type":"EntryPoint","urlTemplate":"https:\/\/chacamelia.com\/?s={search_term_string}"},"query-input":{"@type":"PropertyValueSpecification","valueRequired":true,"valueName":"search_term_string"}}],"inLanguage":"es"},{"@type":"Organization","@id":"https:\/\/chacamelia.com\/#organization","name":"Ch\u00e1 Cam\u00e9lia","url":"https:\/\/chacamelia.com\/","logo":{"@type":"ImageObject","inLanguage":"es","@id":"https:\/\/chacamelia.com\/#\/schema\/logo\/image\/","url":"https:\/\/chacamelia.com\/admin\/wp-content\/uploads\/2015\/06\/Logotipo.jpg","contentUrl":"https:\/\/chacamelia.com\/admin\/wp-content\/uploads\/2015\/06\/Logotipo.jpg","width":289,"height":289,"caption":"Ch\u00e1 Cam\u00e9lia"},"image":{"@id":"https:\/\/chacamelia.com\/#\/schema\/logo\/image\/"}}]}},"_links":{"self":[{"href":"https:\/\/chacamelia.com\/es\/wp-json\/wp\/v2\/product\/15514","targetHints":{"allow":["GET"]}}],"collection":[{"href":"https:\/\/chacamelia.com\/es\/wp-json\/wp\/v2\/product"}],"about":[{"href":"https:\/\/chacamelia.com\/es\/wp-json\/wp\/v2\/types\/product"}],"wp:featuredmedia":[{"embeddable":true,"href":"https:\/\/chacamelia.com\/es\/wp-json\/wp\/v2\/media\/15509"}],"wp:attachment":[{"href":"https:\/\/chacamelia.com\/es\/wp-json\/wp\/v2\/media?parent=15514"}],"wp:term":[{"taxonomy":"product_brand","embeddable":true,"href":"https:\/\/chacamelia.com\/es\/wp-json\/wp\/v2\/product_brand?post=15514"},{"taxonomy":"product_cat","embeddable":true,"href":"https:\/\/chacamelia.com\/es\/wp-json\/wp\/v2\/product_cat?post=15514"},{"taxonomy":"product_tag","embeddable":true,"href":"https:\/\/chacamelia.com\/es\/wp-json\/wp\/v2\/product_tag?post=15514"}],"curies":[{"name":"wp","href":"https:\/\/api.w.org\/{rel}","templated":true}]}}