{"id":15482,"date":"2024-11-12T10:12:19","date_gmt":"2024-11-12T10:12:19","guid":{"rendered":"https:\/\/chacamelia.com\/?post_type=product&#038;p=15482"},"modified":"2025-04-09T10:50:48","modified_gmt":"2025-04-09T10:50:48","slug":"rariteas-red-oolong","status":"publish","type":"product","link":"https:\/\/chacamelia.com\/es\/catalogue\/tes\/especialidades-es\/rariteas-red-oolong\/","title":{"rendered":"Red Oolong RariTeas"},"content":{"rendered":"<p>Este RariTeas Red Oolong da regi\u00e3o Nantou\/Taiwan da colheita do ver\u00e3o \u00e9 escuro com aromas ligeiramente frutados. A produtora Katie Yen trabalha de forma biol\u00f3gica e respeita a natureza como a tradi\u00e7\u00e3o de produ\u00e7\u00e3o artesanal. Este ch\u00e1 \u00e9 60% oxidado e um pouco torrado para aumentar a complexidade. O Red Oolong permite varias infus\u00f5es como as folhas enroladas abrem lentamente e com o tempo revelam os seus aromas.<\/p>\n<p>&nbsp;<\/p>\n<p>Embalagem de 25g<\/p>\n<p>&nbsp;<\/p>\n<p class=\"p1\">Aromas: Frutado delicado com notas de madeira escura, com cafe\u00edna.<\/p>\n<p>&nbsp;<\/p>\n<p><img loading=\"lazy\" decoding=\"async\" class=\"alignnone wp-image-12913\" src=\"https:\/\/chacamelia.com\/admin\/wp-content\/uploads\/2015\/06\/eu_organic_logo_colour_outerline_rgb-1-280x186.jpg\" alt=\"\" width=\"93\" height=\"62\" \/><\/p>\n<p>AGRICULTURA N\u00c3O UE \/ PT-BIO-04<\/p>\n","protected":false},"excerpt":{"rendered":"<p>Red Oolong da produtora Katie Yen de Taiwan com aromas ligeiramente frutadas.<\/p>\n","protected":false},"featured_media":15485,"template":"","meta":{"_acf_changed":false},"product_brand":[],"product_cat":[621],"product_tag":[],"class_list":{"0":"post-15482","1":"product","2":"type-product","3":"status-publish","4":"has-post-thumbnail","6":"product_cat-especialidades-es","8":"first","9":"instock","10":"taxable","11":"shipping-taxable","12":"purchasable","13":"product-type-simple"},"group_of_quantity":0,"min_quantity":0,"max_quantity":"","exclude_order_quantity_value_rules":"no","exclude_category_quantity_rules":"no","combine_variations":"no","acf":[],"yoast_head":"<!-- This site is optimized with the Yoast SEO plugin v27.1.1 - https:\/\/yoast.com\/product\/yoast-seo-wordpress\/ -->\n<title>Red Oolong RariTeas - Comprar Especialidades en l\u00ednea - Ch\u00e1 Cam\u00e9lia<\/title>\n<meta name=\"description\" content=\"Red Oolong da produtora Katie Yen de Taiwan com aromas ligeiramente frutadas. Red Oolong da produtora Katie Yen de Taiwan com aromas ligeiramente frutadas.\u00a0\" \/>\n<meta name=\"robots\" content=\"index, follow, max-snippet:-1, max-image-preview:large, max-video-preview:-1\" \/>\n<link rel=\"canonical\" href=\"https:\/\/chacamelia.com\/catalogue\/chas\/especialidades\/rariteas-red-oolong\/\" \/>\n<meta property=\"og:locale\" content=\"es_ES\" \/>\n<meta property=\"og:type\" content=\"article\" \/>\n<meta property=\"og:title\" content=\"Red Oolong RariTeas - Comprar Especialidades en l\u00ednea - Ch\u00e1 Cam\u00e9lia\" \/>\n<meta property=\"og:description\" content=\"Red Oolong da produtora Katie Yen de Taiwan com aromas ligeiramente frutadas. Red Oolong da produtora Katie Yen de Taiwan com aromas ligeiramente frutadas.\u00a0\" \/>\n<meta property=\"og:url\" content=\"https:\/\/chacamelia.com\/catalogue\/chas\/especialidades\/rariteas-red-oolong\/\" \/>\n<meta property=\"og:site_name\" content=\"Ch\u00e1 Cam\u00e9lia\" \/>\n<meta property=\"article:modified_time\" content=\"2025-04-09T10:50:48+00:00\" \/>\n<meta property=\"og:image\" content=\"https:\/\/chacamelia.com\/admin\/wp-content\/uploads\/2024\/11\/bio-red-oolong.jpg\" \/>\n\t<meta property=\"og:image:width\" content=\"2500\" \/>\n\t<meta property=\"og:image:height\" content=\"2500\" \/>\n\t<meta property=\"og:image:type\" content=\"image\/jpeg\" \/>\n<meta name=\"twitter:card\" content=\"summary_large_image\" \/>\n<meta name=\"twitter:label1\" content=\"Tiempo de lectura\" \/>\n\t<meta name=\"twitter:data1\" content=\"1 minuto\" \/>\n<script type=\"application\/ld+json\" class=\"yoast-schema-graph\">{\"@context\":\"https:\/\/schema.org\",\"@graph\":[{\"@type\":\"WebPage\",\"@id\":\"https:\/\/chacamelia.com\/catalogue\/chas\/especialidades\/rariteas-red-oolong\/\",\"url\":\"https:\/\/chacamelia.com\/catalogue\/chas\/especialidades\/rariteas-red-oolong\/\",\"name\":\"Red Oolong RariTeas - Comprar Especialidades en l\u00ednea - Ch\u00e1 Cam\u00e9lia\",\"isPartOf\":{\"@id\":\"https:\/\/chacamelia.com\/#website\"},\"primaryImageOfPage\":{\"@id\":\"https:\/\/chacamelia.com\/catalogue\/chas\/especialidades\/rariteas-red-oolong\/#primaryimage\"},\"image\":{\"@id\":\"https:\/\/chacamelia.com\/catalogue\/chas\/especialidades\/rariteas-red-oolong\/#primaryimage\"},\"thumbnailUrl\":\"https:\/\/chacamelia.com\/admin\/wp-content\/uploads\/2024\/11\/bio-red-oolong.jpg\",\"datePublished\":\"2024-11-12T10:12:19+00:00\",\"dateModified\":\"2025-04-09T10:50:48+00:00\",\"description\":\"Red Oolong da produtora Katie Yen de Taiwan com aromas ligeiramente frutadas. Red Oolong da produtora Katie Yen de Taiwan com aromas ligeiramente frutadas.\u00a0\",\"breadcrumb\":{\"@id\":\"https:\/\/chacamelia.com\/catalogue\/chas\/especialidades\/rariteas-red-oolong\/#breadcrumb\"},\"inLanguage\":\"es\",\"potentialAction\":[{\"@type\":\"ReadAction\",\"target\":[\"https:\/\/chacamelia.com\/catalogue\/chas\/especialidades\/rariteas-red-oolong\/\"]}]},{\"@type\":\"ImageObject\",\"inLanguage\":\"es\",\"@id\":\"https:\/\/chacamelia.com\/catalogue\/chas\/especialidades\/rariteas-red-oolong\/#primaryimage\",\"url\":\"https:\/\/chacamelia.com\/admin\/wp-content\/uploads\/2024\/11\/bio-red-oolong.jpg\",\"contentUrl\":\"https:\/\/chacamelia.com\/admin\/wp-content\/uploads\/2024\/11\/bio-red-oolong.jpg\",\"width\":2500,\"height\":2500},{\"@type\":\"BreadcrumbList\",\"@id\":\"https:\/\/chacamelia.com\/catalogue\/chas\/especialidades\/rariteas-red-oolong\/#breadcrumb\",\"itemListElement\":[{\"@type\":\"ListItem\",\"position\":1,\"name\":\"Home\",\"item\":\"https:\/\/chacamelia.com\/es\/\"},{\"@type\":\"ListItem\",\"position\":2,\"name\":\"Tienda Online &#8211; T\u00e9s\",\"item\":\"https:\/\/chacamelia.com\/es\/tienda-online-tes\/\"},{\"@type\":\"ListItem\",\"position\":3,\"name\":\"Red Oolong RariTeas\"}]},{\"@type\":\"WebSite\",\"@id\":\"https:\/\/chacamelia.com\/#website\",\"url\":\"https:\/\/chacamelia.com\/\",\"name\":\"Ch\u00e1 Cam\u00e9lia\",\"description\":\"M\u00e1s que una bebida, una actitud\",\"publisher\":{\"@id\":\"https:\/\/chacamelia.com\/#organization\"},\"potentialAction\":[{\"@type\":\"SearchAction\",\"target\":{\"@type\":\"EntryPoint\",\"urlTemplate\":\"https:\/\/chacamelia.com\/?s={search_term_string}\"},\"query-input\":{\"@type\":\"PropertyValueSpecification\",\"valueRequired\":true,\"valueName\":\"search_term_string\"}}],\"inLanguage\":\"es\"},{\"@type\":\"Organization\",\"@id\":\"https:\/\/chacamelia.com\/#organization\",\"name\":\"Ch\u00e1 Cam\u00e9lia\",\"url\":\"https:\/\/chacamelia.com\/\",\"logo\":{\"@type\":\"ImageObject\",\"inLanguage\":\"es\",\"@id\":\"https:\/\/chacamelia.com\/#\/schema\/logo\/image\/\",\"url\":\"https:\/\/chacamelia.com\/admin\/wp-content\/uploads\/2015\/06\/Logotipo.jpg\",\"contentUrl\":\"https:\/\/chacamelia.com\/admin\/wp-content\/uploads\/2015\/06\/Logotipo.jpg\",\"width\":289,\"height\":289,\"caption\":\"Ch\u00e1 Cam\u00e9lia\"},\"image\":{\"@id\":\"https:\/\/chacamelia.com\/#\/schema\/logo\/image\/\"}}]}<\/script>\n<!-- \/ Yoast SEO plugin. -->","yoast_head_json":{"title":"Red Oolong RariTeas - Comprar Especialidades en l\u00ednea - Ch\u00e1 Cam\u00e9lia","description":"Red Oolong da produtora Katie Yen de Taiwan com aromas ligeiramente frutadas. Red Oolong da produtora Katie Yen de Taiwan com aromas ligeiramente frutadas.\u00a0","robots":{"index":"index","follow":"follow","max-snippet":"max-snippet:-1","max-image-preview":"max-image-preview:large","max-video-preview":"max-video-preview:-1"},"canonical":"https:\/\/chacamelia.com\/catalogue\/chas\/especialidades\/rariteas-red-oolong\/","og_locale":"es_ES","og_type":"article","og_title":"Red Oolong RariTeas - Comprar Especialidades en l\u00ednea - Ch\u00e1 Cam\u00e9lia","og_description":"Red Oolong da produtora Katie Yen de Taiwan com aromas ligeiramente frutadas. Red Oolong da produtora Katie Yen de Taiwan com aromas ligeiramente frutadas.\u00a0","og_url":"https:\/\/chacamelia.com\/catalogue\/chas\/especialidades\/rariteas-red-oolong\/","og_site_name":"Ch\u00e1 Cam\u00e9lia","article_modified_time":"2025-04-09T10:50:48+00:00","og_image":[{"width":2500,"height":2500,"url":"https:\/\/chacamelia.com\/admin\/wp-content\/uploads\/2024\/11\/bio-red-oolong.jpg","type":"image\/jpeg"}],"twitter_card":"summary_large_image","twitter_misc":{"Tiempo de lectura":"1 minuto"},"schema":{"@context":"https:\/\/schema.org","@graph":[{"@type":"WebPage","@id":"https:\/\/chacamelia.com\/catalogue\/chas\/especialidades\/rariteas-red-oolong\/","url":"https:\/\/chacamelia.com\/catalogue\/chas\/especialidades\/rariteas-red-oolong\/","name":"Red Oolong RariTeas - Comprar Especialidades en l\u00ednea - Ch\u00e1 Cam\u00e9lia","isPartOf":{"@id":"https:\/\/chacamelia.com\/#website"},"primaryImageOfPage":{"@id":"https:\/\/chacamelia.com\/catalogue\/chas\/especialidades\/rariteas-red-oolong\/#primaryimage"},"image":{"@id":"https:\/\/chacamelia.com\/catalogue\/chas\/especialidades\/rariteas-red-oolong\/#primaryimage"},"thumbnailUrl":"https:\/\/chacamelia.com\/admin\/wp-content\/uploads\/2024\/11\/bio-red-oolong.jpg","datePublished":"2024-11-12T10:12:19+00:00","dateModified":"2025-04-09T10:50:48+00:00","description":"Red Oolong da produtora Katie Yen de Taiwan com aromas ligeiramente frutadas. Red Oolong da produtora Katie Yen de Taiwan com aromas ligeiramente frutadas.\u00a0","breadcrumb":{"@id":"https:\/\/chacamelia.com\/catalogue\/chas\/especialidades\/rariteas-red-oolong\/#breadcrumb"},"inLanguage":"es","potentialAction":[{"@type":"ReadAction","target":["https:\/\/chacamelia.com\/catalogue\/chas\/especialidades\/rariteas-red-oolong\/"]}]},{"@type":"ImageObject","inLanguage":"es","@id":"https:\/\/chacamelia.com\/catalogue\/chas\/especialidades\/rariteas-red-oolong\/#primaryimage","url":"https:\/\/chacamelia.com\/admin\/wp-content\/uploads\/2024\/11\/bio-red-oolong.jpg","contentUrl":"https:\/\/chacamelia.com\/admin\/wp-content\/uploads\/2024\/11\/bio-red-oolong.jpg","width":2500,"height":2500},{"@type":"BreadcrumbList","@id":"https:\/\/chacamelia.com\/catalogue\/chas\/especialidades\/rariteas-red-oolong\/#breadcrumb","itemListElement":[{"@type":"ListItem","position":1,"name":"Home","item":"https:\/\/chacamelia.com\/es\/"},{"@type":"ListItem","position":2,"name":"Tienda Online &#8211; T\u00e9s","item":"https:\/\/chacamelia.com\/es\/tienda-online-tes\/"},{"@type":"ListItem","position":3,"name":"Red Oolong RariTeas"}]},{"@type":"WebSite","@id":"https:\/\/chacamelia.com\/#website","url":"https:\/\/chacamelia.com\/","name":"Ch\u00e1 Cam\u00e9lia","description":"M\u00e1s que una bebida, una actitud","publisher":{"@id":"https:\/\/chacamelia.com\/#organization"},"potentialAction":[{"@type":"SearchAction","target":{"@type":"EntryPoint","urlTemplate":"https:\/\/chacamelia.com\/?s={search_term_string}"},"query-input":{"@type":"PropertyValueSpecification","valueRequired":true,"valueName":"search_term_string"}}],"inLanguage":"es"},{"@type":"Organization","@id":"https:\/\/chacamelia.com\/#organization","name":"Ch\u00e1 Cam\u00e9lia","url":"https:\/\/chacamelia.com\/","logo":{"@type":"ImageObject","inLanguage":"es","@id":"https:\/\/chacamelia.com\/#\/schema\/logo\/image\/","url":"https:\/\/chacamelia.com\/admin\/wp-content\/uploads\/2015\/06\/Logotipo.jpg","contentUrl":"https:\/\/chacamelia.com\/admin\/wp-content\/uploads\/2015\/06\/Logotipo.jpg","width":289,"height":289,"caption":"Ch\u00e1 Cam\u00e9lia"},"image":{"@id":"https:\/\/chacamelia.com\/#\/schema\/logo\/image\/"}}]}},"_links":{"self":[{"href":"https:\/\/chacamelia.com\/es\/wp-json\/wp\/v2\/product\/15482","targetHints":{"allow":["GET"]}}],"collection":[{"href":"https:\/\/chacamelia.com\/es\/wp-json\/wp\/v2\/product"}],"about":[{"href":"https:\/\/chacamelia.com\/es\/wp-json\/wp\/v2\/types\/product"}],"wp:featuredmedia":[{"embeddable":true,"href":"https:\/\/chacamelia.com\/es\/wp-json\/wp\/v2\/media\/15485"}],"wp:attachment":[{"href":"https:\/\/chacamelia.com\/es\/wp-json\/wp\/v2\/media?parent=15482"}],"wp:term":[{"taxonomy":"product_brand","embeddable":true,"href":"https:\/\/chacamelia.com\/es\/wp-json\/wp\/v2\/product_brand?post=15482"},{"taxonomy":"product_cat","embeddable":true,"href":"https:\/\/chacamelia.com\/es\/wp-json\/wp\/v2\/product_cat?post=15482"},{"taxonomy":"product_tag","embeddable":true,"href":"https:\/\/chacamelia.com\/es\/wp-json\/wp\/v2\/product_tag?post=15482"}],"curies":[{"name":"wp","href":"https:\/\/api.w.org\/{rel}","templated":true}]}}