{"id":15459,"date":"2024-11-11T12:14:18","date_gmt":"2024-11-11T12:14:18","guid":{"rendered":"https:\/\/chacamelia.com\/?post_type=product&#038;p=15459"},"modified":"2025-04-08T14:20:58","modified_gmt":"2025-04-08T14:20:58","slug":"kintsugi-cha-refill","status":"publish","type":"product","link":"https:\/\/chacamelia.com\/es\/catalogue\/tes\/producao-propria-es\/kintsugi-cha-refill\/","title":{"rendered":"Kintsugi Ch\u00e1 Bio"},"content":{"rendered":"<p>Nuestro t\u00e9 Kintsugi Ch\u00e1 refill recuerda al arte ancestral japonesa de reparar una taza de porcelana de t\u00e9 con oro para hacerla a\u00fan m\u00e1s valiosa. Durante uno de nuestros viajes, se rompi\u00f3 una olla de hierro fundido para la producci\u00f3n de t\u00e9, que hab\u00eda sido regalada por nuestros socios japoneses \u2013 la familia Morimoto. As\u00ed que regres\u00e1mos a Portugal logramos soldar esta preciosa olla, la cual gan\u00f3 a\u00fan m\u00e1s significado. Este t\u00e9 proveniente de la primera cosecha, producido 100% a mano en la tradicional olla Kintsugi, sorprende con sus delicados aromas, portando toda la frescura de la primavera.<\/p>\n<p>&nbsp;<\/p>\n<p>Aconsejamos hasta 5 infusiones.<\/p>\n<p>&nbsp;<\/p>\n<p>Paquete de 50g<\/p>\n<p>&nbsp;<\/p>\n<p>Delicado, ostenta notas dulces y frescas t\u00edpicamente \u201cUmami\u201d, con cafe\u00edna.<\/p>\n<p>&nbsp;<\/p>\n<p><img loading=\"lazy\" decoding=\"async\" class=\"alignnone wp-image-12905\" src=\"https:\/\/chacamelia.com\/admin\/wp-content\/uploads\/2015\/06\/eu_organic_logo_colour_outerline_rgb-280x186.jpg\" alt=\"\" width=\"101\" height=\"67\" \/><\/p>\n<p class=\"p1\">AGRICULTURA UE \/ PT-BIO-04<\/p>\n","protected":false},"excerpt":{"rendered":"<p class=\"p1\"><span class=\"s1\">Kintsugi Ch\u00e1 Refill es da nuestra 1\u00aa cosecha de t\u00e9 verde org\u00e1nico, 100% artesanal, de Portugal\u00a0<\/span><\/p>\n","protected":false},"featured_media":15462,"template":"","meta":{"_acf_changed":false},"product_brand":[],"product_cat":[620],"product_tag":[1245,957,655,1246],"class_list":{"0":"post-15459","1":"product","2":"type-product","3":"status-publish","4":"has-post-thumbnail","6":"product_cat-producao-propria-es","7":"product_tag-chaartesanal-es","8":"product_tag-chabiologico-es","9":"product_tag-chaverde-es","10":"product_tag-kintsugicha-es","12":"first","13":"instock","14":"taxable","15":"shipping-taxable","16":"purchasable","17":"product-type-simple"},"group_of_quantity":0,"min_quantity":1,"max_quantity":4,"exclude_order_quantity_value_rules":"no","exclude_category_quantity_rules":"no","combine_variations":"no","acf":[],"yoast_head":"<!-- This site is optimized with the Yoast SEO plugin v27.1.1 - https:\/\/yoast.com\/product\/yoast-seo-wordpress\/ -->\n<title>Kintsugi Ch\u00e1 Bio - Comprar Producci\u00f3n Propia en l\u00ednea - Ch\u00e1 Cam\u00e9lia<\/title>\n<meta name=\"description\" content=\"Kintsugi Ch\u00e1 Refill es da nuestra 1\u00aa cosecha de t\u00e9 verde org\u00e1nico, 100% artesanal, de Portugal\u00a0 Kintsugi Ch\u00e1 Refill es da nuestra 1\u00aa cosecha de t\u00e9 verde org\u00e1nico, 100% artesanal, de Portugal\u00a0\" \/>\n<meta name=\"robots\" content=\"index, follow, max-snippet:-1, max-image-preview:large, max-video-preview:-1\" \/>\n<link rel=\"canonical\" href=\"https:\/\/chacamelia.com\/es\/catalogue\/tes\/producao-propria-es\/kintsugi-cha-refill\/\" \/>\n<meta property=\"og:locale\" content=\"es_ES\" \/>\n<meta property=\"og:type\" content=\"article\" \/>\n<meta property=\"og:title\" content=\"Kintsugi Ch\u00e1 Bio - Comprar Producci\u00f3n Propia en l\u00ednea - Ch\u00e1 Cam\u00e9lia\" \/>\n<meta property=\"og:description\" content=\"Kintsugi Ch\u00e1 Refill es da nuestra 1\u00aa cosecha de t\u00e9 verde org\u00e1nico, 100% artesanal, de Portugal\u00a0 Kintsugi Ch\u00e1 Refill es da nuestra 1\u00aa cosecha de t\u00e9 verde org\u00e1nico, 100% artesanal, de Portugal\u00a0\" \/>\n<meta property=\"og:url\" content=\"https:\/\/chacamelia.com\/es\/catalogue\/tes\/producao-propria-es\/kintsugi-cha-refill\/\" \/>\n<meta property=\"og:site_name\" content=\"Ch\u00e1 Cam\u00e9lia\" \/>\n<meta property=\"article:modified_time\" content=\"2025-04-08T14:20:58+00:00\" \/>\n<meta property=\"og:image\" content=\"https:\/\/chacamelia.com\/admin\/wp-content\/uploads\/2024\/11\/kintsugicha-premium.jpg\" \/>\n\t<meta property=\"og:image:width\" content=\"2500\" \/>\n\t<meta property=\"og:image:height\" content=\"2500\" \/>\n\t<meta property=\"og:image:type\" content=\"image\/jpeg\" \/>\n<meta name=\"twitter:card\" content=\"summary_large_image\" \/>\n<meta name=\"twitter:label1\" content=\"Tiempo de lectura\" \/>\n\t<meta name=\"twitter:data1\" content=\"1 minuto\" \/>\n<script type=\"application\/ld+json\" class=\"yoast-schema-graph\">{\"@context\":\"https:\/\/schema.org\",\"@graph\":[{\"@type\":\"WebPage\",\"@id\":\"https:\/\/chacamelia.com\/es\/catalogue\/tes\/producao-propria-es\/kintsugi-cha-refill\/\",\"url\":\"https:\/\/chacamelia.com\/es\/catalogue\/tes\/producao-propria-es\/kintsugi-cha-refill\/\",\"name\":\"Kintsugi Ch\u00e1 Bio - Comprar Producci\u00f3n Propia en l\u00ednea - Ch\u00e1 Cam\u00e9lia\",\"isPartOf\":{\"@id\":\"https:\/\/chacamelia.com\/#website\"},\"primaryImageOfPage\":{\"@id\":\"https:\/\/chacamelia.com\/es\/catalogue\/tes\/producao-propria-es\/kintsugi-cha-refill\/#primaryimage\"},\"image\":{\"@id\":\"https:\/\/chacamelia.com\/es\/catalogue\/tes\/producao-propria-es\/kintsugi-cha-refill\/#primaryimage\"},\"thumbnailUrl\":\"https:\/\/chacamelia.com\/admin\/wp-content\/uploads\/2024\/11\/kintsugicha-premium.jpg\",\"datePublished\":\"2024-11-11T12:14:18+00:00\",\"dateModified\":\"2025-04-08T14:20:58+00:00\",\"description\":\"Kintsugi Ch\u00e1 Refill es da nuestra 1\u00aa cosecha de t\u00e9 verde org\u00e1nico, 100% artesanal, de Portugal\u00a0 Kintsugi Ch\u00e1 Refill es da nuestra 1\u00aa cosecha de t\u00e9 verde org\u00e1nico, 100% artesanal, de Portugal\u00a0\",\"breadcrumb\":{\"@id\":\"https:\/\/chacamelia.com\/es\/catalogue\/tes\/producao-propria-es\/kintsugi-cha-refill\/#breadcrumb\"},\"inLanguage\":\"es\",\"potentialAction\":[{\"@type\":\"ReadAction\",\"target\":[\"https:\/\/chacamelia.com\/es\/catalogue\/tes\/producao-propria-es\/kintsugi-cha-refill\/\"]}]},{\"@type\":\"ImageObject\",\"inLanguage\":\"es\",\"@id\":\"https:\/\/chacamelia.com\/es\/catalogue\/tes\/producao-propria-es\/kintsugi-cha-refill\/#primaryimage\",\"url\":\"https:\/\/chacamelia.com\/admin\/wp-content\/uploads\/2024\/11\/kintsugicha-premium.jpg\",\"contentUrl\":\"https:\/\/chacamelia.com\/admin\/wp-content\/uploads\/2024\/11\/kintsugicha-premium.jpg\",\"width\":2500,\"height\":2500},{\"@type\":\"BreadcrumbList\",\"@id\":\"https:\/\/chacamelia.com\/es\/catalogue\/tes\/producao-propria-es\/kintsugi-cha-refill\/#breadcrumb\",\"itemListElement\":[{\"@type\":\"ListItem\",\"position\":1,\"name\":\"Home\",\"item\":\"https:\/\/chacamelia.com\/es\/\"},{\"@type\":\"ListItem\",\"position\":2,\"name\":\"Tienda Online &#8211; T\u00e9s\",\"item\":\"https:\/\/chacamelia.com\/es\/tienda-online-tes\/\"},{\"@type\":\"ListItem\",\"position\":3,\"name\":\"Kintsugi Ch\u00e1 Bio\"}]},{\"@type\":\"WebSite\",\"@id\":\"https:\/\/chacamelia.com\/#website\",\"url\":\"https:\/\/chacamelia.com\/\",\"name\":\"Ch\u00e1 Cam\u00e9lia\",\"description\":\"M\u00e1s que una bebida, una actitud\",\"publisher\":{\"@id\":\"https:\/\/chacamelia.com\/#organization\"},\"potentialAction\":[{\"@type\":\"SearchAction\",\"target\":{\"@type\":\"EntryPoint\",\"urlTemplate\":\"https:\/\/chacamelia.com\/?s={search_term_string}\"},\"query-input\":{\"@type\":\"PropertyValueSpecification\",\"valueRequired\":true,\"valueName\":\"search_term_string\"}}],\"inLanguage\":\"es\"},{\"@type\":\"Organization\",\"@id\":\"https:\/\/chacamelia.com\/#organization\",\"name\":\"Ch\u00e1 Cam\u00e9lia\",\"url\":\"https:\/\/chacamelia.com\/\",\"logo\":{\"@type\":\"ImageObject\",\"inLanguage\":\"es\",\"@id\":\"https:\/\/chacamelia.com\/#\/schema\/logo\/image\/\",\"url\":\"https:\/\/chacamelia.com\/admin\/wp-content\/uploads\/2015\/06\/Logotipo.jpg\",\"contentUrl\":\"https:\/\/chacamelia.com\/admin\/wp-content\/uploads\/2015\/06\/Logotipo.jpg\",\"width\":289,\"height\":289,\"caption\":\"Ch\u00e1 Cam\u00e9lia\"},\"image\":{\"@id\":\"https:\/\/chacamelia.com\/#\/schema\/logo\/image\/\"}}]}<\/script>\n<!-- \/ Yoast SEO plugin. -->","yoast_head_json":{"title":"Kintsugi Ch\u00e1 Bio - Comprar Producci\u00f3n Propia en l\u00ednea - Ch\u00e1 Cam\u00e9lia","description":"Kintsugi Ch\u00e1 Refill es da nuestra 1\u00aa cosecha de t\u00e9 verde org\u00e1nico, 100% artesanal, de Portugal\u00a0 Kintsugi Ch\u00e1 Refill es da nuestra 1\u00aa cosecha de t\u00e9 verde org\u00e1nico, 100% artesanal, de Portugal\u00a0","robots":{"index":"index","follow":"follow","max-snippet":"max-snippet:-1","max-image-preview":"max-image-preview:large","max-video-preview":"max-video-preview:-1"},"canonical":"https:\/\/chacamelia.com\/es\/catalogue\/tes\/producao-propria-es\/kintsugi-cha-refill\/","og_locale":"es_ES","og_type":"article","og_title":"Kintsugi Ch\u00e1 Bio - Comprar Producci\u00f3n Propia en l\u00ednea - Ch\u00e1 Cam\u00e9lia","og_description":"Kintsugi Ch\u00e1 Refill es da nuestra 1\u00aa cosecha de t\u00e9 verde org\u00e1nico, 100% artesanal, de Portugal\u00a0 Kintsugi Ch\u00e1 Refill es da nuestra 1\u00aa cosecha de t\u00e9 verde org\u00e1nico, 100% artesanal, de Portugal\u00a0","og_url":"https:\/\/chacamelia.com\/es\/catalogue\/tes\/producao-propria-es\/kintsugi-cha-refill\/","og_site_name":"Ch\u00e1 Cam\u00e9lia","article_modified_time":"2025-04-08T14:20:58+00:00","og_image":[{"width":2500,"height":2500,"url":"https:\/\/chacamelia.com\/admin\/wp-content\/uploads\/2024\/11\/kintsugicha-premium.jpg","type":"image\/jpeg"}],"twitter_card":"summary_large_image","twitter_misc":{"Tiempo de lectura":"1 minuto"},"schema":{"@context":"https:\/\/schema.org","@graph":[{"@type":"WebPage","@id":"https:\/\/chacamelia.com\/es\/catalogue\/tes\/producao-propria-es\/kintsugi-cha-refill\/","url":"https:\/\/chacamelia.com\/es\/catalogue\/tes\/producao-propria-es\/kintsugi-cha-refill\/","name":"Kintsugi Ch\u00e1 Bio - Comprar Producci\u00f3n Propia en l\u00ednea - Ch\u00e1 Cam\u00e9lia","isPartOf":{"@id":"https:\/\/chacamelia.com\/#website"},"primaryImageOfPage":{"@id":"https:\/\/chacamelia.com\/es\/catalogue\/tes\/producao-propria-es\/kintsugi-cha-refill\/#primaryimage"},"image":{"@id":"https:\/\/chacamelia.com\/es\/catalogue\/tes\/producao-propria-es\/kintsugi-cha-refill\/#primaryimage"},"thumbnailUrl":"https:\/\/chacamelia.com\/admin\/wp-content\/uploads\/2024\/11\/kintsugicha-premium.jpg","datePublished":"2024-11-11T12:14:18+00:00","dateModified":"2025-04-08T14:20:58+00:00","description":"Kintsugi Ch\u00e1 Refill es da nuestra 1\u00aa cosecha de t\u00e9 verde org\u00e1nico, 100% artesanal, de Portugal\u00a0 Kintsugi Ch\u00e1 Refill es da nuestra 1\u00aa cosecha de t\u00e9 verde org\u00e1nico, 100% artesanal, de Portugal\u00a0","breadcrumb":{"@id":"https:\/\/chacamelia.com\/es\/catalogue\/tes\/producao-propria-es\/kintsugi-cha-refill\/#breadcrumb"},"inLanguage":"es","potentialAction":[{"@type":"ReadAction","target":["https:\/\/chacamelia.com\/es\/catalogue\/tes\/producao-propria-es\/kintsugi-cha-refill\/"]}]},{"@type":"ImageObject","inLanguage":"es","@id":"https:\/\/chacamelia.com\/es\/catalogue\/tes\/producao-propria-es\/kintsugi-cha-refill\/#primaryimage","url":"https:\/\/chacamelia.com\/admin\/wp-content\/uploads\/2024\/11\/kintsugicha-premium.jpg","contentUrl":"https:\/\/chacamelia.com\/admin\/wp-content\/uploads\/2024\/11\/kintsugicha-premium.jpg","width":2500,"height":2500},{"@type":"BreadcrumbList","@id":"https:\/\/chacamelia.com\/es\/catalogue\/tes\/producao-propria-es\/kintsugi-cha-refill\/#breadcrumb","itemListElement":[{"@type":"ListItem","position":1,"name":"Home","item":"https:\/\/chacamelia.com\/es\/"},{"@type":"ListItem","position":2,"name":"Tienda Online &#8211; T\u00e9s","item":"https:\/\/chacamelia.com\/es\/tienda-online-tes\/"},{"@type":"ListItem","position":3,"name":"Kintsugi Ch\u00e1 Bio"}]},{"@type":"WebSite","@id":"https:\/\/chacamelia.com\/#website","url":"https:\/\/chacamelia.com\/","name":"Ch\u00e1 Cam\u00e9lia","description":"M\u00e1s que una bebida, una actitud","publisher":{"@id":"https:\/\/chacamelia.com\/#organization"},"potentialAction":[{"@type":"SearchAction","target":{"@type":"EntryPoint","urlTemplate":"https:\/\/chacamelia.com\/?s={search_term_string}"},"query-input":{"@type":"PropertyValueSpecification","valueRequired":true,"valueName":"search_term_string"}}],"inLanguage":"es"},{"@type":"Organization","@id":"https:\/\/chacamelia.com\/#organization","name":"Ch\u00e1 Cam\u00e9lia","url":"https:\/\/chacamelia.com\/","logo":{"@type":"ImageObject","inLanguage":"es","@id":"https:\/\/chacamelia.com\/#\/schema\/logo\/image\/","url":"https:\/\/chacamelia.com\/admin\/wp-content\/uploads\/2015\/06\/Logotipo.jpg","contentUrl":"https:\/\/chacamelia.com\/admin\/wp-content\/uploads\/2015\/06\/Logotipo.jpg","width":289,"height":289,"caption":"Ch\u00e1 Cam\u00e9lia"},"image":{"@id":"https:\/\/chacamelia.com\/#\/schema\/logo\/image\/"}}]}},"_links":{"self":[{"href":"https:\/\/chacamelia.com\/es\/wp-json\/wp\/v2\/product\/15459","targetHints":{"allow":["GET"]}}],"collection":[{"href":"https:\/\/chacamelia.com\/es\/wp-json\/wp\/v2\/product"}],"about":[{"href":"https:\/\/chacamelia.com\/es\/wp-json\/wp\/v2\/types\/product"}],"wp:featuredmedia":[{"embeddable":true,"href":"https:\/\/chacamelia.com\/es\/wp-json\/wp\/v2\/media\/15462"}],"wp:attachment":[{"href":"https:\/\/chacamelia.com\/es\/wp-json\/wp\/v2\/media?parent=15459"}],"wp:term":[{"taxonomy":"product_brand","embeddable":true,"href":"https:\/\/chacamelia.com\/es\/wp-json\/wp\/v2\/product_brand?post=15459"},{"taxonomy":"product_cat","embeddable":true,"href":"https:\/\/chacamelia.com\/es\/wp-json\/wp\/v2\/product_cat?post=15459"},{"taxonomy":"product_tag","embeddable":true,"href":"https:\/\/chacamelia.com\/es\/wp-json\/wp\/v2\/product_tag?post=15459"}],"curies":[{"name":"wp","href":"https:\/\/api.w.org\/{rel}","templated":true}]}}