{"id":1389,"date":"2015-06-11T15:36:52","date_gmt":"2015-06-11T15:36:52","guid":{"rendered":"https:\/\/chacamelia.com\/admin\/catalogo\/sencha-com-matcha-2\/"},"modified":"2022-03-30T00:07:41","modified_gmt":"2022-03-30T00:07:41","slug":"sencha-con-matcha-2","status":"publish","type":"product","link":"https:\/\/chacamelia.com\/es\/catalogue\/tes\/matcha-es\/sencha-con-matcha-2\/","title":{"rendered":"Sencha con Matcha"},"content":{"rendered":"<p>Las hojas delicadas de la primera cosecha de Junio (sobre todo de las variedades Minami Sayaka, Oku Midori y Oku Yutaka) son la base de este refinado t\u00e9. Est\u00e1 compuesto por una mezcla de estas hojas y polvo muy fino de t\u00e9 (Morimoto Matcha) de la cosecha de Abril, tambi\u00e9n del jard\u00edn de t\u00e9 de la familia Morimoto. Lo que distingue a este t\u00e9 es su gran paleta de sabores: mientras en la primera infusi\u00f3n domina la dulzura del Matcha, en las siguientes sobresale m\u00e1s el dulzor levemente floral del delicado Sencha. Una combinaci\u00f3n que se convierte en un fant\u00e1stico digestivo.<\/p>\n<p>Paquete de 100g<\/p>\n<p>Aromas: verde profundo y\u00a0intenso, con cafe\u00edna.<\/p>\n<p>&nbsp;<\/p>\n<p><img loading=\"lazy\" decoding=\"async\" class=\"alignnone wp-image-12905\" src=\"https:\/\/chacamelia.com\/admin\/wp-content\/uploads\/2015\/06\/eu_organic_logo_colour_outerline_rgb-280x186.jpg\" alt=\"\" width=\"101\" height=\"67\" \/><\/p>\n<p class=\"p1\">AGRICULTURA NO UE \/ PT-BIO-04<\/p>\n","protected":false},"excerpt":{"rendered":"<p>Un t\u00e9 f\u00e1cil de preparar con los beneficios del Matcha.<\/p>\n","protected":false},"featured_media":11040,"template":"","meta":{"_acf_changed":false},"product_brand":[],"product_cat":[33,609,591],"product_tag":[306,307,267,659],"class_list":{"0":"post-1389","1":"product","2":"type-product","3":"status-publish","4":"has-post-thumbnail","6":"product_cat-tes","7":"product_cat-tes-japoneses","8":"product_cat-matcha-es","9":"product_tag-cha-japones-es","10":"product_tag-cha-verde-es","11":"product_tag-matcha-es","12":"product_tag-sencha-es","14":"first","15":"instock","16":"taxable","17":"shipping-taxable","18":"purchasable","19":"product-type-simple"},"group_of_quantity":0,"min_quantity":0,"max_quantity":"","exclude_order_quantity_value_rules":"no","exclude_category_quantity_rules":"no","combine_variations":"no","acf":[],"yoast_head":"<!-- This site is optimized with the Yoast SEO plugin v27.1.1 - https:\/\/yoast.com\/product\/yoast-seo-wordpress\/ -->\n<title>Sencha con Matcha - Comprar T\u00e9s, T\u00e9s Japoneses, Matcha en l\u00ednea - Ch\u00e1 Cam\u00e9lia<\/title>\n<meta name=\"description\" content=\"El Sencha con Matcha permite la preparaci\u00f3n de un t\u00e9 \u201cnormal\u201d. La primera infusi\u00f3n sabe a Matcha y tiene sus beneficios; la segunda libera los aromas del Sencha.\" \/>\n<meta name=\"robots\" content=\"index, follow, max-snippet:-1, max-image-preview:large, max-video-preview:-1\" \/>\n<link rel=\"canonical\" href=\"https:\/\/chacamelia.com\/catalogue\/chas\/chas-japoneses\/sencha-com-matcha\/\" \/>\n<meta property=\"og:locale\" content=\"es_ES\" \/>\n<meta property=\"og:type\" content=\"article\" \/>\n<meta property=\"og:title\" content=\"Sencha con Matcha - Comprar T\u00e9s, T\u00e9s Japoneses, Matcha en l\u00ednea - Ch\u00e1 Cam\u00e9lia\" \/>\n<meta property=\"og:description\" content=\"El Sencha con Matcha permite la preparaci\u00f3n de un t\u00e9 \u201cnormal\u201d. La primera infusi\u00f3n sabe a Matcha y tiene sus beneficios; la segunda libera los aromas del Sencha.\" \/>\n<meta property=\"og:url\" content=\"https:\/\/chacamelia.com\/catalogue\/chas\/chas-japoneses\/sencha-com-matcha\/\" \/>\n<meta property=\"og:site_name\" content=\"Ch\u00e1 Cam\u00e9lia\" \/>\n<meta property=\"article:modified_time\" content=\"2022-03-30T00:07:41+00:00\" \/>\n<meta property=\"og:image\" content=\"https:\/\/chacamelia.com\/admin\/wp-content\/uploads\/2015\/06\/11-morimoto-sencha-v2-1024x1024.png\" \/>\n\t<meta property=\"og:image:width\" content=\"1024\" \/>\n\t<meta property=\"og:image:height\" content=\"1024\" \/>\n\t<meta property=\"og:image:type\" content=\"image\/png\" \/>\n<meta name=\"twitter:card\" content=\"summary_large_image\" \/>\n<meta name=\"twitter:label1\" content=\"Tiempo de lectura\" \/>\n\t<meta name=\"twitter:data1\" content=\"1 minuto\" \/>\n<script type=\"application\/ld+json\" class=\"yoast-schema-graph\">{\"@context\":\"https:\/\/schema.org\",\"@graph\":[{\"@type\":\"WebPage\",\"@id\":\"https:\/\/chacamelia.com\/catalogue\/chas\/chas-japoneses\/sencha-com-matcha\/\",\"url\":\"https:\/\/chacamelia.com\/catalogue\/chas\/chas-japoneses\/sencha-com-matcha\/\",\"name\":\"Sencha con Matcha - Comprar T\u00e9s, T\u00e9s Japoneses, Matcha en l\u00ednea - Ch\u00e1 Cam\u00e9lia\",\"isPartOf\":{\"@id\":\"https:\/\/chacamelia.com\/#website\"},\"primaryImageOfPage\":{\"@id\":\"https:\/\/chacamelia.com\/catalogue\/chas\/chas-japoneses\/sencha-com-matcha\/#primaryimage\"},\"image\":{\"@id\":\"https:\/\/chacamelia.com\/catalogue\/chas\/chas-japoneses\/sencha-com-matcha\/#primaryimage\"},\"thumbnailUrl\":\"https:\/\/chacamelia.com\/admin\/wp-content\/uploads\/2015\/06\/11-morimoto-sencha-v2.png\",\"datePublished\":\"2015-06-11T15:36:52+00:00\",\"dateModified\":\"2022-03-30T00:07:41+00:00\",\"description\":\"El Sencha con Matcha permite la preparaci\u00f3n de un t\u00e9 \u201cnormal\u201d. La primera infusi\u00f3n sabe a Matcha y tiene sus beneficios; la segunda libera los aromas del Sencha.\",\"breadcrumb\":{\"@id\":\"https:\/\/chacamelia.com\/catalogue\/chas\/chas-japoneses\/sencha-com-matcha\/#breadcrumb\"},\"inLanguage\":\"es\",\"potentialAction\":[{\"@type\":\"ReadAction\",\"target\":[\"https:\/\/chacamelia.com\/catalogue\/chas\/chas-japoneses\/sencha-com-matcha\/\"]}]},{\"@type\":\"ImageObject\",\"inLanguage\":\"es\",\"@id\":\"https:\/\/chacamelia.com\/catalogue\/chas\/chas-japoneses\/sencha-com-matcha\/#primaryimage\",\"url\":\"https:\/\/chacamelia.com\/admin\/wp-content\/uploads\/2015\/06\/11-morimoto-sencha-v2.png\",\"contentUrl\":\"https:\/\/chacamelia.com\/admin\/wp-content\/uploads\/2015\/06\/11-morimoto-sencha-v2.png\",\"width\":2500,\"height\":2500},{\"@type\":\"BreadcrumbList\",\"@id\":\"https:\/\/chacamelia.com\/catalogue\/chas\/chas-japoneses\/sencha-com-matcha\/#breadcrumb\",\"itemListElement\":[{\"@type\":\"ListItem\",\"position\":1,\"name\":\"Home\",\"item\":\"https:\/\/chacamelia.com\/es\/\"},{\"@type\":\"ListItem\",\"position\":2,\"name\":\"Tienda Online &#8211; T\u00e9s\",\"item\":\"https:\/\/chacamelia.com\/es\/tienda-online-tes\/\"},{\"@type\":\"ListItem\",\"position\":3,\"name\":\"Sencha con Matcha\"}]},{\"@type\":\"WebSite\",\"@id\":\"https:\/\/chacamelia.com\/#website\",\"url\":\"https:\/\/chacamelia.com\/\",\"name\":\"Ch\u00e1 Cam\u00e9lia\",\"description\":\"M\u00e1s que una bebida, una actitud\",\"publisher\":{\"@id\":\"https:\/\/chacamelia.com\/#organization\"},\"potentialAction\":[{\"@type\":\"SearchAction\",\"target\":{\"@type\":\"EntryPoint\",\"urlTemplate\":\"https:\/\/chacamelia.com\/?s={search_term_string}\"},\"query-input\":{\"@type\":\"PropertyValueSpecification\",\"valueRequired\":true,\"valueName\":\"search_term_string\"}}],\"inLanguage\":\"es\"},{\"@type\":\"Organization\",\"@id\":\"https:\/\/chacamelia.com\/#organization\",\"name\":\"Ch\u00e1 Cam\u00e9lia\",\"url\":\"https:\/\/chacamelia.com\/\",\"logo\":{\"@type\":\"ImageObject\",\"inLanguage\":\"es\",\"@id\":\"https:\/\/chacamelia.com\/#\/schema\/logo\/image\/\",\"url\":\"https:\/\/chacamelia.com\/admin\/wp-content\/uploads\/2015\/06\/Logotipo.jpg\",\"contentUrl\":\"https:\/\/chacamelia.com\/admin\/wp-content\/uploads\/2015\/06\/Logotipo.jpg\",\"width\":289,\"height\":289,\"caption\":\"Ch\u00e1 Cam\u00e9lia\"},\"image\":{\"@id\":\"https:\/\/chacamelia.com\/#\/schema\/logo\/image\/\"}}]}<\/script>\n<!-- \/ Yoast SEO plugin. -->","yoast_head_json":{"title":"Sencha con Matcha - Comprar T\u00e9s, T\u00e9s Japoneses, Matcha en l\u00ednea - Ch\u00e1 Cam\u00e9lia","description":"El Sencha con Matcha permite la preparaci\u00f3n de un t\u00e9 \u201cnormal\u201d. La primera infusi\u00f3n sabe a Matcha y tiene sus beneficios; la segunda libera los aromas del Sencha.","robots":{"index":"index","follow":"follow","max-snippet":"max-snippet:-1","max-image-preview":"max-image-preview:large","max-video-preview":"max-video-preview:-1"},"canonical":"https:\/\/chacamelia.com\/catalogue\/chas\/chas-japoneses\/sencha-com-matcha\/","og_locale":"es_ES","og_type":"article","og_title":"Sencha con Matcha - Comprar T\u00e9s, T\u00e9s Japoneses, Matcha en l\u00ednea - Ch\u00e1 Cam\u00e9lia","og_description":"El Sencha con Matcha permite la preparaci\u00f3n de un t\u00e9 \u201cnormal\u201d. La primera infusi\u00f3n sabe a Matcha y tiene sus beneficios; la segunda libera los aromas del Sencha.","og_url":"https:\/\/chacamelia.com\/catalogue\/chas\/chas-japoneses\/sencha-com-matcha\/","og_site_name":"Ch\u00e1 Cam\u00e9lia","article_modified_time":"2022-03-30T00:07:41+00:00","og_image":[{"width":1024,"height":1024,"url":"https:\/\/chacamelia.com\/admin\/wp-content\/uploads\/2015\/06\/11-morimoto-sencha-v2-1024x1024.png","type":"image\/png"}],"twitter_card":"summary_large_image","twitter_misc":{"Tiempo de lectura":"1 minuto"},"schema":{"@context":"https:\/\/schema.org","@graph":[{"@type":"WebPage","@id":"https:\/\/chacamelia.com\/catalogue\/chas\/chas-japoneses\/sencha-com-matcha\/","url":"https:\/\/chacamelia.com\/catalogue\/chas\/chas-japoneses\/sencha-com-matcha\/","name":"Sencha con Matcha - Comprar T\u00e9s, T\u00e9s Japoneses, Matcha en l\u00ednea - Ch\u00e1 Cam\u00e9lia","isPartOf":{"@id":"https:\/\/chacamelia.com\/#website"},"primaryImageOfPage":{"@id":"https:\/\/chacamelia.com\/catalogue\/chas\/chas-japoneses\/sencha-com-matcha\/#primaryimage"},"image":{"@id":"https:\/\/chacamelia.com\/catalogue\/chas\/chas-japoneses\/sencha-com-matcha\/#primaryimage"},"thumbnailUrl":"https:\/\/chacamelia.com\/admin\/wp-content\/uploads\/2015\/06\/11-morimoto-sencha-v2.png","datePublished":"2015-06-11T15:36:52+00:00","dateModified":"2022-03-30T00:07:41+00:00","description":"El Sencha con Matcha permite la preparaci\u00f3n de un t\u00e9 \u201cnormal\u201d. La primera infusi\u00f3n sabe a Matcha y tiene sus beneficios; la segunda libera los aromas del Sencha.","breadcrumb":{"@id":"https:\/\/chacamelia.com\/catalogue\/chas\/chas-japoneses\/sencha-com-matcha\/#breadcrumb"},"inLanguage":"es","potentialAction":[{"@type":"ReadAction","target":["https:\/\/chacamelia.com\/catalogue\/chas\/chas-japoneses\/sencha-com-matcha\/"]}]},{"@type":"ImageObject","inLanguage":"es","@id":"https:\/\/chacamelia.com\/catalogue\/chas\/chas-japoneses\/sencha-com-matcha\/#primaryimage","url":"https:\/\/chacamelia.com\/admin\/wp-content\/uploads\/2015\/06\/11-morimoto-sencha-v2.png","contentUrl":"https:\/\/chacamelia.com\/admin\/wp-content\/uploads\/2015\/06\/11-morimoto-sencha-v2.png","width":2500,"height":2500},{"@type":"BreadcrumbList","@id":"https:\/\/chacamelia.com\/catalogue\/chas\/chas-japoneses\/sencha-com-matcha\/#breadcrumb","itemListElement":[{"@type":"ListItem","position":1,"name":"Home","item":"https:\/\/chacamelia.com\/es\/"},{"@type":"ListItem","position":2,"name":"Tienda Online &#8211; T\u00e9s","item":"https:\/\/chacamelia.com\/es\/tienda-online-tes\/"},{"@type":"ListItem","position":3,"name":"Sencha con Matcha"}]},{"@type":"WebSite","@id":"https:\/\/chacamelia.com\/#website","url":"https:\/\/chacamelia.com\/","name":"Ch\u00e1 Cam\u00e9lia","description":"M\u00e1s que una bebida, una actitud","publisher":{"@id":"https:\/\/chacamelia.com\/#organization"},"potentialAction":[{"@type":"SearchAction","target":{"@type":"EntryPoint","urlTemplate":"https:\/\/chacamelia.com\/?s={search_term_string}"},"query-input":{"@type":"PropertyValueSpecification","valueRequired":true,"valueName":"search_term_string"}}],"inLanguage":"es"},{"@type":"Organization","@id":"https:\/\/chacamelia.com\/#organization","name":"Ch\u00e1 Cam\u00e9lia","url":"https:\/\/chacamelia.com\/","logo":{"@type":"ImageObject","inLanguage":"es","@id":"https:\/\/chacamelia.com\/#\/schema\/logo\/image\/","url":"https:\/\/chacamelia.com\/admin\/wp-content\/uploads\/2015\/06\/Logotipo.jpg","contentUrl":"https:\/\/chacamelia.com\/admin\/wp-content\/uploads\/2015\/06\/Logotipo.jpg","width":289,"height":289,"caption":"Ch\u00e1 Cam\u00e9lia"},"image":{"@id":"https:\/\/chacamelia.com\/#\/schema\/logo\/image\/"}}]}},"_links":{"self":[{"href":"https:\/\/chacamelia.com\/es\/wp-json\/wp\/v2\/product\/1389","targetHints":{"allow":["GET"]}}],"collection":[{"href":"https:\/\/chacamelia.com\/es\/wp-json\/wp\/v2\/product"}],"about":[{"href":"https:\/\/chacamelia.com\/es\/wp-json\/wp\/v2\/types\/product"}],"wp:featuredmedia":[{"embeddable":true,"href":"https:\/\/chacamelia.com\/es\/wp-json\/wp\/v2\/media\/11040"}],"wp:attachment":[{"href":"https:\/\/chacamelia.com\/es\/wp-json\/wp\/v2\/media?parent=1389"}],"wp:term":[{"taxonomy":"product_brand","embeddable":true,"href":"https:\/\/chacamelia.com\/es\/wp-json\/wp\/v2\/product_brand?post=1389"},{"taxonomy":"product_cat","embeddable":true,"href":"https:\/\/chacamelia.com\/es\/wp-json\/wp\/v2\/product_cat?post=1389"},{"taxonomy":"product_tag","embeddable":true,"href":"https:\/\/chacamelia.com\/es\/wp-json\/wp\/v2\/product_tag?post=1389"}],"curies":[{"name":"wp","href":"https:\/\/api.w.org\/{rel}","templated":true}]}}