{"id":13603,"date":"2022-10-18T09:46:42","date_gmt":"2022-10-18T09:46:42","guid":{"rendered":"https:\/\/chacamelia.com\/catalogue\/sin%20categorizar\/rosa-do-oriente\/"},"modified":"2025-04-08T14:13:39","modified_gmt":"2025-04-08T14:13:39","slug":"rosa-do-oriente","status":"publish","type":"product","link":"https:\/\/chacamelia.com\/es\/catalogue\/tes\/producao-propria-es\/rosa-do-oriente\/","title":{"rendered":"Rosa Oriente Bio"},"content":{"rendered":"<p class=\"p1\">No in\u00edcio do s\u00e9c. XVI, depois da descoberta do caminho mar\u00edtimo para a \u00cdndia, o impacto do oriente foi t\u00e3o grande para os portugueses que deixaram de representar a rosa-dos-ventos sinalizada a norte, mas a leste. Nesta altura trouxeram tamb\u00e9m as primeiras cam\u00e9lias para Portugal e chamaram-nas rosas do oriente.<span class=\"Apple-converted-space\">\u00a0<\/span><\/p>\n<p class=\"p1\">As folhas deste ch\u00e1 de plantas de sementes s\u00e3o aquecidas a seco ao estilo oriental e permitem v\u00e1rias infus\u00f5es com sabores complexos.<span class=\"Apple-converted-space\">\u00a0<\/span><\/p>\n<p>&nbsp;<\/p>\n<p class=\"p1\">Embalagem de 50g<\/p>\n<p>&nbsp;<\/p>\n<p class=\"p1\">Aromas: Verde generoso, caloroso com ligeiras notas florais, com cafe\u00edna <span class=\"Apple-converted-space\">\u00a0<\/span><\/p>\n<p>&nbsp;<\/p>\n<p><img loading=\"lazy\" decoding=\"async\" class=\"alignnone wp-image-13605\" src=\"https:\/\/chacamelia.com\/admin\/wp-content\/uploads\/2022\/10\/eu_organic_logo_colour_outerline_rgb-280x186.jpg\" alt=\"\" width=\"100\" height=\"66\" \/><\/p>\n<p>AGRICULTURA UE \/ PT-BIO-04<\/p>\n","protected":false},"excerpt":{"rendered":"<p class=\"p1\">Rosa do Oriente \u00e9 ch\u00e1 verde artesanal das primeiras folhas da primavera estilo oriental<\/p>\n","protected":false},"featured_media":13581,"template":"","meta":{"_acf_changed":false},"product_brand":[],"product_cat":[620],"product_tag":[],"class_list":{"0":"post-13603","1":"product","2":"type-product","3":"status-publish","4":"has-post-thumbnail","6":"product_cat-producao-propria-es","8":"first","9":"instock","10":"taxable","11":"shipping-taxable","12":"purchasable","13":"product-type-simple"},"group_of_quantity":0,"min_quantity":0,"max_quantity":"","exclude_order_quantity_value_rules":"no","exclude_category_quantity_rules":"no","combine_variations":"no","acf":[],"yoast_head":"<!-- This site is optimized with the Yoast SEO plugin v27.1.1 - https:\/\/yoast.com\/product\/yoast-seo-wordpress\/ -->\n<title>Rosa Oriente Bio - Comprar Producci\u00f3n Propia en l\u00ednea - Ch\u00e1 Cam\u00e9lia<\/title>\n<meta name=\"description\" content=\"Rosa do Oriente \u00e9 ch\u00e1 verde artesanal das primeiras folhas da primavera estilo oriental\" \/>\n<meta name=\"robots\" content=\"index, follow, max-snippet:-1, max-image-preview:large, max-video-preview:-1\" \/>\n<link rel=\"canonical\" href=\"https:\/\/chacamelia.com\/es\/catalogue\/tes\/producao-propria-es\/rosa-do-oriente\/\" \/>\n<meta property=\"og:locale\" content=\"es_ES\" \/>\n<meta property=\"og:type\" content=\"article\" \/>\n<meta property=\"og:title\" content=\"Rosa Oriente Bio - Comprar Producci\u00f3n Propia en l\u00ednea - Ch\u00e1 Cam\u00e9lia\" \/>\n<meta property=\"og:description\" content=\"Rosa do Oriente \u00e9 ch\u00e1 verde artesanal das primeiras folhas da primavera estilo oriental\" \/>\n<meta property=\"og:url\" content=\"https:\/\/chacamelia.com\/es\/catalogue\/tes\/producao-propria-es\/rosa-do-oriente\/\" \/>\n<meta property=\"og:site_name\" content=\"Ch\u00e1 Cam\u00e9lia\" \/>\n<meta property=\"article:modified_time\" content=\"2025-04-08T14:13:39+00:00\" \/>\n<meta property=\"og:image\" content=\"https:\/\/chacamelia.com\/admin\/wp-content\/uploads\/2022\/10\/rosa-do-oriente.jpg\" \/>\n\t<meta property=\"og:image:width\" content=\"2500\" \/>\n\t<meta property=\"og:image:height\" content=\"2500\" \/>\n\t<meta property=\"og:image:type\" content=\"image\/jpeg\" \/>\n<meta name=\"twitter:card\" content=\"summary_large_image\" \/>\n<meta name=\"twitter:label1\" content=\"Tiempo de lectura\" \/>\n\t<meta name=\"twitter:data1\" content=\"1 minuto\" \/>\n<script type=\"application\/ld+json\" class=\"yoast-schema-graph\">{\"@context\":\"https:\/\/schema.org\",\"@graph\":[{\"@type\":\"WebPage\",\"@id\":\"https:\/\/chacamelia.com\/es\/catalogue\/tes\/producao-propria-es\/rosa-do-oriente\/\",\"url\":\"https:\/\/chacamelia.com\/es\/catalogue\/tes\/producao-propria-es\/rosa-do-oriente\/\",\"name\":\"Rosa Oriente Bio - Comprar Producci\u00f3n Propia en l\u00ednea - Ch\u00e1 Cam\u00e9lia\",\"isPartOf\":{\"@id\":\"https:\/\/chacamelia.com\/#website\"},\"primaryImageOfPage\":{\"@id\":\"https:\/\/chacamelia.com\/es\/catalogue\/tes\/producao-propria-es\/rosa-do-oriente\/#primaryimage\"},\"image\":{\"@id\":\"https:\/\/chacamelia.com\/es\/catalogue\/tes\/producao-propria-es\/rosa-do-oriente\/#primaryimage\"},\"thumbnailUrl\":\"https:\/\/chacamelia.com\/admin\/wp-content\/uploads\/2022\/10\/rosa-do-oriente.jpg\",\"datePublished\":\"2022-10-18T09:46:42+00:00\",\"dateModified\":\"2025-04-08T14:13:39+00:00\",\"description\":\"Rosa do Oriente \u00e9 ch\u00e1 verde artesanal das primeiras folhas da primavera estilo oriental\",\"breadcrumb\":{\"@id\":\"https:\/\/chacamelia.com\/es\/catalogue\/tes\/producao-propria-es\/rosa-do-oriente\/#breadcrumb\"},\"inLanguage\":\"es\",\"potentialAction\":[{\"@type\":\"ReadAction\",\"target\":[\"https:\/\/chacamelia.com\/es\/catalogue\/tes\/producao-propria-es\/rosa-do-oriente\/\"]}]},{\"@type\":\"ImageObject\",\"inLanguage\":\"es\",\"@id\":\"https:\/\/chacamelia.com\/es\/catalogue\/tes\/producao-propria-es\/rosa-do-oriente\/#primaryimage\",\"url\":\"https:\/\/chacamelia.com\/admin\/wp-content\/uploads\/2022\/10\/rosa-do-oriente.jpg\",\"contentUrl\":\"https:\/\/chacamelia.com\/admin\/wp-content\/uploads\/2022\/10\/rosa-do-oriente.jpg\",\"width\":2500,\"height\":2500},{\"@type\":\"BreadcrumbList\",\"@id\":\"https:\/\/chacamelia.com\/es\/catalogue\/tes\/producao-propria-es\/rosa-do-oriente\/#breadcrumb\",\"itemListElement\":[{\"@type\":\"ListItem\",\"position\":1,\"name\":\"Home\",\"item\":\"https:\/\/chacamelia.com\/es\/\"},{\"@type\":\"ListItem\",\"position\":2,\"name\":\"Tienda Online &#8211; T\u00e9s\",\"item\":\"https:\/\/chacamelia.com\/es\/tienda-online-tes\/\"},{\"@type\":\"ListItem\",\"position\":3,\"name\":\"Rosa Oriente Bio\"}]},{\"@type\":\"WebSite\",\"@id\":\"https:\/\/chacamelia.com\/#website\",\"url\":\"https:\/\/chacamelia.com\/\",\"name\":\"Ch\u00e1 Cam\u00e9lia\",\"description\":\"M\u00e1s que una bebida, una actitud\",\"publisher\":{\"@id\":\"https:\/\/chacamelia.com\/#organization\"},\"potentialAction\":[{\"@type\":\"SearchAction\",\"target\":{\"@type\":\"EntryPoint\",\"urlTemplate\":\"https:\/\/chacamelia.com\/?s={search_term_string}\"},\"query-input\":{\"@type\":\"PropertyValueSpecification\",\"valueRequired\":true,\"valueName\":\"search_term_string\"}}],\"inLanguage\":\"es\"},{\"@type\":\"Organization\",\"@id\":\"https:\/\/chacamelia.com\/#organization\",\"name\":\"Ch\u00e1 Cam\u00e9lia\",\"url\":\"https:\/\/chacamelia.com\/\",\"logo\":{\"@type\":\"ImageObject\",\"inLanguage\":\"es\",\"@id\":\"https:\/\/chacamelia.com\/#\/schema\/logo\/image\/\",\"url\":\"https:\/\/chacamelia.com\/admin\/wp-content\/uploads\/2015\/06\/Logotipo.jpg\",\"contentUrl\":\"https:\/\/chacamelia.com\/admin\/wp-content\/uploads\/2015\/06\/Logotipo.jpg\",\"width\":289,\"height\":289,\"caption\":\"Ch\u00e1 Cam\u00e9lia\"},\"image\":{\"@id\":\"https:\/\/chacamelia.com\/#\/schema\/logo\/image\/\"}}]}<\/script>\n<!-- \/ Yoast SEO plugin. -->","yoast_head_json":{"title":"Rosa Oriente Bio - Comprar Producci\u00f3n Propia en l\u00ednea - Ch\u00e1 Cam\u00e9lia","description":"Rosa do Oriente \u00e9 ch\u00e1 verde artesanal das primeiras folhas da primavera estilo oriental","robots":{"index":"index","follow":"follow","max-snippet":"max-snippet:-1","max-image-preview":"max-image-preview:large","max-video-preview":"max-video-preview:-1"},"canonical":"https:\/\/chacamelia.com\/es\/catalogue\/tes\/producao-propria-es\/rosa-do-oriente\/","og_locale":"es_ES","og_type":"article","og_title":"Rosa Oriente Bio - Comprar Producci\u00f3n Propia en l\u00ednea - Ch\u00e1 Cam\u00e9lia","og_description":"Rosa do Oriente \u00e9 ch\u00e1 verde artesanal das primeiras folhas da primavera estilo oriental","og_url":"https:\/\/chacamelia.com\/es\/catalogue\/tes\/producao-propria-es\/rosa-do-oriente\/","og_site_name":"Ch\u00e1 Cam\u00e9lia","article_modified_time":"2025-04-08T14:13:39+00:00","og_image":[{"width":2500,"height":2500,"url":"https:\/\/chacamelia.com\/admin\/wp-content\/uploads\/2022\/10\/rosa-do-oriente.jpg","type":"image\/jpeg"}],"twitter_card":"summary_large_image","twitter_misc":{"Tiempo de lectura":"1 minuto"},"schema":{"@context":"https:\/\/schema.org","@graph":[{"@type":"WebPage","@id":"https:\/\/chacamelia.com\/es\/catalogue\/tes\/producao-propria-es\/rosa-do-oriente\/","url":"https:\/\/chacamelia.com\/es\/catalogue\/tes\/producao-propria-es\/rosa-do-oriente\/","name":"Rosa Oriente Bio - Comprar Producci\u00f3n Propia en l\u00ednea - Ch\u00e1 Cam\u00e9lia","isPartOf":{"@id":"https:\/\/chacamelia.com\/#website"},"primaryImageOfPage":{"@id":"https:\/\/chacamelia.com\/es\/catalogue\/tes\/producao-propria-es\/rosa-do-oriente\/#primaryimage"},"image":{"@id":"https:\/\/chacamelia.com\/es\/catalogue\/tes\/producao-propria-es\/rosa-do-oriente\/#primaryimage"},"thumbnailUrl":"https:\/\/chacamelia.com\/admin\/wp-content\/uploads\/2022\/10\/rosa-do-oriente.jpg","datePublished":"2022-10-18T09:46:42+00:00","dateModified":"2025-04-08T14:13:39+00:00","description":"Rosa do Oriente \u00e9 ch\u00e1 verde artesanal das primeiras folhas da primavera estilo oriental","breadcrumb":{"@id":"https:\/\/chacamelia.com\/es\/catalogue\/tes\/producao-propria-es\/rosa-do-oriente\/#breadcrumb"},"inLanguage":"es","potentialAction":[{"@type":"ReadAction","target":["https:\/\/chacamelia.com\/es\/catalogue\/tes\/producao-propria-es\/rosa-do-oriente\/"]}]},{"@type":"ImageObject","inLanguage":"es","@id":"https:\/\/chacamelia.com\/es\/catalogue\/tes\/producao-propria-es\/rosa-do-oriente\/#primaryimage","url":"https:\/\/chacamelia.com\/admin\/wp-content\/uploads\/2022\/10\/rosa-do-oriente.jpg","contentUrl":"https:\/\/chacamelia.com\/admin\/wp-content\/uploads\/2022\/10\/rosa-do-oriente.jpg","width":2500,"height":2500},{"@type":"BreadcrumbList","@id":"https:\/\/chacamelia.com\/es\/catalogue\/tes\/producao-propria-es\/rosa-do-oriente\/#breadcrumb","itemListElement":[{"@type":"ListItem","position":1,"name":"Home","item":"https:\/\/chacamelia.com\/es\/"},{"@type":"ListItem","position":2,"name":"Tienda Online &#8211; T\u00e9s","item":"https:\/\/chacamelia.com\/es\/tienda-online-tes\/"},{"@type":"ListItem","position":3,"name":"Rosa Oriente Bio"}]},{"@type":"WebSite","@id":"https:\/\/chacamelia.com\/#website","url":"https:\/\/chacamelia.com\/","name":"Ch\u00e1 Cam\u00e9lia","description":"M\u00e1s que una bebida, una actitud","publisher":{"@id":"https:\/\/chacamelia.com\/#organization"},"potentialAction":[{"@type":"SearchAction","target":{"@type":"EntryPoint","urlTemplate":"https:\/\/chacamelia.com\/?s={search_term_string}"},"query-input":{"@type":"PropertyValueSpecification","valueRequired":true,"valueName":"search_term_string"}}],"inLanguage":"es"},{"@type":"Organization","@id":"https:\/\/chacamelia.com\/#organization","name":"Ch\u00e1 Cam\u00e9lia","url":"https:\/\/chacamelia.com\/","logo":{"@type":"ImageObject","inLanguage":"es","@id":"https:\/\/chacamelia.com\/#\/schema\/logo\/image\/","url":"https:\/\/chacamelia.com\/admin\/wp-content\/uploads\/2015\/06\/Logotipo.jpg","contentUrl":"https:\/\/chacamelia.com\/admin\/wp-content\/uploads\/2015\/06\/Logotipo.jpg","width":289,"height":289,"caption":"Ch\u00e1 Cam\u00e9lia"},"image":{"@id":"https:\/\/chacamelia.com\/#\/schema\/logo\/image\/"}}]}},"_links":{"self":[{"href":"https:\/\/chacamelia.com\/es\/wp-json\/wp\/v2\/product\/13603","targetHints":{"allow":["GET"]}}],"collection":[{"href":"https:\/\/chacamelia.com\/es\/wp-json\/wp\/v2\/product"}],"about":[{"href":"https:\/\/chacamelia.com\/es\/wp-json\/wp\/v2\/types\/product"}],"wp:featuredmedia":[{"embeddable":true,"href":"https:\/\/chacamelia.com\/es\/wp-json\/wp\/v2\/media\/13581"}],"wp:attachment":[{"href":"https:\/\/chacamelia.com\/es\/wp-json\/wp\/v2\/media?parent=13603"}],"wp:term":[{"taxonomy":"product_brand","embeddable":true,"href":"https:\/\/chacamelia.com\/es\/wp-json\/wp\/v2\/product_brand?post=13603"},{"taxonomy":"product_cat","embeddable":true,"href":"https:\/\/chacamelia.com\/es\/wp-json\/wp\/v2\/product_cat?post=13603"},{"taxonomy":"product_tag","embeddable":true,"href":"https:\/\/chacamelia.com\/es\/wp-json\/wp\/v2\/product_tag?post=13603"}],"curies":[{"name":"wp","href":"https:\/\/api.w.org\/{rel}","templated":true}]}}