{"id":12650,"date":"2021-11-29T12:40:24","date_gmt":"2021-11-29T12:40:24","guid":{"rendered":"https:\/\/chacamelia.com\/catalogue\/sin%20categorizar\/kombu-viva-green\/"},"modified":"2024-05-14T13:24:03","modified_gmt":"2024-05-14T13:24:03","slug":"kombu-viva-green","status":"publish","type":"product","link":"https:\/\/chacamelia.com\/es\/catalogue\/kombucha-es\/kombu-viva-green\/","title":{"rendered":"Kombu Viva Green"},"content":{"rendered":"<div>Kombu Viva Green refleje la pasi\u00f3n por el t\u00e9 y la calidad que une los tres proyectos de esta asociaci\u00f3n feliz. Homelab, que desde su inicio elabora sus Kombuchas de peque\u00f1a producci\u00f3n familiar a base de los t\u00e9s biol\u00f3gicos Ch\u00e1 Cam\u00e9lia, y Niepoort con su linea de vinos naturales Nat\u00b4Cool. En esta Kombucha la selecci\u00f3n de t\u00e9s verdes revela aromas naturales fascinantes, sin aromatizaci\u00f3n adicional, siguiendo la fiolosof\u00eda &#8220;menos es m\u00e1s&#8221;.<\/div>\n<div><\/div>\n<div><\/div>\n<div>Refrescante con delicada nota de frutas tropicales, sin cafe\u00edna<\/div>\n<div><\/div>\n<div><\/div>\n<div>Botella de 1 Litro<\/div>\n<p>&nbsp;<\/p>\n<p><img loading=\"lazy\" decoding=\"async\" class=\"alignnone wp-image-12905\" src=\"https:\/\/chacamelia.com\/admin\/wp-content\/uploads\/2015\/06\/eu_organic_logo_colour_outerline_rgb-280x186.jpg\" alt=\"\" width=\"101\" height=\"67\" \/><\/p>\n<p class=\"p1\">AGRICULTURA NO UE \/ PT-BIO-04<\/p>\n<p>Este producto s\u00f3lo se env\u00eda a Portugal y Espa\u00f1a<\/p>\n","protected":false},"excerpt":{"rendered":"<p>KOMBU VIVA GREEN KOMBUCHA ARTESANAL, BIOL\u00d3GICA &amp; FERMENTACI\u00d3N NATURAL<\/p>\n","protected":false},"featured_media":14079,"template":"","meta":{"_acf_changed":false},"product_brand":[],"product_cat":[1276],"product_tag":[1279],"class_list":{"0":"post-12650","1":"product","2":"type-product","3":"status-publish","4":"has-post-thumbnail","6":"product_cat-kombucha-es","7":"product_tag-kombucha-es","8":"product_shipping_class-solo-pt-y-es","10":"first","11":"instock","12":"taxable","13":"shipping-taxable","14":"purchasable","15":"product-type-simple"},"group_of_quantity":0,"min_quantity":0,"max_quantity":"","exclude_order_quantity_value_rules":"no","exclude_category_quantity_rules":"no","combine_variations":"no","acf":[],"yoast_head":"<!-- This site is optimized with the Yoast SEO plugin v27.1.1 - https:\/\/yoast.com\/product\/yoast-seo-wordpress\/ -->\n<title>Kombu Viva Green - Comprar Kombucha en l\u00ednea - Ch\u00e1 Cam\u00e9lia<\/title>\n<meta name=\"description\" content=\"KOMBU VIVA GREEN KOMBUCHA ARTESANAL, BIOL\u00d3GICA &amp; FERMENTACI\u00d3N NATURAL KOMBU VIVA GREEN KOMBUCHA ARTESANAL, BIOL\u00d3GICA &amp; FERMENTACI\u00d3N NATURAL\" \/>\n<meta name=\"robots\" content=\"index, follow, max-snippet:-1, max-image-preview:large, max-video-preview:-1\" \/>\n<link rel=\"canonical\" href=\"https:\/\/chacamelia.com\/catalogue\/kombucha\/kombu-viva-green\/\" \/>\n<meta property=\"og:locale\" content=\"es_ES\" \/>\n<meta property=\"og:type\" content=\"article\" \/>\n<meta property=\"og:title\" content=\"Kombu Viva Green - Comprar Kombucha en l\u00ednea - Ch\u00e1 Cam\u00e9lia\" \/>\n<meta property=\"og:description\" content=\"KOMBU VIVA GREEN KOMBUCHA ARTESANAL, BIOL\u00d3GICA &amp; FERMENTACI\u00d3N NATURAL KOMBU VIVA GREEN KOMBUCHA ARTESANAL, BIOL\u00d3GICA &amp; FERMENTACI\u00d3N NATURAL\" \/>\n<meta property=\"og:url\" content=\"https:\/\/chacamelia.com\/catalogue\/kombucha\/kombu-viva-green\/\" \/>\n<meta property=\"og:site_name\" content=\"Ch\u00e1 Cam\u00e9lia\" \/>\n<meta property=\"article:modified_time\" content=\"2024-05-14T13:24:03+00:00\" \/>\n<meta property=\"og:image\" content=\"https:\/\/chacamelia.com\/admin\/wp-content\/uploads\/2021\/11\/kombuviva_green.jpg\" \/>\n\t<meta property=\"og:image:width\" content=\"1200\" \/>\n\t<meta property=\"og:image:height\" content=\"1200\" \/>\n\t<meta property=\"og:image:type\" content=\"image\/jpeg\" \/>\n<meta name=\"twitter:card\" content=\"summary_large_image\" \/>\n<meta name=\"twitter:label1\" content=\"Tiempo de lectura\" \/>\n\t<meta name=\"twitter:data1\" content=\"1 minuto\" \/>\n<script type=\"application\/ld+json\" class=\"yoast-schema-graph\">{\"@context\":\"https:\/\/schema.org\",\"@graph\":[{\"@type\":\"WebPage\",\"@id\":\"https:\/\/chacamelia.com\/catalogue\/kombucha\/kombu-viva-green\/\",\"url\":\"https:\/\/chacamelia.com\/catalogue\/kombucha\/kombu-viva-green\/\",\"name\":\"Kombu Viva Green - Comprar Kombucha en l\u00ednea - Ch\u00e1 Cam\u00e9lia\",\"isPartOf\":{\"@id\":\"https:\/\/chacamelia.com\/#website\"},\"primaryImageOfPage\":{\"@id\":\"https:\/\/chacamelia.com\/catalogue\/kombucha\/kombu-viva-green\/#primaryimage\"},\"image\":{\"@id\":\"https:\/\/chacamelia.com\/catalogue\/kombucha\/kombu-viva-green\/#primaryimage\"},\"thumbnailUrl\":\"https:\/\/chacamelia.com\/admin\/wp-content\/uploads\/2021\/11\/kombuviva_green.jpg\",\"datePublished\":\"2021-11-29T12:40:24+00:00\",\"dateModified\":\"2024-05-14T13:24:03+00:00\",\"description\":\"KOMBU VIVA GREEN KOMBUCHA ARTESANAL, BIOL\u00d3GICA &amp; FERMENTACI\u00d3N NATURAL KOMBU VIVA GREEN KOMBUCHA ARTESANAL, BIOL\u00d3GICA & FERMENTACI\u00d3N NATURAL\",\"breadcrumb\":{\"@id\":\"https:\/\/chacamelia.com\/catalogue\/kombucha\/kombu-viva-green\/#breadcrumb\"},\"inLanguage\":\"es\",\"potentialAction\":[{\"@type\":\"ReadAction\",\"target\":[\"https:\/\/chacamelia.com\/catalogue\/kombucha\/kombu-viva-green\/\"]}]},{\"@type\":\"ImageObject\",\"inLanguage\":\"es\",\"@id\":\"https:\/\/chacamelia.com\/catalogue\/kombucha\/kombu-viva-green\/#primaryimage\",\"url\":\"https:\/\/chacamelia.com\/admin\/wp-content\/uploads\/2021\/11\/kombuviva_green.jpg\",\"contentUrl\":\"https:\/\/chacamelia.com\/admin\/wp-content\/uploads\/2021\/11\/kombuviva_green.jpg\",\"width\":1200,\"height\":1200},{\"@type\":\"BreadcrumbList\",\"@id\":\"https:\/\/chacamelia.com\/catalogue\/kombucha\/kombu-viva-green\/#breadcrumb\",\"itemListElement\":[{\"@type\":\"ListItem\",\"position\":1,\"name\":\"Home\",\"item\":\"https:\/\/chacamelia.com\/es\/\"},{\"@type\":\"ListItem\",\"position\":2,\"name\":\"Tienda Online &#8211; T\u00e9s\",\"item\":\"https:\/\/chacamelia.com\/es\/tienda-online-tes\/\"},{\"@type\":\"ListItem\",\"position\":3,\"name\":\"Kombu Viva Green\"}]},{\"@type\":\"WebSite\",\"@id\":\"https:\/\/chacamelia.com\/#website\",\"url\":\"https:\/\/chacamelia.com\/\",\"name\":\"Ch\u00e1 Cam\u00e9lia\",\"description\":\"M\u00e1s que una bebida, una actitud\",\"publisher\":{\"@id\":\"https:\/\/chacamelia.com\/#organization\"},\"potentialAction\":[{\"@type\":\"SearchAction\",\"target\":{\"@type\":\"EntryPoint\",\"urlTemplate\":\"https:\/\/chacamelia.com\/?s={search_term_string}\"},\"query-input\":{\"@type\":\"PropertyValueSpecification\",\"valueRequired\":true,\"valueName\":\"search_term_string\"}}],\"inLanguage\":\"es\"},{\"@type\":\"Organization\",\"@id\":\"https:\/\/chacamelia.com\/#organization\",\"name\":\"Ch\u00e1 Cam\u00e9lia\",\"url\":\"https:\/\/chacamelia.com\/\",\"logo\":{\"@type\":\"ImageObject\",\"inLanguage\":\"es\",\"@id\":\"https:\/\/chacamelia.com\/#\/schema\/logo\/image\/\",\"url\":\"https:\/\/chacamelia.com\/admin\/wp-content\/uploads\/2015\/06\/Logotipo.jpg\",\"contentUrl\":\"https:\/\/chacamelia.com\/admin\/wp-content\/uploads\/2015\/06\/Logotipo.jpg\",\"width\":289,\"height\":289,\"caption\":\"Ch\u00e1 Cam\u00e9lia\"},\"image\":{\"@id\":\"https:\/\/chacamelia.com\/#\/schema\/logo\/image\/\"}}]}<\/script>\n<!-- \/ Yoast SEO plugin. -->","yoast_head_json":{"title":"Kombu Viva Green - Comprar Kombucha en l\u00ednea - Ch\u00e1 Cam\u00e9lia","description":"KOMBU VIVA GREEN KOMBUCHA ARTESANAL, BIOL\u00d3GICA &amp; FERMENTACI\u00d3N NATURAL KOMBU VIVA GREEN KOMBUCHA ARTESANAL, BIOL\u00d3GICA & FERMENTACI\u00d3N NATURAL","robots":{"index":"index","follow":"follow","max-snippet":"max-snippet:-1","max-image-preview":"max-image-preview:large","max-video-preview":"max-video-preview:-1"},"canonical":"https:\/\/chacamelia.com\/catalogue\/kombucha\/kombu-viva-green\/","og_locale":"es_ES","og_type":"article","og_title":"Kombu Viva Green - Comprar Kombucha en l\u00ednea - Ch\u00e1 Cam\u00e9lia","og_description":"KOMBU VIVA GREEN KOMBUCHA ARTESANAL, BIOL\u00d3GICA &amp; FERMENTACI\u00d3N NATURAL KOMBU VIVA GREEN KOMBUCHA ARTESANAL, BIOL\u00d3GICA & FERMENTACI\u00d3N NATURAL","og_url":"https:\/\/chacamelia.com\/catalogue\/kombucha\/kombu-viva-green\/","og_site_name":"Ch\u00e1 Cam\u00e9lia","article_modified_time":"2024-05-14T13:24:03+00:00","og_image":[{"width":1200,"height":1200,"url":"https:\/\/chacamelia.com\/admin\/wp-content\/uploads\/2021\/11\/kombuviva_green.jpg","type":"image\/jpeg"}],"twitter_card":"summary_large_image","twitter_misc":{"Tiempo de lectura":"1 minuto"},"schema":{"@context":"https:\/\/schema.org","@graph":[{"@type":"WebPage","@id":"https:\/\/chacamelia.com\/catalogue\/kombucha\/kombu-viva-green\/","url":"https:\/\/chacamelia.com\/catalogue\/kombucha\/kombu-viva-green\/","name":"Kombu Viva Green - Comprar Kombucha en l\u00ednea - Ch\u00e1 Cam\u00e9lia","isPartOf":{"@id":"https:\/\/chacamelia.com\/#website"},"primaryImageOfPage":{"@id":"https:\/\/chacamelia.com\/catalogue\/kombucha\/kombu-viva-green\/#primaryimage"},"image":{"@id":"https:\/\/chacamelia.com\/catalogue\/kombucha\/kombu-viva-green\/#primaryimage"},"thumbnailUrl":"https:\/\/chacamelia.com\/admin\/wp-content\/uploads\/2021\/11\/kombuviva_green.jpg","datePublished":"2021-11-29T12:40:24+00:00","dateModified":"2024-05-14T13:24:03+00:00","description":"KOMBU VIVA GREEN KOMBUCHA ARTESANAL, BIOL\u00d3GICA &amp; FERMENTACI\u00d3N NATURAL KOMBU VIVA GREEN KOMBUCHA ARTESANAL, BIOL\u00d3GICA & FERMENTACI\u00d3N NATURAL","breadcrumb":{"@id":"https:\/\/chacamelia.com\/catalogue\/kombucha\/kombu-viva-green\/#breadcrumb"},"inLanguage":"es","potentialAction":[{"@type":"ReadAction","target":["https:\/\/chacamelia.com\/catalogue\/kombucha\/kombu-viva-green\/"]}]},{"@type":"ImageObject","inLanguage":"es","@id":"https:\/\/chacamelia.com\/catalogue\/kombucha\/kombu-viva-green\/#primaryimage","url":"https:\/\/chacamelia.com\/admin\/wp-content\/uploads\/2021\/11\/kombuviva_green.jpg","contentUrl":"https:\/\/chacamelia.com\/admin\/wp-content\/uploads\/2021\/11\/kombuviva_green.jpg","width":1200,"height":1200},{"@type":"BreadcrumbList","@id":"https:\/\/chacamelia.com\/catalogue\/kombucha\/kombu-viva-green\/#breadcrumb","itemListElement":[{"@type":"ListItem","position":1,"name":"Home","item":"https:\/\/chacamelia.com\/es\/"},{"@type":"ListItem","position":2,"name":"Tienda Online &#8211; T\u00e9s","item":"https:\/\/chacamelia.com\/es\/tienda-online-tes\/"},{"@type":"ListItem","position":3,"name":"Kombu Viva Green"}]},{"@type":"WebSite","@id":"https:\/\/chacamelia.com\/#website","url":"https:\/\/chacamelia.com\/","name":"Ch\u00e1 Cam\u00e9lia","description":"M\u00e1s que una bebida, una actitud","publisher":{"@id":"https:\/\/chacamelia.com\/#organization"},"potentialAction":[{"@type":"SearchAction","target":{"@type":"EntryPoint","urlTemplate":"https:\/\/chacamelia.com\/?s={search_term_string}"},"query-input":{"@type":"PropertyValueSpecification","valueRequired":true,"valueName":"search_term_string"}}],"inLanguage":"es"},{"@type":"Organization","@id":"https:\/\/chacamelia.com\/#organization","name":"Ch\u00e1 Cam\u00e9lia","url":"https:\/\/chacamelia.com\/","logo":{"@type":"ImageObject","inLanguage":"es","@id":"https:\/\/chacamelia.com\/#\/schema\/logo\/image\/","url":"https:\/\/chacamelia.com\/admin\/wp-content\/uploads\/2015\/06\/Logotipo.jpg","contentUrl":"https:\/\/chacamelia.com\/admin\/wp-content\/uploads\/2015\/06\/Logotipo.jpg","width":289,"height":289,"caption":"Ch\u00e1 Cam\u00e9lia"},"image":{"@id":"https:\/\/chacamelia.com\/#\/schema\/logo\/image\/"}}]}},"_links":{"self":[{"href":"https:\/\/chacamelia.com\/es\/wp-json\/wp\/v2\/product\/12650","targetHints":{"allow":["GET"]}}],"collection":[{"href":"https:\/\/chacamelia.com\/es\/wp-json\/wp\/v2\/product"}],"about":[{"href":"https:\/\/chacamelia.com\/es\/wp-json\/wp\/v2\/types\/product"}],"wp:featuredmedia":[{"embeddable":true,"href":"https:\/\/chacamelia.com\/es\/wp-json\/wp\/v2\/media\/14079"}],"wp:attachment":[{"href":"https:\/\/chacamelia.com\/es\/wp-json\/wp\/v2\/media?parent=12650"}],"wp:term":[{"taxonomy":"product_brand","embeddable":true,"href":"https:\/\/chacamelia.com\/es\/wp-json\/wp\/v2\/product_brand?post=12650"},{"taxonomy":"product_cat","embeddable":true,"href":"https:\/\/chacamelia.com\/es\/wp-json\/wp\/v2\/product_cat?post=12650"},{"taxonomy":"product_tag","embeddable":true,"href":"https:\/\/chacamelia.com\/es\/wp-json\/wp\/v2\/product_tag?post=12650"}],"curies":[{"name":"wp","href":"https:\/\/api.w.org\/{rel}","templated":true}]}}