{"id":12646,"date":"2021-11-29T12:32:00","date_gmt":"2021-11-29T12:32:00","guid":{"rendered":"https:\/\/chacamelia.com\/catalogue\/sin%20categorizar\/kombu-viva-rose\/"},"modified":"2024-05-14T12:49:44","modified_gmt":"2024-05-14T12:49:44","slug":"kombu-viva-rose","status":"publish","type":"product","link":"https:\/\/chacamelia.com\/es\/catalogue\/kombucha-es\/kombu-viva-rose\/","title":{"rendered":"Kombu Viva Ros\u00e9"},"content":{"rendered":"<p>Kombu Viva Ros\u00e9 marca el inicio de una asociaci\u00f3n feliz que une tres proyectos apasionados por la calidad.\u00a0\u00a0Homelab, que desde su inicio elabora sus Kombuchas de peque\u00f1a producci\u00f3n familiar a base de los t\u00e9s biol\u00f3gicos Ch\u00e1 Cam\u00e9lia, y Niepoort con su linea de vinos naturales Nat\u00b4Cool. Kombu Viva Ros\u00e9 naci\u00f3 de un encuentro en la plantaci\u00f3n de Cam\u00e9lia donde junto al t\u00e9 son tambi\u00e9n cultivadas rosas destinadas al campo culinario. Los aromas y colores de la plantaci\u00f3n fueron la inspiraci\u00f3n para esta edici\u00f3n limitada de Kombucha natural de rosas portuguesas. Una linda bebida para celebrar momentos especiales<\/p>\n<p>&nbsp;<\/p>\n<p>Aromas delicados de rosas con toque c\u00edtrico y refrescante, sin cafe\u00edna<\/p>\n<p>&nbsp;<\/p>\n<p>Botella de 1 litro<\/p>\n<p>&nbsp;<\/p>\n<p><img loading=\"lazy\" decoding=\"async\" class=\"alignnone wp-image-12905\" src=\"https:\/\/chacamelia.com\/admin\/wp-content\/uploads\/2015\/06\/eu_organic_logo_colour_outerline_rgb-280x186.jpg\" alt=\"\" width=\"101\" height=\"67\" \/><\/p>\n<p class=\"p1\">AGRICULTURA UE &#8211; NO UE \/ PT-BIO-04<\/p>\n<p>Este producto s\u00f3lo se env\u00eda a Portugal y Espa\u00f1a<\/p>\n","protected":false},"excerpt":{"rendered":"<p class=\"p1\">KOMBU VIVA ROS\u00c9 KOMBUCHA ARTESANAL, BIOL\u00d3GICA &amp; FERMENTACI\u00d3N NATURAL<\/p>\n","protected":false},"featured_media":12635,"template":"","meta":{"_acf_changed":false},"product_brand":[],"product_cat":[1276],"product_tag":[1279],"class_list":{"0":"post-12646","1":"product","2":"type-product","3":"status-publish","4":"has-post-thumbnail","6":"product_cat-kombucha-es","7":"product_tag-kombucha-es","8":"product_shipping_class-solo-pt-y-es","10":"first","11":"instock","12":"taxable","13":"shipping-taxable","14":"purchasable","15":"product-type-simple"},"group_of_quantity":0,"min_quantity":0,"max_quantity":"","exclude_order_quantity_value_rules":"no","exclude_category_quantity_rules":"no","combine_variations":"no","acf":[],"yoast_head":"<!-- This site is optimized with the Yoast SEO plugin v27.1.1 - https:\/\/yoast.com\/product\/yoast-seo-wordpress\/ -->\n<title>Kombu Viva Ros\u00e9 - Comprar Kombucha en l\u00ednea - Ch\u00e1 Cam\u00e9lia<\/title>\n<meta name=\"description\" content=\"KOMBU VIVA ROS\u00c9 KOMBUCHA ARTESANAL, BIOL\u00d3GICA &amp; FERMENTACI\u00d3N NATURAL KOMBU VIVA ROS\u00c9 KOMBUCHA ARTESANAL, BIOL\u00d3GICA &amp; FERMENTACI\u00d3N NATURAL\" \/>\n<meta name=\"robots\" content=\"index, follow, max-snippet:-1, max-image-preview:large, max-video-preview:-1\" \/>\n<link rel=\"canonical\" href=\"https:\/\/chacamelia.com\/catalogue\/kombucha\/kombu-viva-rose\/\" \/>\n<meta property=\"og:locale\" content=\"es_ES\" \/>\n<meta property=\"og:type\" content=\"article\" \/>\n<meta property=\"og:title\" content=\"Kombu Viva Ros\u00e9 - Comprar Kombucha en l\u00ednea - Ch\u00e1 Cam\u00e9lia\" \/>\n<meta property=\"og:description\" content=\"KOMBU VIVA ROS\u00c9 KOMBUCHA ARTESANAL, BIOL\u00d3GICA &amp; FERMENTACI\u00d3N NATURAL KOMBU VIVA ROS\u00c9 KOMBUCHA ARTESANAL, BIOL\u00d3GICA &amp; FERMENTACI\u00d3N NATURAL\" \/>\n<meta property=\"og:url\" content=\"https:\/\/chacamelia.com\/catalogue\/kombucha\/kombu-viva-rose\/\" \/>\n<meta property=\"og:site_name\" content=\"Ch\u00e1 Cam\u00e9lia\" \/>\n<meta property=\"article:modified_time\" content=\"2024-05-14T12:49:44+00:00\" \/>\n<meta property=\"og:image\" content=\"https:\/\/chacamelia.com\/admin\/wp-content\/uploads\/2021\/11\/kombu-viva-rose-1-1200.jpg\" \/>\n\t<meta property=\"og:image:width\" content=\"1200\" \/>\n\t<meta property=\"og:image:height\" content=\"1200\" \/>\n\t<meta property=\"og:image:type\" content=\"image\/jpeg\" \/>\n<meta name=\"twitter:card\" content=\"summary_large_image\" \/>\n<meta name=\"twitter:label1\" content=\"Tiempo de lectura\" \/>\n\t<meta name=\"twitter:data1\" content=\"1 minuto\" \/>\n<script type=\"application\/ld+json\" class=\"yoast-schema-graph\">{\"@context\":\"https:\/\/schema.org\",\"@graph\":[{\"@type\":\"WebPage\",\"@id\":\"https:\/\/chacamelia.com\/catalogue\/kombucha\/kombu-viva-rose\/\",\"url\":\"https:\/\/chacamelia.com\/catalogue\/kombucha\/kombu-viva-rose\/\",\"name\":\"Kombu Viva Ros\u00e9 - Comprar Kombucha en l\u00ednea - Ch\u00e1 Cam\u00e9lia\",\"isPartOf\":{\"@id\":\"https:\/\/chacamelia.com\/#website\"},\"primaryImageOfPage\":{\"@id\":\"https:\/\/chacamelia.com\/catalogue\/kombucha\/kombu-viva-rose\/#primaryimage\"},\"image\":{\"@id\":\"https:\/\/chacamelia.com\/catalogue\/kombucha\/kombu-viva-rose\/#primaryimage\"},\"thumbnailUrl\":\"https:\/\/chacamelia.com\/admin\/wp-content\/uploads\/2021\/11\/kombu-viva-rose-1-1200.jpg\",\"datePublished\":\"2021-11-29T12:32:00+00:00\",\"dateModified\":\"2024-05-14T12:49:44+00:00\",\"description\":\"KOMBU VIVA ROS\u00c9 KOMBUCHA ARTESANAL, BIOL\u00d3GICA &amp; FERMENTACI\u00d3N NATURAL KOMBU VIVA ROS\u00c9 KOMBUCHA ARTESANAL, BIOL\u00d3GICA & FERMENTACI\u00d3N NATURAL\",\"breadcrumb\":{\"@id\":\"https:\/\/chacamelia.com\/catalogue\/kombucha\/kombu-viva-rose\/#breadcrumb\"},\"inLanguage\":\"es\",\"potentialAction\":[{\"@type\":\"ReadAction\",\"target\":[\"https:\/\/chacamelia.com\/catalogue\/kombucha\/kombu-viva-rose\/\"]}]},{\"@type\":\"ImageObject\",\"inLanguage\":\"es\",\"@id\":\"https:\/\/chacamelia.com\/catalogue\/kombucha\/kombu-viva-rose\/#primaryimage\",\"url\":\"https:\/\/chacamelia.com\/admin\/wp-content\/uploads\/2021\/11\/kombu-viva-rose-1-1200.jpg\",\"contentUrl\":\"https:\/\/chacamelia.com\/admin\/wp-content\/uploads\/2021\/11\/kombu-viva-rose-1-1200.jpg\",\"width\":1200,\"height\":1200},{\"@type\":\"BreadcrumbList\",\"@id\":\"https:\/\/chacamelia.com\/catalogue\/kombucha\/kombu-viva-rose\/#breadcrumb\",\"itemListElement\":[{\"@type\":\"ListItem\",\"position\":1,\"name\":\"Home\",\"item\":\"https:\/\/chacamelia.com\/es\/\"},{\"@type\":\"ListItem\",\"position\":2,\"name\":\"Tienda Online &#8211; T\u00e9s\",\"item\":\"https:\/\/chacamelia.com\/es\/tienda-online-tes\/\"},{\"@type\":\"ListItem\",\"position\":3,\"name\":\"Kombu Viva Ros\u00e9\"}]},{\"@type\":\"WebSite\",\"@id\":\"https:\/\/chacamelia.com\/#website\",\"url\":\"https:\/\/chacamelia.com\/\",\"name\":\"Ch\u00e1 Cam\u00e9lia\",\"description\":\"M\u00e1s que una bebida, una actitud\",\"publisher\":{\"@id\":\"https:\/\/chacamelia.com\/#organization\"},\"potentialAction\":[{\"@type\":\"SearchAction\",\"target\":{\"@type\":\"EntryPoint\",\"urlTemplate\":\"https:\/\/chacamelia.com\/?s={search_term_string}\"},\"query-input\":{\"@type\":\"PropertyValueSpecification\",\"valueRequired\":true,\"valueName\":\"search_term_string\"}}],\"inLanguage\":\"es\"},{\"@type\":\"Organization\",\"@id\":\"https:\/\/chacamelia.com\/#organization\",\"name\":\"Ch\u00e1 Cam\u00e9lia\",\"url\":\"https:\/\/chacamelia.com\/\",\"logo\":{\"@type\":\"ImageObject\",\"inLanguage\":\"es\",\"@id\":\"https:\/\/chacamelia.com\/#\/schema\/logo\/image\/\",\"url\":\"https:\/\/chacamelia.com\/admin\/wp-content\/uploads\/2015\/06\/Logotipo.jpg\",\"contentUrl\":\"https:\/\/chacamelia.com\/admin\/wp-content\/uploads\/2015\/06\/Logotipo.jpg\",\"width\":289,\"height\":289,\"caption\":\"Ch\u00e1 Cam\u00e9lia\"},\"image\":{\"@id\":\"https:\/\/chacamelia.com\/#\/schema\/logo\/image\/\"}}]}<\/script>\n<!-- \/ Yoast SEO plugin. -->","yoast_head_json":{"title":"Kombu Viva Ros\u00e9 - Comprar Kombucha en l\u00ednea - Ch\u00e1 Cam\u00e9lia","description":"KOMBU VIVA ROS\u00c9 KOMBUCHA ARTESANAL, BIOL\u00d3GICA &amp; FERMENTACI\u00d3N NATURAL KOMBU VIVA ROS\u00c9 KOMBUCHA ARTESANAL, BIOL\u00d3GICA & FERMENTACI\u00d3N NATURAL","robots":{"index":"index","follow":"follow","max-snippet":"max-snippet:-1","max-image-preview":"max-image-preview:large","max-video-preview":"max-video-preview:-1"},"canonical":"https:\/\/chacamelia.com\/catalogue\/kombucha\/kombu-viva-rose\/","og_locale":"es_ES","og_type":"article","og_title":"Kombu Viva Ros\u00e9 - Comprar Kombucha en l\u00ednea - Ch\u00e1 Cam\u00e9lia","og_description":"KOMBU VIVA ROS\u00c9 KOMBUCHA ARTESANAL, BIOL\u00d3GICA &amp; FERMENTACI\u00d3N NATURAL KOMBU VIVA ROS\u00c9 KOMBUCHA ARTESANAL, BIOL\u00d3GICA & FERMENTACI\u00d3N NATURAL","og_url":"https:\/\/chacamelia.com\/catalogue\/kombucha\/kombu-viva-rose\/","og_site_name":"Ch\u00e1 Cam\u00e9lia","article_modified_time":"2024-05-14T12:49:44+00:00","og_image":[{"width":1200,"height":1200,"url":"https:\/\/chacamelia.com\/admin\/wp-content\/uploads\/2021\/11\/kombu-viva-rose-1-1200.jpg","type":"image\/jpeg"}],"twitter_card":"summary_large_image","twitter_misc":{"Tiempo de lectura":"1 minuto"},"schema":{"@context":"https:\/\/schema.org","@graph":[{"@type":"WebPage","@id":"https:\/\/chacamelia.com\/catalogue\/kombucha\/kombu-viva-rose\/","url":"https:\/\/chacamelia.com\/catalogue\/kombucha\/kombu-viva-rose\/","name":"Kombu Viva Ros\u00e9 - Comprar Kombucha en l\u00ednea - Ch\u00e1 Cam\u00e9lia","isPartOf":{"@id":"https:\/\/chacamelia.com\/#website"},"primaryImageOfPage":{"@id":"https:\/\/chacamelia.com\/catalogue\/kombucha\/kombu-viva-rose\/#primaryimage"},"image":{"@id":"https:\/\/chacamelia.com\/catalogue\/kombucha\/kombu-viva-rose\/#primaryimage"},"thumbnailUrl":"https:\/\/chacamelia.com\/admin\/wp-content\/uploads\/2021\/11\/kombu-viva-rose-1-1200.jpg","datePublished":"2021-11-29T12:32:00+00:00","dateModified":"2024-05-14T12:49:44+00:00","description":"KOMBU VIVA ROS\u00c9 KOMBUCHA ARTESANAL, BIOL\u00d3GICA &amp; FERMENTACI\u00d3N NATURAL KOMBU VIVA ROS\u00c9 KOMBUCHA ARTESANAL, BIOL\u00d3GICA & FERMENTACI\u00d3N NATURAL","breadcrumb":{"@id":"https:\/\/chacamelia.com\/catalogue\/kombucha\/kombu-viva-rose\/#breadcrumb"},"inLanguage":"es","potentialAction":[{"@type":"ReadAction","target":["https:\/\/chacamelia.com\/catalogue\/kombucha\/kombu-viva-rose\/"]}]},{"@type":"ImageObject","inLanguage":"es","@id":"https:\/\/chacamelia.com\/catalogue\/kombucha\/kombu-viva-rose\/#primaryimage","url":"https:\/\/chacamelia.com\/admin\/wp-content\/uploads\/2021\/11\/kombu-viva-rose-1-1200.jpg","contentUrl":"https:\/\/chacamelia.com\/admin\/wp-content\/uploads\/2021\/11\/kombu-viva-rose-1-1200.jpg","width":1200,"height":1200},{"@type":"BreadcrumbList","@id":"https:\/\/chacamelia.com\/catalogue\/kombucha\/kombu-viva-rose\/#breadcrumb","itemListElement":[{"@type":"ListItem","position":1,"name":"Home","item":"https:\/\/chacamelia.com\/es\/"},{"@type":"ListItem","position":2,"name":"Tienda Online &#8211; T\u00e9s","item":"https:\/\/chacamelia.com\/es\/tienda-online-tes\/"},{"@type":"ListItem","position":3,"name":"Kombu Viva Ros\u00e9"}]},{"@type":"WebSite","@id":"https:\/\/chacamelia.com\/#website","url":"https:\/\/chacamelia.com\/","name":"Ch\u00e1 Cam\u00e9lia","description":"M\u00e1s que una bebida, una actitud","publisher":{"@id":"https:\/\/chacamelia.com\/#organization"},"potentialAction":[{"@type":"SearchAction","target":{"@type":"EntryPoint","urlTemplate":"https:\/\/chacamelia.com\/?s={search_term_string}"},"query-input":{"@type":"PropertyValueSpecification","valueRequired":true,"valueName":"search_term_string"}}],"inLanguage":"es"},{"@type":"Organization","@id":"https:\/\/chacamelia.com\/#organization","name":"Ch\u00e1 Cam\u00e9lia","url":"https:\/\/chacamelia.com\/","logo":{"@type":"ImageObject","inLanguage":"es","@id":"https:\/\/chacamelia.com\/#\/schema\/logo\/image\/","url":"https:\/\/chacamelia.com\/admin\/wp-content\/uploads\/2015\/06\/Logotipo.jpg","contentUrl":"https:\/\/chacamelia.com\/admin\/wp-content\/uploads\/2015\/06\/Logotipo.jpg","width":289,"height":289,"caption":"Ch\u00e1 Cam\u00e9lia"},"image":{"@id":"https:\/\/chacamelia.com\/#\/schema\/logo\/image\/"}}]}},"_links":{"self":[{"href":"https:\/\/chacamelia.com\/es\/wp-json\/wp\/v2\/product\/12646","targetHints":{"allow":["GET"]}}],"collection":[{"href":"https:\/\/chacamelia.com\/es\/wp-json\/wp\/v2\/product"}],"about":[{"href":"https:\/\/chacamelia.com\/es\/wp-json\/wp\/v2\/types\/product"}],"wp:featuredmedia":[{"embeddable":true,"href":"https:\/\/chacamelia.com\/es\/wp-json\/wp\/v2\/media\/12635"}],"wp:attachment":[{"href":"https:\/\/chacamelia.com\/es\/wp-json\/wp\/v2\/media?parent=12646"}],"wp:term":[{"taxonomy":"product_brand","embeddable":true,"href":"https:\/\/chacamelia.com\/es\/wp-json\/wp\/v2\/product_brand?post=12646"},{"taxonomy":"product_cat","embeddable":true,"href":"https:\/\/chacamelia.com\/es\/wp-json\/wp\/v2\/product_cat?post=12646"},{"taxonomy":"product_tag","embeddable":true,"href":"https:\/\/chacamelia.com\/es\/wp-json\/wp\/v2\/product_tag?post=12646"}],"curies":[{"name":"wp","href":"https:\/\/api.w.org\/{rel}","templated":true}]}}