{"id":12455,"date":"2021-10-15T14:03:20","date_gmt":"2021-10-15T14:03:20","guid":{"rendered":"https:\/\/chacamelia.com\/catalogue\/sin%20categorizar\/sementes-planta-de-cha-100\/"},"modified":"2022-03-30T00:20:28","modified_gmt":"2022-03-30T00:20:28","slug":"semillas-planta-de-te-100","status":"publish","type":"product","link":"https:\/\/chacamelia.com\/es\/catalogue\/semillas\/semillas-planta-de-te-100\/","title":{"rendered":"Semillas planta de t\u00e9 100"},"content":{"rendered":"<p>100 semillas de nuestras plantas de t\u00e9 org\u00e1nicas (Camellia sinensis) con instrucciones sobre c\u00f3mo plantarlas.<\/p>\n<p>Mayores cantidades de semillas disponibles &#8211; cont\u00e1ctenos por correo electr\u00f3nico: info@chacamelia.com<\/p>\n<p>&nbsp;<\/p>\n<p><img loading=\"lazy\" decoding=\"async\" class=\"alignnone wp-image-12905\" src=\"https:\/\/chacamelia.com\/admin\/wp-content\/uploads\/2015\/06\/eu_organic_logo_colour_outerline_rgb-280x186.jpg\" alt=\"\" width=\"101\" height=\"67\" \/><\/p>\n<p class=\"p1\">AGRICULTURA UE \/ PT-BIO-04<\/p>\n","protected":false},"excerpt":{"rendered":"<p>Semillas planta de t\u00e9 (<em>Camellia sinensis<\/em>) org\u00e1nicas<\/p>\n","protected":false},"featured_media":12439,"template":"","meta":{"_acf_changed":false},"product_brand":[],"product_cat":[1290],"product_tag":[],"class_list":{"0":"post-12455","1":"product","2":"type-product","3":"status-publish","4":"has-post-thumbnail","6":"product_cat-semillas","8":"first","9":"outofstock","10":"taxable","11":"shipping-taxable","12":"purchasable","13":"product-type-simple"},"group_of_quantity":0,"min_quantity":0,"max_quantity":"","exclude_order_quantity_value_rules":"no","exclude_category_quantity_rules":"no","combine_variations":"no","acf":[],"yoast_head":"<!-- This site is optimized with the Yoast SEO plugin v27.1.1 - https:\/\/yoast.com\/product\/yoast-seo-wordpress\/ -->\n<title>Semillas planta de t\u00e9 100 - Comprar Semillas en l\u00ednea - Ch\u00e1 Cam\u00e9lia<\/title>\n<meta name=\"description\" content=\"Semillas planta de t\u00e9 (Camellia sinensis) org\u00e1nicas Semillas planta de t\u00e9 (Camellia sinensis) org\u00e1nicas\" \/>\n<meta name=\"robots\" content=\"index, follow, max-snippet:-1, max-image-preview:large, max-video-preview:-1\" \/>\n<link rel=\"canonical\" href=\"https:\/\/chacamelia.com\/catalogue\/sementes\/sementes-planta-de-cha-100\/\" \/>\n<meta property=\"og:locale\" content=\"es_ES\" \/>\n<meta property=\"og:type\" content=\"article\" \/>\n<meta property=\"og:title\" content=\"Semillas planta de t\u00e9 100 - Comprar Semillas en l\u00ednea - Ch\u00e1 Cam\u00e9lia\" \/>\n<meta property=\"og:description\" content=\"Semillas planta de t\u00e9 (Camellia sinensis) org\u00e1nicas Semillas planta de t\u00e9 (Camellia sinensis) org\u00e1nicas\" \/>\n<meta property=\"og:url\" content=\"https:\/\/chacamelia.com\/catalogue\/sementes\/sementes-planta-de-cha-100\/\" \/>\n<meta property=\"og:site_name\" content=\"Ch\u00e1 Cam\u00e9lia\" \/>\n<meta property=\"article:modified_time\" content=\"2022-03-30T00:20:28+00:00\" \/>\n<meta property=\"og:image\" content=\"https:\/\/chacamelia.com\/admin\/wp-content\/uploads\/2021\/10\/sementes-muitos-2.jpeg\" \/>\n\t<meta property=\"og:image:width\" content=\"1512\" \/>\n\t<meta property=\"og:image:height\" content=\"2016\" \/>\n\t<meta property=\"og:image:type\" content=\"image\/jpeg\" \/>\n<meta name=\"twitter:card\" content=\"summary_large_image\" \/>\n<script type=\"application\/ld+json\" class=\"yoast-schema-graph\">{\"@context\":\"https:\/\/schema.org\",\"@graph\":[{\"@type\":\"WebPage\",\"@id\":\"https:\/\/chacamelia.com\/catalogue\/sementes\/sementes-planta-de-cha-100\/\",\"url\":\"https:\/\/chacamelia.com\/catalogue\/sementes\/sementes-planta-de-cha-100\/\",\"name\":\"Semillas planta de t\u00e9 100 - Comprar Semillas en l\u00ednea - Ch\u00e1 Cam\u00e9lia\",\"isPartOf\":{\"@id\":\"https:\/\/chacamelia.com\/#website\"},\"primaryImageOfPage\":{\"@id\":\"https:\/\/chacamelia.com\/catalogue\/sementes\/sementes-planta-de-cha-100\/#primaryimage\"},\"image\":{\"@id\":\"https:\/\/chacamelia.com\/catalogue\/sementes\/sementes-planta-de-cha-100\/#primaryimage\"},\"thumbnailUrl\":\"https:\/\/chacamelia.com\/admin\/wp-content\/uploads\/2021\/10\/sementes-muitos-2.jpeg\",\"datePublished\":\"2021-10-15T14:03:20+00:00\",\"dateModified\":\"2022-03-30T00:20:28+00:00\",\"description\":\"Semillas planta de t\u00e9 (Camellia sinensis) org\u00e1nicas Semillas planta de t\u00e9 (Camellia sinensis) org\u00e1nicas\",\"breadcrumb\":{\"@id\":\"https:\/\/chacamelia.com\/catalogue\/sementes\/sementes-planta-de-cha-100\/#breadcrumb\"},\"inLanguage\":\"es\",\"potentialAction\":[{\"@type\":\"ReadAction\",\"target\":[\"https:\/\/chacamelia.com\/catalogue\/sementes\/sementes-planta-de-cha-100\/\"]}]},{\"@type\":\"ImageObject\",\"inLanguage\":\"es\",\"@id\":\"https:\/\/chacamelia.com\/catalogue\/sementes\/sementes-planta-de-cha-100\/#primaryimage\",\"url\":\"https:\/\/chacamelia.com\/admin\/wp-content\/uploads\/2021\/10\/sementes-muitos-2.jpeg\",\"contentUrl\":\"https:\/\/chacamelia.com\/admin\/wp-content\/uploads\/2021\/10\/sementes-muitos-2.jpeg\",\"width\":1512,\"height\":2016},{\"@type\":\"BreadcrumbList\",\"@id\":\"https:\/\/chacamelia.com\/catalogue\/sementes\/sementes-planta-de-cha-100\/#breadcrumb\",\"itemListElement\":[{\"@type\":\"ListItem\",\"position\":1,\"name\":\"Home\",\"item\":\"https:\/\/chacamelia.com\/es\/\"},{\"@type\":\"ListItem\",\"position\":2,\"name\":\"Tienda Online &#8211; T\u00e9s\",\"item\":\"https:\/\/chacamelia.com\/es\/tienda-online-tes\/\"},{\"@type\":\"ListItem\",\"position\":3,\"name\":\"Semillas planta de t\u00e9 100\"}]},{\"@type\":\"WebSite\",\"@id\":\"https:\/\/chacamelia.com\/#website\",\"url\":\"https:\/\/chacamelia.com\/\",\"name\":\"Ch\u00e1 Cam\u00e9lia\",\"description\":\"M\u00e1s que una bebida, una actitud\",\"publisher\":{\"@id\":\"https:\/\/chacamelia.com\/#organization\"},\"potentialAction\":[{\"@type\":\"SearchAction\",\"target\":{\"@type\":\"EntryPoint\",\"urlTemplate\":\"https:\/\/chacamelia.com\/?s={search_term_string}\"},\"query-input\":{\"@type\":\"PropertyValueSpecification\",\"valueRequired\":true,\"valueName\":\"search_term_string\"}}],\"inLanguage\":\"es\"},{\"@type\":\"Organization\",\"@id\":\"https:\/\/chacamelia.com\/#organization\",\"name\":\"Ch\u00e1 Cam\u00e9lia\",\"url\":\"https:\/\/chacamelia.com\/\",\"logo\":{\"@type\":\"ImageObject\",\"inLanguage\":\"es\",\"@id\":\"https:\/\/chacamelia.com\/#\/schema\/logo\/image\/\",\"url\":\"https:\/\/chacamelia.com\/admin\/wp-content\/uploads\/2015\/06\/Logotipo.jpg\",\"contentUrl\":\"https:\/\/chacamelia.com\/admin\/wp-content\/uploads\/2015\/06\/Logotipo.jpg\",\"width\":289,\"height\":289,\"caption\":\"Ch\u00e1 Cam\u00e9lia\"},\"image\":{\"@id\":\"https:\/\/chacamelia.com\/#\/schema\/logo\/image\/\"}}]}<\/script>\n<!-- \/ Yoast SEO plugin. -->","yoast_head_json":{"title":"Semillas planta de t\u00e9 100 - Comprar Semillas en l\u00ednea - Ch\u00e1 Cam\u00e9lia","description":"Semillas planta de t\u00e9 (Camellia sinensis) org\u00e1nicas Semillas planta de t\u00e9 (Camellia sinensis) org\u00e1nicas","robots":{"index":"index","follow":"follow","max-snippet":"max-snippet:-1","max-image-preview":"max-image-preview:large","max-video-preview":"max-video-preview:-1"},"canonical":"https:\/\/chacamelia.com\/catalogue\/sementes\/sementes-planta-de-cha-100\/","og_locale":"es_ES","og_type":"article","og_title":"Semillas planta de t\u00e9 100 - Comprar Semillas en l\u00ednea - Ch\u00e1 Cam\u00e9lia","og_description":"Semillas planta de t\u00e9 (Camellia sinensis) org\u00e1nicas Semillas planta de t\u00e9 (Camellia sinensis) org\u00e1nicas","og_url":"https:\/\/chacamelia.com\/catalogue\/sementes\/sementes-planta-de-cha-100\/","og_site_name":"Ch\u00e1 Cam\u00e9lia","article_modified_time":"2022-03-30T00:20:28+00:00","og_image":[{"width":1512,"height":2016,"url":"https:\/\/chacamelia.com\/admin\/wp-content\/uploads\/2021\/10\/sementes-muitos-2.jpeg","type":"image\/jpeg"}],"twitter_card":"summary_large_image","schema":{"@context":"https:\/\/schema.org","@graph":[{"@type":"WebPage","@id":"https:\/\/chacamelia.com\/catalogue\/sementes\/sementes-planta-de-cha-100\/","url":"https:\/\/chacamelia.com\/catalogue\/sementes\/sementes-planta-de-cha-100\/","name":"Semillas planta de t\u00e9 100 - Comprar Semillas en l\u00ednea - Ch\u00e1 Cam\u00e9lia","isPartOf":{"@id":"https:\/\/chacamelia.com\/#website"},"primaryImageOfPage":{"@id":"https:\/\/chacamelia.com\/catalogue\/sementes\/sementes-planta-de-cha-100\/#primaryimage"},"image":{"@id":"https:\/\/chacamelia.com\/catalogue\/sementes\/sementes-planta-de-cha-100\/#primaryimage"},"thumbnailUrl":"https:\/\/chacamelia.com\/admin\/wp-content\/uploads\/2021\/10\/sementes-muitos-2.jpeg","datePublished":"2021-10-15T14:03:20+00:00","dateModified":"2022-03-30T00:20:28+00:00","description":"Semillas planta de t\u00e9 (Camellia sinensis) org\u00e1nicas Semillas planta de t\u00e9 (Camellia sinensis) org\u00e1nicas","breadcrumb":{"@id":"https:\/\/chacamelia.com\/catalogue\/sementes\/sementes-planta-de-cha-100\/#breadcrumb"},"inLanguage":"es","potentialAction":[{"@type":"ReadAction","target":["https:\/\/chacamelia.com\/catalogue\/sementes\/sementes-planta-de-cha-100\/"]}]},{"@type":"ImageObject","inLanguage":"es","@id":"https:\/\/chacamelia.com\/catalogue\/sementes\/sementes-planta-de-cha-100\/#primaryimage","url":"https:\/\/chacamelia.com\/admin\/wp-content\/uploads\/2021\/10\/sementes-muitos-2.jpeg","contentUrl":"https:\/\/chacamelia.com\/admin\/wp-content\/uploads\/2021\/10\/sementes-muitos-2.jpeg","width":1512,"height":2016},{"@type":"BreadcrumbList","@id":"https:\/\/chacamelia.com\/catalogue\/sementes\/sementes-planta-de-cha-100\/#breadcrumb","itemListElement":[{"@type":"ListItem","position":1,"name":"Home","item":"https:\/\/chacamelia.com\/es\/"},{"@type":"ListItem","position":2,"name":"Tienda Online &#8211; T\u00e9s","item":"https:\/\/chacamelia.com\/es\/tienda-online-tes\/"},{"@type":"ListItem","position":3,"name":"Semillas planta de t\u00e9 100"}]},{"@type":"WebSite","@id":"https:\/\/chacamelia.com\/#website","url":"https:\/\/chacamelia.com\/","name":"Ch\u00e1 Cam\u00e9lia","description":"M\u00e1s que una bebida, una actitud","publisher":{"@id":"https:\/\/chacamelia.com\/#organization"},"potentialAction":[{"@type":"SearchAction","target":{"@type":"EntryPoint","urlTemplate":"https:\/\/chacamelia.com\/?s={search_term_string}"},"query-input":{"@type":"PropertyValueSpecification","valueRequired":true,"valueName":"search_term_string"}}],"inLanguage":"es"},{"@type":"Organization","@id":"https:\/\/chacamelia.com\/#organization","name":"Ch\u00e1 Cam\u00e9lia","url":"https:\/\/chacamelia.com\/","logo":{"@type":"ImageObject","inLanguage":"es","@id":"https:\/\/chacamelia.com\/#\/schema\/logo\/image\/","url":"https:\/\/chacamelia.com\/admin\/wp-content\/uploads\/2015\/06\/Logotipo.jpg","contentUrl":"https:\/\/chacamelia.com\/admin\/wp-content\/uploads\/2015\/06\/Logotipo.jpg","width":289,"height":289,"caption":"Ch\u00e1 Cam\u00e9lia"},"image":{"@id":"https:\/\/chacamelia.com\/#\/schema\/logo\/image\/"}}]}},"_links":{"self":[{"href":"https:\/\/chacamelia.com\/es\/wp-json\/wp\/v2\/product\/12455","targetHints":{"allow":["GET"]}}],"collection":[{"href":"https:\/\/chacamelia.com\/es\/wp-json\/wp\/v2\/product"}],"about":[{"href":"https:\/\/chacamelia.com\/es\/wp-json\/wp\/v2\/types\/product"}],"wp:featuredmedia":[{"embeddable":true,"href":"https:\/\/chacamelia.com\/es\/wp-json\/wp\/v2\/media\/12439"}],"wp:attachment":[{"href":"https:\/\/chacamelia.com\/es\/wp-json\/wp\/v2\/media?parent=12455"}],"wp:term":[{"taxonomy":"product_brand","embeddable":true,"href":"https:\/\/chacamelia.com\/es\/wp-json\/wp\/v2\/product_brand?post=12455"},{"taxonomy":"product_cat","embeddable":true,"href":"https:\/\/chacamelia.com\/es\/wp-json\/wp\/v2\/product_cat?post=12455"},{"taxonomy":"product_tag","embeddable":true,"href":"https:\/\/chacamelia.com\/es\/wp-json\/wp\/v2\/product_tag?post=12455"}],"curies":[{"name":"wp","href":"https:\/\/api.w.org\/{rel}","templated":true}]}}