{"id":11507,"date":"2020-12-04T13:46:56","date_gmt":"2020-12-04T13:46:56","guid":{"rendered":"https:\/\/chacamelia.com\/catalogue\/sin%20categorizar\/eighty-degrees-vol-5\/"},"modified":"2020-12-04T16:13:45","modified_gmt":"2020-12-04T16:13:45","slug":"eighty-degrees-vol-5","status":"publish","type":"product","link":"https:\/\/chacamelia.com\/es\/catalogue\/accesorios\/companhia-es\/eighty-degrees-vol-5\/","title":{"rendered":"Eighty Degrees Vol 5"},"content":{"rendered":"<p>Eighty Degrees Vol 5 \u00e9 uma revista profunda relativa \u00e0 cultura do ch\u00e1, escrita em ingl\u00eas.<\/p>\n<p>&nbsp;<\/p>\n<p class=\"p1\"><span class=\"s1\">O ch\u00e1 \u00e9 um tema multifacetado e pode-se classificar os v\u00e1rios tipos de ch\u00e1 de acordo com in\u00fameras caracter\u00edsticas. Nesta edi\u00e7\u00e3o, veremos quatro dos ch\u00e1s chineses mais famosos e aclamados &#8211; os reis verdes da China.<\/span><\/p>\n<p>&nbsp;<\/p>\n<p class=\"p1\"><span class=\"s1\">James Hoffmann, o mago do caf\u00e9 com uma queda pelo ch\u00e1, ajuda-nos a dissecar a rivalidade entre os bebedores de caf\u00e9 e ch\u00e1 e a investigar o apelo de ambas as bebidas. <\/span><\/p>\n<p>&nbsp;<\/p>\n<p class=\"p1\"><span class=\"s1\">Cinco empresas falam-nos sobre a sua jornada atrav\u00e9s da pandemia atual e quais obst\u00e1culos e oportunidades encontraram.<\/span><\/p>\n<p>&nbsp;<\/p>\n<p class=\"p1\"><span class=\"s1\">Exploramos quais ch\u00e1s combinam com quais alimentos e com que rapidez os restaurantes podem aderir a uma carta de ch\u00e1s adequada.<\/span><\/p>\n<p>&nbsp;<\/p>\n<p class=\"p1\"><span class=\"s1\">Tomamos ch\u00e1 com um artes\u00e3o de metal de quinta gera\u00e7\u00e3o no cora\u00e7\u00e3o de Kyoto, visitamos uma equipa de renegados nos campos esquecidos de um pa\u00eds da ex-Uni\u00e3o Sovi\u00e9tica e descobrimos jardins de grande altitude nos Himalaias.<\/span><\/p>\n","protected":false},"excerpt":{"rendered":"<p><i>EIGHTY DEGREES<\/i> VOL 5 \u00c9 UMA REVISTA PROFUNDA RELATIVA \u00c0 CULTURA DO CH\u00c1.<\/p>\n","protected":false},"featured_media":11504,"template":"","meta":{"_acf_changed":false},"product_brand":[],"product_cat":[1220],"product_tag":[],"class_list":{"0":"post-11507","1":"product","2":"type-product","3":"status-publish","4":"has-post-thumbnail","6":"product_cat-companhia-es","8":"first","9":"instock","10":"taxable","11":"shipping-taxable","12":"purchasable","13":"product-type-simple"},"group_of_quantity":0,"min_quantity":0,"max_quantity":"","exclude_order_quantity_value_rules":"no","exclude_category_quantity_rules":"no","combine_variations":"no","acf":[],"yoast_head":"<!-- This site is optimized with the Yoast SEO plugin v27.1.1 - https:\/\/yoast.com\/product\/yoast-seo-wordpress\/ -->\n<title>Eighty Degrees Vol 5 - Comprar Compa\u00f1\u00eda en l\u00ednea - Ch\u00e1 Cam\u00e9lia<\/title>\n<meta name=\"description\" content=\"EIGHTY DEGREES VOL 5 \u00c9 UMA REVISTA PROFUNDA RELATIVA \u00c0 CULTURA DO CH\u00c1. EIGHTY DEGREES\u00a0VOL 1 \u00c9 UMA REVISTA PROFUNDA RELATIVA \u00c0 CULTURA DO CH\u00c1.\" \/>\n<meta name=\"robots\" content=\"index, follow, max-snippet:-1, max-image-preview:large, max-video-preview:-1\" \/>\n<link rel=\"canonical\" href=\"https:\/\/chacamelia.com\/catalogue\/acessorios\/companhia\/eighty-degrees-vol-5\/\" \/>\n<meta property=\"og:locale\" content=\"es_ES\" \/>\n<meta property=\"og:type\" content=\"article\" \/>\n<meta property=\"og:title\" content=\"Eighty Degrees Vol 5 - Comprar Compa\u00f1\u00eda en l\u00ednea - Ch\u00e1 Cam\u00e9lia\" \/>\n<meta property=\"og:description\" content=\"EIGHTY DEGREES VOL 5 \u00c9 UMA REVISTA PROFUNDA RELATIVA \u00c0 CULTURA DO CH\u00c1. EIGHTY DEGREES\u00a0VOL 1 \u00c9 UMA REVISTA PROFUNDA RELATIVA \u00c0 CULTURA DO CH\u00c1.\" \/>\n<meta property=\"og:url\" content=\"https:\/\/chacamelia.com\/catalogue\/acessorios\/companhia\/eighty-degrees-vol-5\/\" \/>\n<meta property=\"og:site_name\" content=\"Ch\u00e1 Cam\u00e9lia\" \/>\n<meta property=\"article:modified_time\" content=\"2020-12-04T16:13:45+00:00\" \/>\n<meta property=\"og:image\" content=\"https:\/\/chacamelia.com\/admin\/wp-content\/uploads\/2020\/12\/is-05-front-cover-small-1.jpeg\" \/>\n\t<meta property=\"og:image:width\" content=\"477\" \/>\n\t<meta property=\"og:image:height\" content=\"640\" \/>\n\t<meta property=\"og:image:type\" content=\"image\/jpeg\" \/>\n<meta name=\"twitter:card\" content=\"summary_large_image\" \/>\n<meta name=\"twitter:label1\" content=\"Tiempo de lectura\" \/>\n\t<meta name=\"twitter:data1\" content=\"1 minuto\" \/>\n<script type=\"application\/ld+json\" class=\"yoast-schema-graph\">{\"@context\":\"https:\/\/schema.org\",\"@graph\":[{\"@type\":\"WebPage\",\"@id\":\"https:\/\/chacamelia.com\/catalogue\/acessorios\/companhia\/eighty-degrees-vol-5\/\",\"url\":\"https:\/\/chacamelia.com\/catalogue\/acessorios\/companhia\/eighty-degrees-vol-5\/\",\"name\":\"Eighty Degrees Vol 5 - Comprar Compa\u00f1\u00eda en l\u00ednea - Ch\u00e1 Cam\u00e9lia\",\"isPartOf\":{\"@id\":\"https:\/\/chacamelia.com\/#website\"},\"primaryImageOfPage\":{\"@id\":\"https:\/\/chacamelia.com\/catalogue\/acessorios\/companhia\/eighty-degrees-vol-5\/#primaryimage\"},\"image\":{\"@id\":\"https:\/\/chacamelia.com\/catalogue\/acessorios\/companhia\/eighty-degrees-vol-5\/#primaryimage\"},\"thumbnailUrl\":\"https:\/\/chacamelia.com\/admin\/wp-content\/uploads\/2020\/12\/is-05-front-cover-small-1.jpeg\",\"datePublished\":\"2020-12-04T13:46:56+00:00\",\"dateModified\":\"2020-12-04T16:13:45+00:00\",\"description\":\"EIGHTY DEGREES VOL 5 \u00c9 UMA REVISTA PROFUNDA RELATIVA \u00c0 CULTURA DO CH\u00c1. EIGHTY DEGREES\u00a0VOL 1 \u00c9 UMA REVISTA PROFUNDA RELATIVA \u00c0 CULTURA DO CH\u00c1.\",\"breadcrumb\":{\"@id\":\"https:\/\/chacamelia.com\/catalogue\/acessorios\/companhia\/eighty-degrees-vol-5\/#breadcrumb\"},\"inLanguage\":\"es\",\"potentialAction\":[{\"@type\":\"ReadAction\",\"target\":[\"https:\/\/chacamelia.com\/catalogue\/acessorios\/companhia\/eighty-degrees-vol-5\/\"]}]},{\"@type\":\"ImageObject\",\"inLanguage\":\"es\",\"@id\":\"https:\/\/chacamelia.com\/catalogue\/acessorios\/companhia\/eighty-degrees-vol-5\/#primaryimage\",\"url\":\"https:\/\/chacamelia.com\/admin\/wp-content\/uploads\/2020\/12\/is-05-front-cover-small-1.jpeg\",\"contentUrl\":\"https:\/\/chacamelia.com\/admin\/wp-content\/uploads\/2020\/12\/is-05-front-cover-small-1.jpeg\",\"width\":477,\"height\":640},{\"@type\":\"BreadcrumbList\",\"@id\":\"https:\/\/chacamelia.com\/catalogue\/acessorios\/companhia\/eighty-degrees-vol-5\/#breadcrumb\",\"itemListElement\":[{\"@type\":\"ListItem\",\"position\":1,\"name\":\"Home\",\"item\":\"https:\/\/chacamelia.com\/es\/\"},{\"@type\":\"ListItem\",\"position\":2,\"name\":\"Tienda Online &#8211; T\u00e9s\",\"item\":\"https:\/\/chacamelia.com\/es\/tienda-online-tes\/\"},{\"@type\":\"ListItem\",\"position\":3,\"name\":\"Eighty Degrees Vol 5\"}]},{\"@type\":\"WebSite\",\"@id\":\"https:\/\/chacamelia.com\/#website\",\"url\":\"https:\/\/chacamelia.com\/\",\"name\":\"Ch\u00e1 Cam\u00e9lia\",\"description\":\"M\u00e1s que una bebida, una actitud\",\"publisher\":{\"@id\":\"https:\/\/chacamelia.com\/#organization\"},\"potentialAction\":[{\"@type\":\"SearchAction\",\"target\":{\"@type\":\"EntryPoint\",\"urlTemplate\":\"https:\/\/chacamelia.com\/?s={search_term_string}\"},\"query-input\":{\"@type\":\"PropertyValueSpecification\",\"valueRequired\":true,\"valueName\":\"search_term_string\"}}],\"inLanguage\":\"es\"},{\"@type\":\"Organization\",\"@id\":\"https:\/\/chacamelia.com\/#organization\",\"name\":\"Ch\u00e1 Cam\u00e9lia\",\"url\":\"https:\/\/chacamelia.com\/\",\"logo\":{\"@type\":\"ImageObject\",\"inLanguage\":\"es\",\"@id\":\"https:\/\/chacamelia.com\/#\/schema\/logo\/image\/\",\"url\":\"https:\/\/chacamelia.com\/admin\/wp-content\/uploads\/2015\/06\/Logotipo.jpg\",\"contentUrl\":\"https:\/\/chacamelia.com\/admin\/wp-content\/uploads\/2015\/06\/Logotipo.jpg\",\"width\":289,\"height\":289,\"caption\":\"Ch\u00e1 Cam\u00e9lia\"},\"image\":{\"@id\":\"https:\/\/chacamelia.com\/#\/schema\/logo\/image\/\"}}]}<\/script>\n<!-- \/ Yoast SEO plugin. -->","yoast_head_json":{"title":"Eighty Degrees Vol 5 - Comprar Compa\u00f1\u00eda en l\u00ednea - Ch\u00e1 Cam\u00e9lia","description":"EIGHTY DEGREES VOL 5 \u00c9 UMA REVISTA PROFUNDA RELATIVA \u00c0 CULTURA DO CH\u00c1. EIGHTY DEGREES\u00a0VOL 1 \u00c9 UMA REVISTA PROFUNDA RELATIVA \u00c0 CULTURA DO CH\u00c1.","robots":{"index":"index","follow":"follow","max-snippet":"max-snippet:-1","max-image-preview":"max-image-preview:large","max-video-preview":"max-video-preview:-1"},"canonical":"https:\/\/chacamelia.com\/catalogue\/acessorios\/companhia\/eighty-degrees-vol-5\/","og_locale":"es_ES","og_type":"article","og_title":"Eighty Degrees Vol 5 - Comprar Compa\u00f1\u00eda en l\u00ednea - Ch\u00e1 Cam\u00e9lia","og_description":"EIGHTY DEGREES VOL 5 \u00c9 UMA REVISTA PROFUNDA RELATIVA \u00c0 CULTURA DO CH\u00c1. EIGHTY DEGREES\u00a0VOL 1 \u00c9 UMA REVISTA PROFUNDA RELATIVA \u00c0 CULTURA DO CH\u00c1.","og_url":"https:\/\/chacamelia.com\/catalogue\/acessorios\/companhia\/eighty-degrees-vol-5\/","og_site_name":"Ch\u00e1 Cam\u00e9lia","article_modified_time":"2020-12-04T16:13:45+00:00","og_image":[{"width":477,"height":640,"url":"https:\/\/chacamelia.com\/admin\/wp-content\/uploads\/2020\/12\/is-05-front-cover-small-1.jpeg","type":"image\/jpeg"}],"twitter_card":"summary_large_image","twitter_misc":{"Tiempo de lectura":"1 minuto"},"schema":{"@context":"https:\/\/schema.org","@graph":[{"@type":"WebPage","@id":"https:\/\/chacamelia.com\/catalogue\/acessorios\/companhia\/eighty-degrees-vol-5\/","url":"https:\/\/chacamelia.com\/catalogue\/acessorios\/companhia\/eighty-degrees-vol-5\/","name":"Eighty Degrees Vol 5 - Comprar Compa\u00f1\u00eda en l\u00ednea - Ch\u00e1 Cam\u00e9lia","isPartOf":{"@id":"https:\/\/chacamelia.com\/#website"},"primaryImageOfPage":{"@id":"https:\/\/chacamelia.com\/catalogue\/acessorios\/companhia\/eighty-degrees-vol-5\/#primaryimage"},"image":{"@id":"https:\/\/chacamelia.com\/catalogue\/acessorios\/companhia\/eighty-degrees-vol-5\/#primaryimage"},"thumbnailUrl":"https:\/\/chacamelia.com\/admin\/wp-content\/uploads\/2020\/12\/is-05-front-cover-small-1.jpeg","datePublished":"2020-12-04T13:46:56+00:00","dateModified":"2020-12-04T16:13:45+00:00","description":"EIGHTY DEGREES VOL 5 \u00c9 UMA REVISTA PROFUNDA RELATIVA \u00c0 CULTURA DO CH\u00c1. EIGHTY DEGREES\u00a0VOL 1 \u00c9 UMA REVISTA PROFUNDA RELATIVA \u00c0 CULTURA DO CH\u00c1.","breadcrumb":{"@id":"https:\/\/chacamelia.com\/catalogue\/acessorios\/companhia\/eighty-degrees-vol-5\/#breadcrumb"},"inLanguage":"es","potentialAction":[{"@type":"ReadAction","target":["https:\/\/chacamelia.com\/catalogue\/acessorios\/companhia\/eighty-degrees-vol-5\/"]}]},{"@type":"ImageObject","inLanguage":"es","@id":"https:\/\/chacamelia.com\/catalogue\/acessorios\/companhia\/eighty-degrees-vol-5\/#primaryimage","url":"https:\/\/chacamelia.com\/admin\/wp-content\/uploads\/2020\/12\/is-05-front-cover-small-1.jpeg","contentUrl":"https:\/\/chacamelia.com\/admin\/wp-content\/uploads\/2020\/12\/is-05-front-cover-small-1.jpeg","width":477,"height":640},{"@type":"BreadcrumbList","@id":"https:\/\/chacamelia.com\/catalogue\/acessorios\/companhia\/eighty-degrees-vol-5\/#breadcrumb","itemListElement":[{"@type":"ListItem","position":1,"name":"Home","item":"https:\/\/chacamelia.com\/es\/"},{"@type":"ListItem","position":2,"name":"Tienda Online &#8211; T\u00e9s","item":"https:\/\/chacamelia.com\/es\/tienda-online-tes\/"},{"@type":"ListItem","position":3,"name":"Eighty Degrees Vol 5"}]},{"@type":"WebSite","@id":"https:\/\/chacamelia.com\/#website","url":"https:\/\/chacamelia.com\/","name":"Ch\u00e1 Cam\u00e9lia","description":"M\u00e1s que una bebida, una actitud","publisher":{"@id":"https:\/\/chacamelia.com\/#organization"},"potentialAction":[{"@type":"SearchAction","target":{"@type":"EntryPoint","urlTemplate":"https:\/\/chacamelia.com\/?s={search_term_string}"},"query-input":{"@type":"PropertyValueSpecification","valueRequired":true,"valueName":"search_term_string"}}],"inLanguage":"es"},{"@type":"Organization","@id":"https:\/\/chacamelia.com\/#organization","name":"Ch\u00e1 Cam\u00e9lia","url":"https:\/\/chacamelia.com\/","logo":{"@type":"ImageObject","inLanguage":"es","@id":"https:\/\/chacamelia.com\/#\/schema\/logo\/image\/","url":"https:\/\/chacamelia.com\/admin\/wp-content\/uploads\/2015\/06\/Logotipo.jpg","contentUrl":"https:\/\/chacamelia.com\/admin\/wp-content\/uploads\/2015\/06\/Logotipo.jpg","width":289,"height":289,"caption":"Ch\u00e1 Cam\u00e9lia"},"image":{"@id":"https:\/\/chacamelia.com\/#\/schema\/logo\/image\/"}}]}},"_links":{"self":[{"href":"https:\/\/chacamelia.com\/es\/wp-json\/wp\/v2\/product\/11507","targetHints":{"allow":["GET"]}}],"collection":[{"href":"https:\/\/chacamelia.com\/es\/wp-json\/wp\/v2\/product"}],"about":[{"href":"https:\/\/chacamelia.com\/es\/wp-json\/wp\/v2\/types\/product"}],"wp:featuredmedia":[{"embeddable":true,"href":"https:\/\/chacamelia.com\/es\/wp-json\/wp\/v2\/media\/11504"}],"wp:attachment":[{"href":"https:\/\/chacamelia.com\/es\/wp-json\/wp\/v2\/media?parent=11507"}],"wp:term":[{"taxonomy":"product_brand","embeddable":true,"href":"https:\/\/chacamelia.com\/es\/wp-json\/wp\/v2\/product_brand?post=11507"},{"taxonomy":"product_cat","embeddable":true,"href":"https:\/\/chacamelia.com\/es\/wp-json\/wp\/v2\/product_cat?post=11507"},{"taxonomy":"product_tag","embeddable":true,"href":"https:\/\/chacamelia.com\/es\/wp-json\/wp\/v2\/product_tag?post=11507"}],"curies":[{"name":"wp","href":"https:\/\/api.w.org\/{rel}","templated":true}]}}