{"id":11337,"date":"2020-10-16T15:30:54","date_gmt":"2020-10-16T15:30:54","guid":{"rendered":"https:\/\/chacamelia.com\/catalogue\/sin%20categorizar\/conjunto-japao\/"},"modified":"2024-11-12T15:05:06","modified_gmt":"2024-11-12T15:05:06","slug":"conjunto-japon","status":"publish","type":"product","link":"https:\/\/chacamelia.com\/es\/catalogue\/accesorios\/conjuntos-es\/conjunto-japon\/","title":{"rendered":"Conjunto Jap\u00f3n"},"content":{"rendered":"<div>CONJUNTO JAP\u00d3N<\/div>\n<div>Houjicha 100g<\/div>\n<div>Sencha Minami Sayaka 100g<\/div>\n<div>Koucha Kanaya Midori t\u00e9 negro japon\u00e9s 100g<\/div>\n<div>Kyusu tetera japonesa, blanco y negro<\/div>\n<div><\/div>\n","protected":false},"excerpt":{"rendered":"<p>Conjunto Jap\u00f3n con t\u00e9 y tetera de Jap\u00f3n.<\/p>\n","protected":false},"featured_media":15491,"template":"","meta":{"_acf_changed":false},"product_brand":[],"product_cat":[615],"product_tag":[],"class_list":{"0":"post-11337","1":"product","2":"type-product","3":"status-publish","4":"has-post-thumbnail","6":"product_cat-conjuntos-es","8":"first","9":"instock","10":"taxable","11":"shipping-taxable","12":"purchasable","13":"product-type-simple"},"group_of_quantity":0,"min_quantity":0,"max_quantity":"","exclude_order_quantity_value_rules":"no","exclude_category_quantity_rules":"no","combine_variations":"no","acf":[],"yoast_head":"<!-- This site is optimized with the Yoast SEO plugin v27.1.1 - https:\/\/yoast.com\/product\/yoast-seo-wordpress\/ -->\n<title>Conjunto Jap\u00f3n - Comprar Conjuntos en l\u00ednea - Ch\u00e1 Cam\u00e9lia<\/title>\n<meta name=\"description\" content=\"Conjunto Jap\u00f3n con t\u00e9 y tetera de Jap\u00f3n. Conjunto Jap\u00f3n con t\u00e9 y tetera de Jap\u00f3n.\" \/>\n<meta name=\"robots\" content=\"index, follow, max-snippet:-1, max-image-preview:large, max-video-preview:-1\" \/>\n<link rel=\"canonical\" href=\"https:\/\/chacamelia.com\/catalogue\/acessorios\/conjuntos\/conjunto-japao\/\" \/>\n<meta property=\"og:locale\" content=\"es_ES\" \/>\n<meta property=\"og:type\" content=\"article\" \/>\n<meta property=\"og:title\" content=\"Conjunto Jap\u00f3n - Comprar Conjuntos en l\u00ednea - Ch\u00e1 Cam\u00e9lia\" \/>\n<meta property=\"og:description\" content=\"Conjunto Jap\u00f3n con t\u00e9 y tetera de Jap\u00f3n. Conjunto Jap\u00f3n con t\u00e9 y tetera de Jap\u00f3n.\" \/>\n<meta property=\"og:url\" content=\"https:\/\/chacamelia.com\/catalogue\/acessorios\/conjuntos\/conjunto-japao\/\" \/>\n<meta property=\"og:site_name\" content=\"Ch\u00e1 Cam\u00e9lia\" \/>\n<meta property=\"article:modified_time\" content=\"2024-11-12T15:05:06+00:00\" \/>\n<meta property=\"og:image\" content=\"https:\/\/chacamelia.com\/admin\/wp-content\/uploads\/2020\/10\/mg_9980_sharpen.jpg\" \/>\n\t<meta property=\"og:image:width\" content=\"2500\" \/>\n\t<meta property=\"og:image:height\" content=\"2500\" \/>\n\t<meta property=\"og:image:type\" content=\"image\/jpeg\" \/>\n<meta name=\"twitter:card\" content=\"summary_large_image\" \/>\n<meta name=\"twitter:label1\" content=\"Tiempo de lectura\" \/>\n\t<meta name=\"twitter:data1\" content=\"1 minuto\" \/>\n<script type=\"application\/ld+json\" class=\"yoast-schema-graph\">{\"@context\":\"https:\/\/schema.org\",\"@graph\":[{\"@type\":\"WebPage\",\"@id\":\"https:\/\/chacamelia.com\/catalogue\/acessorios\/conjuntos\/conjunto-japao\/\",\"url\":\"https:\/\/chacamelia.com\/catalogue\/acessorios\/conjuntos\/conjunto-japao\/\",\"name\":\"Conjunto Jap\u00f3n - Comprar Conjuntos en l\u00ednea - Ch\u00e1 Cam\u00e9lia\",\"isPartOf\":{\"@id\":\"https:\/\/chacamelia.com\/#website\"},\"primaryImageOfPage\":{\"@id\":\"https:\/\/chacamelia.com\/catalogue\/acessorios\/conjuntos\/conjunto-japao\/#primaryimage\"},\"image\":{\"@id\":\"https:\/\/chacamelia.com\/catalogue\/acessorios\/conjuntos\/conjunto-japao\/#primaryimage\"},\"thumbnailUrl\":\"https:\/\/chacamelia.com\/admin\/wp-content\/uploads\/2020\/10\/mg_9980_sharpen.jpg\",\"datePublished\":\"2020-10-16T15:30:54+00:00\",\"dateModified\":\"2024-11-12T15:05:06+00:00\",\"description\":\"Conjunto Jap\u00f3n con t\u00e9 y tetera de Jap\u00f3n. Conjunto Jap\u00f3n con t\u00e9 y tetera de Jap\u00f3n.\",\"breadcrumb\":{\"@id\":\"https:\/\/chacamelia.com\/catalogue\/acessorios\/conjuntos\/conjunto-japao\/#breadcrumb\"},\"inLanguage\":\"es\",\"potentialAction\":[{\"@type\":\"ReadAction\",\"target\":[\"https:\/\/chacamelia.com\/catalogue\/acessorios\/conjuntos\/conjunto-japao\/\"]}]},{\"@type\":\"ImageObject\",\"inLanguage\":\"es\",\"@id\":\"https:\/\/chacamelia.com\/catalogue\/acessorios\/conjuntos\/conjunto-japao\/#primaryimage\",\"url\":\"https:\/\/chacamelia.com\/admin\/wp-content\/uploads\/2020\/10\/mg_9980_sharpen.jpg\",\"contentUrl\":\"https:\/\/chacamelia.com\/admin\/wp-content\/uploads\/2020\/10\/mg_9980_sharpen.jpg\",\"width\":2500,\"height\":2500},{\"@type\":\"BreadcrumbList\",\"@id\":\"https:\/\/chacamelia.com\/catalogue\/acessorios\/conjuntos\/conjunto-japao\/#breadcrumb\",\"itemListElement\":[{\"@type\":\"ListItem\",\"position\":1,\"name\":\"Home\",\"item\":\"https:\/\/chacamelia.com\/es\/\"},{\"@type\":\"ListItem\",\"position\":2,\"name\":\"Tienda Online &#8211; T\u00e9s\",\"item\":\"https:\/\/chacamelia.com\/es\/tienda-online-tes\/\"},{\"@type\":\"ListItem\",\"position\":3,\"name\":\"Conjunto Jap\u00f3n\"}]},{\"@type\":\"WebSite\",\"@id\":\"https:\/\/chacamelia.com\/#website\",\"url\":\"https:\/\/chacamelia.com\/\",\"name\":\"Ch\u00e1 Cam\u00e9lia\",\"description\":\"M\u00e1s que una bebida, una actitud\",\"publisher\":{\"@id\":\"https:\/\/chacamelia.com\/#organization\"},\"potentialAction\":[{\"@type\":\"SearchAction\",\"target\":{\"@type\":\"EntryPoint\",\"urlTemplate\":\"https:\/\/chacamelia.com\/?s={search_term_string}\"},\"query-input\":{\"@type\":\"PropertyValueSpecification\",\"valueRequired\":true,\"valueName\":\"search_term_string\"}}],\"inLanguage\":\"es\"},{\"@type\":\"Organization\",\"@id\":\"https:\/\/chacamelia.com\/#organization\",\"name\":\"Ch\u00e1 Cam\u00e9lia\",\"url\":\"https:\/\/chacamelia.com\/\",\"logo\":{\"@type\":\"ImageObject\",\"inLanguage\":\"es\",\"@id\":\"https:\/\/chacamelia.com\/#\/schema\/logo\/image\/\",\"url\":\"https:\/\/chacamelia.com\/admin\/wp-content\/uploads\/2015\/06\/Logotipo.jpg\",\"contentUrl\":\"https:\/\/chacamelia.com\/admin\/wp-content\/uploads\/2015\/06\/Logotipo.jpg\",\"width\":289,\"height\":289,\"caption\":\"Ch\u00e1 Cam\u00e9lia\"},\"image\":{\"@id\":\"https:\/\/chacamelia.com\/#\/schema\/logo\/image\/\"}}]}<\/script>\n<!-- \/ Yoast SEO plugin. -->","yoast_head_json":{"title":"Conjunto Jap\u00f3n - Comprar Conjuntos en l\u00ednea - Ch\u00e1 Cam\u00e9lia","description":"Conjunto Jap\u00f3n con t\u00e9 y tetera de Jap\u00f3n. Conjunto Jap\u00f3n con t\u00e9 y tetera de Jap\u00f3n.","robots":{"index":"index","follow":"follow","max-snippet":"max-snippet:-1","max-image-preview":"max-image-preview:large","max-video-preview":"max-video-preview:-1"},"canonical":"https:\/\/chacamelia.com\/catalogue\/acessorios\/conjuntos\/conjunto-japao\/","og_locale":"es_ES","og_type":"article","og_title":"Conjunto Jap\u00f3n - Comprar Conjuntos en l\u00ednea - Ch\u00e1 Cam\u00e9lia","og_description":"Conjunto Jap\u00f3n con t\u00e9 y tetera de Jap\u00f3n. Conjunto Jap\u00f3n con t\u00e9 y tetera de Jap\u00f3n.","og_url":"https:\/\/chacamelia.com\/catalogue\/acessorios\/conjuntos\/conjunto-japao\/","og_site_name":"Ch\u00e1 Cam\u00e9lia","article_modified_time":"2024-11-12T15:05:06+00:00","og_image":[{"width":2500,"height":2500,"url":"https:\/\/chacamelia.com\/admin\/wp-content\/uploads\/2020\/10\/mg_9980_sharpen.jpg","type":"image\/jpeg"}],"twitter_card":"summary_large_image","twitter_misc":{"Tiempo de lectura":"1 minuto"},"schema":{"@context":"https:\/\/schema.org","@graph":[{"@type":"WebPage","@id":"https:\/\/chacamelia.com\/catalogue\/acessorios\/conjuntos\/conjunto-japao\/","url":"https:\/\/chacamelia.com\/catalogue\/acessorios\/conjuntos\/conjunto-japao\/","name":"Conjunto Jap\u00f3n - Comprar Conjuntos en l\u00ednea - Ch\u00e1 Cam\u00e9lia","isPartOf":{"@id":"https:\/\/chacamelia.com\/#website"},"primaryImageOfPage":{"@id":"https:\/\/chacamelia.com\/catalogue\/acessorios\/conjuntos\/conjunto-japao\/#primaryimage"},"image":{"@id":"https:\/\/chacamelia.com\/catalogue\/acessorios\/conjuntos\/conjunto-japao\/#primaryimage"},"thumbnailUrl":"https:\/\/chacamelia.com\/admin\/wp-content\/uploads\/2020\/10\/mg_9980_sharpen.jpg","datePublished":"2020-10-16T15:30:54+00:00","dateModified":"2024-11-12T15:05:06+00:00","description":"Conjunto Jap\u00f3n con t\u00e9 y tetera de Jap\u00f3n. Conjunto Jap\u00f3n con t\u00e9 y tetera de Jap\u00f3n.","breadcrumb":{"@id":"https:\/\/chacamelia.com\/catalogue\/acessorios\/conjuntos\/conjunto-japao\/#breadcrumb"},"inLanguage":"es","potentialAction":[{"@type":"ReadAction","target":["https:\/\/chacamelia.com\/catalogue\/acessorios\/conjuntos\/conjunto-japao\/"]}]},{"@type":"ImageObject","inLanguage":"es","@id":"https:\/\/chacamelia.com\/catalogue\/acessorios\/conjuntos\/conjunto-japao\/#primaryimage","url":"https:\/\/chacamelia.com\/admin\/wp-content\/uploads\/2020\/10\/mg_9980_sharpen.jpg","contentUrl":"https:\/\/chacamelia.com\/admin\/wp-content\/uploads\/2020\/10\/mg_9980_sharpen.jpg","width":2500,"height":2500},{"@type":"BreadcrumbList","@id":"https:\/\/chacamelia.com\/catalogue\/acessorios\/conjuntos\/conjunto-japao\/#breadcrumb","itemListElement":[{"@type":"ListItem","position":1,"name":"Home","item":"https:\/\/chacamelia.com\/es\/"},{"@type":"ListItem","position":2,"name":"Tienda Online &#8211; T\u00e9s","item":"https:\/\/chacamelia.com\/es\/tienda-online-tes\/"},{"@type":"ListItem","position":3,"name":"Conjunto Jap\u00f3n"}]},{"@type":"WebSite","@id":"https:\/\/chacamelia.com\/#website","url":"https:\/\/chacamelia.com\/","name":"Ch\u00e1 Cam\u00e9lia","description":"M\u00e1s que una bebida, una actitud","publisher":{"@id":"https:\/\/chacamelia.com\/#organization"},"potentialAction":[{"@type":"SearchAction","target":{"@type":"EntryPoint","urlTemplate":"https:\/\/chacamelia.com\/?s={search_term_string}"},"query-input":{"@type":"PropertyValueSpecification","valueRequired":true,"valueName":"search_term_string"}}],"inLanguage":"es"},{"@type":"Organization","@id":"https:\/\/chacamelia.com\/#organization","name":"Ch\u00e1 Cam\u00e9lia","url":"https:\/\/chacamelia.com\/","logo":{"@type":"ImageObject","inLanguage":"es","@id":"https:\/\/chacamelia.com\/#\/schema\/logo\/image\/","url":"https:\/\/chacamelia.com\/admin\/wp-content\/uploads\/2015\/06\/Logotipo.jpg","contentUrl":"https:\/\/chacamelia.com\/admin\/wp-content\/uploads\/2015\/06\/Logotipo.jpg","width":289,"height":289,"caption":"Ch\u00e1 Cam\u00e9lia"},"image":{"@id":"https:\/\/chacamelia.com\/#\/schema\/logo\/image\/"}}]}},"_links":{"self":[{"href":"https:\/\/chacamelia.com\/es\/wp-json\/wp\/v2\/product\/11337","targetHints":{"allow":["GET"]}}],"collection":[{"href":"https:\/\/chacamelia.com\/es\/wp-json\/wp\/v2\/product"}],"about":[{"href":"https:\/\/chacamelia.com\/es\/wp-json\/wp\/v2\/types\/product"}],"wp:featuredmedia":[{"embeddable":true,"href":"https:\/\/chacamelia.com\/es\/wp-json\/wp\/v2\/media\/15491"}],"wp:attachment":[{"href":"https:\/\/chacamelia.com\/es\/wp-json\/wp\/v2\/media?parent=11337"}],"wp:term":[{"taxonomy":"product_brand","embeddable":true,"href":"https:\/\/chacamelia.com\/es\/wp-json\/wp\/v2\/product_brand?post=11337"},{"taxonomy":"product_cat","embeddable":true,"href":"https:\/\/chacamelia.com\/es\/wp-json\/wp\/v2\/product_cat?post=11337"},{"taxonomy":"product_tag","embeddable":true,"href":"https:\/\/chacamelia.com\/es\/wp-json\/wp\/v2\/product_tag?post=11337"}],"curies":[{"name":"wp","href":"https:\/\/api.w.org\/{rel}","templated":true}]}}