{"id":11150,"date":"2020-09-14T15:55:31","date_gmt":"2020-09-14T15:55:31","guid":{"rendered":"https:\/\/chacamelia.com\/catalogue\/sin%20categorizar\/luso-cha\/"},"modified":"2025-04-09T11:21:07","modified_gmt":"2025-04-09T11:21:07","slug":"luso-cha","status":"publish","type":"product","link":"https:\/\/chacamelia.com\/es\/catalogue\/tes\/producao-propria-es\/luso-cha\/","title":{"rendered":"Luso Ch\u00e1 Bio"},"content":{"rendered":"<p class=\"p1\"><span class=\"s1\">El Luso Ch\u00e1 homenajea la primera importaci\u00f3n europea de t\u00e9 en el siglo XVI por navegadores portugueses, los cuales sellaban las cajas de mercanc\u00eda con el acr\u00f3nimo \u201cTEA\u201d, que es la abreviatura para <i>Transporte de Ervas Arom\u00e1ticas<\/i>, expresi\u00f3n que ha quedado consagrada y que origin\u00f3 el nombre de esta bebida en el idioma ingl\u00e9s. <\/span><span class=\"s1\">Este es un t\u00e9 de 2\u00aa cosecha, producido a partir de las hojas m\u00e1s grandes y con menos cafe\u00edna. Cuyo frescor y gran car\u00e1cter, permite un consumo m\u00e1s relajado, combin\u00e1ndose con distintos platos y momentos a lo largo del d\u00eda.\u00a0<\/span><\/p>\n<p>&nbsp;<\/p>\n<p class=\"p1\"><span class=\"s1\">Para su mejor degustaci\u00f3n, recomendamos hasta 2 infusiones.<\/span><\/p>\n<p>&nbsp;<\/p>\n<p>Paquete de 50g<span class=\"s1\">\u00a0<\/span><\/p>\n<p>&nbsp;<\/p>\n<p class=\"p1\"><span class=\"s1\">Aromas: Verde suave, poca cafe\u00edna.<\/span><\/p>\n<p>&nbsp;<\/p>\n<p><img loading=\"lazy\" decoding=\"async\" class=\"alignnone wp-image-12905\" src=\"https:\/\/chacamelia.com\/admin\/wp-content\/uploads\/2015\/06\/eu_organic_logo_colour_outerline_rgb-280x186.jpg\" alt=\"\" width=\"101\" height=\"67\" \/><\/p>\n<p class=\"p1\">AGRICULTURA UE \/ PT-BIO-04<\/p>\n","protected":false},"excerpt":{"rendered":"<p class=\"p1\"><span class=\"s1\">LUSO CH\u00c1 ES UN T\u00c9 VERDE ARTESANAL Y BIOL\u00d3GICO, PROVENIENTE DE NUESTRA COSECHA DE VERANO.<\/span><\/p>\n","protected":false},"featured_media":12414,"template":"","meta":{"_acf_changed":false},"product_brand":[],"product_cat":[620],"product_tag":[307,1263],"class_list":{"0":"post-11150","1":"product","2":"type-product","3":"status-publish","4":"has-post-thumbnail","6":"product_cat-producao-propria-es","7":"product_tag-cha-verde-es","8":"product_tag-lusocha-es","10":"first","11":"instock","12":"taxable","13":"shipping-taxable","14":"purchasable","15":"product-type-simple"},"group_of_quantity":0,"min_quantity":0,"max_quantity":"","exclude_order_quantity_value_rules":"no","exclude_category_quantity_rules":"no","combine_variations":"no","acf":[],"yoast_head":"<!-- This site is optimized with the Yoast SEO plugin v27.1.1 - https:\/\/yoast.com\/product\/yoast-seo-wordpress\/ -->\n<title>Luso Ch\u00e1 Bio - Comprar Producci\u00f3n Propia en l\u00ednea - Ch\u00e1 Cam\u00e9lia<\/title>\n<meta name=\"description\" content=\"LUSO CH\u00c1 ES UN T\u00c9 VERDE ARTESANAL Y BIOL\u00d3GICO, PROVENIENTE DE NUESTRA COSECHA DE VERANO. LUSO CH\u00c1 ES UN T\u00c9 VERDE ARTESANAL Y BIOL\u00d3GICO, PROVENIENTE DE NUESTRA COSECHA DE VERANO.\" \/>\n<meta name=\"robots\" content=\"index, follow, max-snippet:-1, max-image-preview:large, max-video-preview:-1\" \/>\n<link rel=\"canonical\" href=\"https:\/\/chacamelia.com\/es\/catalogue\/tes\/producao-propria-es\/luso-cha\/\" \/>\n<meta property=\"og:locale\" content=\"es_ES\" \/>\n<meta property=\"og:type\" content=\"article\" \/>\n<meta property=\"og:title\" content=\"Luso Ch\u00e1 Bio - Comprar Producci\u00f3n Propia en l\u00ednea - Ch\u00e1 Cam\u00e9lia\" \/>\n<meta property=\"og:description\" content=\"LUSO CH\u00c1 ES UN T\u00c9 VERDE ARTESANAL Y BIOL\u00d3GICO, PROVENIENTE DE NUESTRA COSECHA DE VERANO. LUSO CH\u00c1 ES UN T\u00c9 VERDE ARTESANAL Y BIOL\u00d3GICO, PROVENIENTE DE NUESTRA COSECHA DE VERANO.\" \/>\n<meta property=\"og:url\" content=\"https:\/\/chacamelia.com\/es\/catalogue\/tes\/producao-propria-es\/luso-cha\/\" \/>\n<meta property=\"og:site_name\" content=\"Ch\u00e1 Cam\u00e9lia\" \/>\n<meta property=\"article:modified_time\" content=\"2025-04-09T11:21:07+00:00\" \/>\n<meta property=\"og:image\" content=\"https:\/\/chacamelia.com\/admin\/wp-content\/uploads\/2020\/09\/luso-cha-50g-1.jpg\" \/>\n\t<meta property=\"og:image:width\" content=\"2500\" \/>\n\t<meta property=\"og:image:height\" content=\"2500\" \/>\n\t<meta property=\"og:image:type\" content=\"image\/jpeg\" \/>\n<meta name=\"twitter:card\" content=\"summary_large_image\" \/>\n<meta name=\"twitter:label1\" content=\"Tiempo de lectura\" \/>\n\t<meta name=\"twitter:data1\" content=\"1 minuto\" \/>\n<script type=\"application\/ld+json\" class=\"yoast-schema-graph\">{\"@context\":\"https:\/\/schema.org\",\"@graph\":[{\"@type\":\"WebPage\",\"@id\":\"https:\/\/chacamelia.com\/es\/catalogue\/tes\/producao-propria-es\/luso-cha\/\",\"url\":\"https:\/\/chacamelia.com\/es\/catalogue\/tes\/producao-propria-es\/luso-cha\/\",\"name\":\"Luso Ch\u00e1 Bio - Comprar Producci\u00f3n Propia en l\u00ednea - Ch\u00e1 Cam\u00e9lia\",\"isPartOf\":{\"@id\":\"https:\/\/chacamelia.com\/#website\"},\"primaryImageOfPage\":{\"@id\":\"https:\/\/chacamelia.com\/es\/catalogue\/tes\/producao-propria-es\/luso-cha\/#primaryimage\"},\"image\":{\"@id\":\"https:\/\/chacamelia.com\/es\/catalogue\/tes\/producao-propria-es\/luso-cha\/#primaryimage\"},\"thumbnailUrl\":\"https:\/\/chacamelia.com\/admin\/wp-content\/uploads\/2020\/09\/luso-cha-50g-1.jpg\",\"datePublished\":\"2020-09-14T15:55:31+00:00\",\"dateModified\":\"2025-04-09T11:21:07+00:00\",\"description\":\"LUSO CH\u00c1 ES UN T\u00c9 VERDE ARTESANAL Y BIOL\u00d3GICO, PROVENIENTE DE NUESTRA COSECHA DE VERANO. LUSO CH\u00c1 ES UN T\u00c9 VERDE ARTESANAL Y BIOL\u00d3GICO, PROVENIENTE DE NUESTRA COSECHA DE VERANO.\",\"breadcrumb\":{\"@id\":\"https:\/\/chacamelia.com\/es\/catalogue\/tes\/producao-propria-es\/luso-cha\/#breadcrumb\"},\"inLanguage\":\"es\",\"potentialAction\":[{\"@type\":\"ReadAction\",\"target\":[\"https:\/\/chacamelia.com\/es\/catalogue\/tes\/producao-propria-es\/luso-cha\/\"]}]},{\"@type\":\"ImageObject\",\"inLanguage\":\"es\",\"@id\":\"https:\/\/chacamelia.com\/es\/catalogue\/tes\/producao-propria-es\/luso-cha\/#primaryimage\",\"url\":\"https:\/\/chacamelia.com\/admin\/wp-content\/uploads\/2020\/09\/luso-cha-50g-1.jpg\",\"contentUrl\":\"https:\/\/chacamelia.com\/admin\/wp-content\/uploads\/2020\/09\/luso-cha-50g-1.jpg\",\"width\":2500,\"height\":2500},{\"@type\":\"BreadcrumbList\",\"@id\":\"https:\/\/chacamelia.com\/es\/catalogue\/tes\/producao-propria-es\/luso-cha\/#breadcrumb\",\"itemListElement\":[{\"@type\":\"ListItem\",\"position\":1,\"name\":\"Home\",\"item\":\"https:\/\/chacamelia.com\/es\/\"},{\"@type\":\"ListItem\",\"position\":2,\"name\":\"Tienda Online &#8211; T\u00e9s\",\"item\":\"https:\/\/chacamelia.com\/es\/tienda-online-tes\/\"},{\"@type\":\"ListItem\",\"position\":3,\"name\":\"Luso Ch\u00e1 Bio\"}]},{\"@type\":\"WebSite\",\"@id\":\"https:\/\/chacamelia.com\/#website\",\"url\":\"https:\/\/chacamelia.com\/\",\"name\":\"Ch\u00e1 Cam\u00e9lia\",\"description\":\"M\u00e1s que una bebida, una actitud\",\"publisher\":{\"@id\":\"https:\/\/chacamelia.com\/#organization\"},\"potentialAction\":[{\"@type\":\"SearchAction\",\"target\":{\"@type\":\"EntryPoint\",\"urlTemplate\":\"https:\/\/chacamelia.com\/?s={search_term_string}\"},\"query-input\":{\"@type\":\"PropertyValueSpecification\",\"valueRequired\":true,\"valueName\":\"search_term_string\"}}],\"inLanguage\":\"es\"},{\"@type\":\"Organization\",\"@id\":\"https:\/\/chacamelia.com\/#organization\",\"name\":\"Ch\u00e1 Cam\u00e9lia\",\"url\":\"https:\/\/chacamelia.com\/\",\"logo\":{\"@type\":\"ImageObject\",\"inLanguage\":\"es\",\"@id\":\"https:\/\/chacamelia.com\/#\/schema\/logo\/image\/\",\"url\":\"https:\/\/chacamelia.com\/admin\/wp-content\/uploads\/2015\/06\/Logotipo.jpg\",\"contentUrl\":\"https:\/\/chacamelia.com\/admin\/wp-content\/uploads\/2015\/06\/Logotipo.jpg\",\"width\":289,\"height\":289,\"caption\":\"Ch\u00e1 Cam\u00e9lia\"},\"image\":{\"@id\":\"https:\/\/chacamelia.com\/#\/schema\/logo\/image\/\"}}]}<\/script>\n<!-- \/ Yoast SEO plugin. -->","yoast_head_json":{"title":"Luso Ch\u00e1 Bio - Comprar Producci\u00f3n Propia en l\u00ednea - Ch\u00e1 Cam\u00e9lia","description":"LUSO CH\u00c1 ES UN T\u00c9 VERDE ARTESANAL Y BIOL\u00d3GICO, PROVENIENTE DE NUESTRA COSECHA DE VERANO. LUSO CH\u00c1 ES UN T\u00c9 VERDE ARTESANAL Y BIOL\u00d3GICO, PROVENIENTE DE NUESTRA COSECHA DE VERANO.","robots":{"index":"index","follow":"follow","max-snippet":"max-snippet:-1","max-image-preview":"max-image-preview:large","max-video-preview":"max-video-preview:-1"},"canonical":"https:\/\/chacamelia.com\/es\/catalogue\/tes\/producao-propria-es\/luso-cha\/","og_locale":"es_ES","og_type":"article","og_title":"Luso Ch\u00e1 Bio - Comprar Producci\u00f3n Propia en l\u00ednea - Ch\u00e1 Cam\u00e9lia","og_description":"LUSO CH\u00c1 ES UN T\u00c9 VERDE ARTESANAL Y BIOL\u00d3GICO, PROVENIENTE DE NUESTRA COSECHA DE VERANO. LUSO CH\u00c1 ES UN T\u00c9 VERDE ARTESANAL Y BIOL\u00d3GICO, PROVENIENTE DE NUESTRA COSECHA DE VERANO.","og_url":"https:\/\/chacamelia.com\/es\/catalogue\/tes\/producao-propria-es\/luso-cha\/","og_site_name":"Ch\u00e1 Cam\u00e9lia","article_modified_time":"2025-04-09T11:21:07+00:00","og_image":[{"width":2500,"height":2500,"url":"https:\/\/chacamelia.com\/admin\/wp-content\/uploads\/2020\/09\/luso-cha-50g-1.jpg","type":"image\/jpeg"}],"twitter_card":"summary_large_image","twitter_misc":{"Tiempo de lectura":"1 minuto"},"schema":{"@context":"https:\/\/schema.org","@graph":[{"@type":"WebPage","@id":"https:\/\/chacamelia.com\/es\/catalogue\/tes\/producao-propria-es\/luso-cha\/","url":"https:\/\/chacamelia.com\/es\/catalogue\/tes\/producao-propria-es\/luso-cha\/","name":"Luso Ch\u00e1 Bio - Comprar Producci\u00f3n Propia en l\u00ednea - Ch\u00e1 Cam\u00e9lia","isPartOf":{"@id":"https:\/\/chacamelia.com\/#website"},"primaryImageOfPage":{"@id":"https:\/\/chacamelia.com\/es\/catalogue\/tes\/producao-propria-es\/luso-cha\/#primaryimage"},"image":{"@id":"https:\/\/chacamelia.com\/es\/catalogue\/tes\/producao-propria-es\/luso-cha\/#primaryimage"},"thumbnailUrl":"https:\/\/chacamelia.com\/admin\/wp-content\/uploads\/2020\/09\/luso-cha-50g-1.jpg","datePublished":"2020-09-14T15:55:31+00:00","dateModified":"2025-04-09T11:21:07+00:00","description":"LUSO CH\u00c1 ES UN T\u00c9 VERDE ARTESANAL Y BIOL\u00d3GICO, PROVENIENTE DE NUESTRA COSECHA DE VERANO. LUSO CH\u00c1 ES UN T\u00c9 VERDE ARTESANAL Y BIOL\u00d3GICO, PROVENIENTE DE NUESTRA COSECHA DE VERANO.","breadcrumb":{"@id":"https:\/\/chacamelia.com\/es\/catalogue\/tes\/producao-propria-es\/luso-cha\/#breadcrumb"},"inLanguage":"es","potentialAction":[{"@type":"ReadAction","target":["https:\/\/chacamelia.com\/es\/catalogue\/tes\/producao-propria-es\/luso-cha\/"]}]},{"@type":"ImageObject","inLanguage":"es","@id":"https:\/\/chacamelia.com\/es\/catalogue\/tes\/producao-propria-es\/luso-cha\/#primaryimage","url":"https:\/\/chacamelia.com\/admin\/wp-content\/uploads\/2020\/09\/luso-cha-50g-1.jpg","contentUrl":"https:\/\/chacamelia.com\/admin\/wp-content\/uploads\/2020\/09\/luso-cha-50g-1.jpg","width":2500,"height":2500},{"@type":"BreadcrumbList","@id":"https:\/\/chacamelia.com\/es\/catalogue\/tes\/producao-propria-es\/luso-cha\/#breadcrumb","itemListElement":[{"@type":"ListItem","position":1,"name":"Home","item":"https:\/\/chacamelia.com\/es\/"},{"@type":"ListItem","position":2,"name":"Tienda Online &#8211; T\u00e9s","item":"https:\/\/chacamelia.com\/es\/tienda-online-tes\/"},{"@type":"ListItem","position":3,"name":"Luso Ch\u00e1 Bio"}]},{"@type":"WebSite","@id":"https:\/\/chacamelia.com\/#website","url":"https:\/\/chacamelia.com\/","name":"Ch\u00e1 Cam\u00e9lia","description":"M\u00e1s que una bebida, una actitud","publisher":{"@id":"https:\/\/chacamelia.com\/#organization"},"potentialAction":[{"@type":"SearchAction","target":{"@type":"EntryPoint","urlTemplate":"https:\/\/chacamelia.com\/?s={search_term_string}"},"query-input":{"@type":"PropertyValueSpecification","valueRequired":true,"valueName":"search_term_string"}}],"inLanguage":"es"},{"@type":"Organization","@id":"https:\/\/chacamelia.com\/#organization","name":"Ch\u00e1 Cam\u00e9lia","url":"https:\/\/chacamelia.com\/","logo":{"@type":"ImageObject","inLanguage":"es","@id":"https:\/\/chacamelia.com\/#\/schema\/logo\/image\/","url":"https:\/\/chacamelia.com\/admin\/wp-content\/uploads\/2015\/06\/Logotipo.jpg","contentUrl":"https:\/\/chacamelia.com\/admin\/wp-content\/uploads\/2015\/06\/Logotipo.jpg","width":289,"height":289,"caption":"Ch\u00e1 Cam\u00e9lia"},"image":{"@id":"https:\/\/chacamelia.com\/#\/schema\/logo\/image\/"}}]}},"_links":{"self":[{"href":"https:\/\/chacamelia.com\/es\/wp-json\/wp\/v2\/product\/11150","targetHints":{"allow":["GET"]}}],"collection":[{"href":"https:\/\/chacamelia.com\/es\/wp-json\/wp\/v2\/product"}],"about":[{"href":"https:\/\/chacamelia.com\/es\/wp-json\/wp\/v2\/types\/product"}],"wp:featuredmedia":[{"embeddable":true,"href":"https:\/\/chacamelia.com\/es\/wp-json\/wp\/v2\/media\/12414"}],"wp:attachment":[{"href":"https:\/\/chacamelia.com\/es\/wp-json\/wp\/v2\/media?parent=11150"}],"wp:term":[{"taxonomy":"product_brand","embeddable":true,"href":"https:\/\/chacamelia.com\/es\/wp-json\/wp\/v2\/product_brand?post=11150"},{"taxonomy":"product_cat","embeddable":true,"href":"https:\/\/chacamelia.com\/es\/wp-json\/wp\/v2\/product_cat?post=11150"},{"taxonomy":"product_tag","embeddable":true,"href":"https:\/\/chacamelia.com\/es\/wp-json\/wp\/v2\/product_tag?post=11150"}],"curies":[{"name":"wp","href":"https:\/\/api.w.org\/{rel}","templated":true}]}}