{"id":8317,"date":"2017-10-20T15:11:08","date_gmt":"2017-10-20T15:11:08","guid":{"rendered":"https:\/\/chacamelia.com\/parcerias-felizes\/"},"modified":"2022-04-20T10:04:31","modified_gmt":"2022-04-20T10:04:31","slug":"cooperaciones-felizes","status":"publish","type":"page","link":"https:\/\/chacamelia.com\/es\/cooperaciones-felizes\/","title":{"rendered":"Cooperaciones Felizes"},"content":{"rendered":"<div class=\"parceria-container\">\n<div class=\"parceria-container-small parceria-container-left\">\n<p>Ch\u00e1 Cam\u00e9lia tiene el enorme placer de cruzarse con muchas personas interesantes, lo que puede ser el inicio de una cooperaci\u00f3n feliz. En estas cooperaciones felizes se unen distintas visiones e ideas para juntos crear nuevos productos y proyectos. La esencia son las personas creativas y su consciencia por la calidad y la originalidad.<\/p>\n<\/div>\n<div class=\"parceria-container-big parceria-container-right\"><img loading=\"lazy\" decoding=\"async\" class=\"alignnone size-full wp-image-8273\" src=\"https:\/\/chacamelia.com\/admin\/wp-content\/uploads\/2017\/10\/parcerias_felizes_topo-1.jpg\" alt=\"Cooperaciones Felizes\" width=\"640\" height=\"392\" \/><\/div>\n<\/div>\n","protected":false},"excerpt":{"rendered":"<p>Cooperaciones Felizes<\/p>\n","protected":false},"author":2,"featured_media":0,"parent":0,"menu_order":0,"comment_status":"closed","ping_status":"closed","template":"page-parcerias-felizes.php","meta":{"_acf_changed":false,"footnotes":""},"class_list":["post-8317","page","type-page","status-publish","hentry"],"acf":[],"yoast_head":"<!-- This site is optimized with the Yoast SEO plugin v27.1.1 - https:\/\/yoast.com\/product\/yoast-seo-wordpress\/ -->\n<title>Cooperaciones felizes<\/title>\n<meta name=\"description\" content=\"En estas cooperaciones felizes se unen distintas visiones e ideas para juntos crear nuevos productos y proyectos.\" \/>\n<meta name=\"robots\" content=\"index, follow, max-snippet:-1, max-image-preview:large, max-video-preview:-1\" \/>\n<link rel=\"canonical\" href=\"https:\/\/chacamelia.com\/es\/cooperaciones-felizes\/\" \/>\n<meta property=\"og:locale\" content=\"es_ES\" \/>\n<meta property=\"og:type\" content=\"article\" \/>\n<meta property=\"og:title\" content=\"Cooperaciones felizes\" \/>\n<meta property=\"og:description\" content=\"En estas cooperaciones felizes se unen distintas visiones e ideas para juntos crear nuevos productos y proyectos.\" \/>\n<meta property=\"og:url\" content=\"https:\/\/chacamelia.com\/es\/cooperaciones-felizes\/\" \/>\n<meta property=\"og:site_name\" content=\"Ch\u00e1 Cam\u00e9lia\" \/>\n<meta property=\"article:modified_time\" content=\"2022-04-20T10:04:31+00:00\" \/>\n<meta property=\"og:image\" content=\"https:\/\/chacamelia.com\/admin\/wp-content\/uploads\/2017\/10\/parcerias_felizes_topo-1.jpg\" \/>\n<meta name=\"twitter:card\" content=\"summary_large_image\" \/>\n<script type=\"application\/ld+json\" class=\"yoast-schema-graph\">{\"@context\":\"https:\/\/schema.org\",\"@graph\":[{\"@type\":\"WebPage\",\"@id\":\"https:\/\/chacamelia.com\/es\/cooperaciones-felizes\/\",\"url\":\"https:\/\/chacamelia.com\/es\/cooperaciones-felizes\/\",\"name\":\"Cooperaciones felizes\",\"isPartOf\":{\"@id\":\"https:\/\/chacamelia.com\/#website\"},\"primaryImageOfPage\":{\"@id\":\"https:\/\/chacamelia.com\/es\/cooperaciones-felizes\/#primaryimage\"},\"image\":{\"@id\":\"https:\/\/chacamelia.com\/es\/cooperaciones-felizes\/#primaryimage\"},\"thumbnailUrl\":\"https:\/\/chacamelia.com\/admin\/wp-content\/uploads\/2017\/10\/parcerias_felizes_topo-1.jpg\",\"datePublished\":\"2017-10-20T15:11:08+00:00\",\"dateModified\":\"2022-04-20T10:04:31+00:00\",\"description\":\"En estas cooperaciones felizes se unen distintas visiones e ideas para juntos crear nuevos productos y proyectos.\",\"breadcrumb\":{\"@id\":\"https:\/\/chacamelia.com\/es\/cooperaciones-felizes\/#breadcrumb\"},\"inLanguage\":\"es\",\"potentialAction\":[{\"@type\":\"ReadAction\",\"target\":[\"https:\/\/chacamelia.com\/es\/cooperaciones-felizes\/\"]}]},{\"@type\":\"ImageObject\",\"inLanguage\":\"es\",\"@id\":\"https:\/\/chacamelia.com\/es\/cooperaciones-felizes\/#primaryimage\",\"url\":\"https:\/\/chacamelia.com\/admin\/wp-content\/uploads\/2017\/10\/parcerias_felizes_topo-1.jpg\",\"contentUrl\":\"https:\/\/chacamelia.com\/admin\/wp-content\/uploads\/2017\/10\/parcerias_felizes_topo-1.jpg\"},{\"@type\":\"BreadcrumbList\",\"@id\":\"https:\/\/chacamelia.com\/es\/cooperaciones-felizes\/#breadcrumb\",\"itemListElement\":[{\"@type\":\"ListItem\",\"position\":1,\"name\":\"Home\",\"item\":\"https:\/\/chacamelia.com\/es\/\"},{\"@type\":\"ListItem\",\"position\":2,\"name\":\"Cooperaciones Felizes\"}]},{\"@type\":\"WebSite\",\"@id\":\"https:\/\/chacamelia.com\/#website\",\"url\":\"https:\/\/chacamelia.com\/\",\"name\":\"Ch\u00e1 Cam\u00e9lia\",\"description\":\"M\u00e1s que una bebida, una actitud\",\"publisher\":{\"@id\":\"https:\/\/chacamelia.com\/#organization\"},\"potentialAction\":[{\"@type\":\"SearchAction\",\"target\":{\"@type\":\"EntryPoint\",\"urlTemplate\":\"https:\/\/chacamelia.com\/?s={search_term_string}\"},\"query-input\":{\"@type\":\"PropertyValueSpecification\",\"valueRequired\":true,\"valueName\":\"search_term_string\"}}],\"inLanguage\":\"es\"},{\"@type\":\"Organization\",\"@id\":\"https:\/\/chacamelia.com\/#organization\",\"name\":\"Ch\u00e1 Cam\u00e9lia\",\"url\":\"https:\/\/chacamelia.com\/\",\"logo\":{\"@type\":\"ImageObject\",\"inLanguage\":\"es\",\"@id\":\"https:\/\/chacamelia.com\/#\/schema\/logo\/image\/\",\"url\":\"https:\/\/chacamelia.com\/admin\/wp-content\/uploads\/2015\/06\/Logotipo.jpg\",\"contentUrl\":\"https:\/\/chacamelia.com\/admin\/wp-content\/uploads\/2015\/06\/Logotipo.jpg\",\"width\":289,\"height\":289,\"caption\":\"Ch\u00e1 Cam\u00e9lia\"},\"image\":{\"@id\":\"https:\/\/chacamelia.com\/#\/schema\/logo\/image\/\"}}]}<\/script>\n<!-- \/ Yoast SEO plugin. -->","yoast_head_json":{"title":"Cooperaciones felizes","description":"En estas cooperaciones felizes se unen distintas visiones e ideas para juntos crear nuevos productos y proyectos.","robots":{"index":"index","follow":"follow","max-snippet":"max-snippet:-1","max-image-preview":"max-image-preview:large","max-video-preview":"max-video-preview:-1"},"canonical":"https:\/\/chacamelia.com\/es\/cooperaciones-felizes\/","og_locale":"es_ES","og_type":"article","og_title":"Cooperaciones felizes","og_description":"En estas cooperaciones felizes se unen distintas visiones e ideas para juntos crear nuevos productos y proyectos.","og_url":"https:\/\/chacamelia.com\/es\/cooperaciones-felizes\/","og_site_name":"Ch\u00e1 Cam\u00e9lia","article_modified_time":"2022-04-20T10:04:31+00:00","og_image":[{"url":"https:\/\/chacamelia.com\/admin\/wp-content\/uploads\/2017\/10\/parcerias_felizes_topo-1.jpg","type":"","width":"","height":""}],"twitter_card":"summary_large_image","schema":{"@context":"https:\/\/schema.org","@graph":[{"@type":"WebPage","@id":"https:\/\/chacamelia.com\/es\/cooperaciones-felizes\/","url":"https:\/\/chacamelia.com\/es\/cooperaciones-felizes\/","name":"Cooperaciones felizes","isPartOf":{"@id":"https:\/\/chacamelia.com\/#website"},"primaryImageOfPage":{"@id":"https:\/\/chacamelia.com\/es\/cooperaciones-felizes\/#primaryimage"},"image":{"@id":"https:\/\/chacamelia.com\/es\/cooperaciones-felizes\/#primaryimage"},"thumbnailUrl":"https:\/\/chacamelia.com\/admin\/wp-content\/uploads\/2017\/10\/parcerias_felizes_topo-1.jpg","datePublished":"2017-10-20T15:11:08+00:00","dateModified":"2022-04-20T10:04:31+00:00","description":"En estas cooperaciones felizes se unen distintas visiones e ideas para juntos crear nuevos productos y proyectos.","breadcrumb":{"@id":"https:\/\/chacamelia.com\/es\/cooperaciones-felizes\/#breadcrumb"},"inLanguage":"es","potentialAction":[{"@type":"ReadAction","target":["https:\/\/chacamelia.com\/es\/cooperaciones-felizes\/"]}]},{"@type":"ImageObject","inLanguage":"es","@id":"https:\/\/chacamelia.com\/es\/cooperaciones-felizes\/#primaryimage","url":"https:\/\/chacamelia.com\/admin\/wp-content\/uploads\/2017\/10\/parcerias_felizes_topo-1.jpg","contentUrl":"https:\/\/chacamelia.com\/admin\/wp-content\/uploads\/2017\/10\/parcerias_felizes_topo-1.jpg"},{"@type":"BreadcrumbList","@id":"https:\/\/chacamelia.com\/es\/cooperaciones-felizes\/#breadcrumb","itemListElement":[{"@type":"ListItem","position":1,"name":"Home","item":"https:\/\/chacamelia.com\/es\/"},{"@type":"ListItem","position":2,"name":"Cooperaciones Felizes"}]},{"@type":"WebSite","@id":"https:\/\/chacamelia.com\/#website","url":"https:\/\/chacamelia.com\/","name":"Ch\u00e1 Cam\u00e9lia","description":"M\u00e1s que una bebida, una actitud","publisher":{"@id":"https:\/\/chacamelia.com\/#organization"},"potentialAction":[{"@type":"SearchAction","target":{"@type":"EntryPoint","urlTemplate":"https:\/\/chacamelia.com\/?s={search_term_string}"},"query-input":{"@type":"PropertyValueSpecification","valueRequired":true,"valueName":"search_term_string"}}],"inLanguage":"es"},{"@type":"Organization","@id":"https:\/\/chacamelia.com\/#organization","name":"Ch\u00e1 Cam\u00e9lia","url":"https:\/\/chacamelia.com\/","logo":{"@type":"ImageObject","inLanguage":"es","@id":"https:\/\/chacamelia.com\/#\/schema\/logo\/image\/","url":"https:\/\/chacamelia.com\/admin\/wp-content\/uploads\/2015\/06\/Logotipo.jpg","contentUrl":"https:\/\/chacamelia.com\/admin\/wp-content\/uploads\/2015\/06\/Logotipo.jpg","width":289,"height":289,"caption":"Ch\u00e1 Cam\u00e9lia"},"image":{"@id":"https:\/\/chacamelia.com\/#\/schema\/logo\/image\/"}}]}},"_links":{"self":[{"href":"https:\/\/chacamelia.com\/es\/wp-json\/wp\/v2\/pages\/8317","targetHints":{"allow":["GET"]}}],"collection":[{"href":"https:\/\/chacamelia.com\/es\/wp-json\/wp\/v2\/pages"}],"about":[{"href":"https:\/\/chacamelia.com\/es\/wp-json\/wp\/v2\/types\/page"}],"author":[{"embeddable":true,"href":"https:\/\/chacamelia.com\/es\/wp-json\/wp\/v2\/users\/2"}],"replies":[{"embeddable":true,"href":"https:\/\/chacamelia.com\/es\/wp-json\/wp\/v2\/comments?post=8317"}],"version-history":[{"count":2,"href":"https:\/\/chacamelia.com\/es\/wp-json\/wp\/v2\/pages\/8317\/revisions"}],"predecessor-version":[{"id":13273,"href":"https:\/\/chacamelia.com\/es\/wp-json\/wp\/v2\/pages\/8317\/revisions\/13273"}],"wp:attachment":[{"href":"https:\/\/chacamelia.com\/es\/wp-json\/wp\/v2\/media?parent=8317"}],"curies":[{"name":"wp","href":"https:\/\/api.w.org\/{rel}","templated":true}]}}