{"id":8180,"date":"2017-09-20T10:46:20","date_gmt":"2017-09-20T10:46:20","guid":{"rendered":"https:\/\/chacamelia.com\/?page_id=8180\/"},"modified":"2026-04-22T07:37:53","modified_gmt":"2026-04-22T07:37:53","slug":"visitas-guiadas","status":"publish","type":"page","link":"https:\/\/chacamelia.com\/es\/visitas-guiadas\/","title":{"rendered":"Visitas guiadas"},"content":{"rendered":"<p class=\"p1\"><span class=\"s1\">Nuestra plantaci\u00f3n de t\u00e9 esta creciendo, y quien quisiera acompa\u00f1ar el progreso de nuestro proyecto es bienvenido para visitarnos aprender m\u00e1s sobre el cultivo y la cultura del t\u00e9.\u00a0<\/span><span class=\"s1\">Cumplimos todos los cuidados necesarios y esperamos poder pasar un bueno momento de t\u00e9 en la naturaleza.<\/span><\/p>\n<p>&nbsp;<\/p>\n<div class=\"image-container\"><img loading=\"lazy\" decoding=\"async\" class=\"alignnone size-full wp-image-10664\" src=\"https:\/\/chacamelia.com\/admin\/wp-content\/uploads\/2020\/06\/equipa-visitas-1200_.jpg\" alt=\"\" width=\"1200\" height=\"869\" \/><\/div>\n<p>&nbsp;<\/p>\n<p>&nbsp;<\/p>\n<p class=\"p1\"><span class=\"s1\">La visita tiene una duraci\u00f3n de aproximadamente dos horas e incluye un recorrido guiado por la plantaci\u00f3n, as\u00ed como una degustaci\u00f3n de tres t\u00e9s. Aceptamos grupos de hasta cuatro personas (precio entre semana: 80\u20ac; fines de semana: 120\u20ac), con un suplemento de 20\u20ac por cada persona adicional. Las visitas se realizan preferiblemente de martes a viernes a las 14:00. Para reservar, pueden contactarnos por correo electr\u00f3nico con algunos d\u00edas de antelaci\u00f3n:\u00a0 <a href=\"mailto:info@chacamelia.com\"><span class=\"s2\">info@chacamelia.com<\/span><\/a><\/span><\/p>\n<p class=\"p1\"><span class=\"s1\">\u00a0<\/span><\/p>\n<p class=\"p1\"><span class=\"s1\">Enderezo de la plantaci\u00f3n: Rua das Escolas Novas 605, 4485-122 Fornelo (<a href=\"https:\/\/goo.gl\/maps\/ynwusYU4Enk\"><span class=\"s2\">ver no Google Maps<\/span><\/a>)<\/span><\/p>\n<p>&nbsp;<\/p>\n<p>&nbsp;<\/p>\n<div class=\"image-container\"><img loading=\"lazy\" decoding=\"async\" class=\"alignnone size-full wp-image-8218 large-6\" src=\"https:\/\/chacamelia.com\/admin\/wp-content\/uploads\/2017\/09\/degustacao.jpg\" alt=\"\" width=\"593\" height=\"600\" \/><img loading=\"lazy\" decoding=\"async\" class=\"alignnone size-full wp-image-8215 large-6\" src=\"https:\/\/chacamelia.com\/admin\/wp-content\/uploads\/2017\/09\/degustacao_2.jpg\" alt=\"\" width=\"593\" height=\"600\" \/><\/div>\n","protected":false},"excerpt":{"rendered":"<p>Nuestra plantaci\u00f3n de t\u00e9 esta creciendo, y quien quisiera acompa\u00f1ar el progreso de nuestro proyecto es bienvenido para visitarnos aprender m\u00e1s sobre el cultivo y la cultura del t\u00e9.\u00a0Cumplimos todos los cuidados necesarios y esperamos poder pasar un bueno momento [&hellip;]<\/p>\n","protected":false},"author":2,"featured_media":0,"parent":0,"menu_order":0,"comment_status":"closed","ping_status":"closed","template":"","meta":{"_acf_changed":false,"footnotes":""},"class_list":["post-8180","page","type-page","status-publish","hentry"],"acf":[],"yoast_head":"<!-- This site is optimized with the Yoast SEO plugin v27.1.1 - https:\/\/yoast.com\/product\/yoast-seo-wordpress\/ -->\n<title>Visitas guiadas a la plantaci\u00f3n de t\u00e9 - Ch\u00e1 Cam\u00e9lia<\/title>\n<meta name=\"description\" content=\"Nuestra plantaci\u00f3n de t\u00e9 esta creciendo, y quien quisiera acompa\u00f1ar el progreso de nuestro proyecto es bienvenido para visitarnos aprender m\u00e1s sobre el\" \/>\n<meta name=\"robots\" content=\"index, follow, max-snippet:-1, max-image-preview:large, max-video-preview:-1\" \/>\n<link rel=\"canonical\" href=\"https:\/\/chacamelia.com\/es\/visitas-guiadas\/\" \/>\n<meta property=\"og:locale\" content=\"es_ES\" \/>\n<meta property=\"og:type\" content=\"article\" \/>\n<meta property=\"og:title\" content=\"Visitas guiadas a la plantaci\u00f3n de t\u00e9 - Ch\u00e1 Cam\u00e9lia\" \/>\n<meta property=\"og:description\" content=\"Nuestra plantaci\u00f3n de t\u00e9 esta creciendo, y quien quisiera acompa\u00f1ar el progreso de nuestro proyecto es bienvenido para visitarnos aprender m\u00e1s sobre el\" \/>\n<meta property=\"og:url\" content=\"https:\/\/chacamelia.com\/es\/visitas-guiadas\/\" \/>\n<meta property=\"og:site_name\" content=\"Ch\u00e1 Cam\u00e9lia\" \/>\n<meta property=\"article:modified_time\" content=\"2026-04-22T07:37:53+00:00\" \/>\n<meta property=\"og:image\" content=\"https:\/\/chacamelia.com\/admin\/wp-content\/uploads\/2020\/06\/equipa-visitas-1200_.jpg\" \/>\n\t<meta property=\"og:image:width\" content=\"1200\" \/>\n\t<meta property=\"og:image:height\" content=\"869\" \/>\n\t<meta property=\"og:image:type\" content=\"image\/jpeg\" \/>\n<meta name=\"twitter:card\" content=\"summary_large_image\" \/>\n<meta name=\"twitter:label1\" content=\"Tiempo de lectura\" \/>\n\t<meta name=\"twitter:data1\" content=\"2 minutos\" \/>\n<script type=\"application\/ld+json\" class=\"yoast-schema-graph\">{\"@context\":\"https:\/\/schema.org\",\"@graph\":[{\"@type\":\"WebPage\",\"@id\":\"https:\/\/chacamelia.com\/es\/visitas-guiadas\/\",\"url\":\"https:\/\/chacamelia.com\/es\/visitas-guiadas\/\",\"name\":\"Visitas guiadas a la plantaci\u00f3n de t\u00e9 - Ch\u00e1 Cam\u00e9lia\",\"isPartOf\":{\"@id\":\"https:\/\/chacamelia.com\/#website\"},\"primaryImageOfPage\":{\"@id\":\"https:\/\/chacamelia.com\/es\/visitas-guiadas\/#primaryimage\"},\"image\":{\"@id\":\"https:\/\/chacamelia.com\/es\/visitas-guiadas\/#primaryimage\"},\"thumbnailUrl\":\"https:\/\/chacamelia.com\/admin\/wp-content\/uploads\/2020\/06\/equipa-visitas-1200_.jpg\",\"datePublished\":\"2017-09-20T10:46:20+00:00\",\"dateModified\":\"2026-04-22T07:37:53+00:00\",\"description\":\"Nuestra plantaci\u00f3n de t\u00e9 esta creciendo, y quien quisiera acompa\u00f1ar el progreso de nuestro proyecto es bienvenido para visitarnos aprender m\u00e1s sobre el\",\"breadcrumb\":{\"@id\":\"https:\/\/chacamelia.com\/es\/visitas-guiadas\/#breadcrumb\"},\"inLanguage\":\"es\",\"potentialAction\":[{\"@type\":\"ReadAction\",\"target\":[\"https:\/\/chacamelia.com\/es\/visitas-guiadas\/\"]}]},{\"@type\":\"ImageObject\",\"inLanguage\":\"es\",\"@id\":\"https:\/\/chacamelia.com\/es\/visitas-guiadas\/#primaryimage\",\"url\":\"https:\/\/chacamelia.com\/admin\/wp-content\/uploads\/2020\/06\/equipa-visitas-1200_.jpg\",\"contentUrl\":\"https:\/\/chacamelia.com\/admin\/wp-content\/uploads\/2020\/06\/equipa-visitas-1200_.jpg\"},{\"@type\":\"BreadcrumbList\",\"@id\":\"https:\/\/chacamelia.com\/es\/visitas-guiadas\/#breadcrumb\",\"itemListElement\":[{\"@type\":\"ListItem\",\"position\":1,\"name\":\"Home\",\"item\":\"https:\/\/chacamelia.com\/es\/\"},{\"@type\":\"ListItem\",\"position\":2,\"name\":\"Visitas guiadas\"}]},{\"@type\":\"WebSite\",\"@id\":\"https:\/\/chacamelia.com\/#website\",\"url\":\"https:\/\/chacamelia.com\/\",\"name\":\"Ch\u00e1 Cam\u00e9lia\",\"description\":\"M\u00e1s que una bebida, una actitud\",\"publisher\":{\"@id\":\"https:\/\/chacamelia.com\/#organization\"},\"potentialAction\":[{\"@type\":\"SearchAction\",\"target\":{\"@type\":\"EntryPoint\",\"urlTemplate\":\"https:\/\/chacamelia.com\/?s={search_term_string}\"},\"query-input\":{\"@type\":\"PropertyValueSpecification\",\"valueRequired\":true,\"valueName\":\"search_term_string\"}}],\"inLanguage\":\"es\"},{\"@type\":\"Organization\",\"@id\":\"https:\/\/chacamelia.com\/#organization\",\"name\":\"Ch\u00e1 Cam\u00e9lia\",\"url\":\"https:\/\/chacamelia.com\/\",\"logo\":{\"@type\":\"ImageObject\",\"inLanguage\":\"es\",\"@id\":\"https:\/\/chacamelia.com\/#\/schema\/logo\/image\/\",\"url\":\"https:\/\/chacamelia.com\/admin\/wp-content\/uploads\/2015\/06\/Logotipo.jpg\",\"contentUrl\":\"https:\/\/chacamelia.com\/admin\/wp-content\/uploads\/2015\/06\/Logotipo.jpg\",\"width\":289,\"height\":289,\"caption\":\"Ch\u00e1 Cam\u00e9lia\"},\"image\":{\"@id\":\"https:\/\/chacamelia.com\/#\/schema\/logo\/image\/\"}}]}<\/script>\n<!-- \/ Yoast SEO plugin. -->","yoast_head_json":{"title":"Visitas guiadas a la plantaci\u00f3n de t\u00e9 - Ch\u00e1 Cam\u00e9lia","description":"Nuestra plantaci\u00f3n de t\u00e9 esta creciendo, y quien quisiera acompa\u00f1ar el progreso de nuestro proyecto es bienvenido para visitarnos aprender m\u00e1s sobre el","robots":{"index":"index","follow":"follow","max-snippet":"max-snippet:-1","max-image-preview":"max-image-preview:large","max-video-preview":"max-video-preview:-1"},"canonical":"https:\/\/chacamelia.com\/es\/visitas-guiadas\/","og_locale":"es_ES","og_type":"article","og_title":"Visitas guiadas a la plantaci\u00f3n de t\u00e9 - Ch\u00e1 Cam\u00e9lia","og_description":"Nuestra plantaci\u00f3n de t\u00e9 esta creciendo, y quien quisiera acompa\u00f1ar el progreso de nuestro proyecto es bienvenido para visitarnos aprender m\u00e1s sobre el","og_url":"https:\/\/chacamelia.com\/es\/visitas-guiadas\/","og_site_name":"Ch\u00e1 Cam\u00e9lia","article_modified_time":"2026-04-22T07:37:53+00:00","og_image":[{"width":1200,"height":869,"url":"https:\/\/chacamelia.com\/admin\/wp-content\/uploads\/2020\/06\/equipa-visitas-1200_.jpg","type":"image\/jpeg"}],"twitter_card":"summary_large_image","twitter_misc":{"Tiempo de lectura":"2 minutos"},"schema":{"@context":"https:\/\/schema.org","@graph":[{"@type":"WebPage","@id":"https:\/\/chacamelia.com\/es\/visitas-guiadas\/","url":"https:\/\/chacamelia.com\/es\/visitas-guiadas\/","name":"Visitas guiadas a la plantaci\u00f3n de t\u00e9 - Ch\u00e1 Cam\u00e9lia","isPartOf":{"@id":"https:\/\/chacamelia.com\/#website"},"primaryImageOfPage":{"@id":"https:\/\/chacamelia.com\/es\/visitas-guiadas\/#primaryimage"},"image":{"@id":"https:\/\/chacamelia.com\/es\/visitas-guiadas\/#primaryimage"},"thumbnailUrl":"https:\/\/chacamelia.com\/admin\/wp-content\/uploads\/2020\/06\/equipa-visitas-1200_.jpg","datePublished":"2017-09-20T10:46:20+00:00","dateModified":"2026-04-22T07:37:53+00:00","description":"Nuestra plantaci\u00f3n de t\u00e9 esta creciendo, y quien quisiera acompa\u00f1ar el progreso de nuestro proyecto es bienvenido para visitarnos aprender m\u00e1s sobre el","breadcrumb":{"@id":"https:\/\/chacamelia.com\/es\/visitas-guiadas\/#breadcrumb"},"inLanguage":"es","potentialAction":[{"@type":"ReadAction","target":["https:\/\/chacamelia.com\/es\/visitas-guiadas\/"]}]},{"@type":"ImageObject","inLanguage":"es","@id":"https:\/\/chacamelia.com\/es\/visitas-guiadas\/#primaryimage","url":"https:\/\/chacamelia.com\/admin\/wp-content\/uploads\/2020\/06\/equipa-visitas-1200_.jpg","contentUrl":"https:\/\/chacamelia.com\/admin\/wp-content\/uploads\/2020\/06\/equipa-visitas-1200_.jpg"},{"@type":"BreadcrumbList","@id":"https:\/\/chacamelia.com\/es\/visitas-guiadas\/#breadcrumb","itemListElement":[{"@type":"ListItem","position":1,"name":"Home","item":"https:\/\/chacamelia.com\/es\/"},{"@type":"ListItem","position":2,"name":"Visitas guiadas"}]},{"@type":"WebSite","@id":"https:\/\/chacamelia.com\/#website","url":"https:\/\/chacamelia.com\/","name":"Ch\u00e1 Cam\u00e9lia","description":"M\u00e1s que una bebida, una actitud","publisher":{"@id":"https:\/\/chacamelia.com\/#organization"},"potentialAction":[{"@type":"SearchAction","target":{"@type":"EntryPoint","urlTemplate":"https:\/\/chacamelia.com\/?s={search_term_string}"},"query-input":{"@type":"PropertyValueSpecification","valueRequired":true,"valueName":"search_term_string"}}],"inLanguage":"es"},{"@type":"Organization","@id":"https:\/\/chacamelia.com\/#organization","name":"Ch\u00e1 Cam\u00e9lia","url":"https:\/\/chacamelia.com\/","logo":{"@type":"ImageObject","inLanguage":"es","@id":"https:\/\/chacamelia.com\/#\/schema\/logo\/image\/","url":"https:\/\/chacamelia.com\/admin\/wp-content\/uploads\/2015\/06\/Logotipo.jpg","contentUrl":"https:\/\/chacamelia.com\/admin\/wp-content\/uploads\/2015\/06\/Logotipo.jpg","width":289,"height":289,"caption":"Ch\u00e1 Cam\u00e9lia"},"image":{"@id":"https:\/\/chacamelia.com\/#\/schema\/logo\/image\/"}}]}},"_links":{"self":[{"href":"https:\/\/chacamelia.com\/es\/wp-json\/wp\/v2\/pages\/8180","targetHints":{"allow":["GET"]}}],"collection":[{"href":"https:\/\/chacamelia.com\/es\/wp-json\/wp\/v2\/pages"}],"about":[{"href":"https:\/\/chacamelia.com\/es\/wp-json\/wp\/v2\/types\/page"}],"author":[{"embeddable":true,"href":"https:\/\/chacamelia.com\/es\/wp-json\/wp\/v2\/users\/2"}],"replies":[{"embeddable":true,"href":"https:\/\/chacamelia.com\/es\/wp-json\/wp\/v2\/comments?post=8180"}],"version-history":[{"count":2,"href":"https:\/\/chacamelia.com\/es\/wp-json\/wp\/v2\/pages\/8180\/revisions"}],"predecessor-version":[{"id":16698,"href":"https:\/\/chacamelia.com\/es\/wp-json\/wp\/v2\/pages\/8180\/revisions\/16698"}],"wp:attachment":[{"href":"https:\/\/chacamelia.com\/es\/wp-json\/wp\/v2\/media?parent=8180"}],"curies":[{"name":"wp","href":"https:\/\/api.w.org\/{rel}","templated":true}]}}