{"id":5407,"date":"2016-06-21T15:30:29","date_gmt":"2016-06-21T15:30:29","guid":{"rendered":"https:\/\/chacamelia.com\/admin\/es\/todo-el-te\/como-se-prepara-un-te\/preparacao-em-caneca-com-filtro-inox\/"},"modified":"2016-10-20T15:27:57","modified_gmt":"2016-10-20T15:27:57","slug":"preparacion-de-te-en-taza-con-filtro-de-acero-inoxidable","status":"publish","type":"page","link":"https:\/\/chacamelia.com\/es\/sobre-el-te\/preparacion\/preparacion-de-te-en-taza-con-filtro-de-acero-inoxidable\/","title":{"rendered":"Preparaci\u00f3n de t\u00e9 en taza con filtro de acero inoxidable"},"content":{"rendered":"","protected":false},"excerpt":{"rendered":"","protected":false},"author":2,"featured_media":13144,"parent":3233,"menu_order":0,"comment_status":"closed","ping_status":"closed","template":"","meta":{"_acf_changed":false,"footnotes":""},"class_list":["post-5407","page","type-page","status-publish","has-post-thumbnail","hentry"],"acf":[],"yoast_head":"<!-- This site is optimized with the Yoast SEO plugin v27.1.1 - https:\/\/yoast.com\/product\/yoast-seo-wordpress\/ -->\n<title>Preparaci\u00f3n de t\u00e9 en taza con filtro de acero inoxidable - Ch\u00e1 Cam\u00e9lia<\/title>\n<meta name=\"robots\" content=\"index, follow, max-snippet:-1, max-image-preview:large, max-video-preview:-1\" \/>\n<link rel=\"canonical\" href=\"https:\/\/chacamelia.com\/es\/sobre-el-te\/preparacion\/preparacion-de-te-en-taza-con-filtro-de-acero-inoxidable\/\" \/>\n<meta property=\"og:locale\" content=\"es_ES\" \/>\n<meta property=\"og:type\" content=\"article\" \/>\n<meta property=\"og:title\" content=\"Preparaci\u00f3n de t\u00e9 en taza con filtro de acero inoxidable - Ch\u00e1 Cam\u00e9lia\" \/>\n<meta property=\"og:url\" content=\"https:\/\/chacamelia.com\/es\/sobre-el-te\/preparacion\/preparacion-de-te-en-taza-con-filtro-de-acero-inoxidable\/\" \/>\n<meta property=\"og:site_name\" content=\"Ch\u00e1 Cam\u00e9lia\" \/>\n<meta property=\"article:modified_time\" content=\"2016-10-20T15:27:57+00:00\" \/>\n<meta property=\"og:image\" content=\"https:\/\/chacamelia.com\/admin\/wp-content\/uploads\/2015\/09\/02-Colocar-\u00e1gua-em-cima-das-folhas1.jpg\" \/>\n\t<meta property=\"og:image:width\" content=\"1200\" \/>\n\t<meta property=\"og:image:height\" content=\"1200\" \/>\n\t<meta property=\"og:image:type\" content=\"image\/jpeg\" \/>\n<meta name=\"twitter:card\" content=\"summary_large_image\" \/>\n<script type=\"application\/ld+json\" class=\"yoast-schema-graph\">{\"@context\":\"https:\/\/schema.org\",\"@graph\":[{\"@type\":\"WebPage\",\"@id\":\"https:\/\/chacamelia.com\/es\/sobre-el-te\/preparacion\/preparacion-de-te-en-taza-con-filtro-de-acero-inoxidable\/\",\"url\":\"https:\/\/chacamelia.com\/es\/sobre-el-te\/preparacion\/preparacion-de-te-en-taza-con-filtro-de-acero-inoxidable\/\",\"name\":\"Preparaci\u00f3n de t\u00e9 en taza con filtro de acero inoxidable - Ch\u00e1 Cam\u00e9lia\",\"isPartOf\":{\"@id\":\"https:\/\/chacamelia.com\/#website\"},\"primaryImageOfPage\":{\"@id\":\"https:\/\/chacamelia.com\/es\/sobre-el-te\/preparacion\/preparacion-de-te-en-taza-con-filtro-de-acero-inoxidable\/#primaryimage\"},\"image\":{\"@id\":\"https:\/\/chacamelia.com\/es\/sobre-el-te\/preparacion\/preparacion-de-te-en-taza-con-filtro-de-acero-inoxidable\/#primaryimage\"},\"thumbnailUrl\":\"https:\/\/chacamelia.com\/admin\/wp-content\/uploads\/2022\/04\/01-colocar-cerca-uma-colher-de-sobremesa-de-cha-no-filtro-da-caneca.jpg\",\"datePublished\":\"2016-06-21T15:30:29+00:00\",\"dateModified\":\"2016-10-20T15:27:57+00:00\",\"breadcrumb\":{\"@id\":\"https:\/\/chacamelia.com\/es\/sobre-el-te\/preparacion\/preparacion-de-te-en-taza-con-filtro-de-acero-inoxidable\/#breadcrumb\"},\"inLanguage\":\"es\",\"potentialAction\":[{\"@type\":\"ReadAction\",\"target\":[\"https:\/\/chacamelia.com\/es\/sobre-el-te\/preparacion\/preparacion-de-te-en-taza-con-filtro-de-acero-inoxidable\/\"]}]},{\"@type\":\"ImageObject\",\"inLanguage\":\"es\",\"@id\":\"https:\/\/chacamelia.com\/es\/sobre-el-te\/preparacion\/preparacion-de-te-en-taza-con-filtro-de-acero-inoxidable\/#primaryimage\",\"url\":\"https:\/\/chacamelia.com\/admin\/wp-content\/uploads\/2022\/04\/01-colocar-cerca-uma-colher-de-sobremesa-de-cha-no-filtro-da-caneca.jpg\",\"contentUrl\":\"https:\/\/chacamelia.com\/admin\/wp-content\/uploads\/2022\/04\/01-colocar-cerca-uma-colher-de-sobremesa-de-cha-no-filtro-da-caneca.jpg\",\"width\":1200,\"height\":1200},{\"@type\":\"BreadcrumbList\",\"@id\":\"https:\/\/chacamelia.com\/es\/sobre-el-te\/preparacion\/preparacion-de-te-en-taza-con-filtro-de-acero-inoxidable\/#breadcrumb\",\"itemListElement\":[{\"@type\":\"ListItem\",\"position\":1,\"name\":\"Home\",\"item\":\"https:\/\/chacamelia.com\/es\/\"},{\"@type\":\"ListItem\",\"position\":2,\"name\":\"Sobre el T\u00e9\",\"item\":\"https:\/\/chacamelia.com\/es\/sobre-el-te\/\"},{\"@type\":\"ListItem\",\"position\":3,\"name\":\"Preparaci\u00f3n\",\"item\":\"https:\/\/chacamelia.com\/es\/sobre-el-te\/preparacion\/\"},{\"@type\":\"ListItem\",\"position\":4,\"name\":\"Preparaci\u00f3n de t\u00e9 en taza con filtro de acero inoxidable\"}]},{\"@type\":\"WebSite\",\"@id\":\"https:\/\/chacamelia.com\/#website\",\"url\":\"https:\/\/chacamelia.com\/\",\"name\":\"Ch\u00e1 Cam\u00e9lia\",\"description\":\"M\u00e1s que una bebida, una actitud\",\"publisher\":{\"@id\":\"https:\/\/chacamelia.com\/#organization\"},\"potentialAction\":[{\"@type\":\"SearchAction\",\"target\":{\"@type\":\"EntryPoint\",\"urlTemplate\":\"https:\/\/chacamelia.com\/?s={search_term_string}\"},\"query-input\":{\"@type\":\"PropertyValueSpecification\",\"valueRequired\":true,\"valueName\":\"search_term_string\"}}],\"inLanguage\":\"es\"},{\"@type\":\"Organization\",\"@id\":\"https:\/\/chacamelia.com\/#organization\",\"name\":\"Ch\u00e1 Cam\u00e9lia\",\"url\":\"https:\/\/chacamelia.com\/\",\"logo\":{\"@type\":\"ImageObject\",\"inLanguage\":\"es\",\"@id\":\"https:\/\/chacamelia.com\/#\/schema\/logo\/image\/\",\"url\":\"https:\/\/chacamelia.com\/admin\/wp-content\/uploads\/2015\/06\/Logotipo.jpg\",\"contentUrl\":\"https:\/\/chacamelia.com\/admin\/wp-content\/uploads\/2015\/06\/Logotipo.jpg\",\"width\":289,\"height\":289,\"caption\":\"Ch\u00e1 Cam\u00e9lia\"},\"image\":{\"@id\":\"https:\/\/chacamelia.com\/#\/schema\/logo\/image\/\"}}]}<\/script>\n<!-- \/ Yoast SEO plugin. -->","yoast_head_json":{"title":"Preparaci\u00f3n de t\u00e9 en taza con filtro de acero inoxidable - Ch\u00e1 Cam\u00e9lia","robots":{"index":"index","follow":"follow","max-snippet":"max-snippet:-1","max-image-preview":"max-image-preview:large","max-video-preview":"max-video-preview:-1"},"canonical":"https:\/\/chacamelia.com\/es\/sobre-el-te\/preparacion\/preparacion-de-te-en-taza-con-filtro-de-acero-inoxidable\/","og_locale":"es_ES","og_type":"article","og_title":"Preparaci\u00f3n de t\u00e9 en taza con filtro de acero inoxidable - Ch\u00e1 Cam\u00e9lia","og_url":"https:\/\/chacamelia.com\/es\/sobre-el-te\/preparacion\/preparacion-de-te-en-taza-con-filtro-de-acero-inoxidable\/","og_site_name":"Ch\u00e1 Cam\u00e9lia","article_modified_time":"2016-10-20T15:27:57+00:00","og_image":[{"width":1200,"height":1200,"url":"https:\/\/chacamelia.com\/admin\/wp-content\/uploads\/2015\/09\/02-Colocar-\u00e1gua-em-cima-das-folhas1.jpg","type":"image\/jpeg"}],"twitter_card":"summary_large_image","schema":{"@context":"https:\/\/schema.org","@graph":[{"@type":"WebPage","@id":"https:\/\/chacamelia.com\/es\/sobre-el-te\/preparacion\/preparacion-de-te-en-taza-con-filtro-de-acero-inoxidable\/","url":"https:\/\/chacamelia.com\/es\/sobre-el-te\/preparacion\/preparacion-de-te-en-taza-con-filtro-de-acero-inoxidable\/","name":"Preparaci\u00f3n de t\u00e9 en taza con filtro de acero inoxidable - Ch\u00e1 Cam\u00e9lia","isPartOf":{"@id":"https:\/\/chacamelia.com\/#website"},"primaryImageOfPage":{"@id":"https:\/\/chacamelia.com\/es\/sobre-el-te\/preparacion\/preparacion-de-te-en-taza-con-filtro-de-acero-inoxidable\/#primaryimage"},"image":{"@id":"https:\/\/chacamelia.com\/es\/sobre-el-te\/preparacion\/preparacion-de-te-en-taza-con-filtro-de-acero-inoxidable\/#primaryimage"},"thumbnailUrl":"https:\/\/chacamelia.com\/admin\/wp-content\/uploads\/2022\/04\/01-colocar-cerca-uma-colher-de-sobremesa-de-cha-no-filtro-da-caneca.jpg","datePublished":"2016-06-21T15:30:29+00:00","dateModified":"2016-10-20T15:27:57+00:00","breadcrumb":{"@id":"https:\/\/chacamelia.com\/es\/sobre-el-te\/preparacion\/preparacion-de-te-en-taza-con-filtro-de-acero-inoxidable\/#breadcrumb"},"inLanguage":"es","potentialAction":[{"@type":"ReadAction","target":["https:\/\/chacamelia.com\/es\/sobre-el-te\/preparacion\/preparacion-de-te-en-taza-con-filtro-de-acero-inoxidable\/"]}]},{"@type":"ImageObject","inLanguage":"es","@id":"https:\/\/chacamelia.com\/es\/sobre-el-te\/preparacion\/preparacion-de-te-en-taza-con-filtro-de-acero-inoxidable\/#primaryimage","url":"https:\/\/chacamelia.com\/admin\/wp-content\/uploads\/2022\/04\/01-colocar-cerca-uma-colher-de-sobremesa-de-cha-no-filtro-da-caneca.jpg","contentUrl":"https:\/\/chacamelia.com\/admin\/wp-content\/uploads\/2022\/04\/01-colocar-cerca-uma-colher-de-sobremesa-de-cha-no-filtro-da-caneca.jpg","width":1200,"height":1200},{"@type":"BreadcrumbList","@id":"https:\/\/chacamelia.com\/es\/sobre-el-te\/preparacion\/preparacion-de-te-en-taza-con-filtro-de-acero-inoxidable\/#breadcrumb","itemListElement":[{"@type":"ListItem","position":1,"name":"Home","item":"https:\/\/chacamelia.com\/es\/"},{"@type":"ListItem","position":2,"name":"Sobre el T\u00e9","item":"https:\/\/chacamelia.com\/es\/sobre-el-te\/"},{"@type":"ListItem","position":3,"name":"Preparaci\u00f3n","item":"https:\/\/chacamelia.com\/es\/sobre-el-te\/preparacion\/"},{"@type":"ListItem","position":4,"name":"Preparaci\u00f3n de t\u00e9 en taza con filtro de acero inoxidable"}]},{"@type":"WebSite","@id":"https:\/\/chacamelia.com\/#website","url":"https:\/\/chacamelia.com\/","name":"Ch\u00e1 Cam\u00e9lia","description":"M\u00e1s que una bebida, una actitud","publisher":{"@id":"https:\/\/chacamelia.com\/#organization"},"potentialAction":[{"@type":"SearchAction","target":{"@type":"EntryPoint","urlTemplate":"https:\/\/chacamelia.com\/?s={search_term_string}"},"query-input":{"@type":"PropertyValueSpecification","valueRequired":true,"valueName":"search_term_string"}}],"inLanguage":"es"},{"@type":"Organization","@id":"https:\/\/chacamelia.com\/#organization","name":"Ch\u00e1 Cam\u00e9lia","url":"https:\/\/chacamelia.com\/","logo":{"@type":"ImageObject","inLanguage":"es","@id":"https:\/\/chacamelia.com\/#\/schema\/logo\/image\/","url":"https:\/\/chacamelia.com\/admin\/wp-content\/uploads\/2015\/06\/Logotipo.jpg","contentUrl":"https:\/\/chacamelia.com\/admin\/wp-content\/uploads\/2015\/06\/Logotipo.jpg","width":289,"height":289,"caption":"Ch\u00e1 Cam\u00e9lia"},"image":{"@id":"https:\/\/chacamelia.com\/#\/schema\/logo\/image\/"}}]}},"_links":{"self":[{"href":"https:\/\/chacamelia.com\/es\/wp-json\/wp\/v2\/pages\/5407","targetHints":{"allow":["GET"]}}],"collection":[{"href":"https:\/\/chacamelia.com\/es\/wp-json\/wp\/v2\/pages"}],"about":[{"href":"https:\/\/chacamelia.com\/es\/wp-json\/wp\/v2\/types\/page"}],"author":[{"embeddable":true,"href":"https:\/\/chacamelia.com\/es\/wp-json\/wp\/v2\/users\/2"}],"replies":[{"embeddable":true,"href":"https:\/\/chacamelia.com\/es\/wp-json\/wp\/v2\/comments?post=5407"}],"version-history":[{"count":0,"href":"https:\/\/chacamelia.com\/es\/wp-json\/wp\/v2\/pages\/5407\/revisions"}],"up":[{"embeddable":true,"href":"https:\/\/chacamelia.com\/es\/wp-json\/wp\/v2\/pages\/3233"}],"wp:featuredmedia":[{"embeddable":true,"href":"https:\/\/chacamelia.com\/es\/wp-json\/wp\/v2\/media\/13144"}],"wp:attachment":[{"href":"https:\/\/chacamelia.com\/es\/wp-json\/wp\/v2\/media?parent=5407"}],"curies":[{"name":"wp","href":"https:\/\/api.w.org\/{rel}","templated":true}]}}