{"id":3594,"date":"2015-09-11T19:48:26","date_gmt":"2015-09-11T19:48:26","guid":{"rendered":"https:\/\/chacamelia.com\/admin\/es\/a-nossa-ceramica\/"},"modified":"2016-10-12T16:36:18","modified_gmt":"2016-10-12T16:36:18","slug":"nuestra-ceramica","status":"publish","type":"page","link":"https:\/\/chacamelia.com\/es\/sobre-el-te\/nuestra-ceramica\/","title":{"rendered":"Nuestra Cer\u00e1mica"},"content":{"rendered":"","protected":false},"excerpt":{"rendered":"<p>El t\u00e9 y la cer\u00e1mica son inseparables. En Jap\u00f3n, as\u00ed como en otros pa\u00edses asi\u00e1ticos como Corea o China, la cer\u00e1mica se ha desarrollado junto con la cultura de beber t\u00e9. <\/p>\n","protected":false},"author":5,"featured_media":0,"parent":281,"menu_order":0,"comment_status":"closed","ping_status":"closed","template":"template-preparacoes.php","meta":{"_acf_changed":false,"footnotes":""},"class_list":["post-3594","page","type-page","status-publish","hentry"],"acf":[],"yoast_head":"<!-- This site is optimized with the Yoast SEO plugin v27.1.1 - https:\/\/yoast.com\/product\/yoast-seo-wordpress\/ -->\n<title>Nuestra Cer\u00e1mica - Ch\u00e1 Cam\u00e9lia<\/title>\n<meta name=\"description\" content=\"El t\u00e9 y la cer\u00e1mica son inseparables. En Jap\u00f3n, as\u00ed como en otros pa\u00edses asi\u00e1ticos como Corea o China, la cer\u00e1mica se ha desarrollado junto con la cultura de beber t\u00e9.\" \/>\n<meta name=\"robots\" content=\"index, follow, max-snippet:-1, max-image-preview:large, max-video-preview:-1\" \/>\n<link rel=\"canonical\" href=\"https:\/\/chacamelia.com\/es\/sobre-el-te\/nuestra-ceramica\/\" \/>\n<meta property=\"og:locale\" content=\"es_ES\" \/>\n<meta property=\"og:type\" content=\"article\" \/>\n<meta property=\"og:title\" content=\"Nuestra Cer\u00e1mica - Ch\u00e1 Cam\u00e9lia\" \/>\n<meta property=\"og:description\" content=\"El t\u00e9 y la cer\u00e1mica son inseparables. En Jap\u00f3n, as\u00ed como en otros pa\u00edses asi\u00e1ticos como Corea o China, la cer\u00e1mica se ha desarrollado junto con la cultura de beber t\u00e9.\" \/>\n<meta property=\"og:url\" content=\"https:\/\/chacamelia.com\/es\/sobre-el-te\/nuestra-ceramica\/\" \/>\n<meta property=\"og:site_name\" content=\"Ch\u00e1 Cam\u00e9lia\" \/>\n<meta property=\"article:modified_time\" content=\"2016-10-12T16:36:18+00:00\" \/>\n<meta name=\"twitter:card\" content=\"summary_large_image\" \/>\n<script type=\"application\/ld+json\" class=\"yoast-schema-graph\">{\"@context\":\"https:\/\/schema.org\",\"@graph\":[{\"@type\":\"WebPage\",\"@id\":\"https:\/\/chacamelia.com\/es\/sobre-el-te\/nuestra-ceramica\/\",\"url\":\"https:\/\/chacamelia.com\/es\/sobre-el-te\/nuestra-ceramica\/\",\"name\":\"Nuestra Cer\u00e1mica - Ch\u00e1 Cam\u00e9lia\",\"isPartOf\":{\"@id\":\"https:\/\/chacamelia.com\/#website\"},\"datePublished\":\"2015-09-11T19:48:26+00:00\",\"dateModified\":\"2016-10-12T16:36:18+00:00\",\"description\":\"El t\u00e9 y la cer\u00e1mica son inseparables. En Jap\u00f3n, as\u00ed como en otros pa\u00edses asi\u00e1ticos como Corea o China, la cer\u00e1mica se ha desarrollado junto con la cultura de beber t\u00e9.\",\"breadcrumb\":{\"@id\":\"https:\/\/chacamelia.com\/es\/sobre-el-te\/nuestra-ceramica\/#breadcrumb\"},\"inLanguage\":\"es\",\"potentialAction\":[{\"@type\":\"ReadAction\",\"target\":[\"https:\/\/chacamelia.com\/es\/sobre-el-te\/nuestra-ceramica\/\"]}]},{\"@type\":\"BreadcrumbList\",\"@id\":\"https:\/\/chacamelia.com\/es\/sobre-el-te\/nuestra-ceramica\/#breadcrumb\",\"itemListElement\":[{\"@type\":\"ListItem\",\"position\":1,\"name\":\"Home\",\"item\":\"https:\/\/chacamelia.com\/es\/\"},{\"@type\":\"ListItem\",\"position\":2,\"name\":\"Sobre el T\u00e9\",\"item\":\"https:\/\/chacamelia.com\/es\/sobre-el-te\/\"},{\"@type\":\"ListItem\",\"position\":3,\"name\":\"Nuestra Cer\u00e1mica\"}]},{\"@type\":\"WebSite\",\"@id\":\"https:\/\/chacamelia.com\/#website\",\"url\":\"https:\/\/chacamelia.com\/\",\"name\":\"Ch\u00e1 Cam\u00e9lia\",\"description\":\"M\u00e1s que una bebida, una actitud\",\"publisher\":{\"@id\":\"https:\/\/chacamelia.com\/#organization\"},\"potentialAction\":[{\"@type\":\"SearchAction\",\"target\":{\"@type\":\"EntryPoint\",\"urlTemplate\":\"https:\/\/chacamelia.com\/?s={search_term_string}\"},\"query-input\":{\"@type\":\"PropertyValueSpecification\",\"valueRequired\":true,\"valueName\":\"search_term_string\"}}],\"inLanguage\":\"es\"},{\"@type\":\"Organization\",\"@id\":\"https:\/\/chacamelia.com\/#organization\",\"name\":\"Ch\u00e1 Cam\u00e9lia\",\"url\":\"https:\/\/chacamelia.com\/\",\"logo\":{\"@type\":\"ImageObject\",\"inLanguage\":\"es\",\"@id\":\"https:\/\/chacamelia.com\/#\/schema\/logo\/image\/\",\"url\":\"https:\/\/chacamelia.com\/admin\/wp-content\/uploads\/2015\/06\/Logotipo.jpg\",\"contentUrl\":\"https:\/\/chacamelia.com\/admin\/wp-content\/uploads\/2015\/06\/Logotipo.jpg\",\"width\":289,\"height\":289,\"caption\":\"Ch\u00e1 Cam\u00e9lia\"},\"image\":{\"@id\":\"https:\/\/chacamelia.com\/#\/schema\/logo\/image\/\"}}]}<\/script>\n<!-- \/ Yoast SEO plugin. -->","yoast_head_json":{"title":"Nuestra Cer\u00e1mica - Ch\u00e1 Cam\u00e9lia","description":"El t\u00e9 y la cer\u00e1mica son inseparables. En Jap\u00f3n, as\u00ed como en otros pa\u00edses asi\u00e1ticos como Corea o China, la cer\u00e1mica se ha desarrollado junto con la cultura de beber t\u00e9.","robots":{"index":"index","follow":"follow","max-snippet":"max-snippet:-1","max-image-preview":"max-image-preview:large","max-video-preview":"max-video-preview:-1"},"canonical":"https:\/\/chacamelia.com\/es\/sobre-el-te\/nuestra-ceramica\/","og_locale":"es_ES","og_type":"article","og_title":"Nuestra Cer\u00e1mica - Ch\u00e1 Cam\u00e9lia","og_description":"El t\u00e9 y la cer\u00e1mica son inseparables. En Jap\u00f3n, as\u00ed como en otros pa\u00edses asi\u00e1ticos como Corea o China, la cer\u00e1mica se ha desarrollado junto con la cultura de beber t\u00e9.","og_url":"https:\/\/chacamelia.com\/es\/sobre-el-te\/nuestra-ceramica\/","og_site_name":"Ch\u00e1 Cam\u00e9lia","article_modified_time":"2016-10-12T16:36:18+00:00","twitter_card":"summary_large_image","schema":{"@context":"https:\/\/schema.org","@graph":[{"@type":"WebPage","@id":"https:\/\/chacamelia.com\/es\/sobre-el-te\/nuestra-ceramica\/","url":"https:\/\/chacamelia.com\/es\/sobre-el-te\/nuestra-ceramica\/","name":"Nuestra Cer\u00e1mica - Ch\u00e1 Cam\u00e9lia","isPartOf":{"@id":"https:\/\/chacamelia.com\/#website"},"datePublished":"2015-09-11T19:48:26+00:00","dateModified":"2016-10-12T16:36:18+00:00","description":"El t\u00e9 y la cer\u00e1mica son inseparables. En Jap\u00f3n, as\u00ed como en otros pa\u00edses asi\u00e1ticos como Corea o China, la cer\u00e1mica se ha desarrollado junto con la cultura de beber t\u00e9.","breadcrumb":{"@id":"https:\/\/chacamelia.com\/es\/sobre-el-te\/nuestra-ceramica\/#breadcrumb"},"inLanguage":"es","potentialAction":[{"@type":"ReadAction","target":["https:\/\/chacamelia.com\/es\/sobre-el-te\/nuestra-ceramica\/"]}]},{"@type":"BreadcrumbList","@id":"https:\/\/chacamelia.com\/es\/sobre-el-te\/nuestra-ceramica\/#breadcrumb","itemListElement":[{"@type":"ListItem","position":1,"name":"Home","item":"https:\/\/chacamelia.com\/es\/"},{"@type":"ListItem","position":2,"name":"Sobre el T\u00e9","item":"https:\/\/chacamelia.com\/es\/sobre-el-te\/"},{"@type":"ListItem","position":3,"name":"Nuestra Cer\u00e1mica"}]},{"@type":"WebSite","@id":"https:\/\/chacamelia.com\/#website","url":"https:\/\/chacamelia.com\/","name":"Ch\u00e1 Cam\u00e9lia","description":"M\u00e1s que una bebida, una actitud","publisher":{"@id":"https:\/\/chacamelia.com\/#organization"},"potentialAction":[{"@type":"SearchAction","target":{"@type":"EntryPoint","urlTemplate":"https:\/\/chacamelia.com\/?s={search_term_string}"},"query-input":{"@type":"PropertyValueSpecification","valueRequired":true,"valueName":"search_term_string"}}],"inLanguage":"es"},{"@type":"Organization","@id":"https:\/\/chacamelia.com\/#organization","name":"Ch\u00e1 Cam\u00e9lia","url":"https:\/\/chacamelia.com\/","logo":{"@type":"ImageObject","inLanguage":"es","@id":"https:\/\/chacamelia.com\/#\/schema\/logo\/image\/","url":"https:\/\/chacamelia.com\/admin\/wp-content\/uploads\/2015\/06\/Logotipo.jpg","contentUrl":"https:\/\/chacamelia.com\/admin\/wp-content\/uploads\/2015\/06\/Logotipo.jpg","width":289,"height":289,"caption":"Ch\u00e1 Cam\u00e9lia"},"image":{"@id":"https:\/\/chacamelia.com\/#\/schema\/logo\/image\/"}}]}},"_links":{"self":[{"href":"https:\/\/chacamelia.com\/es\/wp-json\/wp\/v2\/pages\/3594","targetHints":{"allow":["GET"]}}],"collection":[{"href":"https:\/\/chacamelia.com\/es\/wp-json\/wp\/v2\/pages"}],"about":[{"href":"https:\/\/chacamelia.com\/es\/wp-json\/wp\/v2\/types\/page"}],"author":[{"embeddable":true,"href":"https:\/\/chacamelia.com\/es\/wp-json\/wp\/v2\/users\/5"}],"replies":[{"embeddable":true,"href":"https:\/\/chacamelia.com\/es\/wp-json\/wp\/v2\/comments?post=3594"}],"version-history":[{"count":0,"href":"https:\/\/chacamelia.com\/es\/wp-json\/wp\/v2\/pages\/3594\/revisions"}],"up":[{"embeddable":true,"href":"https:\/\/chacamelia.com\/es\/wp-json\/wp\/v2\/pages\/281"}],"wp:attachment":[{"href":"https:\/\/chacamelia.com\/es\/wp-json\/wp\/v2\/media?parent=3594"}],"curies":[{"name":"wp","href":"https:\/\/api.w.org\/{rel}","templated":true}]}}