{"id":265,"date":"2015-06-05T15:17:32","date_gmt":"2015-06-05T15:17:32","guid":{"rendered":"https:\/\/chacamelia.com\/admin\/abc-do-cha-2\/"},"modified":"2016-09-12T21:50:25","modified_gmt":"2016-09-12T21:50:25","slug":"abc-del-te","status":"publish","type":"page","link":"https:\/\/chacamelia.com\/es\/sobre-el-te\/abc-del-te\/","title":{"rendered":"ABC del T\u00e9"},"content":{"rendered":"","protected":false},"excerpt":{"rendered":"<p>El Glosario para un mundo a descubrir<\/p>\n","protected":false},"author":2,"featured_media":5227,"parent":281,"menu_order":0,"comment_status":"closed","ping_status":"open","template":"template-abc-cha.php","meta":{"_acf_changed":false,"footnotes":""},"class_list":["post-265","page","type-page","status-publish","has-post-thumbnail","hentry"],"acf":[],"yoast_head":"<!-- This site is optimized with the Yoast SEO plugin v27.1.1 - https:\/\/yoast.com\/product\/yoast-seo-wordpress\/ -->\n<title>ABC del T\u00e9 - Ch\u00e1 Cam\u00e9lia<\/title>\n<meta name=\"description\" content=\"ABC do Ch\u00e1\" \/>\n<meta name=\"robots\" content=\"index, follow, max-snippet:-1, max-image-preview:large, max-video-preview:-1\" \/>\n<link rel=\"canonical\" href=\"https:\/\/chacamelia.com\/es\/sobre-el-te\/abc-del-te\/\" \/>\n<meta property=\"og:locale\" content=\"es_ES\" \/>\n<meta property=\"og:type\" content=\"article\" \/>\n<meta property=\"og:title\" content=\"ABC del T\u00e9 - Ch\u00e1 Cam\u00e9lia\" \/>\n<meta property=\"og:description\" content=\"ABC do Ch\u00e1\" \/>\n<meta property=\"og:url\" content=\"https:\/\/chacamelia.com\/es\/sobre-el-te\/abc-del-te\/\" \/>\n<meta property=\"og:site_name\" content=\"Ch\u00e1 Cam\u00e9lia\" \/>\n<meta property=\"article:modified_time\" content=\"2016-09-12T21:50:25+00:00\" \/>\n<meta property=\"og:image\" content=\"https:\/\/chacamelia.com\/admin\/wp-content\/uploads\/2015\/06\/kyusu.jpg\" \/>\n\t<meta property=\"og:image:width\" content=\"1440\" \/>\n\t<meta property=\"og:image:height\" content=\"1076\" \/>\n\t<meta property=\"og:image:type\" content=\"image\/jpeg\" \/>\n<meta name=\"twitter:card\" content=\"summary_large_image\" \/>\n<script type=\"application\/ld+json\" class=\"yoast-schema-graph\">{\"@context\":\"https:\/\/schema.org\",\"@graph\":[{\"@type\":\"WebPage\",\"@id\":\"https:\/\/chacamelia.com\/es\/sobre-el-te\/abc-del-te\/\",\"url\":\"https:\/\/chacamelia.com\/es\/sobre-el-te\/abc-del-te\/\",\"name\":\"ABC del T\u00e9 - Ch\u00e1 Cam\u00e9lia\",\"isPartOf\":{\"@id\":\"https:\/\/chacamelia.com\/#website\"},\"primaryImageOfPage\":{\"@id\":\"https:\/\/chacamelia.com\/es\/sobre-el-te\/abc-del-te\/#primaryimage\"},\"image\":{\"@id\":\"https:\/\/chacamelia.com\/es\/sobre-el-te\/abc-del-te\/#primaryimage\"},\"thumbnailUrl\":\"https:\/\/chacamelia.com\/admin\/wp-content\/uploads\/2015\/06\/kyusu.jpg\",\"datePublished\":\"2015-06-05T15:17:32+00:00\",\"dateModified\":\"2016-09-12T21:50:25+00:00\",\"description\":\"ABC do Ch\u00e1\",\"breadcrumb\":{\"@id\":\"https:\/\/chacamelia.com\/es\/sobre-el-te\/abc-del-te\/#breadcrumb\"},\"inLanguage\":\"es\",\"potentialAction\":[{\"@type\":\"ReadAction\",\"target\":[\"https:\/\/chacamelia.com\/es\/sobre-el-te\/abc-del-te\/\"]}]},{\"@type\":\"ImageObject\",\"inLanguage\":\"es\",\"@id\":\"https:\/\/chacamelia.com\/es\/sobre-el-te\/abc-del-te\/#primaryimage\",\"url\":\"https:\/\/chacamelia.com\/admin\/wp-content\/uploads\/2015\/06\/kyusu.jpg\",\"contentUrl\":\"https:\/\/chacamelia.com\/admin\/wp-content\/uploads\/2015\/06\/kyusu.jpg\",\"width\":1440,\"height\":1076},{\"@type\":\"BreadcrumbList\",\"@id\":\"https:\/\/chacamelia.com\/es\/sobre-el-te\/abc-del-te\/#breadcrumb\",\"itemListElement\":[{\"@type\":\"ListItem\",\"position\":1,\"name\":\"Home\",\"item\":\"https:\/\/chacamelia.com\/es\/\"},{\"@type\":\"ListItem\",\"position\":2,\"name\":\"Sobre el T\u00e9\",\"item\":\"https:\/\/chacamelia.com\/es\/sobre-el-te\/\"},{\"@type\":\"ListItem\",\"position\":3,\"name\":\"ABC del T\u00e9\"}]},{\"@type\":\"WebSite\",\"@id\":\"https:\/\/chacamelia.com\/#website\",\"url\":\"https:\/\/chacamelia.com\/\",\"name\":\"Ch\u00e1 Cam\u00e9lia\",\"description\":\"M\u00e1s que una bebida, una actitud\",\"publisher\":{\"@id\":\"https:\/\/chacamelia.com\/#organization\"},\"potentialAction\":[{\"@type\":\"SearchAction\",\"target\":{\"@type\":\"EntryPoint\",\"urlTemplate\":\"https:\/\/chacamelia.com\/?s={search_term_string}\"},\"query-input\":{\"@type\":\"PropertyValueSpecification\",\"valueRequired\":true,\"valueName\":\"search_term_string\"}}],\"inLanguage\":\"es\"},{\"@type\":\"Organization\",\"@id\":\"https:\/\/chacamelia.com\/#organization\",\"name\":\"Ch\u00e1 Cam\u00e9lia\",\"url\":\"https:\/\/chacamelia.com\/\",\"logo\":{\"@type\":\"ImageObject\",\"inLanguage\":\"es\",\"@id\":\"https:\/\/chacamelia.com\/#\/schema\/logo\/image\/\",\"url\":\"https:\/\/chacamelia.com\/admin\/wp-content\/uploads\/2015\/06\/Logotipo.jpg\",\"contentUrl\":\"https:\/\/chacamelia.com\/admin\/wp-content\/uploads\/2015\/06\/Logotipo.jpg\",\"width\":289,\"height\":289,\"caption\":\"Ch\u00e1 Cam\u00e9lia\"},\"image\":{\"@id\":\"https:\/\/chacamelia.com\/#\/schema\/logo\/image\/\"}}]}<\/script>\n<!-- \/ Yoast SEO plugin. -->","yoast_head_json":{"title":"ABC del T\u00e9 - Ch\u00e1 Cam\u00e9lia","description":"ABC do Ch\u00e1","robots":{"index":"index","follow":"follow","max-snippet":"max-snippet:-1","max-image-preview":"max-image-preview:large","max-video-preview":"max-video-preview:-1"},"canonical":"https:\/\/chacamelia.com\/es\/sobre-el-te\/abc-del-te\/","og_locale":"es_ES","og_type":"article","og_title":"ABC del T\u00e9 - Ch\u00e1 Cam\u00e9lia","og_description":"ABC do Ch\u00e1","og_url":"https:\/\/chacamelia.com\/es\/sobre-el-te\/abc-del-te\/","og_site_name":"Ch\u00e1 Cam\u00e9lia","article_modified_time":"2016-09-12T21:50:25+00:00","og_image":[{"width":1440,"height":1076,"url":"https:\/\/chacamelia.com\/admin\/wp-content\/uploads\/2015\/06\/kyusu.jpg","type":"image\/jpeg"}],"twitter_card":"summary_large_image","schema":{"@context":"https:\/\/schema.org","@graph":[{"@type":"WebPage","@id":"https:\/\/chacamelia.com\/es\/sobre-el-te\/abc-del-te\/","url":"https:\/\/chacamelia.com\/es\/sobre-el-te\/abc-del-te\/","name":"ABC del T\u00e9 - Ch\u00e1 Cam\u00e9lia","isPartOf":{"@id":"https:\/\/chacamelia.com\/#website"},"primaryImageOfPage":{"@id":"https:\/\/chacamelia.com\/es\/sobre-el-te\/abc-del-te\/#primaryimage"},"image":{"@id":"https:\/\/chacamelia.com\/es\/sobre-el-te\/abc-del-te\/#primaryimage"},"thumbnailUrl":"https:\/\/chacamelia.com\/admin\/wp-content\/uploads\/2015\/06\/kyusu.jpg","datePublished":"2015-06-05T15:17:32+00:00","dateModified":"2016-09-12T21:50:25+00:00","description":"ABC do Ch\u00e1","breadcrumb":{"@id":"https:\/\/chacamelia.com\/es\/sobre-el-te\/abc-del-te\/#breadcrumb"},"inLanguage":"es","potentialAction":[{"@type":"ReadAction","target":["https:\/\/chacamelia.com\/es\/sobre-el-te\/abc-del-te\/"]}]},{"@type":"ImageObject","inLanguage":"es","@id":"https:\/\/chacamelia.com\/es\/sobre-el-te\/abc-del-te\/#primaryimage","url":"https:\/\/chacamelia.com\/admin\/wp-content\/uploads\/2015\/06\/kyusu.jpg","contentUrl":"https:\/\/chacamelia.com\/admin\/wp-content\/uploads\/2015\/06\/kyusu.jpg","width":1440,"height":1076},{"@type":"BreadcrumbList","@id":"https:\/\/chacamelia.com\/es\/sobre-el-te\/abc-del-te\/#breadcrumb","itemListElement":[{"@type":"ListItem","position":1,"name":"Home","item":"https:\/\/chacamelia.com\/es\/"},{"@type":"ListItem","position":2,"name":"Sobre el T\u00e9","item":"https:\/\/chacamelia.com\/es\/sobre-el-te\/"},{"@type":"ListItem","position":3,"name":"ABC del T\u00e9"}]},{"@type":"WebSite","@id":"https:\/\/chacamelia.com\/#website","url":"https:\/\/chacamelia.com\/","name":"Ch\u00e1 Cam\u00e9lia","description":"M\u00e1s que una bebida, una actitud","publisher":{"@id":"https:\/\/chacamelia.com\/#organization"},"potentialAction":[{"@type":"SearchAction","target":{"@type":"EntryPoint","urlTemplate":"https:\/\/chacamelia.com\/?s={search_term_string}"},"query-input":{"@type":"PropertyValueSpecification","valueRequired":true,"valueName":"search_term_string"}}],"inLanguage":"es"},{"@type":"Organization","@id":"https:\/\/chacamelia.com\/#organization","name":"Ch\u00e1 Cam\u00e9lia","url":"https:\/\/chacamelia.com\/","logo":{"@type":"ImageObject","inLanguage":"es","@id":"https:\/\/chacamelia.com\/#\/schema\/logo\/image\/","url":"https:\/\/chacamelia.com\/admin\/wp-content\/uploads\/2015\/06\/Logotipo.jpg","contentUrl":"https:\/\/chacamelia.com\/admin\/wp-content\/uploads\/2015\/06\/Logotipo.jpg","width":289,"height":289,"caption":"Ch\u00e1 Cam\u00e9lia"},"image":{"@id":"https:\/\/chacamelia.com\/#\/schema\/logo\/image\/"}}]}},"_links":{"self":[{"href":"https:\/\/chacamelia.com\/es\/wp-json\/wp\/v2\/pages\/265","targetHints":{"allow":["GET"]}}],"collection":[{"href":"https:\/\/chacamelia.com\/es\/wp-json\/wp\/v2\/pages"}],"about":[{"href":"https:\/\/chacamelia.com\/es\/wp-json\/wp\/v2\/types\/page"}],"author":[{"embeddable":true,"href":"https:\/\/chacamelia.com\/es\/wp-json\/wp\/v2\/users\/2"}],"replies":[{"embeddable":true,"href":"https:\/\/chacamelia.com\/es\/wp-json\/wp\/v2\/comments?post=265"}],"version-history":[{"count":0,"href":"https:\/\/chacamelia.com\/es\/wp-json\/wp\/v2\/pages\/265\/revisions"}],"up":[{"embeddable":true,"href":"https:\/\/chacamelia.com\/es\/wp-json\/wp\/v2\/pages\/281"}],"wp:featuredmedia":[{"embeddable":true,"href":"https:\/\/chacamelia.com\/es\/wp-json\/wp\/v2\/media\/5227"}],"wp:attachment":[{"href":"https:\/\/chacamelia.com\/es\/wp-json\/wp\/v2\/media?parent=265"}],"curies":[{"name":"wp","href":"https:\/\/api.w.org\/{rel}","templated":true}]}}