{"id":253,"date":"2015-06-05T05:34:45","date_gmt":"2015-06-05T05:34:45","guid":{"rendered":"https:\/\/chacamelia.com\/admin\/pagina-exemplo-2\/"},"modified":"2026-04-13T17:19:22","modified_gmt":"2026-04-13T17:19:22","slug":"homepage","status":"publish","type":"page","link":"https:\/\/chacamelia.com\/es\/","title":{"rendered":"Homepage"},"content":{"rendered":"","protected":false},"excerpt":{"rendered":"","protected":false},"author":5,"featured_media":16687,"parent":0,"menu_order":0,"comment_status":"closed","ping_status":"closed","template":"","meta":{"_acf_changed":false,"footnotes":""},"class_list":["post-253","page","type-page","status-publish","has-post-thumbnail","hentry"],"acf":[],"yoast_head":"<!-- This site is optimized with the Yoast SEO plugin v27.1.1 - https:\/\/yoast.com\/product\/yoast-seo-wordpress\/ -->\n<title>Ch\u00e1 Cam\u00e9lia - M\u00e1s que una bebida, una actitud - Tienda en l\u00ednea de t\u00e9<\/title>\n<meta name=\"description\" content=\"Tienda online de accesorios y t\u00e9 japon\u00e9s y portugu\u00e9s. Ch\u00e1 Cam\u00e9lia es un proyecto hecho con amor y pasi\u00f3n por Nina Gruntkowski.\" \/>\n<meta name=\"robots\" content=\"index, follow, max-snippet:-1, max-image-preview:large, max-video-preview:-1\" \/>\n<link rel=\"canonical\" href=\"https:\/\/chacamelia.com\/es\/\" \/>\n<meta property=\"og:locale\" content=\"es_ES\" \/>\n<meta property=\"og:type\" content=\"article\" \/>\n<meta property=\"og:title\" content=\"Ch\u00e1 Cam\u00e9lia - M\u00e1s que una bebida, una actitud - Tienda en l\u00ednea de t\u00e9\" \/>\n<meta property=\"og:description\" content=\"Tienda online de accesorios y t\u00e9 japon\u00e9s y portugu\u00e9s. Ch\u00e1 Cam\u00e9lia es un proyecto hecho con amor y pasi\u00f3n por Nina Gruntkowski.\" \/>\n<meta property=\"og:url\" content=\"https:\/\/chacamelia.com\/es\/\" \/>\n<meta property=\"og:site_name\" content=\"Ch\u00e1 Cam\u00e9lia\" \/>\n<meta property=\"article:modified_time\" content=\"2026-04-13T17:19:22+00:00\" \/>\n<meta property=\"og:image\" content=\"https:\/\/chacamelia.com\/admin\/wp-content\/uploads\/2026\/04\/plantacao-de-cima-2133x1200-1.jpg\" \/>\n\t<meta property=\"og:image:width\" content=\"2133\" \/>\n\t<meta property=\"og:image:height\" content=\"1200\" \/>\n\t<meta property=\"og:image:type\" content=\"image\/jpeg\" \/>\n<meta name=\"twitter:card\" content=\"summary_large_image\" \/>\n<meta name=\"twitter:label1\" content=\"Tiempo de lectura\" \/>\n\t<meta name=\"twitter:data1\" content=\"1 minuto\" \/>\n<script type=\"application\/ld+json\" class=\"yoast-schema-graph\">{\"@context\":\"https:\/\/schema.org\",\"@graph\":[{\"@type\":\"WebPage\",\"@id\":\"https:\/\/chacamelia.com\/es\/\",\"url\":\"https:\/\/chacamelia.com\/es\/\",\"name\":\"Ch\u00e1 Cam\u00e9lia - M\u00e1s que una bebida, una actitud - Tienda en l\u00ednea de t\u00e9\",\"isPartOf\":{\"@id\":\"https:\/\/chacamelia.com\/#website\"},\"primaryImageOfPage\":{\"@id\":\"https:\/\/chacamelia.com\/es\/#primaryimage\"},\"image\":{\"@id\":\"https:\/\/chacamelia.com\/es\/#primaryimage\"},\"thumbnailUrl\":\"https:\/\/chacamelia.com\/admin\/wp-content\/uploads\/2026\/04\/plantacao-de-cima-2133x1200-1.jpg\",\"datePublished\":\"2015-06-05T05:34:45+00:00\",\"dateModified\":\"2026-04-13T17:19:22+00:00\",\"description\":\"Tienda online de accesorios y t\u00e9 japon\u00e9s y portugu\u00e9s. Ch\u00e1 Cam\u00e9lia es un proyecto hecho con amor y pasi\u00f3n por Nina Gruntkowski.\",\"breadcrumb\":{\"@id\":\"https:\/\/chacamelia.com\/es\/#breadcrumb\"},\"inLanguage\":\"es\",\"potentialAction\":[{\"@type\":\"ReadAction\",\"target\":[\"https:\/\/chacamelia.com\/es\/\"]}]},{\"@type\":\"ImageObject\",\"inLanguage\":\"es\",\"@id\":\"https:\/\/chacamelia.com\/es\/#primaryimage\",\"url\":\"https:\/\/chacamelia.com\/admin\/wp-content\/uploads\/2026\/04\/plantacao-de-cima-2133x1200-1.jpg\",\"contentUrl\":\"https:\/\/chacamelia.com\/admin\/wp-content\/uploads\/2026\/04\/plantacao-de-cima-2133x1200-1.jpg\",\"width\":2133,\"height\":1200,\"caption\":\"A nossa colheita de ch\u00e1 2026 est\u00e1 em andamento\"},{\"@type\":\"BreadcrumbList\",\"@id\":\"https:\/\/chacamelia.com\/es\/#breadcrumb\",\"itemListElement\":[{\"@type\":\"ListItem\",\"position\":1,\"name\":\"Home\",\"item\":\"https:\/\/chacamelia.com\/es\/\"},{\"@type\":\"ListItem\",\"position\":2,\"name\":\"Homepage\"}]},{\"@type\":\"WebSite\",\"@id\":\"https:\/\/chacamelia.com\/#website\",\"url\":\"https:\/\/chacamelia.com\/\",\"name\":\"Ch\u00e1 Cam\u00e9lia\",\"description\":\"M\u00e1s que una bebida, una actitud\",\"publisher\":{\"@id\":\"https:\/\/chacamelia.com\/#organization\"},\"potentialAction\":[{\"@type\":\"SearchAction\",\"target\":{\"@type\":\"EntryPoint\",\"urlTemplate\":\"https:\/\/chacamelia.com\/?s={search_term_string}\"},\"query-input\":{\"@type\":\"PropertyValueSpecification\",\"valueRequired\":true,\"valueName\":\"search_term_string\"}}],\"inLanguage\":\"es\"},{\"@type\":\"Organization\",\"@id\":\"https:\/\/chacamelia.com\/#organization\",\"name\":\"Ch\u00e1 Cam\u00e9lia\",\"url\":\"https:\/\/chacamelia.com\/\",\"logo\":{\"@type\":\"ImageObject\",\"inLanguage\":\"es\",\"@id\":\"https:\/\/chacamelia.com\/#\/schema\/logo\/image\/\",\"url\":\"https:\/\/chacamelia.com\/admin\/wp-content\/uploads\/2015\/06\/Logotipo.jpg\",\"contentUrl\":\"https:\/\/chacamelia.com\/admin\/wp-content\/uploads\/2015\/06\/Logotipo.jpg\",\"width\":289,\"height\":289,\"caption\":\"Ch\u00e1 Cam\u00e9lia\"},\"image\":{\"@id\":\"https:\/\/chacamelia.com\/#\/schema\/logo\/image\/\"}}]}<\/script>\n<!-- \/ Yoast SEO plugin. -->","yoast_head_json":{"title":"Ch\u00e1 Cam\u00e9lia - M\u00e1s que una bebida, una actitud - Tienda en l\u00ednea de t\u00e9","description":"Tienda online de accesorios y t\u00e9 japon\u00e9s y portugu\u00e9s. Ch\u00e1 Cam\u00e9lia es un proyecto hecho con amor y pasi\u00f3n por Nina Gruntkowski.","robots":{"index":"index","follow":"follow","max-snippet":"max-snippet:-1","max-image-preview":"max-image-preview:large","max-video-preview":"max-video-preview:-1"},"canonical":"https:\/\/chacamelia.com\/es\/","og_locale":"es_ES","og_type":"article","og_title":"Ch\u00e1 Cam\u00e9lia - M\u00e1s que una bebida, una actitud - Tienda en l\u00ednea de t\u00e9","og_description":"Tienda online de accesorios y t\u00e9 japon\u00e9s y portugu\u00e9s. Ch\u00e1 Cam\u00e9lia es un proyecto hecho con amor y pasi\u00f3n por Nina Gruntkowski.","og_url":"https:\/\/chacamelia.com\/es\/","og_site_name":"Ch\u00e1 Cam\u00e9lia","article_modified_time":"2026-04-13T17:19:22+00:00","og_image":[{"width":2133,"height":1200,"url":"https:\/\/chacamelia.com\/admin\/wp-content\/uploads\/2026\/04\/plantacao-de-cima-2133x1200-1.jpg","type":"image\/jpeg"}],"twitter_card":"summary_large_image","twitter_misc":{"Tiempo de lectura":"1 minuto"},"schema":{"@context":"https:\/\/schema.org","@graph":[{"@type":"WebPage","@id":"https:\/\/chacamelia.com\/es\/","url":"https:\/\/chacamelia.com\/es\/","name":"Ch\u00e1 Cam\u00e9lia - M\u00e1s que una bebida, una actitud - Tienda en l\u00ednea de t\u00e9","isPartOf":{"@id":"https:\/\/chacamelia.com\/#website"},"primaryImageOfPage":{"@id":"https:\/\/chacamelia.com\/es\/#primaryimage"},"image":{"@id":"https:\/\/chacamelia.com\/es\/#primaryimage"},"thumbnailUrl":"https:\/\/chacamelia.com\/admin\/wp-content\/uploads\/2026\/04\/plantacao-de-cima-2133x1200-1.jpg","datePublished":"2015-06-05T05:34:45+00:00","dateModified":"2026-04-13T17:19:22+00:00","description":"Tienda online de accesorios y t\u00e9 japon\u00e9s y portugu\u00e9s. Ch\u00e1 Cam\u00e9lia es un proyecto hecho con amor y pasi\u00f3n por Nina Gruntkowski.","breadcrumb":{"@id":"https:\/\/chacamelia.com\/es\/#breadcrumb"},"inLanguage":"es","potentialAction":[{"@type":"ReadAction","target":["https:\/\/chacamelia.com\/es\/"]}]},{"@type":"ImageObject","inLanguage":"es","@id":"https:\/\/chacamelia.com\/es\/#primaryimage","url":"https:\/\/chacamelia.com\/admin\/wp-content\/uploads\/2026\/04\/plantacao-de-cima-2133x1200-1.jpg","contentUrl":"https:\/\/chacamelia.com\/admin\/wp-content\/uploads\/2026\/04\/plantacao-de-cima-2133x1200-1.jpg","width":2133,"height":1200,"caption":"A nossa colheita de ch\u00e1 2026 est\u00e1 em andamento"},{"@type":"BreadcrumbList","@id":"https:\/\/chacamelia.com\/es\/#breadcrumb","itemListElement":[{"@type":"ListItem","position":1,"name":"Home","item":"https:\/\/chacamelia.com\/es\/"},{"@type":"ListItem","position":2,"name":"Homepage"}]},{"@type":"WebSite","@id":"https:\/\/chacamelia.com\/#website","url":"https:\/\/chacamelia.com\/","name":"Ch\u00e1 Cam\u00e9lia","description":"M\u00e1s que una bebida, una actitud","publisher":{"@id":"https:\/\/chacamelia.com\/#organization"},"potentialAction":[{"@type":"SearchAction","target":{"@type":"EntryPoint","urlTemplate":"https:\/\/chacamelia.com\/?s={search_term_string}"},"query-input":{"@type":"PropertyValueSpecification","valueRequired":true,"valueName":"search_term_string"}}],"inLanguage":"es"},{"@type":"Organization","@id":"https:\/\/chacamelia.com\/#organization","name":"Ch\u00e1 Cam\u00e9lia","url":"https:\/\/chacamelia.com\/","logo":{"@type":"ImageObject","inLanguage":"es","@id":"https:\/\/chacamelia.com\/#\/schema\/logo\/image\/","url":"https:\/\/chacamelia.com\/admin\/wp-content\/uploads\/2015\/06\/Logotipo.jpg","contentUrl":"https:\/\/chacamelia.com\/admin\/wp-content\/uploads\/2015\/06\/Logotipo.jpg","width":289,"height":289,"caption":"Ch\u00e1 Cam\u00e9lia"},"image":{"@id":"https:\/\/chacamelia.com\/#\/schema\/logo\/image\/"}}]}},"_links":{"self":[{"href":"https:\/\/chacamelia.com\/es\/wp-json\/wp\/v2\/pages\/253","targetHints":{"allow":["GET"]}}],"collection":[{"href":"https:\/\/chacamelia.com\/es\/wp-json\/wp\/v2\/pages"}],"about":[{"href":"https:\/\/chacamelia.com\/es\/wp-json\/wp\/v2\/types\/page"}],"author":[{"embeddable":true,"href":"https:\/\/chacamelia.com\/es\/wp-json\/wp\/v2\/users\/5"}],"replies":[{"embeddable":true,"href":"https:\/\/chacamelia.com\/es\/wp-json\/wp\/v2\/comments?post=253"}],"version-history":[{"count":2,"href":"https:\/\/chacamelia.com\/es\/wp-json\/wp\/v2\/pages\/253\/revisions"}],"predecessor-version":[{"id":16690,"href":"https:\/\/chacamelia.com\/es\/wp-json\/wp\/v2\/pages\/253\/revisions\/16690"}],"wp:featuredmedia":[{"embeddable":true,"href":"https:\/\/chacamelia.com\/es\/wp-json\/wp\/v2\/media\/16687"}],"wp:attachment":[{"href":"https:\/\/chacamelia.com\/es\/wp-json\/wp\/v2\/media?parent=253"}],"curies":[{"name":"wp","href":"https:\/\/api.w.org\/{rel}","templated":true}]}}