{"id":2457,"date":"2015-09-11T19:04:15","date_gmt":"2015-09-11T19:04:15","guid":{"rendered":"https:\/\/chacamelia.com\/admin\/tudo-sobre-o-cha\/a-cerimonia-japonesa-do-cha\/"},"modified":"2020-05-22T22:50:08","modified_gmt":"2020-05-22T22:50:08","slug":"cerimonia-del-te","status":"publish","type":"page","link":"https:\/\/chacamelia.com\/es\/sobre-el-te\/cerimonia-del-te\/","title":{"rendered":"La Ceremonia del T\u00e9"},"content":{"rendered":"<p>La ceremonia del t\u00e9 (Chanoyu, que simplemente significa \u201cagua caliente para el t\u00e9\u201d o \u201cruta del t\u00e9\u201d) es de gran importancia en la cultura tradicional japonesa y se caracteriza por servir y beber <a href=\"https:\/\/chacamelia.com\/es\/todo-el-te\/abc-del-te\/\">Matcha<\/a>, un t\u00e9 verde en polvo, en un entorno sencillo y de buena voluntad.<\/p>\n<p style=\"max-width: 100%; padding: 30px 0;\">\n<iframe loading=\"lazy\" title=\"A Drop Of Harmony\" src=\"https:\/\/player.vimeo.com\/video\/418173826?dnt=1&amp;app_id=122963\" width=\"980\" height=\"418\" frameborder=\"0\" allow=\"autoplay; fullscreen\" allowfullscreen><\/iframe>\n<\/p>\n<p>El t\u00e9, de China, se introdujo en Jap\u00f3n en el siglo VI por monjes budistas que fueron descubriendo que \u00e9l t\u00e9 aumentaba su concentraci\u00f3n durante la meditaci\u00f3n. Durante mucho tiempo el t\u00e9 se cultivaba y se consum\u00eda s\u00f3lo por los monjes. La ceremonia formal no se introdujo hasta finales del siglo XII por el monje Eisai. En ese momento, la valiosa bebida de t\u00e9 tambi\u00e9n fue utilizada con fines medicinales. La costumbre de beber Matcha se extendi\u00f3 entre los sacerdotes de los templos y las clases altas. En el siglo XVI, durante el per\u00edodo Momoyama, beber t\u00e9 se convirti\u00f3 en popular entre otros grupos japoneses de la sociedad, cuando Sen Rikyu, considerado el maestro japon\u00e9s de la ceremonia de Jap\u00f3n, estableci\u00f3 un conjunto de ense\u00f1anzas que persisten hasta nuestros d\u00edas.<\/p>\n<p>&nbsp;<\/p>\n<p><strong>Sen Rikyu defini\u00f3 cuatro principios b\u00e1sicos para la ceremonia del t\u00e9:<\/strong><\/p>\n<p>WA (armon\u00eda)<\/p>\n<p>KEI (respeto)<\/p>\n<p>SEI (pureza)<\/p>\n<p>JAKU (tranquilidad)<\/p>\n<p>Adem\u00e1s, se consideraba que cada ceremonia era \u00fanica y no podr\u00eda ser reproducida.<\/p>\n<p>&nbsp;<\/p>\n<div id=\"carousel-1\" class=\"carousel slide\" data-ride=\"carousel\" data-interval=\"false\"><!-- Indicators --><ol class=\"carousel-indicators\"><li data-target=\"#carousel-1\" data-slide-to=\"0\"><\/li><li data-target=\"#carousel-1\" data-slide-to=\"1\" class=\"active\"><\/li><li data-target=\"#carousel-1\" data-slide-to=\"2\"><\/li><li data-target=\"#carousel-1\" data-slide-to=\"3\"><\/li><li data-target=\"#carousel-1\" data-slide-to=\"4\"><\/li><li data-target=\"#carousel-1\" data-slide-to=\"5\"><\/li><li data-target=\"#carousel-1\" data-slide-to=\"6\"><\/li><li data-target=\"#carousel-1\" data-slide-to=\"7\"><\/li><\/ol><!-- Wrapper for slides --><div class=\"carousel-inner\"><div class=\"item active\"><img decoding=\"async\" src=\"https:\/\/chacamelia.com\/admin\/wp-content\/uploads\/2015\/09\/03-Utensilios1-1024x1024.jpg\">    <\/div><div class=\"item\"><img decoding=\"async\" src=\"https:\/\/chacamelia.com\/admin\/wp-content\/uploads\/2015\/09\/04-Doces1-1024x1024.jpg\">    <\/div><div class=\"item\"><img decoding=\"async\" src=\"https:\/\/chacamelia.com\/admin\/wp-content\/uploads\/2015\/09\/05-Inicio-Cerim\u00f4nia2-1024x1024.jpg\"><div class=\"carousel-caption\">Inicio de la ceremon\u00eda<\/div>    <\/div><div class=\"item\"><img decoding=\"async\" src=\"https:\/\/chacamelia.com\/admin\/wp-content\/uploads\/2015\/09\/06.-Preparar-o-pano-para-limpar-os-utensiliosjpg1-1024x1024.jpg\"><div class=\"carousel-caption\">Preparar el pa\u00f1o para limpiar los utensilios<\/div>    <\/div><div class=\"item\"><img decoding=\"async\" src=\"https:\/\/chacamelia.com\/admin\/wp-content\/uploads\/2015\/09\/07-Limpar-utensilios1-1024x1024.jpg\"><div class=\"carousel-caption\">Limpieza de los utensilios<\/div>    <\/div><div class=\"item\"><img decoding=\"async\" src=\"https:\/\/chacamelia.com\/admin\/wp-content\/uploads\/2015\/09\/08-Tirar-o-Matcha1-1024x1024.jpg\"><div class=\"carousel-caption\">Hacer el Matcha con un Chashaku (cuchara de bamb\u00fa)<\/div>    <\/div><div class=\"item\"><img decoding=\"async\" src=\"https:\/\/chacamelia.com\/admin\/wp-content\/uploads\/2015\/09\/09-Bater-o-Matcha1-1024x1024.jpg\"><div class=\"carousel-caption\">Batir el Matcha  con un Chasen (batidor de bamb\u00fa)<\/div>    <\/div><div class=\"item\"><img decoding=\"async\" src=\"https:\/\/chacamelia.com\/admin\/wp-content\/uploads\/2015\/09\/10-Servir-o-Matcha1-1024x1022.jpg\"><div class=\"carousel-caption\">Servir en Matcha en un Chawan  (cuenco para Matcha)<\/div>    <\/div><\/div><!-- Controls --><a class=\"left carousel-control\" href=\"#carousel-1\" data-slide=\"prev\"><img decoding=\"async\" class=\"valign arrow-left\" src=\"https:\/\/chacamelia.com\/admin\/wp-content\/themes\/chacamelia_devop\/assets\/images\/arrow_left.png\"><\/a><a class=\"right carousel-control\" href=\"#carousel-1\" data-slide=\"next\"><img decoding=\"async\" class=\"valign arrow-right\" src=\"https:\/\/chacamelia.com\/admin\/wp-content\/themes\/chacamelia_devop\/assets\/images\/arrow_right.png\"><\/a><\/div>\n<p>Aprender las reglas y principios de servir el t\u00e9 es exigente y dif\u00edcil, implicando tambi\u00e9n el conocimiento de artes tradicionales, arquitectura (salones de t\u00e9), paisajismo y artes florales.<\/p>\n<p><strong>La ceremonia est\u00e1 basada en los siguientes principios:<\/strong><\/p>\n<p>Cuando llegan, los participantes pasan una puerta japonesa con el fin de dejar atr\u00e1s las preocupaciones del d\u00eda a d\u00eda. A continuaci\u00f3n, siguen el camino a la casa de t\u00e9, que es una casa de madera simple. Antes de entrar se lavan las manos y la boca en agua de un pozo. La entrada a la casa de t\u00e9 es muy baja y todos los participantes tienen que entrar de rodillas. Los Samur\u00e1is ten\u00edan que dejar su espada fuera; al ponerse de rodillas todas las personas asumen la misma importancia. Los zapatos quedan a la entrada de la casa y una vez dentro de \u00e9sta, los participantes se sientan en el suelo esperando al maestro del t\u00e9. Dentro de la casa siempre hay un Tokonoma (esquina) con una caligraf\u00eda y una flor seg\u00fan la estaci\u00f3n del a\u00f1o. La ceremonia del t\u00e9 se lleva a cabo en silencio.<\/p>\n<p>&nbsp;<\/p>\n<p><a href=\"https:\/\/chacamelia.com\/es\/sobre-el-te\/preparacion\/matcha-te-en-polvo-para-la-ceremonia-del-te\/\"> Aqu\u00ed la preparaci\u00f3n de Matcha<\/a><\/p>\n","protected":false},"excerpt":{"rendered":"<p>En Jap\u00f3n el t\u00e9 es algo m\u00e1s que una simple bebida; es una actitud.<\/p>\n","protected":false},"author":5,"featured_media":0,"parent":281,"menu_order":0,"comment_status":"closed","ping_status":"closed","template":"","meta":{"_acf_changed":false,"footnotes":""},"class_list":["post-2457","page","type-page","status-publish","hentry"],"acf":[],"yoast_head":"<!-- This site is optimized with the Yoast SEO plugin v27.1.1 - https:\/\/yoast.com\/product\/yoast-seo-wordpress\/ -->\n<title>La Ceremonia del T\u00e9 - Ch\u00e1 Cam\u00e9lia<\/title>\n<meta name=\"description\" content=\"Cerim\u00f3nia do Ch\u00e1 japonesa\" \/>\n<meta name=\"robots\" content=\"index, follow, max-snippet:-1, max-image-preview:large, max-video-preview:-1\" \/>\n<link rel=\"canonical\" href=\"https:\/\/chacamelia.com\/es\/sobre-el-te\/cerimonia-del-te\/\" \/>\n<meta property=\"og:locale\" content=\"es_ES\" \/>\n<meta property=\"og:type\" content=\"article\" \/>\n<meta property=\"og:title\" content=\"La Ceremonia del T\u00e9 - Ch\u00e1 Cam\u00e9lia\" \/>\n<meta property=\"og:description\" content=\"Cerim\u00f3nia do Ch\u00e1 japonesa\" \/>\n<meta property=\"og:url\" content=\"https:\/\/chacamelia.com\/es\/sobre-el-te\/cerimonia-del-te\/\" \/>\n<meta property=\"og:site_name\" content=\"Ch\u00e1 Cam\u00e9lia\" \/>\n<meta property=\"article:modified_time\" content=\"2020-05-22T22:50:08+00:00\" \/>\n<meta property=\"og:image\" content=\"https:\/\/chacamelia.com\/admin\/wp-content\/uploads\/2015\/09\/03-Utensilios1-1024x1024.jpg\" \/>\n<meta name=\"twitter:card\" content=\"summary_large_image\" \/>\n<meta name=\"twitter:label1\" content=\"Tiempo de lectura\" \/>\n\t<meta name=\"twitter:data1\" content=\"2 minutos\" \/>\n<script type=\"application\/ld+json\" class=\"yoast-schema-graph\">{\"@context\":\"https:\/\/schema.org\",\"@graph\":[{\"@type\":\"WebPage\",\"@id\":\"https:\/\/chacamelia.com\/es\/sobre-el-te\/cerimonia-del-te\/\",\"url\":\"https:\/\/chacamelia.com\/es\/sobre-el-te\/cerimonia-del-te\/\",\"name\":\"La Ceremonia del T\u00e9 - Ch\u00e1 Cam\u00e9lia\",\"isPartOf\":{\"@id\":\"https:\/\/chacamelia.com\/#website\"},\"datePublished\":\"2015-09-11T19:04:15+00:00\",\"dateModified\":\"2020-05-22T22:50:08+00:00\",\"description\":\"Cerim\u00f3nia do Ch\u00e1 japonesa\",\"breadcrumb\":{\"@id\":\"https:\/\/chacamelia.com\/es\/sobre-el-te\/cerimonia-del-te\/#breadcrumb\"},\"inLanguage\":\"es\",\"potentialAction\":[{\"@type\":\"ReadAction\",\"target\":[\"https:\/\/chacamelia.com\/es\/sobre-el-te\/cerimonia-del-te\/\"]}]},{\"@type\":\"BreadcrumbList\",\"@id\":\"https:\/\/chacamelia.com\/es\/sobre-el-te\/cerimonia-del-te\/#breadcrumb\",\"itemListElement\":[{\"@type\":\"ListItem\",\"position\":1,\"name\":\"Home\",\"item\":\"https:\/\/chacamelia.com\/es\/\"},{\"@type\":\"ListItem\",\"position\":2,\"name\":\"Sobre el T\u00e9\",\"item\":\"https:\/\/chacamelia.com\/es\/sobre-el-te\/\"},{\"@type\":\"ListItem\",\"position\":3,\"name\":\"La Ceremonia del T\u00e9\"}]},{\"@type\":\"WebSite\",\"@id\":\"https:\/\/chacamelia.com\/#website\",\"url\":\"https:\/\/chacamelia.com\/\",\"name\":\"Ch\u00e1 Cam\u00e9lia\",\"description\":\"M\u00e1s que una bebida, una actitud\",\"publisher\":{\"@id\":\"https:\/\/chacamelia.com\/#organization\"},\"potentialAction\":[{\"@type\":\"SearchAction\",\"target\":{\"@type\":\"EntryPoint\",\"urlTemplate\":\"https:\/\/chacamelia.com\/?s={search_term_string}\"},\"query-input\":{\"@type\":\"PropertyValueSpecification\",\"valueRequired\":true,\"valueName\":\"search_term_string\"}}],\"inLanguage\":\"es\"},{\"@type\":\"Organization\",\"@id\":\"https:\/\/chacamelia.com\/#organization\",\"name\":\"Ch\u00e1 Cam\u00e9lia\",\"url\":\"https:\/\/chacamelia.com\/\",\"logo\":{\"@type\":\"ImageObject\",\"inLanguage\":\"es\",\"@id\":\"https:\/\/chacamelia.com\/#\/schema\/logo\/image\/\",\"url\":\"https:\/\/chacamelia.com\/admin\/wp-content\/uploads\/2015\/06\/Logotipo.jpg\",\"contentUrl\":\"https:\/\/chacamelia.com\/admin\/wp-content\/uploads\/2015\/06\/Logotipo.jpg\",\"width\":289,\"height\":289,\"caption\":\"Ch\u00e1 Cam\u00e9lia\"},\"image\":{\"@id\":\"https:\/\/chacamelia.com\/#\/schema\/logo\/image\/\"}}]}<\/script>\n<!-- \/ Yoast SEO plugin. -->","yoast_head_json":{"title":"La Ceremonia del T\u00e9 - Ch\u00e1 Cam\u00e9lia","description":"Cerim\u00f3nia do Ch\u00e1 japonesa","robots":{"index":"index","follow":"follow","max-snippet":"max-snippet:-1","max-image-preview":"max-image-preview:large","max-video-preview":"max-video-preview:-1"},"canonical":"https:\/\/chacamelia.com\/es\/sobre-el-te\/cerimonia-del-te\/","og_locale":"es_ES","og_type":"article","og_title":"La Ceremonia del T\u00e9 - Ch\u00e1 Cam\u00e9lia","og_description":"Cerim\u00f3nia do Ch\u00e1 japonesa","og_url":"https:\/\/chacamelia.com\/es\/sobre-el-te\/cerimonia-del-te\/","og_site_name":"Ch\u00e1 Cam\u00e9lia","article_modified_time":"2020-05-22T22:50:08+00:00","og_image":[{"url":"https:\/\/chacamelia.com\/admin\/wp-content\/uploads\/2015\/09\/03-Utensilios1-1024x1024.jpg","type":"","width":"","height":""}],"twitter_card":"summary_large_image","twitter_misc":{"Tiempo de lectura":"2 minutos"},"schema":{"@context":"https:\/\/schema.org","@graph":[{"@type":"WebPage","@id":"https:\/\/chacamelia.com\/es\/sobre-el-te\/cerimonia-del-te\/","url":"https:\/\/chacamelia.com\/es\/sobre-el-te\/cerimonia-del-te\/","name":"La Ceremonia del T\u00e9 - Ch\u00e1 Cam\u00e9lia","isPartOf":{"@id":"https:\/\/chacamelia.com\/#website"},"datePublished":"2015-09-11T19:04:15+00:00","dateModified":"2020-05-22T22:50:08+00:00","description":"Cerim\u00f3nia do Ch\u00e1 japonesa","breadcrumb":{"@id":"https:\/\/chacamelia.com\/es\/sobre-el-te\/cerimonia-del-te\/#breadcrumb"},"inLanguage":"es","potentialAction":[{"@type":"ReadAction","target":["https:\/\/chacamelia.com\/es\/sobre-el-te\/cerimonia-del-te\/"]}]},{"@type":"BreadcrumbList","@id":"https:\/\/chacamelia.com\/es\/sobre-el-te\/cerimonia-del-te\/#breadcrumb","itemListElement":[{"@type":"ListItem","position":1,"name":"Home","item":"https:\/\/chacamelia.com\/es\/"},{"@type":"ListItem","position":2,"name":"Sobre el T\u00e9","item":"https:\/\/chacamelia.com\/es\/sobre-el-te\/"},{"@type":"ListItem","position":3,"name":"La Ceremonia del T\u00e9"}]},{"@type":"WebSite","@id":"https:\/\/chacamelia.com\/#website","url":"https:\/\/chacamelia.com\/","name":"Ch\u00e1 Cam\u00e9lia","description":"M\u00e1s que una bebida, una actitud","publisher":{"@id":"https:\/\/chacamelia.com\/#organization"},"potentialAction":[{"@type":"SearchAction","target":{"@type":"EntryPoint","urlTemplate":"https:\/\/chacamelia.com\/?s={search_term_string}"},"query-input":{"@type":"PropertyValueSpecification","valueRequired":true,"valueName":"search_term_string"}}],"inLanguage":"es"},{"@type":"Organization","@id":"https:\/\/chacamelia.com\/#organization","name":"Ch\u00e1 Cam\u00e9lia","url":"https:\/\/chacamelia.com\/","logo":{"@type":"ImageObject","inLanguage":"es","@id":"https:\/\/chacamelia.com\/#\/schema\/logo\/image\/","url":"https:\/\/chacamelia.com\/admin\/wp-content\/uploads\/2015\/06\/Logotipo.jpg","contentUrl":"https:\/\/chacamelia.com\/admin\/wp-content\/uploads\/2015\/06\/Logotipo.jpg","width":289,"height":289,"caption":"Ch\u00e1 Cam\u00e9lia"},"image":{"@id":"https:\/\/chacamelia.com\/#\/schema\/logo\/image\/"}}]}},"_links":{"self":[{"href":"https:\/\/chacamelia.com\/es\/wp-json\/wp\/v2\/pages\/2457","targetHints":{"allow":["GET"]}}],"collection":[{"href":"https:\/\/chacamelia.com\/es\/wp-json\/wp\/v2\/pages"}],"about":[{"href":"https:\/\/chacamelia.com\/es\/wp-json\/wp\/v2\/types\/page"}],"author":[{"embeddable":true,"href":"https:\/\/chacamelia.com\/es\/wp-json\/wp\/v2\/users\/5"}],"replies":[{"embeddable":true,"href":"https:\/\/chacamelia.com\/es\/wp-json\/wp\/v2\/comments?post=2457"}],"version-history":[{"count":2,"href":"https:\/\/chacamelia.com\/es\/wp-json\/wp\/v2\/pages\/2457\/revisions"}],"predecessor-version":[{"id":10601,"href":"https:\/\/chacamelia.com\/es\/wp-json\/wp\/v2\/pages\/2457\/revisions\/10601"}],"up":[{"embeddable":true,"href":"https:\/\/chacamelia.com\/es\/wp-json\/wp\/v2\/pages\/281"}],"wp:attachment":[{"href":"https:\/\/chacamelia.com\/es\/wp-json\/wp\/v2\/media?parent=2457"}],"curies":[{"name":"wp","href":"https:\/\/api.w.org\/{rel}","templated":true}]}}