{"id":9391,"date":"2018-12-02T12:06:41","date_gmt":"2018-12-02T12:06:41","guid":{"rendered":"https:\/\/chacamelia.com\/catalogue\/sem%20categoria\/cha-amarelo\/"},"modified":"2022-03-29T14:31:01","modified_gmt":"2022-03-29T14:31:01","slug":"cha-amarelo","status":"publish","type":"product","link":"https:\/\/chacamelia.com\/en\/catalogue\/teas\/specialities\/cha-amarelo\/","title":{"rendered":"Yellow Tea"},"content":{"rendered":"<p class=\"p1\"><span class=\"s1\">Yellow Tea is delicate and smoothly sweet. The difficulty of production, which requires elite expertise and experience passed from generation to generation, creates the complex aromas. The buds and shoots of the leaves are heated in a wok for a short time at a low temperature. Then, the leaves are wrapped in fabric or paper for a period of some hours to days, inducing a slight fermentation. This process is repeated up to three times, followed by the drying of the leaves, which acquire a yellow tone. <\/span><\/p>\n<p class=\"p1\">50g pack<\/p>\n<p class=\"p1\"><span class=\"s1\">Mature with natural sweetness, without astringency, some caffeine\u00a0<\/span><\/p>\n<p>&nbsp;<\/p>\n<p><img loading=\"lazy\" decoding=\"async\" class=\"alignnone wp-image-12905\" src=\"https:\/\/chacamelia.com\/admin\/wp-content\/uploads\/2015\/06\/eu_organic_logo_colour_outerline_rgb-280x186.jpg\" alt=\"\" width=\"101\" height=\"67\" \/><\/p>\n<p class=\"p1\">AGRICULTURE NON EU \/ PT-BIO-04<\/p>\n","protected":false},"excerpt":{"rendered":"<p class=\"p1\"><span class=\"s1\">Yellow tea is the rarest type of tea, the production of which is very limited, as it comes exclusively from China. Historically it was the tea offered to the emperor.<\/span><\/p>\n","protected":false},"featured_media":11103,"template":"","meta":{"_acf_changed":false},"product_brand":[],"product_cat":[608],"product_tag":[1130],"class_list":{"0":"post-9391","1":"product","2":"type-product","3":"status-publish","4":"has-post-thumbnail","6":"product_cat-specialities","7":"product_tag-chaamarelo-en","9":"first","10":"instock","11":"taxable","12":"shipping-taxable","13":"purchasable","14":"product-type-simple"},"group_of_quantity":0,"min_quantity":0,"max_quantity":"","exclude_order_quantity_value_rules":"no","exclude_category_quantity_rules":"no","combine_variations":"no","acf":[],"yoast_head":"<!-- This site is optimized with the Yoast SEO plugin v27.1.1 - https:\/\/yoast.com\/product\/yoast-seo-wordpress\/ -->\n<title>Yellow Tea - Comprar Specialities en l\u00ednea - Ch\u00e1 Cam\u00e9lia<\/title>\n<meta name=\"description\" content=\"Yellow tea is the rarest type of tea, the production of which is very limited, as it comes exclusively from China. Historically it was the tea offered to the emperor.\" \/>\n<meta name=\"robots\" content=\"index, follow, max-snippet:-1, max-image-preview:large, max-video-preview:-1\" \/>\n<link rel=\"canonical\" href=\"https:\/\/chacamelia.com\/catalogue\/chas\/especialidades\/cha-amarelo\/\" \/>\n<meta property=\"og:locale\" content=\"en_US\" \/>\n<meta property=\"og:type\" content=\"article\" \/>\n<meta property=\"og:title\" content=\"Yellow Tea - Comprar Specialities en l\u00ednea - Ch\u00e1 Cam\u00e9lia\" \/>\n<meta property=\"og:description\" content=\"Yellow tea is the rarest type of tea, the production of which is very limited, as it comes exclusively from China. Historically it was the tea offered to the emperor.\" \/>\n<meta property=\"og:url\" content=\"https:\/\/chacamelia.com\/catalogue\/chas\/especialidades\/cha-amarelo\/\" \/>\n<meta property=\"og:site_name\" content=\"Ch\u00e1 Cam\u00e9lia\" \/>\n<meta property=\"article:modified_time\" content=\"2022-03-29T14:31:01+00:00\" \/>\n<meta property=\"og:image\" content=\"https:\/\/chacamelia.com\/admin\/wp-content\/uploads\/2018\/12\/cha-amarelo-.png\" \/>\n\t<meta property=\"og:image:width\" content=\"2500\" \/>\n\t<meta property=\"og:image:height\" content=\"2500\" \/>\n\t<meta property=\"og:image:type\" content=\"image\/png\" \/>\n<meta name=\"twitter:card\" content=\"summary_large_image\" \/>\n<meta name=\"twitter:label1\" content=\"Est. reading time\" \/>\n\t<meta name=\"twitter:data1\" content=\"1 minute\" \/>\n<script type=\"application\/ld+json\" class=\"yoast-schema-graph\">{\"@context\":\"https:\/\/schema.org\",\"@graph\":[{\"@type\":\"WebPage\",\"@id\":\"https:\/\/chacamelia.com\/catalogue\/chas\/especialidades\/cha-amarelo\/\",\"url\":\"https:\/\/chacamelia.com\/catalogue\/chas\/especialidades\/cha-amarelo\/\",\"name\":\"Yellow Tea - Comprar Specialities en l\u00ednea - Ch\u00e1 Cam\u00e9lia\",\"isPartOf\":{\"@id\":\"https:\/\/chacamelia.com\/#website\"},\"primaryImageOfPage\":{\"@id\":\"https:\/\/chacamelia.com\/catalogue\/chas\/especialidades\/cha-amarelo\/#primaryimage\"},\"image\":{\"@id\":\"https:\/\/chacamelia.com\/catalogue\/chas\/especialidades\/cha-amarelo\/#primaryimage\"},\"thumbnailUrl\":\"https:\/\/chacamelia.com\/admin\/wp-content\/uploads\/2018\/12\/cha-amarelo-.png\",\"datePublished\":\"2018-12-02T12:06:41+00:00\",\"dateModified\":\"2022-03-29T14:31:01+00:00\",\"description\":\"Yellow tea is the rarest type of tea, the production of which is very limited, as it comes exclusively from China. Historically it was the tea offered to the emperor.\",\"breadcrumb\":{\"@id\":\"https:\/\/chacamelia.com\/catalogue\/chas\/especialidades\/cha-amarelo\/#breadcrumb\"},\"inLanguage\":\"en-US\",\"potentialAction\":[{\"@type\":\"ReadAction\",\"target\":[\"https:\/\/chacamelia.com\/catalogue\/chas\/especialidades\/cha-amarelo\/\"]}]},{\"@type\":\"ImageObject\",\"inLanguage\":\"en-US\",\"@id\":\"https:\/\/chacamelia.com\/catalogue\/chas\/especialidades\/cha-amarelo\/#primaryimage\",\"url\":\"https:\/\/chacamelia.com\/admin\/wp-content\/uploads\/2018\/12\/cha-amarelo-.png\",\"contentUrl\":\"https:\/\/chacamelia.com\/admin\/wp-content\/uploads\/2018\/12\/cha-amarelo-.png\",\"width\":2500,\"height\":2500},{\"@type\":\"BreadcrumbList\",\"@id\":\"https:\/\/chacamelia.com\/catalogue\/chas\/especialidades\/cha-amarelo\/#breadcrumb\",\"itemListElement\":[{\"@type\":\"ListItem\",\"position\":1,\"name\":\"Home\",\"item\":\"https:\/\/chacamelia.com\/en\/\"},{\"@type\":\"ListItem\",\"position\":2,\"name\":\"Online Store &#8211; Teas\",\"item\":\"https:\/\/chacamelia.com\/en\/online-store-teas\/\"},{\"@type\":\"ListItem\",\"position\":3,\"name\":\"Yellow Tea\"}]},{\"@type\":\"WebSite\",\"@id\":\"https:\/\/chacamelia.com\/#website\",\"url\":\"https:\/\/chacamelia.com\/\",\"name\":\"Ch\u00e1 Cam\u00e9lia\",\"description\":\"More than a drink, an attitude\",\"publisher\":{\"@id\":\"https:\/\/chacamelia.com\/#organization\"},\"potentialAction\":[{\"@type\":\"SearchAction\",\"target\":{\"@type\":\"EntryPoint\",\"urlTemplate\":\"https:\/\/chacamelia.com\/?s={search_term_string}\"},\"query-input\":{\"@type\":\"PropertyValueSpecification\",\"valueRequired\":true,\"valueName\":\"search_term_string\"}}],\"inLanguage\":\"en-US\"},{\"@type\":\"Organization\",\"@id\":\"https:\/\/chacamelia.com\/#organization\",\"name\":\"Ch\u00e1 Cam\u00e9lia\",\"url\":\"https:\/\/chacamelia.com\/\",\"logo\":{\"@type\":\"ImageObject\",\"inLanguage\":\"en-US\",\"@id\":\"https:\/\/chacamelia.com\/#\/schema\/logo\/image\/\",\"url\":\"https:\/\/chacamelia.com\/admin\/wp-content\/uploads\/2015\/06\/Logotipo.jpg\",\"contentUrl\":\"https:\/\/chacamelia.com\/admin\/wp-content\/uploads\/2015\/06\/Logotipo.jpg\",\"width\":289,\"height\":289,\"caption\":\"Ch\u00e1 Cam\u00e9lia\"},\"image\":{\"@id\":\"https:\/\/chacamelia.com\/#\/schema\/logo\/image\/\"}}]}<\/script>\n<!-- \/ Yoast SEO plugin. -->","yoast_head_json":{"title":"Yellow Tea - Comprar Specialities en l\u00ednea - Ch\u00e1 Cam\u00e9lia","description":"Yellow tea is the rarest type of tea, the production of which is very limited, as it comes exclusively from China. Historically it was the tea offered to the emperor.","robots":{"index":"index","follow":"follow","max-snippet":"max-snippet:-1","max-image-preview":"max-image-preview:large","max-video-preview":"max-video-preview:-1"},"canonical":"https:\/\/chacamelia.com\/catalogue\/chas\/especialidades\/cha-amarelo\/","og_locale":"en_US","og_type":"article","og_title":"Yellow Tea - Comprar Specialities en l\u00ednea - Ch\u00e1 Cam\u00e9lia","og_description":"Yellow tea is the rarest type of tea, the production of which is very limited, as it comes exclusively from China. Historically it was the tea offered to the emperor.","og_url":"https:\/\/chacamelia.com\/catalogue\/chas\/especialidades\/cha-amarelo\/","og_site_name":"Ch\u00e1 Cam\u00e9lia","article_modified_time":"2022-03-29T14:31:01+00:00","og_image":[{"width":2500,"height":2500,"url":"https:\/\/chacamelia.com\/admin\/wp-content\/uploads\/2018\/12\/cha-amarelo-.png","type":"image\/png"}],"twitter_card":"summary_large_image","twitter_misc":{"Est. reading time":"1 minute"},"schema":{"@context":"https:\/\/schema.org","@graph":[{"@type":"WebPage","@id":"https:\/\/chacamelia.com\/catalogue\/chas\/especialidades\/cha-amarelo\/","url":"https:\/\/chacamelia.com\/catalogue\/chas\/especialidades\/cha-amarelo\/","name":"Yellow Tea - Comprar Specialities en l\u00ednea - Ch\u00e1 Cam\u00e9lia","isPartOf":{"@id":"https:\/\/chacamelia.com\/#website"},"primaryImageOfPage":{"@id":"https:\/\/chacamelia.com\/catalogue\/chas\/especialidades\/cha-amarelo\/#primaryimage"},"image":{"@id":"https:\/\/chacamelia.com\/catalogue\/chas\/especialidades\/cha-amarelo\/#primaryimage"},"thumbnailUrl":"https:\/\/chacamelia.com\/admin\/wp-content\/uploads\/2018\/12\/cha-amarelo-.png","datePublished":"2018-12-02T12:06:41+00:00","dateModified":"2022-03-29T14:31:01+00:00","description":"Yellow tea is the rarest type of tea, the production of which is very limited, as it comes exclusively from China. Historically it was the tea offered to the emperor.","breadcrumb":{"@id":"https:\/\/chacamelia.com\/catalogue\/chas\/especialidades\/cha-amarelo\/#breadcrumb"},"inLanguage":"en-US","potentialAction":[{"@type":"ReadAction","target":["https:\/\/chacamelia.com\/catalogue\/chas\/especialidades\/cha-amarelo\/"]}]},{"@type":"ImageObject","inLanguage":"en-US","@id":"https:\/\/chacamelia.com\/catalogue\/chas\/especialidades\/cha-amarelo\/#primaryimage","url":"https:\/\/chacamelia.com\/admin\/wp-content\/uploads\/2018\/12\/cha-amarelo-.png","contentUrl":"https:\/\/chacamelia.com\/admin\/wp-content\/uploads\/2018\/12\/cha-amarelo-.png","width":2500,"height":2500},{"@type":"BreadcrumbList","@id":"https:\/\/chacamelia.com\/catalogue\/chas\/especialidades\/cha-amarelo\/#breadcrumb","itemListElement":[{"@type":"ListItem","position":1,"name":"Home","item":"https:\/\/chacamelia.com\/en\/"},{"@type":"ListItem","position":2,"name":"Online Store &#8211; Teas","item":"https:\/\/chacamelia.com\/en\/online-store-teas\/"},{"@type":"ListItem","position":3,"name":"Yellow Tea"}]},{"@type":"WebSite","@id":"https:\/\/chacamelia.com\/#website","url":"https:\/\/chacamelia.com\/","name":"Ch\u00e1 Cam\u00e9lia","description":"More than a drink, an attitude","publisher":{"@id":"https:\/\/chacamelia.com\/#organization"},"potentialAction":[{"@type":"SearchAction","target":{"@type":"EntryPoint","urlTemplate":"https:\/\/chacamelia.com\/?s={search_term_string}"},"query-input":{"@type":"PropertyValueSpecification","valueRequired":true,"valueName":"search_term_string"}}],"inLanguage":"en-US"},{"@type":"Organization","@id":"https:\/\/chacamelia.com\/#organization","name":"Ch\u00e1 Cam\u00e9lia","url":"https:\/\/chacamelia.com\/","logo":{"@type":"ImageObject","inLanguage":"en-US","@id":"https:\/\/chacamelia.com\/#\/schema\/logo\/image\/","url":"https:\/\/chacamelia.com\/admin\/wp-content\/uploads\/2015\/06\/Logotipo.jpg","contentUrl":"https:\/\/chacamelia.com\/admin\/wp-content\/uploads\/2015\/06\/Logotipo.jpg","width":289,"height":289,"caption":"Ch\u00e1 Cam\u00e9lia"},"image":{"@id":"https:\/\/chacamelia.com\/#\/schema\/logo\/image\/"}}]}},"_links":{"self":[{"href":"https:\/\/chacamelia.com\/en\/wp-json\/wp\/v2\/product\/9391","targetHints":{"allow":["GET"]}}],"collection":[{"href":"https:\/\/chacamelia.com\/en\/wp-json\/wp\/v2\/product"}],"about":[{"href":"https:\/\/chacamelia.com\/en\/wp-json\/wp\/v2\/types\/product"}],"wp:featuredmedia":[{"embeddable":true,"href":"https:\/\/chacamelia.com\/en\/wp-json\/wp\/v2\/media\/11103"}],"wp:attachment":[{"href":"https:\/\/chacamelia.com\/en\/wp-json\/wp\/v2\/media?parent=9391"}],"wp:term":[{"taxonomy":"product_brand","embeddable":true,"href":"https:\/\/chacamelia.com\/en\/wp-json\/wp\/v2\/product_brand?post=9391"},{"taxonomy":"product_cat","embeddable":true,"href":"https:\/\/chacamelia.com\/en\/wp-json\/wp\/v2\/product_cat?post=9391"},{"taxonomy":"product_tag","embeddable":true,"href":"https:\/\/chacamelia.com\/en\/wp-json\/wp\/v2\/product_tag?post=9391"}],"curies":[{"name":"wp","href":"https:\/\/api.w.org\/{rel}","templated":true}]}}