{"id":911,"date":"2015-06-16T18:29:33","date_gmt":"2015-06-16T18:29:33","guid":{"rendered":"https:\/\/chacamelia.com\/admin\/catalogo\/porcelain-bowl\/"},"modified":"2023-07-10T09:52:21","modified_gmt":"2023-07-10T09:52:21","slug":"porcelain-bowl","status":"publish","type":"product","link":"https:\/\/chacamelia.com\/en\/catalogue\/accessories\/teapots-and-cups-en\/porcelain-bowl\/","title":{"rendered":"Porcelain Bowl"},"content":{"rendered":"<p><span lang=\"en\">Smooth porcelain bowl<\/span> &#8211; white, 100ml<\/p>\n","protected":false},"excerpt":{"rendered":"<p><span lang=\"en\">Smooth porcelain bowl<\/span> to easily fit all teapots<\/p>\n","protected":false},"featured_media":7333,"template":"","meta":{"_acf_changed":false},"product_brand":[],"product_cat":[28,622],"product_tag":[508],"class_list":{"0":"post-911","1":"product","2":"type-product","3":"status-publish","4":"has-post-thumbnail","6":"product_cat-accessories","7":"product_cat-teapots-and-cups-en","8":"product_tag-taca-de-cha-en","9":"product_shipping_class-acessorios-en","11":"first","12":"instock","13":"taxable","14":"shipping-taxable","15":"purchasable","16":"product-type-simple"},"group_of_quantity":0,"min_quantity":0,"max_quantity":"","exclude_order_quantity_value_rules":"no","exclude_category_quantity_rules":"no","combine_variations":"no","acf":[],"yoast_head":"<!-- This site is optimized with the Yoast SEO plugin v27.1.1 - https:\/\/yoast.com\/product\/yoast-seo-wordpress\/ -->\n<title>Porcelain Bowl - Comprar Accessories, Teapots and Cups en l\u00ednea - Ch\u00e1 Cam\u00e9lia<\/title>\n<meta name=\"description\" content=\"Smooth porcelain bowl to easily fit all teapots\" \/>\n<meta name=\"robots\" content=\"index, follow, max-snippet:-1, max-image-preview:large, max-video-preview:-1\" \/>\n<link rel=\"canonical\" href=\"https:\/\/chacamelia.com\/catalogue\/acessorios\/bules-e-tacas\/taca-porcelana\/\" \/>\n<meta property=\"og:locale\" content=\"en_US\" \/>\n<meta property=\"og:type\" content=\"article\" \/>\n<meta property=\"og:title\" content=\"Porcelain Bowl - Comprar Accessories, Teapots and Cups en l\u00ednea - Ch\u00e1 Cam\u00e9lia\" \/>\n<meta property=\"og:description\" content=\"Smooth porcelain bowl to easily fit all teapots\" \/>\n<meta property=\"og:url\" content=\"https:\/\/chacamelia.com\/catalogue\/acessorios\/bules-e-tacas\/taca-porcelana\/\" \/>\n<meta property=\"og:site_name\" content=\"Ch\u00e1 Cam\u00e9lia\" \/>\n<meta property=\"article:modified_time\" content=\"2023-07-10T09:52:21+00:00\" \/>\n<meta property=\"og:image\" content=\"https:\/\/chacamelia.com\/admin\/wp-content\/uploads\/2015\/06\/TACA-DE-PORCELANA-LISA.jpg\" \/>\n\t<meta property=\"og:image:width\" content=\"1200\" \/>\n\t<meta property=\"og:image:height\" content=\"1200\" \/>\n\t<meta property=\"og:image:type\" content=\"image\/jpeg\" \/>\n<meta name=\"twitter:card\" content=\"summary_large_image\" \/>\n<meta name=\"twitter:label1\" content=\"Est. reading time\" \/>\n\t<meta name=\"twitter:data1\" content=\"1 minute\" \/>\n<script type=\"application\/ld+json\" class=\"yoast-schema-graph\">{\"@context\":\"https:\/\/schema.org\",\"@graph\":[{\"@type\":\"WebPage\",\"@id\":\"https:\/\/chacamelia.com\/catalogue\/acessorios\/bules-e-tacas\/taca-porcelana\/\",\"url\":\"https:\/\/chacamelia.com\/catalogue\/acessorios\/bules-e-tacas\/taca-porcelana\/\",\"name\":\"Porcelain Bowl - Comprar Accessories, Teapots and Cups en l\u00ednea - Ch\u00e1 Cam\u00e9lia\",\"isPartOf\":{\"@id\":\"https:\/\/chacamelia.com\/#website\"},\"primaryImageOfPage\":{\"@id\":\"https:\/\/chacamelia.com\/catalogue\/acessorios\/bules-e-tacas\/taca-porcelana\/#primaryimage\"},\"image\":{\"@id\":\"https:\/\/chacamelia.com\/catalogue\/acessorios\/bules-e-tacas\/taca-porcelana\/#primaryimage\"},\"thumbnailUrl\":\"https:\/\/chacamelia.com\/admin\/wp-content\/uploads\/2015\/06\/TACA-DE-PORCELANA-LISA.jpg\",\"datePublished\":\"2015-06-16T18:29:33+00:00\",\"dateModified\":\"2023-07-10T09:52:21+00:00\",\"description\":\"Smooth porcelain bowl to easily fit all teapots\",\"breadcrumb\":{\"@id\":\"https:\/\/chacamelia.com\/catalogue\/acessorios\/bules-e-tacas\/taca-porcelana\/#breadcrumb\"},\"inLanguage\":\"en-US\",\"potentialAction\":[{\"@type\":\"ReadAction\",\"target\":[\"https:\/\/chacamelia.com\/catalogue\/acessorios\/bules-e-tacas\/taca-porcelana\/\"]}]},{\"@type\":\"ImageObject\",\"inLanguage\":\"en-US\",\"@id\":\"https:\/\/chacamelia.com\/catalogue\/acessorios\/bules-e-tacas\/taca-porcelana\/#primaryimage\",\"url\":\"https:\/\/chacamelia.com\/admin\/wp-content\/uploads\/2015\/06\/TACA-DE-PORCELANA-LISA.jpg\",\"contentUrl\":\"https:\/\/chacamelia.com\/admin\/wp-content\/uploads\/2015\/06\/TACA-DE-PORCELANA-LISA.jpg\",\"width\":1200,\"height\":1200},{\"@type\":\"BreadcrumbList\",\"@id\":\"https:\/\/chacamelia.com\/catalogue\/acessorios\/bules-e-tacas\/taca-porcelana\/#breadcrumb\",\"itemListElement\":[{\"@type\":\"ListItem\",\"position\":1,\"name\":\"Home\",\"item\":\"https:\/\/chacamelia.com\/en\/\"},{\"@type\":\"ListItem\",\"position\":2,\"name\":\"Online Store &#8211; Teas\",\"item\":\"https:\/\/chacamelia.com\/en\/online-store-teas\/\"},{\"@type\":\"ListItem\",\"position\":3,\"name\":\"Porcelain Bowl\"}]},{\"@type\":\"WebSite\",\"@id\":\"https:\/\/chacamelia.com\/#website\",\"url\":\"https:\/\/chacamelia.com\/\",\"name\":\"Ch\u00e1 Cam\u00e9lia\",\"description\":\"More than a drink, an attitude\",\"publisher\":{\"@id\":\"https:\/\/chacamelia.com\/#organization\"},\"potentialAction\":[{\"@type\":\"SearchAction\",\"target\":{\"@type\":\"EntryPoint\",\"urlTemplate\":\"https:\/\/chacamelia.com\/?s={search_term_string}\"},\"query-input\":{\"@type\":\"PropertyValueSpecification\",\"valueRequired\":true,\"valueName\":\"search_term_string\"}}],\"inLanguage\":\"en-US\"},{\"@type\":\"Organization\",\"@id\":\"https:\/\/chacamelia.com\/#organization\",\"name\":\"Ch\u00e1 Cam\u00e9lia\",\"url\":\"https:\/\/chacamelia.com\/\",\"logo\":{\"@type\":\"ImageObject\",\"inLanguage\":\"en-US\",\"@id\":\"https:\/\/chacamelia.com\/#\/schema\/logo\/image\/\",\"url\":\"https:\/\/chacamelia.com\/admin\/wp-content\/uploads\/2015\/06\/Logotipo.jpg\",\"contentUrl\":\"https:\/\/chacamelia.com\/admin\/wp-content\/uploads\/2015\/06\/Logotipo.jpg\",\"width\":289,\"height\":289,\"caption\":\"Ch\u00e1 Cam\u00e9lia\"},\"image\":{\"@id\":\"https:\/\/chacamelia.com\/#\/schema\/logo\/image\/\"}}]}<\/script>\n<!-- \/ Yoast SEO plugin. -->","yoast_head_json":{"title":"Porcelain Bowl - Comprar Accessories, Teapots and Cups en l\u00ednea - Ch\u00e1 Cam\u00e9lia","description":"Smooth porcelain bowl to easily fit all teapots","robots":{"index":"index","follow":"follow","max-snippet":"max-snippet:-1","max-image-preview":"max-image-preview:large","max-video-preview":"max-video-preview:-1"},"canonical":"https:\/\/chacamelia.com\/catalogue\/acessorios\/bules-e-tacas\/taca-porcelana\/","og_locale":"en_US","og_type":"article","og_title":"Porcelain Bowl - Comprar Accessories, Teapots and Cups en l\u00ednea - Ch\u00e1 Cam\u00e9lia","og_description":"Smooth porcelain bowl to easily fit all teapots","og_url":"https:\/\/chacamelia.com\/catalogue\/acessorios\/bules-e-tacas\/taca-porcelana\/","og_site_name":"Ch\u00e1 Cam\u00e9lia","article_modified_time":"2023-07-10T09:52:21+00:00","og_image":[{"width":1200,"height":1200,"url":"https:\/\/chacamelia.com\/admin\/wp-content\/uploads\/2015\/06\/TACA-DE-PORCELANA-LISA.jpg","type":"image\/jpeg"}],"twitter_card":"summary_large_image","twitter_misc":{"Est. reading time":"1 minute"},"schema":{"@context":"https:\/\/schema.org","@graph":[{"@type":"WebPage","@id":"https:\/\/chacamelia.com\/catalogue\/acessorios\/bules-e-tacas\/taca-porcelana\/","url":"https:\/\/chacamelia.com\/catalogue\/acessorios\/bules-e-tacas\/taca-porcelana\/","name":"Porcelain Bowl - Comprar Accessories, Teapots and Cups en l\u00ednea - Ch\u00e1 Cam\u00e9lia","isPartOf":{"@id":"https:\/\/chacamelia.com\/#website"},"primaryImageOfPage":{"@id":"https:\/\/chacamelia.com\/catalogue\/acessorios\/bules-e-tacas\/taca-porcelana\/#primaryimage"},"image":{"@id":"https:\/\/chacamelia.com\/catalogue\/acessorios\/bules-e-tacas\/taca-porcelana\/#primaryimage"},"thumbnailUrl":"https:\/\/chacamelia.com\/admin\/wp-content\/uploads\/2015\/06\/TACA-DE-PORCELANA-LISA.jpg","datePublished":"2015-06-16T18:29:33+00:00","dateModified":"2023-07-10T09:52:21+00:00","description":"Smooth porcelain bowl to easily fit all teapots","breadcrumb":{"@id":"https:\/\/chacamelia.com\/catalogue\/acessorios\/bules-e-tacas\/taca-porcelana\/#breadcrumb"},"inLanguage":"en-US","potentialAction":[{"@type":"ReadAction","target":["https:\/\/chacamelia.com\/catalogue\/acessorios\/bules-e-tacas\/taca-porcelana\/"]}]},{"@type":"ImageObject","inLanguage":"en-US","@id":"https:\/\/chacamelia.com\/catalogue\/acessorios\/bules-e-tacas\/taca-porcelana\/#primaryimage","url":"https:\/\/chacamelia.com\/admin\/wp-content\/uploads\/2015\/06\/TACA-DE-PORCELANA-LISA.jpg","contentUrl":"https:\/\/chacamelia.com\/admin\/wp-content\/uploads\/2015\/06\/TACA-DE-PORCELANA-LISA.jpg","width":1200,"height":1200},{"@type":"BreadcrumbList","@id":"https:\/\/chacamelia.com\/catalogue\/acessorios\/bules-e-tacas\/taca-porcelana\/#breadcrumb","itemListElement":[{"@type":"ListItem","position":1,"name":"Home","item":"https:\/\/chacamelia.com\/en\/"},{"@type":"ListItem","position":2,"name":"Online Store &#8211; Teas","item":"https:\/\/chacamelia.com\/en\/online-store-teas\/"},{"@type":"ListItem","position":3,"name":"Porcelain Bowl"}]},{"@type":"WebSite","@id":"https:\/\/chacamelia.com\/#website","url":"https:\/\/chacamelia.com\/","name":"Ch\u00e1 Cam\u00e9lia","description":"More than a drink, an attitude","publisher":{"@id":"https:\/\/chacamelia.com\/#organization"},"potentialAction":[{"@type":"SearchAction","target":{"@type":"EntryPoint","urlTemplate":"https:\/\/chacamelia.com\/?s={search_term_string}"},"query-input":{"@type":"PropertyValueSpecification","valueRequired":true,"valueName":"search_term_string"}}],"inLanguage":"en-US"},{"@type":"Organization","@id":"https:\/\/chacamelia.com\/#organization","name":"Ch\u00e1 Cam\u00e9lia","url":"https:\/\/chacamelia.com\/","logo":{"@type":"ImageObject","inLanguage":"en-US","@id":"https:\/\/chacamelia.com\/#\/schema\/logo\/image\/","url":"https:\/\/chacamelia.com\/admin\/wp-content\/uploads\/2015\/06\/Logotipo.jpg","contentUrl":"https:\/\/chacamelia.com\/admin\/wp-content\/uploads\/2015\/06\/Logotipo.jpg","width":289,"height":289,"caption":"Ch\u00e1 Cam\u00e9lia"},"image":{"@id":"https:\/\/chacamelia.com\/#\/schema\/logo\/image\/"}}]}},"_links":{"self":[{"href":"https:\/\/chacamelia.com\/en\/wp-json\/wp\/v2\/product\/911","targetHints":{"allow":["GET"]}}],"collection":[{"href":"https:\/\/chacamelia.com\/en\/wp-json\/wp\/v2\/product"}],"about":[{"href":"https:\/\/chacamelia.com\/en\/wp-json\/wp\/v2\/types\/product"}],"wp:featuredmedia":[{"embeddable":true,"href":"https:\/\/chacamelia.com\/en\/wp-json\/wp\/v2\/media\/7333"}],"wp:attachment":[{"href":"https:\/\/chacamelia.com\/en\/wp-json\/wp\/v2\/media?parent=911"}],"wp:term":[{"taxonomy":"product_brand","embeddable":true,"href":"https:\/\/chacamelia.com\/en\/wp-json\/wp\/v2\/product_brand?post=911"},{"taxonomy":"product_cat","embeddable":true,"href":"https:\/\/chacamelia.com\/en\/wp-json\/wp\/v2\/product_cat?post=911"},{"taxonomy":"product_tag","embeddable":true,"href":"https:\/\/chacamelia.com\/en\/wp-json\/wp\/v2\/product_tag?post=911"}],"curies":[{"name":"wp","href":"https:\/\/api.w.org\/{rel}","templated":true}]}}