{"id":829,"date":"2015-06-16T15:14:13","date_gmt":"2015-06-16T15:14:13","guid":{"rendered":"https:\/\/chacamelia.com\/admin\/catalogo\/morimoto-matcha-2\/"},"modified":"2025-04-08T13:01:23","modified_gmt":"2025-04-08T13:01:23","slug":"morimoto-matcha-2","status":"publish","type":"product","link":"https:\/\/chacamelia.com\/en\/catalogue\/teas\/matcha-en\/morimoto-matcha-2\/","title":{"rendered":"Matcha Morimoto Bio 20g"},"content":{"rendered":"<p><span lang=\"EN-US\">The Morimoto Matcha, the best of Morimoto&#8217;s family, is ground in a ceramic mill into a very fine powder. The resulting tea, of\u00a0an intense green, should be stirred, in hot water (50-60\u00baC),\u00a0with a bamboo whisk until it develops into a creamy texture. The Matcha is very rich in antioxidants, vitamins and minerals. It is suitable for the preparation of cold drinks in the summer and can also be used in desserts. <\/span><\/p>\n<p><span lang=\"EN-US\">20g pack\u00a0<\/span><\/p>\n<p><span lang=\"EN-US\">Tasting note: Rich with delicate tannins, with caffeine<\/span><\/p>\n<p><a href=\"https:\/\/chacamelia.com\/en\/all-about-tea\/teas-preparation\/matcha-powdered-tea-for-the-tea-ceremony\/\">See preparation<\/a><\/p>\n<p>&nbsp;<\/p>\n<p><img loading=\"lazy\" decoding=\"async\" class=\"alignnone wp-image-12905\" src=\"https:\/\/chacamelia.com\/admin\/wp-content\/uploads\/2015\/06\/eu_organic_logo_colour_outerline_rgb-280x186.jpg\" alt=\"\" width=\"101\" height=\"67\" \/><\/p>\n<p class=\"p1\">AGRICULTURE NON EU \/ PT-BIO-04<\/p>\n","protected":false},"excerpt":{"rendered":"<p>An excellent quality Matcha which needs to be prepared with a bamboo whisk.<\/p>\n","protected":false},"featured_media":11048,"template":"","meta":{"_acf_changed":false},"product_brand":[],"product_cat":[32,588],"product_tag":[260,299,300,266],"class_list":{"0":"post-829","1":"product","2":"type-product","3":"status-publish","4":"has-post-thumbnail","6":"product_cat-teas","7":"product_cat-matcha-en","8":"product_tag-cerimonia-do-cha-en","9":"product_tag-cha-japones-en","10":"product_tag-cha-verde-en","11":"product_tag-matcha-en","13":"first","14":"instock","15":"taxable","16":"shipping-taxable","17":"purchasable","18":"product-type-simple"},"group_of_quantity":0,"min_quantity":0,"max_quantity":"","exclude_order_quantity_value_rules":"no","exclude_category_quantity_rules":"no","combine_variations":"no","acf":[],"yoast_head":"<!-- This site is optimized with the Yoast SEO plugin v27.1.1 - https:\/\/yoast.com\/product\/yoast-seo-wordpress\/ -->\n<title>Matcha Morimoto Bio 20g - Comprar Teas, Matcha en l\u00ednea - Ch\u00e1 Cam\u00e9lia<\/title>\n<meta name=\"description\" content=\"The Morimoto Matcha is ground into a very fine powder. It is rich in antioxidants, vitamins and minerals and can be used with cold or hot water, and also be used in desserts.\" \/>\n<meta name=\"robots\" content=\"index, follow, max-snippet:-1, max-image-preview:large, max-video-preview:-1\" \/>\n<link rel=\"canonical\" href=\"https:\/\/chacamelia.com\/catalogue\/chas\/matcha\/morimoto-matcha\/\" \/>\n<meta property=\"og:locale\" content=\"en_US\" \/>\n<meta property=\"og:type\" content=\"article\" \/>\n<meta property=\"og:title\" content=\"Matcha Morimoto Bio 20g - Comprar Teas, Matcha en l\u00ednea - Ch\u00e1 Cam\u00e9lia\" \/>\n<meta property=\"og:description\" content=\"The Morimoto Matcha is ground into a very fine powder. It is rich in antioxidants, vitamins and minerals and can be used with cold or hot water, and also be used in desserts.\" \/>\n<meta property=\"og:url\" content=\"https:\/\/chacamelia.com\/catalogue\/chas\/matcha\/morimoto-matcha\/\" \/>\n<meta property=\"og:site_name\" content=\"Ch\u00e1 Cam\u00e9lia\" \/>\n<meta property=\"article:modified_time\" content=\"2025-04-08T13:01:23+00:00\" \/>\n<meta property=\"og:image\" content=\"https:\/\/chacamelia.com\/admin\/wp-content\/uploads\/2015\/06\/19-morimoto-matcha-v2-1024x1024.png\" \/>\n\t<meta property=\"og:image:width\" content=\"1024\" \/>\n\t<meta property=\"og:image:height\" content=\"1024\" \/>\n\t<meta property=\"og:image:type\" content=\"image\/png\" \/>\n<meta name=\"twitter:card\" content=\"summary_large_image\" \/>\n<meta name=\"twitter:label1\" content=\"Est. reading time\" \/>\n\t<meta name=\"twitter:data1\" content=\"1 minute\" \/>\n<script type=\"application\/ld+json\" class=\"yoast-schema-graph\">{\"@context\":\"https:\/\/schema.org\",\"@graph\":[{\"@type\":\"WebPage\",\"@id\":\"https:\/\/chacamelia.com\/catalogue\/chas\/matcha\/morimoto-matcha\/\",\"url\":\"https:\/\/chacamelia.com\/catalogue\/chas\/matcha\/morimoto-matcha\/\",\"name\":\"Matcha Morimoto Bio 20g - Comprar Teas, Matcha en l\u00ednea - Ch\u00e1 Cam\u00e9lia\",\"isPartOf\":{\"@id\":\"https:\/\/chacamelia.com\/#website\"},\"primaryImageOfPage\":{\"@id\":\"https:\/\/chacamelia.com\/catalogue\/chas\/matcha\/morimoto-matcha\/#primaryimage\"},\"image\":{\"@id\":\"https:\/\/chacamelia.com\/catalogue\/chas\/matcha\/morimoto-matcha\/#primaryimage\"},\"thumbnailUrl\":\"https:\/\/chacamelia.com\/admin\/wp-content\/uploads\/2015\/06\/19-morimoto-matcha-v2.png\",\"datePublished\":\"2015-06-16T15:14:13+00:00\",\"dateModified\":\"2025-04-08T13:01:23+00:00\",\"description\":\"The Morimoto Matcha is ground into a very fine powder. It is rich in antioxidants, vitamins and minerals and can be used with cold or hot water, and also be used in desserts.\",\"breadcrumb\":{\"@id\":\"https:\/\/chacamelia.com\/catalogue\/chas\/matcha\/morimoto-matcha\/#breadcrumb\"},\"inLanguage\":\"en-US\",\"potentialAction\":[{\"@type\":\"ReadAction\",\"target\":[\"https:\/\/chacamelia.com\/catalogue\/chas\/matcha\/morimoto-matcha\/\"]}]},{\"@type\":\"ImageObject\",\"inLanguage\":\"en-US\",\"@id\":\"https:\/\/chacamelia.com\/catalogue\/chas\/matcha\/morimoto-matcha\/#primaryimage\",\"url\":\"https:\/\/chacamelia.com\/admin\/wp-content\/uploads\/2015\/06\/19-morimoto-matcha-v2.png\",\"contentUrl\":\"https:\/\/chacamelia.com\/admin\/wp-content\/uploads\/2015\/06\/19-morimoto-matcha-v2.png\",\"width\":2500,\"height\":2500},{\"@type\":\"BreadcrumbList\",\"@id\":\"https:\/\/chacamelia.com\/catalogue\/chas\/matcha\/morimoto-matcha\/#breadcrumb\",\"itemListElement\":[{\"@type\":\"ListItem\",\"position\":1,\"name\":\"Home\",\"item\":\"https:\/\/chacamelia.com\/en\/\"},{\"@type\":\"ListItem\",\"position\":2,\"name\":\"Online Store &#8211; Teas\",\"item\":\"https:\/\/chacamelia.com\/en\/online-store-teas\/\"},{\"@type\":\"ListItem\",\"position\":3,\"name\":\"Matcha Morimoto Bio 20g\"}]},{\"@type\":\"WebSite\",\"@id\":\"https:\/\/chacamelia.com\/#website\",\"url\":\"https:\/\/chacamelia.com\/\",\"name\":\"Ch\u00e1 Cam\u00e9lia\",\"description\":\"More than a drink, an attitude\",\"publisher\":{\"@id\":\"https:\/\/chacamelia.com\/#organization\"},\"potentialAction\":[{\"@type\":\"SearchAction\",\"target\":{\"@type\":\"EntryPoint\",\"urlTemplate\":\"https:\/\/chacamelia.com\/?s={search_term_string}\"},\"query-input\":{\"@type\":\"PropertyValueSpecification\",\"valueRequired\":true,\"valueName\":\"search_term_string\"}}],\"inLanguage\":\"en-US\"},{\"@type\":\"Organization\",\"@id\":\"https:\/\/chacamelia.com\/#organization\",\"name\":\"Ch\u00e1 Cam\u00e9lia\",\"url\":\"https:\/\/chacamelia.com\/\",\"logo\":{\"@type\":\"ImageObject\",\"inLanguage\":\"en-US\",\"@id\":\"https:\/\/chacamelia.com\/#\/schema\/logo\/image\/\",\"url\":\"https:\/\/chacamelia.com\/admin\/wp-content\/uploads\/2015\/06\/Logotipo.jpg\",\"contentUrl\":\"https:\/\/chacamelia.com\/admin\/wp-content\/uploads\/2015\/06\/Logotipo.jpg\",\"width\":289,\"height\":289,\"caption\":\"Ch\u00e1 Cam\u00e9lia\"},\"image\":{\"@id\":\"https:\/\/chacamelia.com\/#\/schema\/logo\/image\/\"}}]}<\/script>\n<!-- \/ Yoast SEO plugin. -->","yoast_head_json":{"title":"Matcha Morimoto Bio 20g - Comprar Teas, Matcha en l\u00ednea - Ch\u00e1 Cam\u00e9lia","description":"The Morimoto Matcha is ground into a very fine powder. It is rich in antioxidants, vitamins and minerals and can be used with cold or hot water, and also be used in desserts.","robots":{"index":"index","follow":"follow","max-snippet":"max-snippet:-1","max-image-preview":"max-image-preview:large","max-video-preview":"max-video-preview:-1"},"canonical":"https:\/\/chacamelia.com\/catalogue\/chas\/matcha\/morimoto-matcha\/","og_locale":"en_US","og_type":"article","og_title":"Matcha Morimoto Bio 20g - Comprar Teas, Matcha en l\u00ednea - Ch\u00e1 Cam\u00e9lia","og_description":"The Morimoto Matcha is ground into a very fine powder. It is rich in antioxidants, vitamins and minerals and can be used with cold or hot water, and also be used in desserts.","og_url":"https:\/\/chacamelia.com\/catalogue\/chas\/matcha\/morimoto-matcha\/","og_site_name":"Ch\u00e1 Cam\u00e9lia","article_modified_time":"2025-04-08T13:01:23+00:00","og_image":[{"width":1024,"height":1024,"url":"https:\/\/chacamelia.com\/admin\/wp-content\/uploads\/2015\/06\/19-morimoto-matcha-v2-1024x1024.png","type":"image\/png"}],"twitter_card":"summary_large_image","twitter_misc":{"Est. reading time":"1 minute"},"schema":{"@context":"https:\/\/schema.org","@graph":[{"@type":"WebPage","@id":"https:\/\/chacamelia.com\/catalogue\/chas\/matcha\/morimoto-matcha\/","url":"https:\/\/chacamelia.com\/catalogue\/chas\/matcha\/morimoto-matcha\/","name":"Matcha Morimoto Bio 20g - Comprar Teas, Matcha en l\u00ednea - Ch\u00e1 Cam\u00e9lia","isPartOf":{"@id":"https:\/\/chacamelia.com\/#website"},"primaryImageOfPage":{"@id":"https:\/\/chacamelia.com\/catalogue\/chas\/matcha\/morimoto-matcha\/#primaryimage"},"image":{"@id":"https:\/\/chacamelia.com\/catalogue\/chas\/matcha\/morimoto-matcha\/#primaryimage"},"thumbnailUrl":"https:\/\/chacamelia.com\/admin\/wp-content\/uploads\/2015\/06\/19-morimoto-matcha-v2.png","datePublished":"2015-06-16T15:14:13+00:00","dateModified":"2025-04-08T13:01:23+00:00","description":"The Morimoto Matcha is ground into a very fine powder. It is rich in antioxidants, vitamins and minerals and can be used with cold or hot water, and also be used in desserts.","breadcrumb":{"@id":"https:\/\/chacamelia.com\/catalogue\/chas\/matcha\/morimoto-matcha\/#breadcrumb"},"inLanguage":"en-US","potentialAction":[{"@type":"ReadAction","target":["https:\/\/chacamelia.com\/catalogue\/chas\/matcha\/morimoto-matcha\/"]}]},{"@type":"ImageObject","inLanguage":"en-US","@id":"https:\/\/chacamelia.com\/catalogue\/chas\/matcha\/morimoto-matcha\/#primaryimage","url":"https:\/\/chacamelia.com\/admin\/wp-content\/uploads\/2015\/06\/19-morimoto-matcha-v2.png","contentUrl":"https:\/\/chacamelia.com\/admin\/wp-content\/uploads\/2015\/06\/19-morimoto-matcha-v2.png","width":2500,"height":2500},{"@type":"BreadcrumbList","@id":"https:\/\/chacamelia.com\/catalogue\/chas\/matcha\/morimoto-matcha\/#breadcrumb","itemListElement":[{"@type":"ListItem","position":1,"name":"Home","item":"https:\/\/chacamelia.com\/en\/"},{"@type":"ListItem","position":2,"name":"Online Store &#8211; Teas","item":"https:\/\/chacamelia.com\/en\/online-store-teas\/"},{"@type":"ListItem","position":3,"name":"Matcha Morimoto Bio 20g"}]},{"@type":"WebSite","@id":"https:\/\/chacamelia.com\/#website","url":"https:\/\/chacamelia.com\/","name":"Ch\u00e1 Cam\u00e9lia","description":"More than a drink, an attitude","publisher":{"@id":"https:\/\/chacamelia.com\/#organization"},"potentialAction":[{"@type":"SearchAction","target":{"@type":"EntryPoint","urlTemplate":"https:\/\/chacamelia.com\/?s={search_term_string}"},"query-input":{"@type":"PropertyValueSpecification","valueRequired":true,"valueName":"search_term_string"}}],"inLanguage":"en-US"},{"@type":"Organization","@id":"https:\/\/chacamelia.com\/#organization","name":"Ch\u00e1 Cam\u00e9lia","url":"https:\/\/chacamelia.com\/","logo":{"@type":"ImageObject","inLanguage":"en-US","@id":"https:\/\/chacamelia.com\/#\/schema\/logo\/image\/","url":"https:\/\/chacamelia.com\/admin\/wp-content\/uploads\/2015\/06\/Logotipo.jpg","contentUrl":"https:\/\/chacamelia.com\/admin\/wp-content\/uploads\/2015\/06\/Logotipo.jpg","width":289,"height":289,"caption":"Ch\u00e1 Cam\u00e9lia"},"image":{"@id":"https:\/\/chacamelia.com\/#\/schema\/logo\/image\/"}}]}},"_links":{"self":[{"href":"https:\/\/chacamelia.com\/en\/wp-json\/wp\/v2\/product\/829","targetHints":{"allow":["GET"]}}],"collection":[{"href":"https:\/\/chacamelia.com\/en\/wp-json\/wp\/v2\/product"}],"about":[{"href":"https:\/\/chacamelia.com\/en\/wp-json\/wp\/v2\/types\/product"}],"wp:featuredmedia":[{"embeddable":true,"href":"https:\/\/chacamelia.com\/en\/wp-json\/wp\/v2\/media\/11048"}],"wp:attachment":[{"href":"https:\/\/chacamelia.com\/en\/wp-json\/wp\/v2\/media?parent=829"}],"wp:term":[{"taxonomy":"product_brand","embeddable":true,"href":"https:\/\/chacamelia.com\/en\/wp-json\/wp\/v2\/product_brand?post=829"},{"taxonomy":"product_cat","embeddable":true,"href":"https:\/\/chacamelia.com\/en\/wp-json\/wp\/v2\/product_cat?post=829"},{"taxonomy":"product_tag","embeddable":true,"href":"https:\/\/chacamelia.com\/en\/wp-json\/wp\/v2\/product_tag?post=829"}],"curies":[{"name":"wp","href":"https:\/\/api.w.org\/{rel}","templated":true}]}}