{"id":807,"date":"2015-06-11T15:36:52","date_gmt":"2015-06-11T15:36:52","guid":{"rendered":"https:\/\/chacamelia.com\/admin\/catalogo\/sencha-with-matcha\/"},"modified":"2022-03-29T12:44:29","modified_gmt":"2022-03-29T12:44:29","slug":"sencha-with-matcha","status":"publish","type":"product","link":"https:\/\/chacamelia.com\/en\/catalogue\/teas\/matcha-en\/sencha-with-matcha\/","title":{"rendered":"Sencha with Matcha"},"content":{"rendered":"<p><span lang=\"EN-US\">Sencha with Matcha is\u00a0a mixture of Sencha Minami Sayaka with Matcha (the powdered tea used in the Japanese tea ceremony), from the Morimoto family. This quality tea allows one to experience the aroma and the various health benefits of Matcha. While a normal Matcha preparation requires a larger bowl with a bamboo whisk, this mixture is prepared as a normal infusion. The first infusion tastes more of Matcha; the second releases the characteristic aroma of Sencha.<\/span><\/p>\n<p><span lang=\"EN-US\">100g pack<\/span><\/p>\n<p><span lang=\"EN-US\">Tasting note: Deep and intense green, with cafeine<\/span><\/p>\n<p>&nbsp;<\/p>\n<p><img loading=\"lazy\" decoding=\"async\" class=\"alignnone wp-image-12905\" src=\"https:\/\/chacamelia.com\/admin\/wp-content\/uploads\/2015\/06\/eu_organic_logo_colour_outerline_rgb-280x186.jpg\" alt=\"\" width=\"101\" height=\"67\" \/><\/p>\n<p class=\"p1\">AGRICULTURE NON EU \/ PT-BIO-04<\/p>\n","protected":false},"excerpt":{"rendered":"<p>An easy tea to prepare with the benefits of Matcha.<\/p>\n","protected":false},"featured_media":11039,"template":"","meta":{"_acf_changed":false},"product_brand":[],"product_cat":[32,607,588],"product_tag":[299,300,266,652],"class_list":{"0":"post-807","1":"product","2":"type-product","3":"status-publish","4":"has-post-thumbnail","6":"product_cat-teas","7":"product_cat-japanese-tea","8":"product_cat-matcha-en","9":"product_tag-cha-japones-en","10":"product_tag-cha-verde-en","11":"product_tag-matcha-en","12":"product_tag-sencha-en","14":"first","15":"instock","16":"taxable","17":"shipping-taxable","18":"purchasable","19":"product-type-simple"},"group_of_quantity":0,"min_quantity":0,"max_quantity":"","exclude_order_quantity_value_rules":"no","exclude_category_quantity_rules":"no","combine_variations":"no","acf":[],"yoast_head":"<!-- This site is optimized with the Yoast SEO plugin v27.1.1 - https:\/\/yoast.com\/product\/yoast-seo-wordpress\/ -->\n<title>Sencha with Matcha - Comprar Teas, Japanese Tea, Matcha en l\u00ednea - Ch\u00e1 Cam\u00e9lia<\/title>\n<meta name=\"description\" content=\"Sencha with Matcha is prepared as a normal infusion. The first infusion tastes more of Matcha; the second releases the characteristic aroma of Sencha.\" \/>\n<meta name=\"robots\" content=\"index, follow, max-snippet:-1, max-image-preview:large, max-video-preview:-1\" \/>\n<link rel=\"canonical\" href=\"https:\/\/chacamelia.com\/catalogue\/chas\/chas-japoneses\/sencha-com-matcha\/\" \/>\n<meta property=\"og:locale\" content=\"en_US\" \/>\n<meta property=\"og:type\" content=\"article\" \/>\n<meta property=\"og:title\" content=\"Sencha with Matcha - Comprar Teas, Japanese Tea, Matcha en l\u00ednea - Ch\u00e1 Cam\u00e9lia\" \/>\n<meta property=\"og:description\" content=\"Sencha with Matcha is prepared as a normal infusion. The first infusion tastes more of Matcha; the second releases the characteristic aroma of Sencha.\" \/>\n<meta property=\"og:url\" content=\"https:\/\/chacamelia.com\/catalogue\/chas\/chas-japoneses\/sencha-com-matcha\/\" \/>\n<meta property=\"og:site_name\" content=\"Ch\u00e1 Cam\u00e9lia\" \/>\n<meta property=\"article:modified_time\" content=\"2022-03-29T12:44:29+00:00\" \/>\n<meta property=\"og:image\" content=\"https:\/\/chacamelia.com\/admin\/wp-content\/uploads\/2015\/06\/11-morimoto-sencha-v2-1024x1024.png\" \/>\n\t<meta property=\"og:image:width\" content=\"1024\" \/>\n\t<meta property=\"og:image:height\" content=\"1024\" \/>\n\t<meta property=\"og:image:type\" content=\"image\/png\" \/>\n<meta name=\"twitter:card\" content=\"summary_large_image\" \/>\n<script type=\"application\/ld+json\" class=\"yoast-schema-graph\">{\"@context\":\"https:\/\/schema.org\",\"@graph\":[{\"@type\":\"WebPage\",\"@id\":\"https:\/\/chacamelia.com\/catalogue\/chas\/chas-japoneses\/sencha-com-matcha\/\",\"url\":\"https:\/\/chacamelia.com\/catalogue\/chas\/chas-japoneses\/sencha-com-matcha\/\",\"name\":\"Sencha with Matcha - Comprar Teas, Japanese Tea, Matcha en l\u00ednea - Ch\u00e1 Cam\u00e9lia\",\"isPartOf\":{\"@id\":\"https:\/\/chacamelia.com\/#website\"},\"primaryImageOfPage\":{\"@id\":\"https:\/\/chacamelia.com\/catalogue\/chas\/chas-japoneses\/sencha-com-matcha\/#primaryimage\"},\"image\":{\"@id\":\"https:\/\/chacamelia.com\/catalogue\/chas\/chas-japoneses\/sencha-com-matcha\/#primaryimage\"},\"thumbnailUrl\":\"https:\/\/chacamelia.com\/admin\/wp-content\/uploads\/2015\/06\/11-morimoto-sencha-v2.png\",\"datePublished\":\"2015-06-11T15:36:52+00:00\",\"dateModified\":\"2022-03-29T12:44:29+00:00\",\"description\":\"Sencha with Matcha is prepared as a normal infusion. The first infusion tastes more of Matcha; the second releases the characteristic aroma of Sencha.\",\"breadcrumb\":{\"@id\":\"https:\/\/chacamelia.com\/catalogue\/chas\/chas-japoneses\/sencha-com-matcha\/#breadcrumb\"},\"inLanguage\":\"en-US\",\"potentialAction\":[{\"@type\":\"ReadAction\",\"target\":[\"https:\/\/chacamelia.com\/catalogue\/chas\/chas-japoneses\/sencha-com-matcha\/\"]}]},{\"@type\":\"ImageObject\",\"inLanguage\":\"en-US\",\"@id\":\"https:\/\/chacamelia.com\/catalogue\/chas\/chas-japoneses\/sencha-com-matcha\/#primaryimage\",\"url\":\"https:\/\/chacamelia.com\/admin\/wp-content\/uploads\/2015\/06\/11-morimoto-sencha-v2.png\",\"contentUrl\":\"https:\/\/chacamelia.com\/admin\/wp-content\/uploads\/2015\/06\/11-morimoto-sencha-v2.png\",\"width\":2500,\"height\":2500},{\"@type\":\"BreadcrumbList\",\"@id\":\"https:\/\/chacamelia.com\/catalogue\/chas\/chas-japoneses\/sencha-com-matcha\/#breadcrumb\",\"itemListElement\":[{\"@type\":\"ListItem\",\"position\":1,\"name\":\"Home\",\"item\":\"https:\/\/chacamelia.com\/en\/\"},{\"@type\":\"ListItem\",\"position\":2,\"name\":\"Online Store &#8211; Teas\",\"item\":\"https:\/\/chacamelia.com\/en\/online-store-teas\/\"},{\"@type\":\"ListItem\",\"position\":3,\"name\":\"Sencha with Matcha\"}]},{\"@type\":\"WebSite\",\"@id\":\"https:\/\/chacamelia.com\/#website\",\"url\":\"https:\/\/chacamelia.com\/\",\"name\":\"Ch\u00e1 Cam\u00e9lia\",\"description\":\"More than a drink, an attitude\",\"publisher\":{\"@id\":\"https:\/\/chacamelia.com\/#organization\"},\"potentialAction\":[{\"@type\":\"SearchAction\",\"target\":{\"@type\":\"EntryPoint\",\"urlTemplate\":\"https:\/\/chacamelia.com\/?s={search_term_string}\"},\"query-input\":{\"@type\":\"PropertyValueSpecification\",\"valueRequired\":true,\"valueName\":\"search_term_string\"}}],\"inLanguage\":\"en-US\"},{\"@type\":\"Organization\",\"@id\":\"https:\/\/chacamelia.com\/#organization\",\"name\":\"Ch\u00e1 Cam\u00e9lia\",\"url\":\"https:\/\/chacamelia.com\/\",\"logo\":{\"@type\":\"ImageObject\",\"inLanguage\":\"en-US\",\"@id\":\"https:\/\/chacamelia.com\/#\/schema\/logo\/image\/\",\"url\":\"https:\/\/chacamelia.com\/admin\/wp-content\/uploads\/2015\/06\/Logotipo.jpg\",\"contentUrl\":\"https:\/\/chacamelia.com\/admin\/wp-content\/uploads\/2015\/06\/Logotipo.jpg\",\"width\":289,\"height\":289,\"caption\":\"Ch\u00e1 Cam\u00e9lia\"},\"image\":{\"@id\":\"https:\/\/chacamelia.com\/#\/schema\/logo\/image\/\"}}]}<\/script>\n<!-- \/ Yoast SEO plugin. -->","yoast_head_json":{"title":"Sencha with Matcha - Comprar Teas, Japanese Tea, Matcha en l\u00ednea - Ch\u00e1 Cam\u00e9lia","description":"Sencha with Matcha is prepared as a normal infusion. The first infusion tastes more of Matcha; the second releases the characteristic aroma of Sencha.","robots":{"index":"index","follow":"follow","max-snippet":"max-snippet:-1","max-image-preview":"max-image-preview:large","max-video-preview":"max-video-preview:-1"},"canonical":"https:\/\/chacamelia.com\/catalogue\/chas\/chas-japoneses\/sencha-com-matcha\/","og_locale":"en_US","og_type":"article","og_title":"Sencha with Matcha - Comprar Teas, Japanese Tea, Matcha en l\u00ednea - Ch\u00e1 Cam\u00e9lia","og_description":"Sencha with Matcha is prepared as a normal infusion. The first infusion tastes more of Matcha; the second releases the characteristic aroma of Sencha.","og_url":"https:\/\/chacamelia.com\/catalogue\/chas\/chas-japoneses\/sencha-com-matcha\/","og_site_name":"Ch\u00e1 Cam\u00e9lia","article_modified_time":"2022-03-29T12:44:29+00:00","og_image":[{"width":1024,"height":1024,"url":"https:\/\/chacamelia.com\/admin\/wp-content\/uploads\/2015\/06\/11-morimoto-sencha-v2-1024x1024.png","type":"image\/png"}],"twitter_card":"summary_large_image","schema":{"@context":"https:\/\/schema.org","@graph":[{"@type":"WebPage","@id":"https:\/\/chacamelia.com\/catalogue\/chas\/chas-japoneses\/sencha-com-matcha\/","url":"https:\/\/chacamelia.com\/catalogue\/chas\/chas-japoneses\/sencha-com-matcha\/","name":"Sencha with Matcha - Comprar Teas, Japanese Tea, Matcha en l\u00ednea - Ch\u00e1 Cam\u00e9lia","isPartOf":{"@id":"https:\/\/chacamelia.com\/#website"},"primaryImageOfPage":{"@id":"https:\/\/chacamelia.com\/catalogue\/chas\/chas-japoneses\/sencha-com-matcha\/#primaryimage"},"image":{"@id":"https:\/\/chacamelia.com\/catalogue\/chas\/chas-japoneses\/sencha-com-matcha\/#primaryimage"},"thumbnailUrl":"https:\/\/chacamelia.com\/admin\/wp-content\/uploads\/2015\/06\/11-morimoto-sencha-v2.png","datePublished":"2015-06-11T15:36:52+00:00","dateModified":"2022-03-29T12:44:29+00:00","description":"Sencha with Matcha is prepared as a normal infusion. The first infusion tastes more of Matcha; the second releases the characteristic aroma of Sencha.","breadcrumb":{"@id":"https:\/\/chacamelia.com\/catalogue\/chas\/chas-japoneses\/sencha-com-matcha\/#breadcrumb"},"inLanguage":"en-US","potentialAction":[{"@type":"ReadAction","target":["https:\/\/chacamelia.com\/catalogue\/chas\/chas-japoneses\/sencha-com-matcha\/"]}]},{"@type":"ImageObject","inLanguage":"en-US","@id":"https:\/\/chacamelia.com\/catalogue\/chas\/chas-japoneses\/sencha-com-matcha\/#primaryimage","url":"https:\/\/chacamelia.com\/admin\/wp-content\/uploads\/2015\/06\/11-morimoto-sencha-v2.png","contentUrl":"https:\/\/chacamelia.com\/admin\/wp-content\/uploads\/2015\/06\/11-morimoto-sencha-v2.png","width":2500,"height":2500},{"@type":"BreadcrumbList","@id":"https:\/\/chacamelia.com\/catalogue\/chas\/chas-japoneses\/sencha-com-matcha\/#breadcrumb","itemListElement":[{"@type":"ListItem","position":1,"name":"Home","item":"https:\/\/chacamelia.com\/en\/"},{"@type":"ListItem","position":2,"name":"Online Store &#8211; Teas","item":"https:\/\/chacamelia.com\/en\/online-store-teas\/"},{"@type":"ListItem","position":3,"name":"Sencha with Matcha"}]},{"@type":"WebSite","@id":"https:\/\/chacamelia.com\/#website","url":"https:\/\/chacamelia.com\/","name":"Ch\u00e1 Cam\u00e9lia","description":"More than a drink, an attitude","publisher":{"@id":"https:\/\/chacamelia.com\/#organization"},"potentialAction":[{"@type":"SearchAction","target":{"@type":"EntryPoint","urlTemplate":"https:\/\/chacamelia.com\/?s={search_term_string}"},"query-input":{"@type":"PropertyValueSpecification","valueRequired":true,"valueName":"search_term_string"}}],"inLanguage":"en-US"},{"@type":"Organization","@id":"https:\/\/chacamelia.com\/#organization","name":"Ch\u00e1 Cam\u00e9lia","url":"https:\/\/chacamelia.com\/","logo":{"@type":"ImageObject","inLanguage":"en-US","@id":"https:\/\/chacamelia.com\/#\/schema\/logo\/image\/","url":"https:\/\/chacamelia.com\/admin\/wp-content\/uploads\/2015\/06\/Logotipo.jpg","contentUrl":"https:\/\/chacamelia.com\/admin\/wp-content\/uploads\/2015\/06\/Logotipo.jpg","width":289,"height":289,"caption":"Ch\u00e1 Cam\u00e9lia"},"image":{"@id":"https:\/\/chacamelia.com\/#\/schema\/logo\/image\/"}}]}},"_links":{"self":[{"href":"https:\/\/chacamelia.com\/en\/wp-json\/wp\/v2\/product\/807","targetHints":{"allow":["GET"]}}],"collection":[{"href":"https:\/\/chacamelia.com\/en\/wp-json\/wp\/v2\/product"}],"about":[{"href":"https:\/\/chacamelia.com\/en\/wp-json\/wp\/v2\/types\/product"}],"wp:featuredmedia":[{"embeddable":true,"href":"https:\/\/chacamelia.com\/en\/wp-json\/wp\/v2\/media\/11039"}],"wp:attachment":[{"href":"https:\/\/chacamelia.com\/en\/wp-json\/wp\/v2\/media?parent=807"}],"wp:term":[{"taxonomy":"product_brand","embeddable":true,"href":"https:\/\/chacamelia.com\/en\/wp-json\/wp\/v2\/product_brand?post=807"},{"taxonomy":"product_cat","embeddable":true,"href":"https:\/\/chacamelia.com\/en\/wp-json\/wp\/v2\/product_cat?post=807"},{"taxonomy":"product_tag","embeddable":true,"href":"https:\/\/chacamelia.com\/en\/wp-json\/wp\/v2\/product_tag?post=807"}],"curies":[{"name":"wp","href":"https:\/\/api.w.org\/{rel}","templated":true}]}}