{"id":801,"date":"2015-06-11T13:16:36","date_gmt":"2015-06-11T13:16:36","guid":{"rendered":"https:\/\/chacamelia.com\/admin\/catalogo\/bancha-2\/"},"modified":"2025-04-07T14:55:27","modified_gmt":"2025-04-07T14:55:27","slug":"bancha-2","status":"publish","type":"product","link":"https:\/\/chacamelia.com\/en\/catalogue\/teas\/japanese-tea\/bancha-2\/","title":{"rendered":"Bancha Morimoto Bio"},"content":{"rendered":"<p>The largest leaves of the late spring harvest are collected for this superior Bancha Yanagicha. These leaves are more mature and instead of being twisted, they are folded very carefully. These more developed leaves are naturally low in caffeine and have a higher concentration of iron, zinc and other minerals. This tea is a recommended drink for pregnant mothers but can also be drunk by everybody throughout the day.<\/p>\n<p>&nbsp;<\/p>\n<p>100g pack<\/p>\n<p>&nbsp;<\/p>\n<p><em>Tasting note: Balanced and rich, with a floral note, with\u00a0<\/em>little<em> caffeine.<\/em><\/p>\n<p>&nbsp;<\/p>\n<p><img loading=\"lazy\" decoding=\"async\" class=\"alignnone wp-image-12906\" src=\"https:\/\/chacamelia.com\/admin\/wp-content\/uploads\/2015\/06\/eu_organic_logo_colour_outerline_rgb-280x186.jpg\" alt=\"\" width=\"101\" height=\"67\" \/><\/p>\n<p>AGRICULTURE NON EU \/ PT-BIO-04<\/p>\n","protected":false},"excerpt":{"rendered":"<p>A tea for any time of the day with little caffeine.<\/p>\n","protected":false},"featured_media":11024,"template":"","meta":{"_acf_changed":false},"product_brand":[],"product_cat":[32,607],"product_tag":[299,300],"class_list":{"0":"post-801","1":"product","2":"type-product","3":"status-publish","4":"has-post-thumbnail","6":"product_cat-teas","7":"product_cat-japanese-tea","8":"product_tag-cha-japones-en","9":"product_tag-cha-verde-en","11":"first","12":"instock","13":"taxable","14":"shipping-taxable","15":"purchasable","16":"product-type-simple"},"group_of_quantity":0,"min_quantity":0,"max_quantity":"","exclude_order_quantity_value_rules":"no","exclude_category_quantity_rules":"no","combine_variations":"no","acf":[],"yoast_head":"<!-- This site is optimized with the Yoast SEO plugin v27.1.1 - https:\/\/yoast.com\/product\/yoast-seo-wordpress\/ -->\n<title>Bancha Morimoto Bio - Comprar Teas, Japanese Tea en l\u00ednea - Ch\u00e1 Cam\u00e9lia<\/title>\n<meta name=\"description\" content=\"The Bancha is naturally low in caffeine and is a recommended drink for pregnant mothers but can also be drunk by everybody throughout the day.\" \/>\n<meta name=\"robots\" content=\"index, follow, max-snippet:-1, max-image-preview:large, max-video-preview:-1\" \/>\n<link rel=\"canonical\" href=\"https:\/\/chacamelia.com\/catalogue\/chas\/chas-japoneses\/bancha\/\" \/>\n<meta property=\"og:locale\" content=\"en_US\" \/>\n<meta property=\"og:type\" content=\"article\" \/>\n<meta property=\"og:title\" content=\"Bancha Morimoto Bio - Comprar Teas, Japanese Tea en l\u00ednea - Ch\u00e1 Cam\u00e9lia\" \/>\n<meta property=\"og:description\" content=\"The Bancha is naturally low in caffeine and is a recommended drink for pregnant mothers but can also be drunk by everybody throughout the day.\" \/>\n<meta property=\"og:url\" content=\"https:\/\/chacamelia.com\/catalogue\/chas\/chas-japoneses\/bancha\/\" \/>\n<meta property=\"og:site_name\" content=\"Ch\u00e1 Cam\u00e9lia\" \/>\n<meta property=\"article:modified_time\" content=\"2025-04-07T14:55:27+00:00\" \/>\n<meta property=\"og:image\" content=\"https:\/\/chacamelia.com\/admin\/wp-content\/uploads\/2015\/06\/05-morimoto-yanagicha-bancha-v2-1024x1024.png\" \/>\n\t<meta property=\"og:image:width\" content=\"1024\" \/>\n\t<meta property=\"og:image:height\" content=\"1024\" \/>\n\t<meta property=\"og:image:type\" content=\"image\/png\" \/>\n<meta name=\"twitter:card\" content=\"summary_large_image\" \/>\n<meta name=\"twitter:label1\" content=\"Est. reading time\" \/>\n\t<meta name=\"twitter:data1\" content=\"1 minute\" \/>\n<script type=\"application\/ld+json\" class=\"yoast-schema-graph\">{\"@context\":\"https:\/\/schema.org\",\"@graph\":[{\"@type\":\"WebPage\",\"@id\":\"https:\/\/chacamelia.com\/catalogue\/chas\/chas-japoneses\/bancha\/\",\"url\":\"https:\/\/chacamelia.com\/catalogue\/chas\/chas-japoneses\/bancha\/\",\"name\":\"Bancha Morimoto Bio - Comprar Teas, Japanese Tea en l\u00ednea - Ch\u00e1 Cam\u00e9lia\",\"isPartOf\":{\"@id\":\"https:\/\/chacamelia.com\/#website\"},\"primaryImageOfPage\":{\"@id\":\"https:\/\/chacamelia.com\/catalogue\/chas\/chas-japoneses\/bancha\/#primaryimage\"},\"image\":{\"@id\":\"https:\/\/chacamelia.com\/catalogue\/chas\/chas-japoneses\/bancha\/#primaryimage\"},\"thumbnailUrl\":\"https:\/\/chacamelia.com\/admin\/wp-content\/uploads\/2015\/06\/05-morimoto-yanagicha-bancha-v2.png\",\"datePublished\":\"2015-06-11T13:16:36+00:00\",\"dateModified\":\"2025-04-07T14:55:27+00:00\",\"description\":\"The Bancha is naturally low in caffeine and is a recommended drink for pregnant mothers but can also be drunk by everybody throughout the day.\",\"breadcrumb\":{\"@id\":\"https:\/\/chacamelia.com\/catalogue\/chas\/chas-japoneses\/bancha\/#breadcrumb\"},\"inLanguage\":\"en-US\",\"potentialAction\":[{\"@type\":\"ReadAction\",\"target\":[\"https:\/\/chacamelia.com\/catalogue\/chas\/chas-japoneses\/bancha\/\"]}]},{\"@type\":\"ImageObject\",\"inLanguage\":\"en-US\",\"@id\":\"https:\/\/chacamelia.com\/catalogue\/chas\/chas-japoneses\/bancha\/#primaryimage\",\"url\":\"https:\/\/chacamelia.com\/admin\/wp-content\/uploads\/2015\/06\/05-morimoto-yanagicha-bancha-v2.png\",\"contentUrl\":\"https:\/\/chacamelia.com\/admin\/wp-content\/uploads\/2015\/06\/05-morimoto-yanagicha-bancha-v2.png\",\"width\":2500,\"height\":2500},{\"@type\":\"BreadcrumbList\",\"@id\":\"https:\/\/chacamelia.com\/catalogue\/chas\/chas-japoneses\/bancha\/#breadcrumb\",\"itemListElement\":[{\"@type\":\"ListItem\",\"position\":1,\"name\":\"Home\",\"item\":\"https:\/\/chacamelia.com\/en\/\"},{\"@type\":\"ListItem\",\"position\":2,\"name\":\"Online Store &#8211; Teas\",\"item\":\"https:\/\/chacamelia.com\/en\/online-store-teas\/\"},{\"@type\":\"ListItem\",\"position\":3,\"name\":\"Bancha Morimoto Bio\"}]},{\"@type\":\"WebSite\",\"@id\":\"https:\/\/chacamelia.com\/#website\",\"url\":\"https:\/\/chacamelia.com\/\",\"name\":\"Ch\u00e1 Cam\u00e9lia\",\"description\":\"More than a drink, an attitude\",\"publisher\":{\"@id\":\"https:\/\/chacamelia.com\/#organization\"},\"potentialAction\":[{\"@type\":\"SearchAction\",\"target\":{\"@type\":\"EntryPoint\",\"urlTemplate\":\"https:\/\/chacamelia.com\/?s={search_term_string}\"},\"query-input\":{\"@type\":\"PropertyValueSpecification\",\"valueRequired\":true,\"valueName\":\"search_term_string\"}}],\"inLanguage\":\"en-US\"},{\"@type\":\"Organization\",\"@id\":\"https:\/\/chacamelia.com\/#organization\",\"name\":\"Ch\u00e1 Cam\u00e9lia\",\"url\":\"https:\/\/chacamelia.com\/\",\"logo\":{\"@type\":\"ImageObject\",\"inLanguage\":\"en-US\",\"@id\":\"https:\/\/chacamelia.com\/#\/schema\/logo\/image\/\",\"url\":\"https:\/\/chacamelia.com\/admin\/wp-content\/uploads\/2015\/06\/Logotipo.jpg\",\"contentUrl\":\"https:\/\/chacamelia.com\/admin\/wp-content\/uploads\/2015\/06\/Logotipo.jpg\",\"width\":289,\"height\":289,\"caption\":\"Ch\u00e1 Cam\u00e9lia\"},\"image\":{\"@id\":\"https:\/\/chacamelia.com\/#\/schema\/logo\/image\/\"}}]}<\/script>\n<!-- \/ Yoast SEO plugin. -->","yoast_head_json":{"title":"Bancha Morimoto Bio - Comprar Teas, Japanese Tea en l\u00ednea - Ch\u00e1 Cam\u00e9lia","description":"The Bancha is naturally low in caffeine and is a recommended drink for pregnant mothers but can also be drunk by everybody throughout the day.","robots":{"index":"index","follow":"follow","max-snippet":"max-snippet:-1","max-image-preview":"max-image-preview:large","max-video-preview":"max-video-preview:-1"},"canonical":"https:\/\/chacamelia.com\/catalogue\/chas\/chas-japoneses\/bancha\/","og_locale":"en_US","og_type":"article","og_title":"Bancha Morimoto Bio - Comprar Teas, Japanese Tea en l\u00ednea - Ch\u00e1 Cam\u00e9lia","og_description":"The Bancha is naturally low in caffeine and is a recommended drink for pregnant mothers but can also be drunk by everybody throughout the day.","og_url":"https:\/\/chacamelia.com\/catalogue\/chas\/chas-japoneses\/bancha\/","og_site_name":"Ch\u00e1 Cam\u00e9lia","article_modified_time":"2025-04-07T14:55:27+00:00","og_image":[{"width":1024,"height":1024,"url":"https:\/\/chacamelia.com\/admin\/wp-content\/uploads\/2015\/06\/05-morimoto-yanagicha-bancha-v2-1024x1024.png","type":"image\/png"}],"twitter_card":"summary_large_image","twitter_misc":{"Est. reading time":"1 minute"},"schema":{"@context":"https:\/\/schema.org","@graph":[{"@type":"WebPage","@id":"https:\/\/chacamelia.com\/catalogue\/chas\/chas-japoneses\/bancha\/","url":"https:\/\/chacamelia.com\/catalogue\/chas\/chas-japoneses\/bancha\/","name":"Bancha Morimoto Bio - Comprar Teas, Japanese Tea en l\u00ednea - Ch\u00e1 Cam\u00e9lia","isPartOf":{"@id":"https:\/\/chacamelia.com\/#website"},"primaryImageOfPage":{"@id":"https:\/\/chacamelia.com\/catalogue\/chas\/chas-japoneses\/bancha\/#primaryimage"},"image":{"@id":"https:\/\/chacamelia.com\/catalogue\/chas\/chas-japoneses\/bancha\/#primaryimage"},"thumbnailUrl":"https:\/\/chacamelia.com\/admin\/wp-content\/uploads\/2015\/06\/05-morimoto-yanagicha-bancha-v2.png","datePublished":"2015-06-11T13:16:36+00:00","dateModified":"2025-04-07T14:55:27+00:00","description":"The Bancha is naturally low in caffeine and is a recommended drink for pregnant mothers but can also be drunk by everybody throughout the day.","breadcrumb":{"@id":"https:\/\/chacamelia.com\/catalogue\/chas\/chas-japoneses\/bancha\/#breadcrumb"},"inLanguage":"en-US","potentialAction":[{"@type":"ReadAction","target":["https:\/\/chacamelia.com\/catalogue\/chas\/chas-japoneses\/bancha\/"]}]},{"@type":"ImageObject","inLanguage":"en-US","@id":"https:\/\/chacamelia.com\/catalogue\/chas\/chas-japoneses\/bancha\/#primaryimage","url":"https:\/\/chacamelia.com\/admin\/wp-content\/uploads\/2015\/06\/05-morimoto-yanagicha-bancha-v2.png","contentUrl":"https:\/\/chacamelia.com\/admin\/wp-content\/uploads\/2015\/06\/05-morimoto-yanagicha-bancha-v2.png","width":2500,"height":2500},{"@type":"BreadcrumbList","@id":"https:\/\/chacamelia.com\/catalogue\/chas\/chas-japoneses\/bancha\/#breadcrumb","itemListElement":[{"@type":"ListItem","position":1,"name":"Home","item":"https:\/\/chacamelia.com\/en\/"},{"@type":"ListItem","position":2,"name":"Online Store &#8211; Teas","item":"https:\/\/chacamelia.com\/en\/online-store-teas\/"},{"@type":"ListItem","position":3,"name":"Bancha Morimoto Bio"}]},{"@type":"WebSite","@id":"https:\/\/chacamelia.com\/#website","url":"https:\/\/chacamelia.com\/","name":"Ch\u00e1 Cam\u00e9lia","description":"More than a drink, an attitude","publisher":{"@id":"https:\/\/chacamelia.com\/#organization"},"potentialAction":[{"@type":"SearchAction","target":{"@type":"EntryPoint","urlTemplate":"https:\/\/chacamelia.com\/?s={search_term_string}"},"query-input":{"@type":"PropertyValueSpecification","valueRequired":true,"valueName":"search_term_string"}}],"inLanguage":"en-US"},{"@type":"Organization","@id":"https:\/\/chacamelia.com\/#organization","name":"Ch\u00e1 Cam\u00e9lia","url":"https:\/\/chacamelia.com\/","logo":{"@type":"ImageObject","inLanguage":"en-US","@id":"https:\/\/chacamelia.com\/#\/schema\/logo\/image\/","url":"https:\/\/chacamelia.com\/admin\/wp-content\/uploads\/2015\/06\/Logotipo.jpg","contentUrl":"https:\/\/chacamelia.com\/admin\/wp-content\/uploads\/2015\/06\/Logotipo.jpg","width":289,"height":289,"caption":"Ch\u00e1 Cam\u00e9lia"},"image":{"@id":"https:\/\/chacamelia.com\/#\/schema\/logo\/image\/"}}]}},"_links":{"self":[{"href":"https:\/\/chacamelia.com\/en\/wp-json\/wp\/v2\/product\/801","targetHints":{"allow":["GET"]}}],"collection":[{"href":"https:\/\/chacamelia.com\/en\/wp-json\/wp\/v2\/product"}],"about":[{"href":"https:\/\/chacamelia.com\/en\/wp-json\/wp\/v2\/types\/product"}],"wp:featuredmedia":[{"embeddable":true,"href":"https:\/\/chacamelia.com\/en\/wp-json\/wp\/v2\/media\/11024"}],"wp:attachment":[{"href":"https:\/\/chacamelia.com\/en\/wp-json\/wp\/v2\/media?parent=801"}],"wp:term":[{"taxonomy":"product_brand","embeddable":true,"href":"https:\/\/chacamelia.com\/en\/wp-json\/wp\/v2\/product_brand?post=801"},{"taxonomy":"product_cat","embeddable":true,"href":"https:\/\/chacamelia.com\/en\/wp-json\/wp\/v2\/product_cat?post=801"},{"taxonomy":"product_tag","embeddable":true,"href":"https:\/\/chacamelia.com\/en\/wp-json\/wp\/v2\/product_tag?post=801"}],"curies":[{"name":"wp","href":"https:\/\/api.w.org\/{rel}","templated":true}]}}