{"id":4542,"date":"2015-12-11T11:54:16","date_gmt":"2015-12-11T11:54:16","guid":{"rendered":"http:\/\/www.chacamelia.whysurreal.com\/en\/catalogue\/uncategorized\/onggi-ceramica-frasco-preto\/"},"modified":"2018-02-12T18:10:58","modified_gmt":"2018-02-12T18:10:58","slug":"onggi-ceramics-tea-caddy-black","status":"publish","type":"product","link":"https:\/\/chacamelia.com\/en\/catalogue\/accessories\/ceramics\/korean-ceramic\/onggi-ceramics-tea-caddy-black\/","title":{"rendered":"Onggi Ceramics Tea Caddy Black"},"content":{"rendered":"<p>Onggi Ceramic is a traditional Korean style. <a href=\"https:\/\/chacamelia.com\/admin\/sobre-o-cha\/a-nossa-ceramica\/kang-seung-chul-ceramista-coreano\/\">Kang Seung Chul<\/a> from Jeju Island, makes traditional Onggi containers, but at the same time, he has a fascination for the much more delicate tea ware. His source of inspiration is classical Korean and Japanese tea ware designs, which he reproduces and then develops further by including his own ideas. He exclusively uses the local porous clay, which is not glazed and which, through the firing process, develops different colours from light brown with yellow spots to different shades of red to dark brown.\u00a0This tea caddy for storing tea\u00a0was burned several times until it gets black and therefore is a unique piece of art, which keeps you tea fresh.<\/p>\n","protected":false},"excerpt":{"rendered":"<p>Onggi Cer\u00e2mica Tea caddy black for keeping tea<\/p>\n","protected":false},"featured_media":4534,"template":"","meta":{"_acf_changed":false},"product_brand":[],"product_cat":[616,279],"product_tag":[506],"class_list":{"0":"post-4542","1":"product","2":"type-product","3":"status-publish","4":"has-post-thumbnail","6":"product_cat-ceramics","7":"product_cat-korean-ceramic","8":"product_tag-ceramica-do-cha-en","9":"product_shipping_class-acessorios-en","11":"first","12":"instock","13":"taxable","14":"shipping-taxable","15":"purchasable","16":"product-type-simple"},"group_of_quantity":0,"min_quantity":0,"max_quantity":"","exclude_order_quantity_value_rules":"no","exclude_category_quantity_rules":"no","combine_variations":"no","acf":[],"yoast_head":"<!-- This site is optimized with the Yoast SEO plugin v27.1.1 - https:\/\/yoast.com\/product\/yoast-seo-wordpress\/ -->\n<title>Onggi Ceramics Tea Caddy Black - Comprar Ceramics, Korean Ceramic en l\u00ednea - Ch\u00e1 Cam\u00e9lia<\/title>\n<meta name=\"description\" content=\"Onggi Cer\u00e2mica Tea caddy black for keeping tea\" \/>\n<meta name=\"robots\" content=\"index, follow, max-snippet:-1, max-image-preview:large, max-video-preview:-1\" \/>\n<link rel=\"canonical\" href=\"https:\/\/chacamelia.com\/catalogue\/acessorios\/ceramica\/ceramica-coreana\/onggi-ceramica-frasco-preto\/\" \/>\n<meta property=\"og:locale\" content=\"en_US\" \/>\n<meta property=\"og:type\" content=\"article\" \/>\n<meta property=\"og:title\" content=\"Onggi Ceramics Tea Caddy Black - Comprar Ceramics, Korean Ceramic en l\u00ednea - Ch\u00e1 Cam\u00e9lia\" \/>\n<meta property=\"og:description\" content=\"Onggi Cer\u00e2mica Tea caddy black for keeping tea\" \/>\n<meta property=\"og:url\" content=\"https:\/\/chacamelia.com\/catalogue\/acessorios\/ceramica\/ceramica-coreana\/onggi-ceramica-frasco-preto\/\" \/>\n<meta property=\"og:site_name\" content=\"Ch\u00e1 Cam\u00e9lia\" \/>\n<meta property=\"article:modified_time\" content=\"2018-02-12T18:10:58+00:00\" \/>\n<meta property=\"og:image\" content=\"https:\/\/chacamelia.com\/admin\/wp-content\/uploads\/2015\/12\/tea-pot-6.jpg\" \/>\n\t<meta property=\"og:image:width\" content=\"1200\" \/>\n\t<meta property=\"og:image:height\" content=\"1200\" \/>\n\t<meta property=\"og:image:type\" content=\"image\/jpeg\" \/>\n<meta name=\"twitter:card\" content=\"summary_large_image\" \/>\n<meta name=\"twitter:label1\" content=\"Est. reading time\" \/>\n\t<meta name=\"twitter:data1\" content=\"1 minute\" \/>\n<script type=\"application\/ld+json\" class=\"yoast-schema-graph\">{\"@context\":\"https:\/\/schema.org\",\"@graph\":[{\"@type\":\"WebPage\",\"@id\":\"https:\/\/chacamelia.com\/catalogue\/acessorios\/ceramica\/ceramica-coreana\/onggi-ceramica-frasco-preto\/\",\"url\":\"https:\/\/chacamelia.com\/catalogue\/acessorios\/ceramica\/ceramica-coreana\/onggi-ceramica-frasco-preto\/\",\"name\":\"Onggi Ceramics Tea Caddy Black - Comprar Ceramics, Korean Ceramic en l\u00ednea - Ch\u00e1 Cam\u00e9lia\",\"isPartOf\":{\"@id\":\"https:\/\/chacamelia.com\/#website\"},\"primaryImageOfPage\":{\"@id\":\"https:\/\/chacamelia.com\/catalogue\/acessorios\/ceramica\/ceramica-coreana\/onggi-ceramica-frasco-preto\/#primaryimage\"},\"image\":{\"@id\":\"https:\/\/chacamelia.com\/catalogue\/acessorios\/ceramica\/ceramica-coreana\/onggi-ceramica-frasco-preto\/#primaryimage\"},\"thumbnailUrl\":\"https:\/\/chacamelia.com\/admin\/wp-content\/uploads\/2015\/12\/tea-pot-6.jpg\",\"datePublished\":\"2015-12-11T11:54:16+00:00\",\"dateModified\":\"2018-02-12T18:10:58+00:00\",\"description\":\"Onggi Cer\u00e2mica Tea caddy black for keeping tea\",\"breadcrumb\":{\"@id\":\"https:\/\/chacamelia.com\/catalogue\/acessorios\/ceramica\/ceramica-coreana\/onggi-ceramica-frasco-preto\/#breadcrumb\"},\"inLanguage\":\"en-US\",\"potentialAction\":[{\"@type\":\"ReadAction\",\"target\":[\"https:\/\/chacamelia.com\/catalogue\/acessorios\/ceramica\/ceramica-coreana\/onggi-ceramica-frasco-preto\/\"]}]},{\"@type\":\"ImageObject\",\"inLanguage\":\"en-US\",\"@id\":\"https:\/\/chacamelia.com\/catalogue\/acessorios\/ceramica\/ceramica-coreana\/onggi-ceramica-frasco-preto\/#primaryimage\",\"url\":\"https:\/\/chacamelia.com\/admin\/wp-content\/uploads\/2015\/12\/tea-pot-6.jpg\",\"contentUrl\":\"https:\/\/chacamelia.com\/admin\/wp-content\/uploads\/2015\/12\/tea-pot-6.jpg\",\"width\":1200,\"height\":1200},{\"@type\":\"BreadcrumbList\",\"@id\":\"https:\/\/chacamelia.com\/catalogue\/acessorios\/ceramica\/ceramica-coreana\/onggi-ceramica-frasco-preto\/#breadcrumb\",\"itemListElement\":[{\"@type\":\"ListItem\",\"position\":1,\"name\":\"Home\",\"item\":\"https:\/\/chacamelia.com\/en\/\"},{\"@type\":\"ListItem\",\"position\":2,\"name\":\"Online Store &#8211; Teas\",\"item\":\"https:\/\/chacamelia.com\/en\/online-store-teas\/\"},{\"@type\":\"ListItem\",\"position\":3,\"name\":\"Onggi Ceramics Tea Caddy Black\"}]},{\"@type\":\"WebSite\",\"@id\":\"https:\/\/chacamelia.com\/#website\",\"url\":\"https:\/\/chacamelia.com\/\",\"name\":\"Ch\u00e1 Cam\u00e9lia\",\"description\":\"More than a drink, an attitude\",\"publisher\":{\"@id\":\"https:\/\/chacamelia.com\/#organization\"},\"potentialAction\":[{\"@type\":\"SearchAction\",\"target\":{\"@type\":\"EntryPoint\",\"urlTemplate\":\"https:\/\/chacamelia.com\/?s={search_term_string}\"},\"query-input\":{\"@type\":\"PropertyValueSpecification\",\"valueRequired\":true,\"valueName\":\"search_term_string\"}}],\"inLanguage\":\"en-US\"},{\"@type\":\"Organization\",\"@id\":\"https:\/\/chacamelia.com\/#organization\",\"name\":\"Ch\u00e1 Cam\u00e9lia\",\"url\":\"https:\/\/chacamelia.com\/\",\"logo\":{\"@type\":\"ImageObject\",\"inLanguage\":\"en-US\",\"@id\":\"https:\/\/chacamelia.com\/#\/schema\/logo\/image\/\",\"url\":\"https:\/\/chacamelia.com\/admin\/wp-content\/uploads\/2015\/06\/Logotipo.jpg\",\"contentUrl\":\"https:\/\/chacamelia.com\/admin\/wp-content\/uploads\/2015\/06\/Logotipo.jpg\",\"width\":289,\"height\":289,\"caption\":\"Ch\u00e1 Cam\u00e9lia\"},\"image\":{\"@id\":\"https:\/\/chacamelia.com\/#\/schema\/logo\/image\/\"}}]}<\/script>\n<!-- \/ Yoast SEO plugin. -->","yoast_head_json":{"title":"Onggi Ceramics Tea Caddy Black - Comprar Ceramics, Korean Ceramic en l\u00ednea - Ch\u00e1 Cam\u00e9lia","description":"Onggi Cer\u00e2mica Tea caddy black for keeping tea","robots":{"index":"index","follow":"follow","max-snippet":"max-snippet:-1","max-image-preview":"max-image-preview:large","max-video-preview":"max-video-preview:-1"},"canonical":"https:\/\/chacamelia.com\/catalogue\/acessorios\/ceramica\/ceramica-coreana\/onggi-ceramica-frasco-preto\/","og_locale":"en_US","og_type":"article","og_title":"Onggi Ceramics Tea Caddy Black - Comprar Ceramics, Korean Ceramic en l\u00ednea - Ch\u00e1 Cam\u00e9lia","og_description":"Onggi Cer\u00e2mica Tea caddy black for keeping tea","og_url":"https:\/\/chacamelia.com\/catalogue\/acessorios\/ceramica\/ceramica-coreana\/onggi-ceramica-frasco-preto\/","og_site_name":"Ch\u00e1 Cam\u00e9lia","article_modified_time":"2018-02-12T18:10:58+00:00","og_image":[{"width":1200,"height":1200,"url":"https:\/\/chacamelia.com\/admin\/wp-content\/uploads\/2015\/12\/tea-pot-6.jpg","type":"image\/jpeg"}],"twitter_card":"summary_large_image","twitter_misc":{"Est. reading time":"1 minute"},"schema":{"@context":"https:\/\/schema.org","@graph":[{"@type":"WebPage","@id":"https:\/\/chacamelia.com\/catalogue\/acessorios\/ceramica\/ceramica-coreana\/onggi-ceramica-frasco-preto\/","url":"https:\/\/chacamelia.com\/catalogue\/acessorios\/ceramica\/ceramica-coreana\/onggi-ceramica-frasco-preto\/","name":"Onggi Ceramics Tea Caddy Black - Comprar Ceramics, Korean Ceramic en l\u00ednea - Ch\u00e1 Cam\u00e9lia","isPartOf":{"@id":"https:\/\/chacamelia.com\/#website"},"primaryImageOfPage":{"@id":"https:\/\/chacamelia.com\/catalogue\/acessorios\/ceramica\/ceramica-coreana\/onggi-ceramica-frasco-preto\/#primaryimage"},"image":{"@id":"https:\/\/chacamelia.com\/catalogue\/acessorios\/ceramica\/ceramica-coreana\/onggi-ceramica-frasco-preto\/#primaryimage"},"thumbnailUrl":"https:\/\/chacamelia.com\/admin\/wp-content\/uploads\/2015\/12\/tea-pot-6.jpg","datePublished":"2015-12-11T11:54:16+00:00","dateModified":"2018-02-12T18:10:58+00:00","description":"Onggi Cer\u00e2mica Tea caddy black for keeping tea","breadcrumb":{"@id":"https:\/\/chacamelia.com\/catalogue\/acessorios\/ceramica\/ceramica-coreana\/onggi-ceramica-frasco-preto\/#breadcrumb"},"inLanguage":"en-US","potentialAction":[{"@type":"ReadAction","target":["https:\/\/chacamelia.com\/catalogue\/acessorios\/ceramica\/ceramica-coreana\/onggi-ceramica-frasco-preto\/"]}]},{"@type":"ImageObject","inLanguage":"en-US","@id":"https:\/\/chacamelia.com\/catalogue\/acessorios\/ceramica\/ceramica-coreana\/onggi-ceramica-frasco-preto\/#primaryimage","url":"https:\/\/chacamelia.com\/admin\/wp-content\/uploads\/2015\/12\/tea-pot-6.jpg","contentUrl":"https:\/\/chacamelia.com\/admin\/wp-content\/uploads\/2015\/12\/tea-pot-6.jpg","width":1200,"height":1200},{"@type":"BreadcrumbList","@id":"https:\/\/chacamelia.com\/catalogue\/acessorios\/ceramica\/ceramica-coreana\/onggi-ceramica-frasco-preto\/#breadcrumb","itemListElement":[{"@type":"ListItem","position":1,"name":"Home","item":"https:\/\/chacamelia.com\/en\/"},{"@type":"ListItem","position":2,"name":"Online Store &#8211; Teas","item":"https:\/\/chacamelia.com\/en\/online-store-teas\/"},{"@type":"ListItem","position":3,"name":"Onggi Ceramics Tea Caddy Black"}]},{"@type":"WebSite","@id":"https:\/\/chacamelia.com\/#website","url":"https:\/\/chacamelia.com\/","name":"Ch\u00e1 Cam\u00e9lia","description":"More than a drink, an attitude","publisher":{"@id":"https:\/\/chacamelia.com\/#organization"},"potentialAction":[{"@type":"SearchAction","target":{"@type":"EntryPoint","urlTemplate":"https:\/\/chacamelia.com\/?s={search_term_string}"},"query-input":{"@type":"PropertyValueSpecification","valueRequired":true,"valueName":"search_term_string"}}],"inLanguage":"en-US"},{"@type":"Organization","@id":"https:\/\/chacamelia.com\/#organization","name":"Ch\u00e1 Cam\u00e9lia","url":"https:\/\/chacamelia.com\/","logo":{"@type":"ImageObject","inLanguage":"en-US","@id":"https:\/\/chacamelia.com\/#\/schema\/logo\/image\/","url":"https:\/\/chacamelia.com\/admin\/wp-content\/uploads\/2015\/06\/Logotipo.jpg","contentUrl":"https:\/\/chacamelia.com\/admin\/wp-content\/uploads\/2015\/06\/Logotipo.jpg","width":289,"height":289,"caption":"Ch\u00e1 Cam\u00e9lia"},"image":{"@id":"https:\/\/chacamelia.com\/#\/schema\/logo\/image\/"}}]}},"_links":{"self":[{"href":"https:\/\/chacamelia.com\/en\/wp-json\/wp\/v2\/product\/4542","targetHints":{"allow":["GET"]}}],"collection":[{"href":"https:\/\/chacamelia.com\/en\/wp-json\/wp\/v2\/product"}],"about":[{"href":"https:\/\/chacamelia.com\/en\/wp-json\/wp\/v2\/types\/product"}],"wp:featuredmedia":[{"embeddable":true,"href":"https:\/\/chacamelia.com\/en\/wp-json\/wp\/v2\/media\/4534"}],"wp:attachment":[{"href":"https:\/\/chacamelia.com\/en\/wp-json\/wp\/v2\/media?parent=4542"}],"wp:term":[{"taxonomy":"product_brand","embeddable":true,"href":"https:\/\/chacamelia.com\/en\/wp-json\/wp\/v2\/product_brand?post=4542"},{"taxonomy":"product_cat","embeddable":true,"href":"https:\/\/chacamelia.com\/en\/wp-json\/wp\/v2\/product_cat?post=4542"},{"taxonomy":"product_tag","embeddable":true,"href":"https:\/\/chacamelia.com\/en\/wp-json\/wp\/v2\/product_tag?post=4542"}],"curies":[{"name":"wp","href":"https:\/\/api.w.org\/{rel}","templated":true}]}}