{"id":2356,"date":"2015-09-22T17:01:22","date_gmt":"2015-09-22T17:01:22","guid":{"rendered":"https:\/\/chacamelia.com\/admin\/catalogo\/uncategorized\/onggi-ceramics-recipient\/"},"modified":"2018-02-12T18:11:01","modified_gmt":"2018-02-12T18:11:01","slug":"onggi-ceramics-tea-caddy","status":"publish","type":"product","link":"https:\/\/chacamelia.com\/en\/catalogue\/accessories\/ceramics\/korean-ceramic\/onggi-ceramics-tea-caddy\/","title":{"rendered":"Onggi Ceramics Tea Caddy"},"content":{"rendered":"<p>Onggi Ceramic is a traditional Korean style. <a href=\"https:\/\/chacamelia.com\/admin\/sobre-o-cha\/a-nossa-ceramica\/kang-seung-chul-ceramista-coreano\/\">Kang Seung Chul<\/a> from Jeju Island, makes traditional Onggi tea caddies, but at the same time, he has a fascination for the much more delicate tea ware. His source of inspiration is classical Korean and Japanese tea ware designs, which he reproduces and then develops further by including his own ideas. He exclusively uses the local porous clay, which is not glazed and which, through the firing process, develops different colours from light brown with yellow spots to different shades of red to dark brown.<\/p>\n","protected":false},"excerpt":{"rendered":"<p>Traditional tea caddy to store the tea from Korean potter Kang Seung Chul<\/p>\n","protected":false},"featured_media":4002,"template":"","meta":{"_acf_changed":false},"product_brand":[],"product_cat":[616,279],"product_tag":[914,506],"class_list":{"0":"post-2356","1":"product","2":"type-product","3":"status-publish","4":"has-post-thumbnail","6":"product_cat-ceramics","7":"product_cat-korean-ceramic","8":"product_tag-ceramica-artesanal-en","9":"product_tag-ceramica-do-cha-en","10":"product_shipping_class-acessorios-en","12":"first","13":"instock","14":"taxable","15":"shipping-taxable","16":"purchasable","17":"product-type-simple"},"group_of_quantity":0,"min_quantity":0,"max_quantity":"","exclude_order_quantity_value_rules":"no","exclude_category_quantity_rules":"no","combine_variations":"no","acf":[],"yoast_head":"<!-- This site is optimized with the Yoast SEO plugin v27.1.1 - https:\/\/yoast.com\/product\/yoast-seo-wordpress\/ -->\n<title>Onggi Ceramics Tea Caddy - Comprar Ceramics, Korean Ceramic en l\u00ednea - Ch\u00e1 Cam\u00e9lia<\/title>\n<meta name=\"description\" content=\"Onggi Ceramics Tea Caddy\" \/>\n<meta name=\"robots\" content=\"index, follow, max-snippet:-1, max-image-preview:large, max-video-preview:-1\" \/>\n<link rel=\"canonical\" href=\"https:\/\/chacamelia.com\/catalogue\/acessorios\/ceramica\/ceramica-coreana\/onggi-ceramica-frasco\/\" \/>\n<meta property=\"og:locale\" content=\"en_US\" \/>\n<meta property=\"og:type\" content=\"article\" \/>\n<meta property=\"og:title\" content=\"Onggi Ceramics Tea Caddy - Comprar Ceramics, Korean Ceramic en l\u00ednea - Ch\u00e1 Cam\u00e9lia\" \/>\n<meta property=\"og:description\" content=\"Onggi Ceramics Tea Caddy\" \/>\n<meta property=\"og:url\" content=\"https:\/\/chacamelia.com\/catalogue\/acessorios\/ceramica\/ceramica-coreana\/onggi-ceramica-frasco\/\" \/>\n<meta property=\"og:site_name\" content=\"Ch\u00e1 Cam\u00e9lia\" \/>\n<meta property=\"article:modified_time\" content=\"2018-02-12T18:11:01+00:00\" \/>\n<meta property=\"og:image\" content=\"https:\/\/chacamelia.com\/admin\/wp-content\/uploads\/2015\/09\/Frasco-para-guardar-cha.jpg\" \/>\n\t<meta property=\"og:image:width\" content=\"1200\" \/>\n\t<meta property=\"og:image:height\" content=\"1200\" \/>\n\t<meta property=\"og:image:type\" content=\"image\/jpeg\" \/>\n<meta name=\"twitter:card\" content=\"summary_large_image\" \/>\n<script type=\"application\/ld+json\" class=\"yoast-schema-graph\">{\"@context\":\"https:\/\/schema.org\",\"@graph\":[{\"@type\":\"WebPage\",\"@id\":\"https:\/\/chacamelia.com\/catalogue\/acessorios\/ceramica\/ceramica-coreana\/onggi-ceramica-frasco\/\",\"url\":\"https:\/\/chacamelia.com\/catalogue\/acessorios\/ceramica\/ceramica-coreana\/onggi-ceramica-frasco\/\",\"name\":\"Onggi Ceramics Tea Caddy - Comprar Ceramics, Korean Ceramic en l\u00ednea - Ch\u00e1 Cam\u00e9lia\",\"isPartOf\":{\"@id\":\"https:\/\/chacamelia.com\/#website\"},\"primaryImageOfPage\":{\"@id\":\"https:\/\/chacamelia.com\/catalogue\/acessorios\/ceramica\/ceramica-coreana\/onggi-ceramica-frasco\/#primaryimage\"},\"image\":{\"@id\":\"https:\/\/chacamelia.com\/catalogue\/acessorios\/ceramica\/ceramica-coreana\/onggi-ceramica-frasco\/#primaryimage\"},\"thumbnailUrl\":\"https:\/\/chacamelia.com\/admin\/wp-content\/uploads\/2015\/09\/Frasco-para-guardar-cha.jpg\",\"datePublished\":\"2015-09-22T17:01:22+00:00\",\"dateModified\":\"2018-02-12T18:11:01+00:00\",\"description\":\"Onggi Ceramics Tea Caddy\",\"breadcrumb\":{\"@id\":\"https:\/\/chacamelia.com\/catalogue\/acessorios\/ceramica\/ceramica-coreana\/onggi-ceramica-frasco\/#breadcrumb\"},\"inLanguage\":\"en-US\",\"potentialAction\":[{\"@type\":\"ReadAction\",\"target\":[\"https:\/\/chacamelia.com\/catalogue\/acessorios\/ceramica\/ceramica-coreana\/onggi-ceramica-frasco\/\"]}]},{\"@type\":\"ImageObject\",\"inLanguage\":\"en-US\",\"@id\":\"https:\/\/chacamelia.com\/catalogue\/acessorios\/ceramica\/ceramica-coreana\/onggi-ceramica-frasco\/#primaryimage\",\"url\":\"https:\/\/chacamelia.com\/admin\/wp-content\/uploads\/2015\/09\/Frasco-para-guardar-cha.jpg\",\"contentUrl\":\"https:\/\/chacamelia.com\/admin\/wp-content\/uploads\/2015\/09\/Frasco-para-guardar-cha.jpg\",\"width\":1200,\"height\":1200},{\"@type\":\"BreadcrumbList\",\"@id\":\"https:\/\/chacamelia.com\/catalogue\/acessorios\/ceramica\/ceramica-coreana\/onggi-ceramica-frasco\/#breadcrumb\",\"itemListElement\":[{\"@type\":\"ListItem\",\"position\":1,\"name\":\"Home\",\"item\":\"https:\/\/chacamelia.com\/en\/\"},{\"@type\":\"ListItem\",\"position\":2,\"name\":\"Online Store &#8211; Teas\",\"item\":\"https:\/\/chacamelia.com\/en\/online-store-teas\/\"},{\"@type\":\"ListItem\",\"position\":3,\"name\":\"Onggi Ceramics Tea Caddy\"}]},{\"@type\":\"WebSite\",\"@id\":\"https:\/\/chacamelia.com\/#website\",\"url\":\"https:\/\/chacamelia.com\/\",\"name\":\"Ch\u00e1 Cam\u00e9lia\",\"description\":\"More than a drink, an attitude\",\"publisher\":{\"@id\":\"https:\/\/chacamelia.com\/#organization\"},\"potentialAction\":[{\"@type\":\"SearchAction\",\"target\":{\"@type\":\"EntryPoint\",\"urlTemplate\":\"https:\/\/chacamelia.com\/?s={search_term_string}\"},\"query-input\":{\"@type\":\"PropertyValueSpecification\",\"valueRequired\":true,\"valueName\":\"search_term_string\"}}],\"inLanguage\":\"en-US\"},{\"@type\":\"Organization\",\"@id\":\"https:\/\/chacamelia.com\/#organization\",\"name\":\"Ch\u00e1 Cam\u00e9lia\",\"url\":\"https:\/\/chacamelia.com\/\",\"logo\":{\"@type\":\"ImageObject\",\"inLanguage\":\"en-US\",\"@id\":\"https:\/\/chacamelia.com\/#\/schema\/logo\/image\/\",\"url\":\"https:\/\/chacamelia.com\/admin\/wp-content\/uploads\/2015\/06\/Logotipo.jpg\",\"contentUrl\":\"https:\/\/chacamelia.com\/admin\/wp-content\/uploads\/2015\/06\/Logotipo.jpg\",\"width\":289,\"height\":289,\"caption\":\"Ch\u00e1 Cam\u00e9lia\"},\"image\":{\"@id\":\"https:\/\/chacamelia.com\/#\/schema\/logo\/image\/\"}}]}<\/script>\n<!-- \/ Yoast SEO plugin. -->","yoast_head_json":{"title":"Onggi Ceramics Tea Caddy - Comprar Ceramics, Korean Ceramic en l\u00ednea - Ch\u00e1 Cam\u00e9lia","description":"Onggi Ceramics Tea Caddy","robots":{"index":"index","follow":"follow","max-snippet":"max-snippet:-1","max-image-preview":"max-image-preview:large","max-video-preview":"max-video-preview:-1"},"canonical":"https:\/\/chacamelia.com\/catalogue\/acessorios\/ceramica\/ceramica-coreana\/onggi-ceramica-frasco\/","og_locale":"en_US","og_type":"article","og_title":"Onggi Ceramics Tea Caddy - Comprar Ceramics, Korean Ceramic en l\u00ednea - Ch\u00e1 Cam\u00e9lia","og_description":"Onggi Ceramics Tea Caddy","og_url":"https:\/\/chacamelia.com\/catalogue\/acessorios\/ceramica\/ceramica-coreana\/onggi-ceramica-frasco\/","og_site_name":"Ch\u00e1 Cam\u00e9lia","article_modified_time":"2018-02-12T18:11:01+00:00","og_image":[{"width":1200,"height":1200,"url":"https:\/\/chacamelia.com\/admin\/wp-content\/uploads\/2015\/09\/Frasco-para-guardar-cha.jpg","type":"image\/jpeg"}],"twitter_card":"summary_large_image","schema":{"@context":"https:\/\/schema.org","@graph":[{"@type":"WebPage","@id":"https:\/\/chacamelia.com\/catalogue\/acessorios\/ceramica\/ceramica-coreana\/onggi-ceramica-frasco\/","url":"https:\/\/chacamelia.com\/catalogue\/acessorios\/ceramica\/ceramica-coreana\/onggi-ceramica-frasco\/","name":"Onggi Ceramics Tea Caddy - Comprar Ceramics, Korean Ceramic en l\u00ednea - Ch\u00e1 Cam\u00e9lia","isPartOf":{"@id":"https:\/\/chacamelia.com\/#website"},"primaryImageOfPage":{"@id":"https:\/\/chacamelia.com\/catalogue\/acessorios\/ceramica\/ceramica-coreana\/onggi-ceramica-frasco\/#primaryimage"},"image":{"@id":"https:\/\/chacamelia.com\/catalogue\/acessorios\/ceramica\/ceramica-coreana\/onggi-ceramica-frasco\/#primaryimage"},"thumbnailUrl":"https:\/\/chacamelia.com\/admin\/wp-content\/uploads\/2015\/09\/Frasco-para-guardar-cha.jpg","datePublished":"2015-09-22T17:01:22+00:00","dateModified":"2018-02-12T18:11:01+00:00","description":"Onggi Ceramics Tea Caddy","breadcrumb":{"@id":"https:\/\/chacamelia.com\/catalogue\/acessorios\/ceramica\/ceramica-coreana\/onggi-ceramica-frasco\/#breadcrumb"},"inLanguage":"en-US","potentialAction":[{"@type":"ReadAction","target":["https:\/\/chacamelia.com\/catalogue\/acessorios\/ceramica\/ceramica-coreana\/onggi-ceramica-frasco\/"]}]},{"@type":"ImageObject","inLanguage":"en-US","@id":"https:\/\/chacamelia.com\/catalogue\/acessorios\/ceramica\/ceramica-coreana\/onggi-ceramica-frasco\/#primaryimage","url":"https:\/\/chacamelia.com\/admin\/wp-content\/uploads\/2015\/09\/Frasco-para-guardar-cha.jpg","contentUrl":"https:\/\/chacamelia.com\/admin\/wp-content\/uploads\/2015\/09\/Frasco-para-guardar-cha.jpg","width":1200,"height":1200},{"@type":"BreadcrumbList","@id":"https:\/\/chacamelia.com\/catalogue\/acessorios\/ceramica\/ceramica-coreana\/onggi-ceramica-frasco\/#breadcrumb","itemListElement":[{"@type":"ListItem","position":1,"name":"Home","item":"https:\/\/chacamelia.com\/en\/"},{"@type":"ListItem","position":2,"name":"Online Store &#8211; Teas","item":"https:\/\/chacamelia.com\/en\/online-store-teas\/"},{"@type":"ListItem","position":3,"name":"Onggi Ceramics Tea Caddy"}]},{"@type":"WebSite","@id":"https:\/\/chacamelia.com\/#website","url":"https:\/\/chacamelia.com\/","name":"Ch\u00e1 Cam\u00e9lia","description":"More than a drink, an attitude","publisher":{"@id":"https:\/\/chacamelia.com\/#organization"},"potentialAction":[{"@type":"SearchAction","target":{"@type":"EntryPoint","urlTemplate":"https:\/\/chacamelia.com\/?s={search_term_string}"},"query-input":{"@type":"PropertyValueSpecification","valueRequired":true,"valueName":"search_term_string"}}],"inLanguage":"en-US"},{"@type":"Organization","@id":"https:\/\/chacamelia.com\/#organization","name":"Ch\u00e1 Cam\u00e9lia","url":"https:\/\/chacamelia.com\/","logo":{"@type":"ImageObject","inLanguage":"en-US","@id":"https:\/\/chacamelia.com\/#\/schema\/logo\/image\/","url":"https:\/\/chacamelia.com\/admin\/wp-content\/uploads\/2015\/06\/Logotipo.jpg","contentUrl":"https:\/\/chacamelia.com\/admin\/wp-content\/uploads\/2015\/06\/Logotipo.jpg","width":289,"height":289,"caption":"Ch\u00e1 Cam\u00e9lia"},"image":{"@id":"https:\/\/chacamelia.com\/#\/schema\/logo\/image\/"}}]}},"_links":{"self":[{"href":"https:\/\/chacamelia.com\/en\/wp-json\/wp\/v2\/product\/2356","targetHints":{"allow":["GET"]}}],"collection":[{"href":"https:\/\/chacamelia.com\/en\/wp-json\/wp\/v2\/product"}],"about":[{"href":"https:\/\/chacamelia.com\/en\/wp-json\/wp\/v2\/types\/product"}],"wp:featuredmedia":[{"embeddable":true,"href":"https:\/\/chacamelia.com\/en\/wp-json\/wp\/v2\/media\/4002"}],"wp:attachment":[{"href":"https:\/\/chacamelia.com\/en\/wp-json\/wp\/v2\/media?parent=2356"}],"wp:term":[{"taxonomy":"product_brand","embeddable":true,"href":"https:\/\/chacamelia.com\/en\/wp-json\/wp\/v2\/product_brand?post=2356"},{"taxonomy":"product_cat","embeddable":true,"href":"https:\/\/chacamelia.com\/en\/wp-json\/wp\/v2\/product_cat?post=2356"},{"taxonomy":"product_tag","embeddable":true,"href":"https:\/\/chacamelia.com\/en\/wp-json\/wp\/v2\/product_tag?post=2356"}],"curies":[{"name":"wp","href":"https:\/\/api.w.org\/{rel}","templated":true}]}}