{"id":16566,"date":"2026-03-02T14:10:48","date_gmt":"2026-03-02T14:10:48","guid":{"rendered":"https:\/\/chacamelia.com\/catalogue\/uncategorized\/matcha-no-1\/"},"modified":"2026-03-02T14:37:58","modified_gmt":"2026-03-02T14:37:58","slug":"matcha-no-1","status":"publish","type":"product","link":"https:\/\/chacamelia.com\/en\/catalogue\/teas\/matcha-en\/matcha-no-1\/","title":{"rendered":"Matcha N\u00ba 1"},"content":{"rendered":"<p class=\"p1\">Matcha N\u00ba 1 is a good-quality matcha, ideal for drinking on its own or in drinks such as matcha latte. The tea plants were grown in the shade for about two weeks before harvest, resulting in a naturally vibrant green color. Matcha N\u00ba 1 is rich in antioxidants, vitamins, and minerals.<\/p>\n<p class=\"p1\">50 g pack<\/p>\n<p class=\"p1\">Tasting notes: Rich green with delicate tannins, with caffeine.<\/p>\n<p>&nbsp;<\/p>\n<p><img loading=\"lazy\" decoding=\"async\" class=\"alignnone  wp-image-16091\" src=\"https:\/\/chacamelia.com\/admin\/wp-content\/uploads\/2025\/07\/eu_organic_logo_colour_outerline_rgb-1-280x186.jpg\" alt=\"\" width=\"117\" height=\"78\" \/><\/p>\n<p>AGRICULTURE NON EU \/ PT-BIO-04<\/p>\n","protected":false},"excerpt":{"rendered":"<p class=\"p1\">Matcha N\u00ba1 to drink on its own or in drinks such as Matcha Latte.<\/p>\n","protected":false},"featured_media":16569,"template":"","meta":{"_acf_changed":false},"product_brand":[],"product_cat":[1267,588],"product_tag":[],"class_list":{"0":"post-16566","1":"product","2":"type-product","3":"status-publish","4":"has-post-thumbnail","6":"product_cat-sem-categoria-en","7":"product_cat-matcha-en","9":"first","10":"instock","11":"taxable","12":"shipping-taxable","13":"purchasable","14":"product-type-simple"},"group_of_quantity":0,"min_quantity":0,"max_quantity":"","exclude_order_quantity_value_rules":"no","exclude_category_quantity_rules":"no","combine_variations":"no","acf":[],"yoast_head":"<!-- This site is optimized with the Yoast SEO plugin v27.1.1 - https:\/\/yoast.com\/product\/yoast-seo-wordpress\/ -->\n<title>Matcha N\u00ba 1 - Comprar Sem categoria, Matcha en l\u00ednea - Ch\u00e1 Cam\u00e9lia<\/title>\n<meta name=\"description\" content=\"Matcha N\u00ba1 to drink on its own or in drinks such as Matcha Latte. Matcha N\u00ba1 to drink on its own or in drinks such as Matcha Latte.\" \/>\n<meta name=\"robots\" content=\"index, follow, max-snippet:-1, max-image-preview:large, max-video-preview:-1\" \/>\n<link rel=\"canonical\" href=\"https:\/\/chacamelia.com\/en\/catalogue\/teas\/matcha-en\/matcha-no-1\/\" \/>\n<meta property=\"og:locale\" content=\"en_US\" \/>\n<meta property=\"og:type\" content=\"article\" \/>\n<meta property=\"og:title\" content=\"Matcha N\u00ba 1 - Comprar Sem categoria, Matcha en l\u00ednea - Ch\u00e1 Cam\u00e9lia\" \/>\n<meta property=\"og:description\" content=\"Matcha N\u00ba1 to drink on its own or in drinks such as Matcha Latte. Matcha N\u00ba1 to drink on its own or in drinks such as Matcha Latte.\" \/>\n<meta property=\"og:url\" content=\"https:\/\/chacamelia.com\/en\/catalogue\/teas\/matcha-en\/matcha-no-1\/\" \/>\n<meta property=\"og:site_name\" content=\"Ch\u00e1 Cam\u00e9lia\" \/>\n<meta property=\"article:modified_time\" content=\"2026-03-02T14:37:58+00:00\" \/>\n<meta property=\"og:image\" content=\"https:\/\/chacamelia.com\/admin\/wp-content\/uploads\/2026\/03\/matcha-no-1-1.png\" \/>\n\t<meta property=\"og:image:width\" content=\"1394\" \/>\n\t<meta property=\"og:image:height\" content=\"1354\" \/>\n\t<meta property=\"og:image:type\" content=\"image\/png\" \/>\n<meta name=\"twitter:card\" content=\"summary_large_image\" \/>\n<meta name=\"twitter:label1\" content=\"Est. reading time\" \/>\n\t<meta name=\"twitter:data1\" content=\"1 minute\" \/>\n<script type=\"application\/ld+json\" class=\"yoast-schema-graph\">{\"@context\":\"https:\/\/schema.org\",\"@graph\":[{\"@type\":\"WebPage\",\"@id\":\"https:\/\/chacamelia.com\/en\/catalogue\/teas\/matcha-en\/matcha-no-1\/\",\"url\":\"https:\/\/chacamelia.com\/en\/catalogue\/teas\/matcha-en\/matcha-no-1\/\",\"name\":\"Matcha N\u00ba 1 - Comprar Sem categoria, Matcha en l\u00ednea - Ch\u00e1 Cam\u00e9lia\",\"isPartOf\":{\"@id\":\"https:\/\/chacamelia.com\/#website\"},\"primaryImageOfPage\":{\"@id\":\"https:\/\/chacamelia.com\/en\/catalogue\/teas\/matcha-en\/matcha-no-1\/#primaryimage\"},\"image\":{\"@id\":\"https:\/\/chacamelia.com\/en\/catalogue\/teas\/matcha-en\/matcha-no-1\/#primaryimage\"},\"thumbnailUrl\":\"https:\/\/chacamelia.com\/admin\/wp-content\/uploads\/2026\/03\/matcha-no-1-1.png\",\"datePublished\":\"2026-03-02T14:10:48+00:00\",\"dateModified\":\"2026-03-02T14:37:58+00:00\",\"description\":\"Matcha N\u00ba1 to drink on its own or in drinks such as Matcha Latte. Matcha N\u00ba1 to drink on its own or in drinks such as Matcha Latte.\",\"breadcrumb\":{\"@id\":\"https:\/\/chacamelia.com\/en\/catalogue\/teas\/matcha-en\/matcha-no-1\/#breadcrumb\"},\"inLanguage\":\"en-US\",\"potentialAction\":[{\"@type\":\"ReadAction\",\"target\":[\"https:\/\/chacamelia.com\/en\/catalogue\/teas\/matcha-en\/matcha-no-1\/\"]}]},{\"@type\":\"ImageObject\",\"inLanguage\":\"en-US\",\"@id\":\"https:\/\/chacamelia.com\/en\/catalogue\/teas\/matcha-en\/matcha-no-1\/#primaryimage\",\"url\":\"https:\/\/chacamelia.com\/admin\/wp-content\/uploads\/2026\/03\/matcha-no-1-1.png\",\"contentUrl\":\"https:\/\/chacamelia.com\/admin\/wp-content\/uploads\/2026\/03\/matcha-no-1-1.png\",\"width\":1394,\"height\":1354},{\"@type\":\"BreadcrumbList\",\"@id\":\"https:\/\/chacamelia.com\/en\/catalogue\/teas\/matcha-en\/matcha-no-1\/#breadcrumb\",\"itemListElement\":[{\"@type\":\"ListItem\",\"position\":1,\"name\":\"Home\",\"item\":\"https:\/\/chacamelia.com\/en\/\"},{\"@type\":\"ListItem\",\"position\":2,\"name\":\"Online Store &#8211; Teas\",\"item\":\"https:\/\/chacamelia.com\/en\/online-store-teas\/\"},{\"@type\":\"ListItem\",\"position\":3,\"name\":\"Matcha N\u00ba 1\"}]},{\"@type\":\"WebSite\",\"@id\":\"https:\/\/chacamelia.com\/#website\",\"url\":\"https:\/\/chacamelia.com\/\",\"name\":\"Ch\u00e1 Cam\u00e9lia\",\"description\":\"More than a drink, an attitude\",\"publisher\":{\"@id\":\"https:\/\/chacamelia.com\/#organization\"},\"potentialAction\":[{\"@type\":\"SearchAction\",\"target\":{\"@type\":\"EntryPoint\",\"urlTemplate\":\"https:\/\/chacamelia.com\/?s={search_term_string}\"},\"query-input\":{\"@type\":\"PropertyValueSpecification\",\"valueRequired\":true,\"valueName\":\"search_term_string\"}}],\"inLanguage\":\"en-US\"},{\"@type\":\"Organization\",\"@id\":\"https:\/\/chacamelia.com\/#organization\",\"name\":\"Ch\u00e1 Cam\u00e9lia\",\"url\":\"https:\/\/chacamelia.com\/\",\"logo\":{\"@type\":\"ImageObject\",\"inLanguage\":\"en-US\",\"@id\":\"https:\/\/chacamelia.com\/#\/schema\/logo\/image\/\",\"url\":\"https:\/\/chacamelia.com\/admin\/wp-content\/uploads\/2015\/06\/Logotipo.jpg\",\"contentUrl\":\"https:\/\/chacamelia.com\/admin\/wp-content\/uploads\/2015\/06\/Logotipo.jpg\",\"width\":289,\"height\":289,\"caption\":\"Ch\u00e1 Cam\u00e9lia\"},\"image\":{\"@id\":\"https:\/\/chacamelia.com\/#\/schema\/logo\/image\/\"}}]}<\/script>\n<!-- \/ Yoast SEO plugin. -->","yoast_head_json":{"title":"Matcha N\u00ba 1 - Comprar Sem categoria, Matcha en l\u00ednea - Ch\u00e1 Cam\u00e9lia","description":"Matcha N\u00ba1 to drink on its own or in drinks such as Matcha Latte. Matcha N\u00ba1 to drink on its own or in drinks such as Matcha Latte.","robots":{"index":"index","follow":"follow","max-snippet":"max-snippet:-1","max-image-preview":"max-image-preview:large","max-video-preview":"max-video-preview:-1"},"canonical":"https:\/\/chacamelia.com\/en\/catalogue\/teas\/matcha-en\/matcha-no-1\/","og_locale":"en_US","og_type":"article","og_title":"Matcha N\u00ba 1 - Comprar Sem categoria, Matcha en l\u00ednea - Ch\u00e1 Cam\u00e9lia","og_description":"Matcha N\u00ba1 to drink on its own or in drinks such as Matcha Latte. Matcha N\u00ba1 to drink on its own or in drinks such as Matcha Latte.","og_url":"https:\/\/chacamelia.com\/en\/catalogue\/teas\/matcha-en\/matcha-no-1\/","og_site_name":"Ch\u00e1 Cam\u00e9lia","article_modified_time":"2026-03-02T14:37:58+00:00","og_image":[{"width":1394,"height":1354,"url":"https:\/\/chacamelia.com\/admin\/wp-content\/uploads\/2026\/03\/matcha-no-1-1.png","type":"image\/png"}],"twitter_card":"summary_large_image","twitter_misc":{"Est. reading time":"1 minute"},"schema":{"@context":"https:\/\/schema.org","@graph":[{"@type":"WebPage","@id":"https:\/\/chacamelia.com\/en\/catalogue\/teas\/matcha-en\/matcha-no-1\/","url":"https:\/\/chacamelia.com\/en\/catalogue\/teas\/matcha-en\/matcha-no-1\/","name":"Matcha N\u00ba 1 - Comprar Sem categoria, Matcha en l\u00ednea - Ch\u00e1 Cam\u00e9lia","isPartOf":{"@id":"https:\/\/chacamelia.com\/#website"},"primaryImageOfPage":{"@id":"https:\/\/chacamelia.com\/en\/catalogue\/teas\/matcha-en\/matcha-no-1\/#primaryimage"},"image":{"@id":"https:\/\/chacamelia.com\/en\/catalogue\/teas\/matcha-en\/matcha-no-1\/#primaryimage"},"thumbnailUrl":"https:\/\/chacamelia.com\/admin\/wp-content\/uploads\/2026\/03\/matcha-no-1-1.png","datePublished":"2026-03-02T14:10:48+00:00","dateModified":"2026-03-02T14:37:58+00:00","description":"Matcha N\u00ba1 to drink on its own or in drinks such as Matcha Latte. Matcha N\u00ba1 to drink on its own or in drinks such as Matcha Latte.","breadcrumb":{"@id":"https:\/\/chacamelia.com\/en\/catalogue\/teas\/matcha-en\/matcha-no-1\/#breadcrumb"},"inLanguage":"en-US","potentialAction":[{"@type":"ReadAction","target":["https:\/\/chacamelia.com\/en\/catalogue\/teas\/matcha-en\/matcha-no-1\/"]}]},{"@type":"ImageObject","inLanguage":"en-US","@id":"https:\/\/chacamelia.com\/en\/catalogue\/teas\/matcha-en\/matcha-no-1\/#primaryimage","url":"https:\/\/chacamelia.com\/admin\/wp-content\/uploads\/2026\/03\/matcha-no-1-1.png","contentUrl":"https:\/\/chacamelia.com\/admin\/wp-content\/uploads\/2026\/03\/matcha-no-1-1.png","width":1394,"height":1354},{"@type":"BreadcrumbList","@id":"https:\/\/chacamelia.com\/en\/catalogue\/teas\/matcha-en\/matcha-no-1\/#breadcrumb","itemListElement":[{"@type":"ListItem","position":1,"name":"Home","item":"https:\/\/chacamelia.com\/en\/"},{"@type":"ListItem","position":2,"name":"Online Store &#8211; Teas","item":"https:\/\/chacamelia.com\/en\/online-store-teas\/"},{"@type":"ListItem","position":3,"name":"Matcha N\u00ba 1"}]},{"@type":"WebSite","@id":"https:\/\/chacamelia.com\/#website","url":"https:\/\/chacamelia.com\/","name":"Ch\u00e1 Cam\u00e9lia","description":"More than a drink, an attitude","publisher":{"@id":"https:\/\/chacamelia.com\/#organization"},"potentialAction":[{"@type":"SearchAction","target":{"@type":"EntryPoint","urlTemplate":"https:\/\/chacamelia.com\/?s={search_term_string}"},"query-input":{"@type":"PropertyValueSpecification","valueRequired":true,"valueName":"search_term_string"}}],"inLanguage":"en-US"},{"@type":"Organization","@id":"https:\/\/chacamelia.com\/#organization","name":"Ch\u00e1 Cam\u00e9lia","url":"https:\/\/chacamelia.com\/","logo":{"@type":"ImageObject","inLanguage":"en-US","@id":"https:\/\/chacamelia.com\/#\/schema\/logo\/image\/","url":"https:\/\/chacamelia.com\/admin\/wp-content\/uploads\/2015\/06\/Logotipo.jpg","contentUrl":"https:\/\/chacamelia.com\/admin\/wp-content\/uploads\/2015\/06\/Logotipo.jpg","width":289,"height":289,"caption":"Ch\u00e1 Cam\u00e9lia"},"image":{"@id":"https:\/\/chacamelia.com\/#\/schema\/logo\/image\/"}}]}},"_links":{"self":[{"href":"https:\/\/chacamelia.com\/en\/wp-json\/wp\/v2\/product\/16566","targetHints":{"allow":["GET"]}}],"collection":[{"href":"https:\/\/chacamelia.com\/en\/wp-json\/wp\/v2\/product"}],"about":[{"href":"https:\/\/chacamelia.com\/en\/wp-json\/wp\/v2\/types\/product"}],"wp:featuredmedia":[{"embeddable":true,"href":"https:\/\/chacamelia.com\/en\/wp-json\/wp\/v2\/media\/16569"}],"wp:attachment":[{"href":"https:\/\/chacamelia.com\/en\/wp-json\/wp\/v2\/media?parent=16566"}],"wp:term":[{"taxonomy":"product_brand","embeddable":true,"href":"https:\/\/chacamelia.com\/en\/wp-json\/wp\/v2\/product_brand?post=16566"},{"taxonomy":"product_cat","embeddable":true,"href":"https:\/\/chacamelia.com\/en\/wp-json\/wp\/v2\/product_cat?post=16566"},{"taxonomy":"product_tag","embeddable":true,"href":"https:\/\/chacamelia.com\/en\/wp-json\/wp\/v2\/product_tag?post=16566"}],"curies":[{"name":"wp","href":"https:\/\/api.w.org\/{rel}","templated":true}]}}