{"id":14699,"date":"2023-11-10T18:16:33","date_gmt":"2023-11-10T18:16:33","guid":{"rendered":"https:\/\/chacamelia.com\/?post_type=product&#038;p=14699"},"modified":"2023-11-10T19:20:40","modified_gmt":"2023-11-10T19:20:40","slug":"tea-plant-seeds-200","status":"publish","type":"product","link":"https:\/\/chacamelia.com\/en\/catalogue\/seeds\/tea-plant-seeds-200\/","title":{"rendered":"Tea plant seeds 200"},"content":{"rendered":"<p>200 seeds of our organic tea plants (Camellia sinensis) with instructions on how to plant them.<\/p>\n<p>Larger quantities of seeds available &#8211; for further information contact us by email: info@chacamelia.com<\/p>\n<p>&nbsp;<\/p>\n<p><img loading=\"lazy\" decoding=\"async\" class=\"alignnone wp-image-12905\" src=\"https:\/\/chacamelia.com\/admin\/wp-content\/uploads\/2015\/06\/eu_organic_logo_colour_outerline_rgb-280x186.jpg\" alt=\"\" width=\"101\" height=\"67\" \/><\/p>\n<p class=\"p1\">AGRICULTURE UE \/ PT-BIO-04<\/p>\n","protected":false},"excerpt":{"rendered":"<p>Organic tea plant seeds (Camellia sinensis)<\/p>\n","protected":false},"featured_media":12438,"template":"","meta":{"_acf_changed":false},"product_brand":[],"product_cat":[1289],"product_tag":[],"class_list":{"0":"post-14699","1":"product","2":"type-product","3":"status-publish","4":"has-post-thumbnail","6":"product_cat-seeds","8":"first","9":"outofstock","10":"taxable","11":"shipping-taxable","12":"purchasable","13":"product-type-simple"},"group_of_quantity":0,"min_quantity":0,"max_quantity":"","exclude_order_quantity_value_rules":"no","exclude_category_quantity_rules":"no","combine_variations":"no","acf":[],"yoast_head":"<!-- This site is optimized with the Yoast SEO plugin v27.1.1 - https:\/\/yoast.com\/product\/yoast-seo-wordpress\/ -->\n<title>Tea plant seeds 200 - Comprar Seeds en l\u00ednea - Ch\u00e1 Cam\u00e9lia<\/title>\n<meta name=\"description\" content=\"Organic tea plant seeds (Camellia sinensis) Organic tea plant seeds (Camellia sinensis)\" \/>\n<meta name=\"robots\" content=\"index, follow, max-snippet:-1, max-image-preview:large, max-video-preview:-1\" \/>\n<link rel=\"canonical\" href=\"https:\/\/chacamelia.com\/en\/catalogue\/seeds\/tea-plant-seeds-200\/\" \/>\n<meta property=\"og:locale\" content=\"en_US\" \/>\n<meta property=\"og:type\" content=\"article\" \/>\n<meta property=\"og:title\" content=\"Tea plant seeds 200 - Comprar Seeds en l\u00ednea - Ch\u00e1 Cam\u00e9lia\" \/>\n<meta property=\"og:description\" content=\"Organic tea plant seeds (Camellia sinensis) Organic tea plant seeds (Camellia sinensis)\" \/>\n<meta property=\"og:url\" content=\"https:\/\/chacamelia.com\/en\/catalogue\/seeds\/tea-plant-seeds-200\/\" \/>\n<meta property=\"og:site_name\" content=\"Ch\u00e1 Cam\u00e9lia\" \/>\n<meta property=\"article:modified_time\" content=\"2023-11-10T19:20:40+00:00\" \/>\n<meta property=\"og:image\" content=\"https:\/\/chacamelia.com\/admin\/wp-content\/uploads\/2021\/10\/sementes-muitos-2.jpeg\" \/>\n\t<meta property=\"og:image:width\" content=\"1512\" \/>\n\t<meta property=\"og:image:height\" content=\"2016\" \/>\n\t<meta property=\"og:image:type\" content=\"image\/jpeg\" \/>\n<meta name=\"twitter:card\" content=\"summary_large_image\" \/>\n<meta name=\"twitter:label1\" content=\"Est. reading time\" \/>\n\t<meta name=\"twitter:data1\" content=\"1 minute\" \/>\n<script type=\"application\/ld+json\" class=\"yoast-schema-graph\">{\"@context\":\"https:\/\/schema.org\",\"@graph\":[{\"@type\":\"WebPage\",\"@id\":\"https:\/\/chacamelia.com\/en\/catalogue\/seeds\/tea-plant-seeds-200\/\",\"url\":\"https:\/\/chacamelia.com\/en\/catalogue\/seeds\/tea-plant-seeds-200\/\",\"name\":\"Tea plant seeds 200 - Comprar Seeds en l\u00ednea - Ch\u00e1 Cam\u00e9lia\",\"isPartOf\":{\"@id\":\"https:\/\/chacamelia.com\/#website\"},\"primaryImageOfPage\":{\"@id\":\"https:\/\/chacamelia.com\/en\/catalogue\/seeds\/tea-plant-seeds-200\/#primaryimage\"},\"image\":{\"@id\":\"https:\/\/chacamelia.com\/en\/catalogue\/seeds\/tea-plant-seeds-200\/#primaryimage\"},\"thumbnailUrl\":\"https:\/\/chacamelia.com\/admin\/wp-content\/uploads\/2021\/10\/sementes-muitos-2.jpeg\",\"datePublished\":\"2023-11-10T18:16:33+00:00\",\"dateModified\":\"2023-11-10T19:20:40+00:00\",\"description\":\"Organic tea plant seeds (Camellia sinensis) Organic tea plant seeds (Camellia sinensis)\",\"breadcrumb\":{\"@id\":\"https:\/\/chacamelia.com\/en\/catalogue\/seeds\/tea-plant-seeds-200\/#breadcrumb\"},\"inLanguage\":\"en-US\",\"potentialAction\":[{\"@type\":\"ReadAction\",\"target\":[\"https:\/\/chacamelia.com\/en\/catalogue\/seeds\/tea-plant-seeds-200\/\"]}]},{\"@type\":\"ImageObject\",\"inLanguage\":\"en-US\",\"@id\":\"https:\/\/chacamelia.com\/en\/catalogue\/seeds\/tea-plant-seeds-200\/#primaryimage\",\"url\":\"https:\/\/chacamelia.com\/admin\/wp-content\/uploads\/2021\/10\/sementes-muitos-2.jpeg\",\"contentUrl\":\"https:\/\/chacamelia.com\/admin\/wp-content\/uploads\/2021\/10\/sementes-muitos-2.jpeg\",\"width\":1512,\"height\":2016},{\"@type\":\"BreadcrumbList\",\"@id\":\"https:\/\/chacamelia.com\/en\/catalogue\/seeds\/tea-plant-seeds-200\/#breadcrumb\",\"itemListElement\":[{\"@type\":\"ListItem\",\"position\":1,\"name\":\"Home\",\"item\":\"https:\/\/chacamelia.com\/en\/\"},{\"@type\":\"ListItem\",\"position\":2,\"name\":\"Online Store &#8211; Teas\",\"item\":\"https:\/\/chacamelia.com\/en\/online-store-teas\/\"},{\"@type\":\"ListItem\",\"position\":3,\"name\":\"Tea plant seeds 200\"}]},{\"@type\":\"WebSite\",\"@id\":\"https:\/\/chacamelia.com\/#website\",\"url\":\"https:\/\/chacamelia.com\/\",\"name\":\"Ch\u00e1 Cam\u00e9lia\",\"description\":\"More than a drink, an attitude\",\"publisher\":{\"@id\":\"https:\/\/chacamelia.com\/#organization\"},\"potentialAction\":[{\"@type\":\"SearchAction\",\"target\":{\"@type\":\"EntryPoint\",\"urlTemplate\":\"https:\/\/chacamelia.com\/?s={search_term_string}\"},\"query-input\":{\"@type\":\"PropertyValueSpecification\",\"valueRequired\":true,\"valueName\":\"search_term_string\"}}],\"inLanguage\":\"en-US\"},{\"@type\":\"Organization\",\"@id\":\"https:\/\/chacamelia.com\/#organization\",\"name\":\"Ch\u00e1 Cam\u00e9lia\",\"url\":\"https:\/\/chacamelia.com\/\",\"logo\":{\"@type\":\"ImageObject\",\"inLanguage\":\"en-US\",\"@id\":\"https:\/\/chacamelia.com\/#\/schema\/logo\/image\/\",\"url\":\"https:\/\/chacamelia.com\/admin\/wp-content\/uploads\/2015\/06\/Logotipo.jpg\",\"contentUrl\":\"https:\/\/chacamelia.com\/admin\/wp-content\/uploads\/2015\/06\/Logotipo.jpg\",\"width\":289,\"height\":289,\"caption\":\"Ch\u00e1 Cam\u00e9lia\"},\"image\":{\"@id\":\"https:\/\/chacamelia.com\/#\/schema\/logo\/image\/\"}}]}<\/script>\n<!-- \/ Yoast SEO plugin. -->","yoast_head_json":{"title":"Tea plant seeds 200 - Comprar Seeds en l\u00ednea - Ch\u00e1 Cam\u00e9lia","description":"Organic tea plant seeds (Camellia sinensis) Organic tea plant seeds (Camellia sinensis)","robots":{"index":"index","follow":"follow","max-snippet":"max-snippet:-1","max-image-preview":"max-image-preview:large","max-video-preview":"max-video-preview:-1"},"canonical":"https:\/\/chacamelia.com\/en\/catalogue\/seeds\/tea-plant-seeds-200\/","og_locale":"en_US","og_type":"article","og_title":"Tea plant seeds 200 - Comprar Seeds en l\u00ednea - Ch\u00e1 Cam\u00e9lia","og_description":"Organic tea plant seeds (Camellia sinensis) Organic tea plant seeds (Camellia sinensis)","og_url":"https:\/\/chacamelia.com\/en\/catalogue\/seeds\/tea-plant-seeds-200\/","og_site_name":"Ch\u00e1 Cam\u00e9lia","article_modified_time":"2023-11-10T19:20:40+00:00","og_image":[{"width":1512,"height":2016,"url":"https:\/\/chacamelia.com\/admin\/wp-content\/uploads\/2021\/10\/sementes-muitos-2.jpeg","type":"image\/jpeg"}],"twitter_card":"summary_large_image","twitter_misc":{"Est. reading time":"1 minute"},"schema":{"@context":"https:\/\/schema.org","@graph":[{"@type":"WebPage","@id":"https:\/\/chacamelia.com\/en\/catalogue\/seeds\/tea-plant-seeds-200\/","url":"https:\/\/chacamelia.com\/en\/catalogue\/seeds\/tea-plant-seeds-200\/","name":"Tea plant seeds 200 - Comprar Seeds en l\u00ednea - Ch\u00e1 Cam\u00e9lia","isPartOf":{"@id":"https:\/\/chacamelia.com\/#website"},"primaryImageOfPage":{"@id":"https:\/\/chacamelia.com\/en\/catalogue\/seeds\/tea-plant-seeds-200\/#primaryimage"},"image":{"@id":"https:\/\/chacamelia.com\/en\/catalogue\/seeds\/tea-plant-seeds-200\/#primaryimage"},"thumbnailUrl":"https:\/\/chacamelia.com\/admin\/wp-content\/uploads\/2021\/10\/sementes-muitos-2.jpeg","datePublished":"2023-11-10T18:16:33+00:00","dateModified":"2023-11-10T19:20:40+00:00","description":"Organic tea plant seeds (Camellia sinensis) Organic tea plant seeds (Camellia sinensis)","breadcrumb":{"@id":"https:\/\/chacamelia.com\/en\/catalogue\/seeds\/tea-plant-seeds-200\/#breadcrumb"},"inLanguage":"en-US","potentialAction":[{"@type":"ReadAction","target":["https:\/\/chacamelia.com\/en\/catalogue\/seeds\/tea-plant-seeds-200\/"]}]},{"@type":"ImageObject","inLanguage":"en-US","@id":"https:\/\/chacamelia.com\/en\/catalogue\/seeds\/tea-plant-seeds-200\/#primaryimage","url":"https:\/\/chacamelia.com\/admin\/wp-content\/uploads\/2021\/10\/sementes-muitos-2.jpeg","contentUrl":"https:\/\/chacamelia.com\/admin\/wp-content\/uploads\/2021\/10\/sementes-muitos-2.jpeg","width":1512,"height":2016},{"@type":"BreadcrumbList","@id":"https:\/\/chacamelia.com\/en\/catalogue\/seeds\/tea-plant-seeds-200\/#breadcrumb","itemListElement":[{"@type":"ListItem","position":1,"name":"Home","item":"https:\/\/chacamelia.com\/en\/"},{"@type":"ListItem","position":2,"name":"Online Store &#8211; Teas","item":"https:\/\/chacamelia.com\/en\/online-store-teas\/"},{"@type":"ListItem","position":3,"name":"Tea plant seeds 200"}]},{"@type":"WebSite","@id":"https:\/\/chacamelia.com\/#website","url":"https:\/\/chacamelia.com\/","name":"Ch\u00e1 Cam\u00e9lia","description":"More than a drink, an attitude","publisher":{"@id":"https:\/\/chacamelia.com\/#organization"},"potentialAction":[{"@type":"SearchAction","target":{"@type":"EntryPoint","urlTemplate":"https:\/\/chacamelia.com\/?s={search_term_string}"},"query-input":{"@type":"PropertyValueSpecification","valueRequired":true,"valueName":"search_term_string"}}],"inLanguage":"en-US"},{"@type":"Organization","@id":"https:\/\/chacamelia.com\/#organization","name":"Ch\u00e1 Cam\u00e9lia","url":"https:\/\/chacamelia.com\/","logo":{"@type":"ImageObject","inLanguage":"en-US","@id":"https:\/\/chacamelia.com\/#\/schema\/logo\/image\/","url":"https:\/\/chacamelia.com\/admin\/wp-content\/uploads\/2015\/06\/Logotipo.jpg","contentUrl":"https:\/\/chacamelia.com\/admin\/wp-content\/uploads\/2015\/06\/Logotipo.jpg","width":289,"height":289,"caption":"Ch\u00e1 Cam\u00e9lia"},"image":{"@id":"https:\/\/chacamelia.com\/#\/schema\/logo\/image\/"}}]}},"_links":{"self":[{"href":"https:\/\/chacamelia.com\/en\/wp-json\/wp\/v2\/product\/14699","targetHints":{"allow":["GET"]}}],"collection":[{"href":"https:\/\/chacamelia.com\/en\/wp-json\/wp\/v2\/product"}],"about":[{"href":"https:\/\/chacamelia.com\/en\/wp-json\/wp\/v2\/types\/product"}],"wp:featuredmedia":[{"embeddable":true,"href":"https:\/\/chacamelia.com\/en\/wp-json\/wp\/v2\/media\/12438"}],"wp:attachment":[{"href":"https:\/\/chacamelia.com\/en\/wp-json\/wp\/v2\/media?parent=14699"}],"wp:term":[{"taxonomy":"product_brand","embeddable":true,"href":"https:\/\/chacamelia.com\/en\/wp-json\/wp\/v2\/product_brand?post=14699"},{"taxonomy":"product_cat","embeddable":true,"href":"https:\/\/chacamelia.com\/en\/wp-json\/wp\/v2\/product_cat?post=14699"},{"taxonomy":"product_tag","embeddable":true,"href":"https:\/\/chacamelia.com\/en\/wp-json\/wp\/v2\/product_tag?post=14699"}],"curies":[{"name":"wp","href":"https:\/\/api.w.org\/{rel}","templated":true}]}}