{"id":13887,"date":"2022-12-12T13:41:59","date_gmt":"2022-12-12T13:41:59","guid":{"rendered":"https:\/\/chacamelia.com\/catalogue\/uncategorized\/chas-de-portugal-e-do-japao\/"},"modified":"2025-09-09T14:04:25","modified_gmt":"2025-09-09T14:04:25","slug":"teas-from-portugal-and-japan","status":"publish","type":"product","link":"https:\/\/chacamelia.com\/en\/catalogue\/private-tastings\/teas-from-portugal-and-japan\/","title":{"rendered":"Teas from Portugal and Japan"},"content":{"rendered":"<p>In Japan, tea is more than a drink, it\u2019s an attitude. Therefore, it is produced with great care. The vaporisation retains the characteristic emerald green of the fresh leaf and the fine aromas. The production of green tea by Ch\u00e1 Cam\u00e9lia is inspired by Japan, but works with more artisanal techniques to reveal the terroir of Northern Portugal. In this tasing we compre the flavours of Japanese and Portuguese green teas and discover some rare teas from both countries.<\/p>\n<p>&nbsp;<\/p>\n<p>Includes:<\/p>\n<ul>\n<li>Guided tour of the tea plantation<\/li>\n<li>Degustation of 5 teas<\/li>\n<li>Different brewing techniques<\/li>\n<li>A little surprise<\/li>\n<\/ul>\n<p>&nbsp;<\/p>\n<p>Duration: approx. 2,5 hours<\/p>\n<p>Date: preferably during week days from 14:00 PM (booking by email <a href=\"mailto:info@chacamelia.com\">info@chacamelia.com<\/a>)<\/p>\n<p>Price: Min. 2 people (fixed price 100\u20ac) + 30\u20ac every additional person<\/p>\n<p>Location: Rua das Escolas Novas 605, 4485-122 Fornelo (<a href=\"https:\/\/goo.gl\/maps\/ynwusYU4Enk\" target=\"_blank\" rel=\"noopener\">googlemaps<\/a>)<\/p>\n","protected":false},"excerpt":{"rendered":"<p>Private tasting at the tea plantation<\/p>\n","protected":false},"featured_media":13851,"template":"","meta":{"_acf_changed":false},"product_brand":[],"product_cat":[1282],"product_tag":[],"class_list":{"0":"post-13887","1":"product","2":"type-product","3":"status-publish","4":"has-post-thumbnail","6":"product_cat-private-tastings","8":"first","9":"instock","10":"taxable","11":"shipping-taxable","12":"purchasable","13":"product-type-variable"},"group_of_quantity":0,"min_quantity":0,"max_quantity":"","exclude_order_quantity_value_rules":"no","exclude_category_quantity_rules":"no","combine_variations":"no","acf":[],"yoast_head":"<!-- This site is optimized with the Yoast SEO plugin v27.1.1 - https:\/\/yoast.com\/product\/yoast-seo-wordpress\/ -->\n<title>Teas from Portugal and Japan - Comprar Private tastings en l\u00ednea - Ch\u00e1 Cam\u00e9lia<\/title>\n<meta name=\"description\" content=\"Private tasting at the tea plantation\" \/>\n<meta name=\"robots\" content=\"index, follow, max-snippet:-1, max-image-preview:large, max-video-preview:-1\" \/>\n<link rel=\"canonical\" href=\"https:\/\/chacamelia.com\/en\/catalogue\/private-tastings\/teas-from-portugal-and-japan\/\" \/>\n<meta property=\"og:locale\" content=\"en_US\" \/>\n<meta property=\"og:type\" content=\"article\" \/>\n<meta property=\"og:title\" content=\"Teas from Portugal and Japan - Comprar Private tastings en l\u00ednea - Ch\u00e1 Cam\u00e9lia\" \/>\n<meta property=\"og:description\" content=\"Private tasting at the tea plantation\" \/>\n<meta property=\"og:url\" content=\"https:\/\/chacamelia.com\/en\/catalogue\/private-tastings\/teas-from-portugal-and-japan\/\" \/>\n<meta property=\"og:site_name\" content=\"Ch\u00e1 Cam\u00e9lia\" \/>\n<meta property=\"article:modified_time\" content=\"2025-09-09T14:04:25+00:00\" \/>\n<meta property=\"og:image\" content=\"https:\/\/chacamelia.com\/admin\/wp-content\/uploads\/2022\/12\/degustacao-chas-portugal-japao.jpg\" \/>\n\t<meta property=\"og:image:width\" content=\"1000\" \/>\n\t<meta property=\"og:image:height\" content=\"1000\" \/>\n\t<meta property=\"og:image:type\" content=\"image\/jpeg\" \/>\n<meta name=\"twitter:card\" content=\"summary_large_image\" \/>\n<meta name=\"twitter:label1\" content=\"Est. reading time\" \/>\n\t<meta name=\"twitter:data1\" content=\"1 minute\" \/>\n<script type=\"application\/ld+json\" class=\"yoast-schema-graph\">{\"@context\":\"https:\/\/schema.org\",\"@graph\":[{\"@type\":\"WebPage\",\"@id\":\"https:\/\/chacamelia.com\/en\/catalogue\/private-tastings\/teas-from-portugal-and-japan\/\",\"url\":\"https:\/\/chacamelia.com\/en\/catalogue\/private-tastings\/teas-from-portugal-and-japan\/\",\"name\":\"Teas from Portugal and Japan - Comprar Private tastings en l\u00ednea - Ch\u00e1 Cam\u00e9lia\",\"isPartOf\":{\"@id\":\"https:\/\/chacamelia.com\/#website\"},\"primaryImageOfPage\":{\"@id\":\"https:\/\/chacamelia.com\/en\/catalogue\/private-tastings\/teas-from-portugal-and-japan\/#primaryimage\"},\"image\":{\"@id\":\"https:\/\/chacamelia.com\/en\/catalogue\/private-tastings\/teas-from-portugal-and-japan\/#primaryimage\"},\"thumbnailUrl\":\"https:\/\/chacamelia.com\/admin\/wp-content\/uploads\/2022\/12\/degustacao-chas-portugal-japao.jpg\",\"datePublished\":\"2022-12-12T13:41:59+00:00\",\"dateModified\":\"2025-09-09T14:04:25+00:00\",\"description\":\"Private tasting at the tea plantation\",\"breadcrumb\":{\"@id\":\"https:\/\/chacamelia.com\/en\/catalogue\/private-tastings\/teas-from-portugal-and-japan\/#breadcrumb\"},\"inLanguage\":\"en-US\",\"potentialAction\":[{\"@type\":\"ReadAction\",\"target\":[\"https:\/\/chacamelia.com\/en\/catalogue\/private-tastings\/teas-from-portugal-and-japan\/\"]}]},{\"@type\":\"ImageObject\",\"inLanguage\":\"en-US\",\"@id\":\"https:\/\/chacamelia.com\/en\/catalogue\/private-tastings\/teas-from-portugal-and-japan\/#primaryimage\",\"url\":\"https:\/\/chacamelia.com\/admin\/wp-content\/uploads\/2022\/12\/degustacao-chas-portugal-japao.jpg\",\"contentUrl\":\"https:\/\/chacamelia.com\/admin\/wp-content\/uploads\/2022\/12\/degustacao-chas-portugal-japao.jpg\",\"width\":1000,\"height\":1000},{\"@type\":\"BreadcrumbList\",\"@id\":\"https:\/\/chacamelia.com\/en\/catalogue\/private-tastings\/teas-from-portugal-and-japan\/#breadcrumb\",\"itemListElement\":[{\"@type\":\"ListItem\",\"position\":1,\"name\":\"Home\",\"item\":\"https:\/\/chacamelia.com\/en\/\"},{\"@type\":\"ListItem\",\"position\":2,\"name\":\"Online Store &#8211; Teas\",\"item\":\"https:\/\/chacamelia.com\/en\/online-store-teas\/\"},{\"@type\":\"ListItem\",\"position\":3,\"name\":\"Teas from Portugal and Japan\"}]},{\"@type\":\"WebSite\",\"@id\":\"https:\/\/chacamelia.com\/#website\",\"url\":\"https:\/\/chacamelia.com\/\",\"name\":\"Ch\u00e1 Cam\u00e9lia\",\"description\":\"More than a drink, an attitude\",\"publisher\":{\"@id\":\"https:\/\/chacamelia.com\/#organization\"},\"potentialAction\":[{\"@type\":\"SearchAction\",\"target\":{\"@type\":\"EntryPoint\",\"urlTemplate\":\"https:\/\/chacamelia.com\/?s={search_term_string}\"},\"query-input\":{\"@type\":\"PropertyValueSpecification\",\"valueRequired\":true,\"valueName\":\"search_term_string\"}}],\"inLanguage\":\"en-US\"},{\"@type\":\"Organization\",\"@id\":\"https:\/\/chacamelia.com\/#organization\",\"name\":\"Ch\u00e1 Cam\u00e9lia\",\"url\":\"https:\/\/chacamelia.com\/\",\"logo\":{\"@type\":\"ImageObject\",\"inLanguage\":\"en-US\",\"@id\":\"https:\/\/chacamelia.com\/#\/schema\/logo\/image\/\",\"url\":\"https:\/\/chacamelia.com\/admin\/wp-content\/uploads\/2015\/06\/Logotipo.jpg\",\"contentUrl\":\"https:\/\/chacamelia.com\/admin\/wp-content\/uploads\/2015\/06\/Logotipo.jpg\",\"width\":289,\"height\":289,\"caption\":\"Ch\u00e1 Cam\u00e9lia\"},\"image\":{\"@id\":\"https:\/\/chacamelia.com\/#\/schema\/logo\/image\/\"}}]}<\/script>\n<!-- \/ Yoast SEO plugin. -->","yoast_head_json":{"title":"Teas from Portugal and Japan - Comprar Private tastings en l\u00ednea - Ch\u00e1 Cam\u00e9lia","description":"Private tasting at the tea plantation","robots":{"index":"index","follow":"follow","max-snippet":"max-snippet:-1","max-image-preview":"max-image-preview:large","max-video-preview":"max-video-preview:-1"},"canonical":"https:\/\/chacamelia.com\/en\/catalogue\/private-tastings\/teas-from-portugal-and-japan\/","og_locale":"en_US","og_type":"article","og_title":"Teas from Portugal and Japan - Comprar Private tastings en l\u00ednea - Ch\u00e1 Cam\u00e9lia","og_description":"Private tasting at the tea plantation","og_url":"https:\/\/chacamelia.com\/en\/catalogue\/private-tastings\/teas-from-portugal-and-japan\/","og_site_name":"Ch\u00e1 Cam\u00e9lia","article_modified_time":"2025-09-09T14:04:25+00:00","og_image":[{"width":1000,"height":1000,"url":"https:\/\/chacamelia.com\/admin\/wp-content\/uploads\/2022\/12\/degustacao-chas-portugal-japao.jpg","type":"image\/jpeg"}],"twitter_card":"summary_large_image","twitter_misc":{"Est. reading time":"1 minute"},"schema":{"@context":"https:\/\/schema.org","@graph":[{"@type":"WebPage","@id":"https:\/\/chacamelia.com\/en\/catalogue\/private-tastings\/teas-from-portugal-and-japan\/","url":"https:\/\/chacamelia.com\/en\/catalogue\/private-tastings\/teas-from-portugal-and-japan\/","name":"Teas from Portugal and Japan - Comprar Private tastings en l\u00ednea - Ch\u00e1 Cam\u00e9lia","isPartOf":{"@id":"https:\/\/chacamelia.com\/#website"},"primaryImageOfPage":{"@id":"https:\/\/chacamelia.com\/en\/catalogue\/private-tastings\/teas-from-portugal-and-japan\/#primaryimage"},"image":{"@id":"https:\/\/chacamelia.com\/en\/catalogue\/private-tastings\/teas-from-portugal-and-japan\/#primaryimage"},"thumbnailUrl":"https:\/\/chacamelia.com\/admin\/wp-content\/uploads\/2022\/12\/degustacao-chas-portugal-japao.jpg","datePublished":"2022-12-12T13:41:59+00:00","dateModified":"2025-09-09T14:04:25+00:00","description":"Private tasting at the tea plantation","breadcrumb":{"@id":"https:\/\/chacamelia.com\/en\/catalogue\/private-tastings\/teas-from-portugal-and-japan\/#breadcrumb"},"inLanguage":"en-US","potentialAction":[{"@type":"ReadAction","target":["https:\/\/chacamelia.com\/en\/catalogue\/private-tastings\/teas-from-portugal-and-japan\/"]}]},{"@type":"ImageObject","inLanguage":"en-US","@id":"https:\/\/chacamelia.com\/en\/catalogue\/private-tastings\/teas-from-portugal-and-japan\/#primaryimage","url":"https:\/\/chacamelia.com\/admin\/wp-content\/uploads\/2022\/12\/degustacao-chas-portugal-japao.jpg","contentUrl":"https:\/\/chacamelia.com\/admin\/wp-content\/uploads\/2022\/12\/degustacao-chas-portugal-japao.jpg","width":1000,"height":1000},{"@type":"BreadcrumbList","@id":"https:\/\/chacamelia.com\/en\/catalogue\/private-tastings\/teas-from-portugal-and-japan\/#breadcrumb","itemListElement":[{"@type":"ListItem","position":1,"name":"Home","item":"https:\/\/chacamelia.com\/en\/"},{"@type":"ListItem","position":2,"name":"Online Store &#8211; Teas","item":"https:\/\/chacamelia.com\/en\/online-store-teas\/"},{"@type":"ListItem","position":3,"name":"Teas from Portugal and Japan"}]},{"@type":"WebSite","@id":"https:\/\/chacamelia.com\/#website","url":"https:\/\/chacamelia.com\/","name":"Ch\u00e1 Cam\u00e9lia","description":"More than a drink, an attitude","publisher":{"@id":"https:\/\/chacamelia.com\/#organization"},"potentialAction":[{"@type":"SearchAction","target":{"@type":"EntryPoint","urlTemplate":"https:\/\/chacamelia.com\/?s={search_term_string}"},"query-input":{"@type":"PropertyValueSpecification","valueRequired":true,"valueName":"search_term_string"}}],"inLanguage":"en-US"},{"@type":"Organization","@id":"https:\/\/chacamelia.com\/#organization","name":"Ch\u00e1 Cam\u00e9lia","url":"https:\/\/chacamelia.com\/","logo":{"@type":"ImageObject","inLanguage":"en-US","@id":"https:\/\/chacamelia.com\/#\/schema\/logo\/image\/","url":"https:\/\/chacamelia.com\/admin\/wp-content\/uploads\/2015\/06\/Logotipo.jpg","contentUrl":"https:\/\/chacamelia.com\/admin\/wp-content\/uploads\/2015\/06\/Logotipo.jpg","width":289,"height":289,"caption":"Ch\u00e1 Cam\u00e9lia"},"image":{"@id":"https:\/\/chacamelia.com\/#\/schema\/logo\/image\/"}}]}},"_links":{"self":[{"href":"https:\/\/chacamelia.com\/en\/wp-json\/wp\/v2\/product\/13887","targetHints":{"allow":["GET"]}}],"collection":[{"href":"https:\/\/chacamelia.com\/en\/wp-json\/wp\/v2\/product"}],"about":[{"href":"https:\/\/chacamelia.com\/en\/wp-json\/wp\/v2\/types\/product"}],"wp:featuredmedia":[{"embeddable":true,"href":"https:\/\/chacamelia.com\/en\/wp-json\/wp\/v2\/media\/13851"}],"wp:attachment":[{"href":"https:\/\/chacamelia.com\/en\/wp-json\/wp\/v2\/media?parent=13887"}],"wp:term":[{"taxonomy":"product_brand","embeddable":true,"href":"https:\/\/chacamelia.com\/en\/wp-json\/wp\/v2\/product_brand?post=13887"},{"taxonomy":"product_cat","embeddable":true,"href":"https:\/\/chacamelia.com\/en\/wp-json\/wp\/v2\/product_cat?post=13887"},{"taxonomy":"product_tag","embeddable":true,"href":"https:\/\/chacamelia.com\/en\/wp-json\/wp\/v2\/product_tag?post=13887"}],"curies":[{"name":"wp","href":"https:\/\/api.w.org\/{rel}","templated":true}]}}