{"id":13875,"date":"2022-12-12T12:59:58","date_gmt":"2022-12-12T12:59:58","guid":{"rendered":"https:\/\/chacamelia.com\/catalogue\/uncategorized\/chas-de-portugal\/"},"modified":"2024-02-20T15:26:23","modified_gmt":"2024-02-20T15:26:23","slug":"teas-from-portugal","status":"publish","type":"product","link":"https:\/\/chacamelia.com\/en\/catalogue\/private-tastings\/teas-from-portugal\/","title":{"rendered":"Teas from Portugal"},"content":{"rendered":"<p>Ch\u00e1 Cam\u00e9lia was born from a dream back in 2011, with the planting of the first 200 Camellia Sinensis trees. There are now just over 12,000 trees planted in Fornelo, where organic farming within a biodynamic system are central to everything we do.<\/p>\n<p>Inspired by ancient Asian tea cultures, from Japan in particular, we produce high quality green tea by hand, which begins with manual leaf picking.<\/p>\n<p>In addition to our green teas and the flowers from our tea plants, we blend green teas from Japan with natural Portuguese ingredients and also have included a white tea from the S\u00e3o Miguel Agrarian Agricultural Service (Azores\/Portugal) in our programme. In this tasting we go on a journey through the flavours of Portugal.<\/p>\n<p>&nbsp;<\/p>\n<p>Includes:<\/p>\n<ul>\n<li>Guided tour of the tea plantation<\/li>\n<li>Degustation of 5 teas<\/li>\n<li>Different brewing techniques<\/li>\n<li>A little surprise<\/li>\n<\/ul>\n<p>&nbsp;<\/p>\n<p>Duration: approx. 2,5 hours<\/p>\n<p>Date: preferably during week days from 14:30 PM (booking by email <a href=\"mailto:info@chacamelia.com\">info@chacamelia.com<\/a>)<\/p>\n<p>Price: Min. 2 people (fixed price 100\u20ac) + 30\u20ac every additional person<\/p>\n<p>Location: Rua das Escolas Novas 605, 4485-122 Fornelo (<a href=\"https:\/\/goo.gl\/maps\/ynwusYU4Enk\" target=\"_blank\" rel=\"noopener\">googlemaps<\/a>)<\/p>\n","protected":false},"excerpt":{"rendered":"<p>Private tasting at the tea plantation<\/p>\n","protected":false},"featured_media":13835,"template":"","meta":{"_acf_changed":false},"product_brand":[],"product_cat":[1282],"product_tag":[],"class_list":{"0":"post-13875","1":"product","2":"type-product","3":"status-publish","4":"has-post-thumbnail","6":"product_cat-private-tastings","8":"first","9":"instock","10":"taxable","11":"shipping-taxable","12":"purchasable","13":"product-type-variable"},"group_of_quantity":0,"min_quantity":0,"max_quantity":"","exclude_order_quantity_value_rules":"no","exclude_category_quantity_rules":"no","combine_variations":"no","acf":[],"yoast_head":"<!-- This site is optimized with the Yoast SEO plugin v27.1.1 - https:\/\/yoast.com\/product\/yoast-seo-wordpress\/ -->\n<title>Teas from Portugal - Comprar Private tastings en l\u00ednea - Ch\u00e1 Cam\u00e9lia<\/title>\n<meta name=\"description\" content=\"Private tasting at the tea plantation\" \/>\n<meta name=\"robots\" content=\"index, follow, max-snippet:-1, max-image-preview:large, max-video-preview:-1\" \/>\n<link rel=\"canonical\" href=\"https:\/\/chacamelia.com\/catalogue\/degustacoes-privadas\/chas-de-portugal\/\" \/>\n<meta property=\"og:locale\" content=\"en_US\" \/>\n<meta property=\"og:type\" content=\"article\" \/>\n<meta property=\"og:title\" content=\"Teas from Portugal - Comprar Private tastings en l\u00ednea - Ch\u00e1 Cam\u00e9lia\" \/>\n<meta property=\"og:description\" content=\"Private tasting at the tea plantation\" \/>\n<meta property=\"og:url\" content=\"https:\/\/chacamelia.com\/catalogue\/degustacoes-privadas\/chas-de-portugal\/\" \/>\n<meta property=\"og:site_name\" content=\"Ch\u00e1 Cam\u00e9lia\" \/>\n<meta property=\"article:modified_time\" content=\"2024-02-20T15:26:23+00:00\" \/>\n<meta property=\"og:image\" content=\"https:\/\/chacamelia.com\/admin\/wp-content\/uploads\/2022\/12\/degustacao-chas-portugal.jpg\" \/>\n\t<meta property=\"og:image:width\" content=\"1000\" \/>\n\t<meta property=\"og:image:height\" content=\"1000\" \/>\n\t<meta property=\"og:image:type\" content=\"image\/jpeg\" \/>\n<meta name=\"twitter:card\" content=\"summary_large_image\" \/>\n<meta name=\"twitter:label1\" content=\"Est. reading time\" \/>\n\t<meta name=\"twitter:data1\" content=\"1 minute\" \/>\n<script type=\"application\/ld+json\" class=\"yoast-schema-graph\">{\"@context\":\"https:\/\/schema.org\",\"@graph\":[{\"@type\":\"WebPage\",\"@id\":\"https:\/\/chacamelia.com\/catalogue\/degustacoes-privadas\/chas-de-portugal\/\",\"url\":\"https:\/\/chacamelia.com\/catalogue\/degustacoes-privadas\/chas-de-portugal\/\",\"name\":\"Teas from Portugal - Comprar Private tastings en l\u00ednea - Ch\u00e1 Cam\u00e9lia\",\"isPartOf\":{\"@id\":\"https:\/\/chacamelia.com\/#website\"},\"primaryImageOfPage\":{\"@id\":\"https:\/\/chacamelia.com\/catalogue\/degustacoes-privadas\/chas-de-portugal\/#primaryimage\"},\"image\":{\"@id\":\"https:\/\/chacamelia.com\/catalogue\/degustacoes-privadas\/chas-de-portugal\/#primaryimage\"},\"thumbnailUrl\":\"https:\/\/chacamelia.com\/admin\/wp-content\/uploads\/2022\/12\/degustacao-chas-portugal.jpg\",\"datePublished\":\"2022-12-12T12:59:58+00:00\",\"dateModified\":\"2024-02-20T15:26:23+00:00\",\"description\":\"Private tasting at the tea plantation\",\"breadcrumb\":{\"@id\":\"https:\/\/chacamelia.com\/catalogue\/degustacoes-privadas\/chas-de-portugal\/#breadcrumb\"},\"inLanguage\":\"en-US\",\"potentialAction\":[{\"@type\":\"ReadAction\",\"target\":[\"https:\/\/chacamelia.com\/catalogue\/degustacoes-privadas\/chas-de-portugal\/\"]}]},{\"@type\":\"ImageObject\",\"inLanguage\":\"en-US\",\"@id\":\"https:\/\/chacamelia.com\/catalogue\/degustacoes-privadas\/chas-de-portugal\/#primaryimage\",\"url\":\"https:\/\/chacamelia.com\/admin\/wp-content\/uploads\/2022\/12\/degustacao-chas-portugal.jpg\",\"contentUrl\":\"https:\/\/chacamelia.com\/admin\/wp-content\/uploads\/2022\/12\/degustacao-chas-portugal.jpg\",\"width\":1000,\"height\":1000},{\"@type\":\"BreadcrumbList\",\"@id\":\"https:\/\/chacamelia.com\/catalogue\/degustacoes-privadas\/chas-de-portugal\/#breadcrumb\",\"itemListElement\":[{\"@type\":\"ListItem\",\"position\":1,\"name\":\"Home\",\"item\":\"https:\/\/chacamelia.com\/en\/\"},{\"@type\":\"ListItem\",\"position\":2,\"name\":\"Online Store &#8211; Teas\",\"item\":\"https:\/\/chacamelia.com\/en\/online-store-teas\/\"},{\"@type\":\"ListItem\",\"position\":3,\"name\":\"Teas from Portugal\"}]},{\"@type\":\"WebSite\",\"@id\":\"https:\/\/chacamelia.com\/#website\",\"url\":\"https:\/\/chacamelia.com\/\",\"name\":\"Ch\u00e1 Cam\u00e9lia\",\"description\":\"More than a drink, an attitude\",\"publisher\":{\"@id\":\"https:\/\/chacamelia.com\/#organization\"},\"potentialAction\":[{\"@type\":\"SearchAction\",\"target\":{\"@type\":\"EntryPoint\",\"urlTemplate\":\"https:\/\/chacamelia.com\/?s={search_term_string}\"},\"query-input\":{\"@type\":\"PropertyValueSpecification\",\"valueRequired\":true,\"valueName\":\"search_term_string\"}}],\"inLanguage\":\"en-US\"},{\"@type\":\"Organization\",\"@id\":\"https:\/\/chacamelia.com\/#organization\",\"name\":\"Ch\u00e1 Cam\u00e9lia\",\"url\":\"https:\/\/chacamelia.com\/\",\"logo\":{\"@type\":\"ImageObject\",\"inLanguage\":\"en-US\",\"@id\":\"https:\/\/chacamelia.com\/#\/schema\/logo\/image\/\",\"url\":\"https:\/\/chacamelia.com\/admin\/wp-content\/uploads\/2015\/06\/Logotipo.jpg\",\"contentUrl\":\"https:\/\/chacamelia.com\/admin\/wp-content\/uploads\/2015\/06\/Logotipo.jpg\",\"width\":289,\"height\":289,\"caption\":\"Ch\u00e1 Cam\u00e9lia\"},\"image\":{\"@id\":\"https:\/\/chacamelia.com\/#\/schema\/logo\/image\/\"}}]}<\/script>\n<!-- \/ Yoast SEO plugin. -->","yoast_head_json":{"title":"Teas from Portugal - Comprar Private tastings en l\u00ednea - Ch\u00e1 Cam\u00e9lia","description":"Private tasting at the tea plantation","robots":{"index":"index","follow":"follow","max-snippet":"max-snippet:-1","max-image-preview":"max-image-preview:large","max-video-preview":"max-video-preview:-1"},"canonical":"https:\/\/chacamelia.com\/catalogue\/degustacoes-privadas\/chas-de-portugal\/","og_locale":"en_US","og_type":"article","og_title":"Teas from Portugal - Comprar Private tastings en l\u00ednea - Ch\u00e1 Cam\u00e9lia","og_description":"Private tasting at the tea plantation","og_url":"https:\/\/chacamelia.com\/catalogue\/degustacoes-privadas\/chas-de-portugal\/","og_site_name":"Ch\u00e1 Cam\u00e9lia","article_modified_time":"2024-02-20T15:26:23+00:00","og_image":[{"width":1000,"height":1000,"url":"https:\/\/chacamelia.com\/admin\/wp-content\/uploads\/2022\/12\/degustacao-chas-portugal.jpg","type":"image\/jpeg"}],"twitter_card":"summary_large_image","twitter_misc":{"Est. reading time":"1 minute"},"schema":{"@context":"https:\/\/schema.org","@graph":[{"@type":"WebPage","@id":"https:\/\/chacamelia.com\/catalogue\/degustacoes-privadas\/chas-de-portugal\/","url":"https:\/\/chacamelia.com\/catalogue\/degustacoes-privadas\/chas-de-portugal\/","name":"Teas from Portugal - Comprar Private tastings en l\u00ednea - Ch\u00e1 Cam\u00e9lia","isPartOf":{"@id":"https:\/\/chacamelia.com\/#website"},"primaryImageOfPage":{"@id":"https:\/\/chacamelia.com\/catalogue\/degustacoes-privadas\/chas-de-portugal\/#primaryimage"},"image":{"@id":"https:\/\/chacamelia.com\/catalogue\/degustacoes-privadas\/chas-de-portugal\/#primaryimage"},"thumbnailUrl":"https:\/\/chacamelia.com\/admin\/wp-content\/uploads\/2022\/12\/degustacao-chas-portugal.jpg","datePublished":"2022-12-12T12:59:58+00:00","dateModified":"2024-02-20T15:26:23+00:00","description":"Private tasting at the tea plantation","breadcrumb":{"@id":"https:\/\/chacamelia.com\/catalogue\/degustacoes-privadas\/chas-de-portugal\/#breadcrumb"},"inLanguage":"en-US","potentialAction":[{"@type":"ReadAction","target":["https:\/\/chacamelia.com\/catalogue\/degustacoes-privadas\/chas-de-portugal\/"]}]},{"@type":"ImageObject","inLanguage":"en-US","@id":"https:\/\/chacamelia.com\/catalogue\/degustacoes-privadas\/chas-de-portugal\/#primaryimage","url":"https:\/\/chacamelia.com\/admin\/wp-content\/uploads\/2022\/12\/degustacao-chas-portugal.jpg","contentUrl":"https:\/\/chacamelia.com\/admin\/wp-content\/uploads\/2022\/12\/degustacao-chas-portugal.jpg","width":1000,"height":1000},{"@type":"BreadcrumbList","@id":"https:\/\/chacamelia.com\/catalogue\/degustacoes-privadas\/chas-de-portugal\/#breadcrumb","itemListElement":[{"@type":"ListItem","position":1,"name":"Home","item":"https:\/\/chacamelia.com\/en\/"},{"@type":"ListItem","position":2,"name":"Online Store &#8211; Teas","item":"https:\/\/chacamelia.com\/en\/online-store-teas\/"},{"@type":"ListItem","position":3,"name":"Teas from Portugal"}]},{"@type":"WebSite","@id":"https:\/\/chacamelia.com\/#website","url":"https:\/\/chacamelia.com\/","name":"Ch\u00e1 Cam\u00e9lia","description":"More than a drink, an attitude","publisher":{"@id":"https:\/\/chacamelia.com\/#organization"},"potentialAction":[{"@type":"SearchAction","target":{"@type":"EntryPoint","urlTemplate":"https:\/\/chacamelia.com\/?s={search_term_string}"},"query-input":{"@type":"PropertyValueSpecification","valueRequired":true,"valueName":"search_term_string"}}],"inLanguage":"en-US"},{"@type":"Organization","@id":"https:\/\/chacamelia.com\/#organization","name":"Ch\u00e1 Cam\u00e9lia","url":"https:\/\/chacamelia.com\/","logo":{"@type":"ImageObject","inLanguage":"en-US","@id":"https:\/\/chacamelia.com\/#\/schema\/logo\/image\/","url":"https:\/\/chacamelia.com\/admin\/wp-content\/uploads\/2015\/06\/Logotipo.jpg","contentUrl":"https:\/\/chacamelia.com\/admin\/wp-content\/uploads\/2015\/06\/Logotipo.jpg","width":289,"height":289,"caption":"Ch\u00e1 Cam\u00e9lia"},"image":{"@id":"https:\/\/chacamelia.com\/#\/schema\/logo\/image\/"}}]}},"_links":{"self":[{"href":"https:\/\/chacamelia.com\/en\/wp-json\/wp\/v2\/product\/13875","targetHints":{"allow":["GET"]}}],"collection":[{"href":"https:\/\/chacamelia.com\/en\/wp-json\/wp\/v2\/product"}],"about":[{"href":"https:\/\/chacamelia.com\/en\/wp-json\/wp\/v2\/types\/product"}],"wp:featuredmedia":[{"embeddable":true,"href":"https:\/\/chacamelia.com\/en\/wp-json\/wp\/v2\/media\/13835"}],"wp:attachment":[{"href":"https:\/\/chacamelia.com\/en\/wp-json\/wp\/v2\/media?parent=13875"}],"wp:term":[{"taxonomy":"product_brand","embeddable":true,"href":"https:\/\/chacamelia.com\/en\/wp-json\/wp\/v2\/product_brand?post=13875"},{"taxonomy":"product_cat","embeddable":true,"href":"https:\/\/chacamelia.com\/en\/wp-json\/wp\/v2\/product_cat?post=13875"},{"taxonomy":"product_tag","embeddable":true,"href":"https:\/\/chacamelia.com\/en\/wp-json\/wp\/v2\/product_tag?post=13875"}],"curies":[{"name":"wp","href":"https:\/\/api.w.org\/{rel}","templated":true}]}}