{"id":13654,"date":"2022-10-19T09:24:28","date_gmt":"2022-10-19T09:24:28","guid":{"rendered":"https:\/\/chacamelia.com\/catalogue\/uncategorized\/caneca-flor-cerejeira\/"},"modified":"2022-10-19T09:26:45","modified_gmt":"2022-10-19T09:26:45","slug":"mug-cherry-blossom","status":"publish","type":"product","link":"https:\/\/chacamelia.com\/en\/catalogue\/accessories\/teapots-and-cups-en\/mug-cherry-blossom\/","title":{"rendered":"Mug Cherry Blossom"},"content":{"rendered":"<p>Mug Cherry Blossom with stainless steel strainer and lid is a very practical way to prepare an excellent quality tea. The stainless steel strainer is very easy to remove and subsequently replace to enable multiple infusions to be made with the same tea leaves. This means that the tea is always fresh and of the finest quality.<\/p>\n<p>&nbsp;<\/p>\n<p>Porcelain, white, 200ml<\/p>\n","protected":false},"excerpt":{"rendered":"<p>MUG WITH STAINLESS STEEL STRAINER AND LID<\/p>\n","protected":false},"featured_media":13646,"template":"","meta":{"_acf_changed":false},"product_brand":[],"product_cat":[622],"product_tag":[],"class_list":{"0":"post-13654","1":"product","2":"type-product","3":"status-publish","4":"has-post-thumbnail","6":"product_cat-teapots-and-cups-en","8":"first","9":"instock","10":"taxable","11":"shipping-taxable","12":"purchasable","13":"product-type-simple"},"group_of_quantity":0,"min_quantity":0,"max_quantity":"","exclude_order_quantity_value_rules":"no","exclude_category_quantity_rules":"no","combine_variations":"no","acf":[],"yoast_head":"<!-- This site is optimized with the Yoast SEO plugin v27.1.1 - https:\/\/yoast.com\/product\/yoast-seo-wordpress\/ -->\n<title>Mug Cherry Blossom - Comprar Teapots and Cups en l\u00ednea - Ch\u00e1 Cam\u00e9lia<\/title>\n<meta name=\"description\" content=\"MUG WITH STAINLESS STEEL STRAINER AND LIDMUG WITH STAINLESS STEEL STRAINER AND LID\" \/>\n<meta name=\"robots\" content=\"index, follow, max-snippet:-1, max-image-preview:large, max-video-preview:-1\" \/>\n<link rel=\"canonical\" href=\"https:\/\/chacamelia.com\/catalogue\/acessorios\/bules-e-tacas\/caneca-flor-cerejeira\/\" \/>\n<meta property=\"og:locale\" content=\"en_US\" \/>\n<meta property=\"og:type\" content=\"article\" \/>\n<meta property=\"og:title\" content=\"Mug Cherry Blossom - Comprar Teapots and Cups en l\u00ednea - Ch\u00e1 Cam\u00e9lia\" \/>\n<meta property=\"og:description\" content=\"MUG WITH STAINLESS STEEL STRAINER AND LIDMUG WITH STAINLESS STEEL STRAINER AND LID\" \/>\n<meta property=\"og:url\" content=\"https:\/\/chacamelia.com\/catalogue\/acessorios\/bules-e-tacas\/caneca-flor-cerejeira\/\" \/>\n<meta property=\"og:site_name\" content=\"Ch\u00e1 Cam\u00e9lia\" \/>\n<meta property=\"article:modified_time\" content=\"2022-10-19T09:26:45+00:00\" \/>\n<meta property=\"og:image\" content=\"https:\/\/chacamelia.com\/admin\/wp-content\/uploads\/2022\/10\/caneca-flor-cerejeira.jpg\" \/>\n\t<meta property=\"og:image:width\" content=\"2500\" \/>\n\t<meta property=\"og:image:height\" content=\"2500\" \/>\n\t<meta property=\"og:image:type\" content=\"image\/jpeg\" \/>\n<meta name=\"twitter:card\" content=\"summary_large_image\" \/>\n<meta name=\"twitter:label1\" content=\"Est. reading time\" \/>\n\t<meta name=\"twitter:data1\" content=\"1 minute\" \/>\n<script type=\"application\/ld+json\" class=\"yoast-schema-graph\">{\"@context\":\"https:\/\/schema.org\",\"@graph\":[{\"@type\":\"WebPage\",\"@id\":\"https:\/\/chacamelia.com\/catalogue\/acessorios\/bules-e-tacas\/caneca-flor-cerejeira\/\",\"url\":\"https:\/\/chacamelia.com\/catalogue\/acessorios\/bules-e-tacas\/caneca-flor-cerejeira\/\",\"name\":\"Mug Cherry Blossom - Comprar Teapots and Cups en l\u00ednea - Ch\u00e1 Cam\u00e9lia\",\"isPartOf\":{\"@id\":\"https:\/\/chacamelia.com\/#website\"},\"primaryImageOfPage\":{\"@id\":\"https:\/\/chacamelia.com\/catalogue\/acessorios\/bules-e-tacas\/caneca-flor-cerejeira\/#primaryimage\"},\"image\":{\"@id\":\"https:\/\/chacamelia.com\/catalogue\/acessorios\/bules-e-tacas\/caneca-flor-cerejeira\/#primaryimage\"},\"thumbnailUrl\":\"https:\/\/chacamelia.com\/admin\/wp-content\/uploads\/2022\/10\/caneca-flor-cerejeira.jpg\",\"datePublished\":\"2022-10-19T09:24:28+00:00\",\"dateModified\":\"2022-10-19T09:26:45+00:00\",\"description\":\"MUG WITH STAINLESS STEEL STRAINER AND LIDMUG WITH STAINLESS STEEL STRAINER AND LID\",\"breadcrumb\":{\"@id\":\"https:\/\/chacamelia.com\/catalogue\/acessorios\/bules-e-tacas\/caneca-flor-cerejeira\/#breadcrumb\"},\"inLanguage\":\"en-US\",\"potentialAction\":[{\"@type\":\"ReadAction\",\"target\":[\"https:\/\/chacamelia.com\/catalogue\/acessorios\/bules-e-tacas\/caneca-flor-cerejeira\/\"]}]},{\"@type\":\"ImageObject\",\"inLanguage\":\"en-US\",\"@id\":\"https:\/\/chacamelia.com\/catalogue\/acessorios\/bules-e-tacas\/caneca-flor-cerejeira\/#primaryimage\",\"url\":\"https:\/\/chacamelia.com\/admin\/wp-content\/uploads\/2022\/10\/caneca-flor-cerejeira.jpg\",\"contentUrl\":\"https:\/\/chacamelia.com\/admin\/wp-content\/uploads\/2022\/10\/caneca-flor-cerejeira.jpg\",\"width\":2500,\"height\":2500},{\"@type\":\"BreadcrumbList\",\"@id\":\"https:\/\/chacamelia.com\/catalogue\/acessorios\/bules-e-tacas\/caneca-flor-cerejeira\/#breadcrumb\",\"itemListElement\":[{\"@type\":\"ListItem\",\"position\":1,\"name\":\"Home\",\"item\":\"https:\/\/chacamelia.com\/en\/\"},{\"@type\":\"ListItem\",\"position\":2,\"name\":\"Online Store &#8211; Teas\",\"item\":\"https:\/\/chacamelia.com\/en\/online-store-teas\/\"},{\"@type\":\"ListItem\",\"position\":3,\"name\":\"Mug Cherry Blossom\"}]},{\"@type\":\"WebSite\",\"@id\":\"https:\/\/chacamelia.com\/#website\",\"url\":\"https:\/\/chacamelia.com\/\",\"name\":\"Ch\u00e1 Cam\u00e9lia\",\"description\":\"More than a drink, an attitude\",\"publisher\":{\"@id\":\"https:\/\/chacamelia.com\/#organization\"},\"potentialAction\":[{\"@type\":\"SearchAction\",\"target\":{\"@type\":\"EntryPoint\",\"urlTemplate\":\"https:\/\/chacamelia.com\/?s={search_term_string}\"},\"query-input\":{\"@type\":\"PropertyValueSpecification\",\"valueRequired\":true,\"valueName\":\"search_term_string\"}}],\"inLanguage\":\"en-US\"},{\"@type\":\"Organization\",\"@id\":\"https:\/\/chacamelia.com\/#organization\",\"name\":\"Ch\u00e1 Cam\u00e9lia\",\"url\":\"https:\/\/chacamelia.com\/\",\"logo\":{\"@type\":\"ImageObject\",\"inLanguage\":\"en-US\",\"@id\":\"https:\/\/chacamelia.com\/#\/schema\/logo\/image\/\",\"url\":\"https:\/\/chacamelia.com\/admin\/wp-content\/uploads\/2015\/06\/Logotipo.jpg\",\"contentUrl\":\"https:\/\/chacamelia.com\/admin\/wp-content\/uploads\/2015\/06\/Logotipo.jpg\",\"width\":289,\"height\":289,\"caption\":\"Ch\u00e1 Cam\u00e9lia\"},\"image\":{\"@id\":\"https:\/\/chacamelia.com\/#\/schema\/logo\/image\/\"}}]}<\/script>\n<!-- \/ Yoast SEO plugin. -->","yoast_head_json":{"title":"Mug Cherry Blossom - Comprar Teapots and Cups en l\u00ednea - Ch\u00e1 Cam\u00e9lia","description":"MUG WITH STAINLESS STEEL STRAINER AND LIDMUG WITH STAINLESS STEEL STRAINER AND LID","robots":{"index":"index","follow":"follow","max-snippet":"max-snippet:-1","max-image-preview":"max-image-preview:large","max-video-preview":"max-video-preview:-1"},"canonical":"https:\/\/chacamelia.com\/catalogue\/acessorios\/bules-e-tacas\/caneca-flor-cerejeira\/","og_locale":"en_US","og_type":"article","og_title":"Mug Cherry Blossom - Comprar Teapots and Cups en l\u00ednea - Ch\u00e1 Cam\u00e9lia","og_description":"MUG WITH STAINLESS STEEL STRAINER AND LIDMUG WITH STAINLESS STEEL STRAINER AND LID","og_url":"https:\/\/chacamelia.com\/catalogue\/acessorios\/bules-e-tacas\/caneca-flor-cerejeira\/","og_site_name":"Ch\u00e1 Cam\u00e9lia","article_modified_time":"2022-10-19T09:26:45+00:00","og_image":[{"width":2500,"height":2500,"url":"https:\/\/chacamelia.com\/admin\/wp-content\/uploads\/2022\/10\/caneca-flor-cerejeira.jpg","type":"image\/jpeg"}],"twitter_card":"summary_large_image","twitter_misc":{"Est. reading time":"1 minute"},"schema":{"@context":"https:\/\/schema.org","@graph":[{"@type":"WebPage","@id":"https:\/\/chacamelia.com\/catalogue\/acessorios\/bules-e-tacas\/caneca-flor-cerejeira\/","url":"https:\/\/chacamelia.com\/catalogue\/acessorios\/bules-e-tacas\/caneca-flor-cerejeira\/","name":"Mug Cherry Blossom - Comprar Teapots and Cups en l\u00ednea - Ch\u00e1 Cam\u00e9lia","isPartOf":{"@id":"https:\/\/chacamelia.com\/#website"},"primaryImageOfPage":{"@id":"https:\/\/chacamelia.com\/catalogue\/acessorios\/bules-e-tacas\/caneca-flor-cerejeira\/#primaryimage"},"image":{"@id":"https:\/\/chacamelia.com\/catalogue\/acessorios\/bules-e-tacas\/caneca-flor-cerejeira\/#primaryimage"},"thumbnailUrl":"https:\/\/chacamelia.com\/admin\/wp-content\/uploads\/2022\/10\/caneca-flor-cerejeira.jpg","datePublished":"2022-10-19T09:24:28+00:00","dateModified":"2022-10-19T09:26:45+00:00","description":"MUG WITH STAINLESS STEEL STRAINER AND LIDMUG WITH STAINLESS STEEL STRAINER AND LID","breadcrumb":{"@id":"https:\/\/chacamelia.com\/catalogue\/acessorios\/bules-e-tacas\/caneca-flor-cerejeira\/#breadcrumb"},"inLanguage":"en-US","potentialAction":[{"@type":"ReadAction","target":["https:\/\/chacamelia.com\/catalogue\/acessorios\/bules-e-tacas\/caneca-flor-cerejeira\/"]}]},{"@type":"ImageObject","inLanguage":"en-US","@id":"https:\/\/chacamelia.com\/catalogue\/acessorios\/bules-e-tacas\/caneca-flor-cerejeira\/#primaryimage","url":"https:\/\/chacamelia.com\/admin\/wp-content\/uploads\/2022\/10\/caneca-flor-cerejeira.jpg","contentUrl":"https:\/\/chacamelia.com\/admin\/wp-content\/uploads\/2022\/10\/caneca-flor-cerejeira.jpg","width":2500,"height":2500},{"@type":"BreadcrumbList","@id":"https:\/\/chacamelia.com\/catalogue\/acessorios\/bules-e-tacas\/caneca-flor-cerejeira\/#breadcrumb","itemListElement":[{"@type":"ListItem","position":1,"name":"Home","item":"https:\/\/chacamelia.com\/en\/"},{"@type":"ListItem","position":2,"name":"Online Store &#8211; Teas","item":"https:\/\/chacamelia.com\/en\/online-store-teas\/"},{"@type":"ListItem","position":3,"name":"Mug Cherry Blossom"}]},{"@type":"WebSite","@id":"https:\/\/chacamelia.com\/#website","url":"https:\/\/chacamelia.com\/","name":"Ch\u00e1 Cam\u00e9lia","description":"More than a drink, an attitude","publisher":{"@id":"https:\/\/chacamelia.com\/#organization"},"potentialAction":[{"@type":"SearchAction","target":{"@type":"EntryPoint","urlTemplate":"https:\/\/chacamelia.com\/?s={search_term_string}"},"query-input":{"@type":"PropertyValueSpecification","valueRequired":true,"valueName":"search_term_string"}}],"inLanguage":"en-US"},{"@type":"Organization","@id":"https:\/\/chacamelia.com\/#organization","name":"Ch\u00e1 Cam\u00e9lia","url":"https:\/\/chacamelia.com\/","logo":{"@type":"ImageObject","inLanguage":"en-US","@id":"https:\/\/chacamelia.com\/#\/schema\/logo\/image\/","url":"https:\/\/chacamelia.com\/admin\/wp-content\/uploads\/2015\/06\/Logotipo.jpg","contentUrl":"https:\/\/chacamelia.com\/admin\/wp-content\/uploads\/2015\/06\/Logotipo.jpg","width":289,"height":289,"caption":"Ch\u00e1 Cam\u00e9lia"},"image":{"@id":"https:\/\/chacamelia.com\/#\/schema\/logo\/image\/"}}]}},"_links":{"self":[{"href":"https:\/\/chacamelia.com\/en\/wp-json\/wp\/v2\/product\/13654","targetHints":{"allow":["GET"]}}],"collection":[{"href":"https:\/\/chacamelia.com\/en\/wp-json\/wp\/v2\/product"}],"about":[{"href":"https:\/\/chacamelia.com\/en\/wp-json\/wp\/v2\/types\/product"}],"wp:featuredmedia":[{"embeddable":true,"href":"https:\/\/chacamelia.com\/en\/wp-json\/wp\/v2\/media\/13646"}],"wp:attachment":[{"href":"https:\/\/chacamelia.com\/en\/wp-json\/wp\/v2\/media?parent=13654"}],"wp:term":[{"taxonomy":"product_brand","embeddable":true,"href":"https:\/\/chacamelia.com\/en\/wp-json\/wp\/v2\/product_brand?post=13654"},{"taxonomy":"product_cat","embeddable":true,"href":"https:\/\/chacamelia.com\/en\/wp-json\/wp\/v2\/product_cat?post=13654"},{"taxonomy":"product_tag","embeddable":true,"href":"https:\/\/chacamelia.com\/en\/wp-json\/wp\/v2\/product_tag?post=13654"}],"curies":[{"name":"wp","href":"https:\/\/api.w.org\/{rel}","templated":true}]}}