{"id":13602,"date":"2022-10-18T09:46:42","date_gmt":"2022-10-18T09:46:42","guid":{"rendered":"https:\/\/chacamelia.com\/catalogue\/uncategorized\/rosa-do-oriente\/"},"modified":"2025-08-25T15:14:52","modified_gmt":"2025-08-25T15:14:52","slug":"rosa-do-oriente","status":"publish","type":"product","link":"https:\/\/chacamelia.com\/en\/catalogue\/teas\/own-production\/rosa-do-oriente\/","title":{"rendered":"Rosa Oriente Bio"},"content":{"rendered":"<p>At the beginning of the 16th century, following the discovery of the sea route to India, the influence of the Orient was so profound for the Portuguese that they changed the compass rose to indicate east instead of north. Around this time, they also brought the first camellias to Portugal, calling them \u201croses of the Orient.\u201d<\/p>\n<p>Rosa do Oriente is our only pan-fired green tea. It is made from the very first leaves of our seed plants. This tea offers generous green flavours with a floral touch. Its beautiful, colourful leaves allow for multiple infusions.<\/p>\n<p>&nbsp;<\/p>\n<p>We recommend up to 3-4 infusions.<\/p>\n<p>&nbsp;<\/p>\n<p class=\"p1\">50g pack<\/p>\n<p>&nbsp;<\/p>\n<p class=\"p1\">Tasting notes: Generous, comforting green with light floral fragrance, with caffeine.<\/p>\n<p>&nbsp;<\/p>\n<p><img loading=\"lazy\" decoding=\"async\" class=\"alignnone wp-image-13605\" src=\"https:\/\/chacamelia.com\/admin\/wp-content\/uploads\/2022\/10\/eu_organic_logo_colour_outerline_rgb-280x186.jpg\" alt=\"\" width=\"100\" height=\"66\" \/><\/p>\n<p>AGRICULTURE UE \/ PT-BIO-04<\/p>\n<p>&nbsp;<\/p>\n","protected":false},"excerpt":{"rendered":"<p class=\"p1\">Rosa do Oriente is handcrafted green tea from the early spring leaves<\/p>\n","protected":false},"featured_media":13580,"template":"","meta":{"_acf_changed":false},"product_brand":[],"product_cat":[606],"product_tag":[],"class_list":{"0":"post-13602","1":"product","2":"type-product","3":"status-publish","4":"has-post-thumbnail","6":"product_cat-own-production","8":"first","9":"instock","10":"taxable","11":"shipping-taxable","12":"purchasable","13":"product-type-simple"},"group_of_quantity":0,"min_quantity":0,"max_quantity":"","exclude_order_quantity_value_rules":"no","exclude_category_quantity_rules":"no","combine_variations":"no","acf":[],"yoast_head":"<!-- This site is optimized with the Yoast SEO plugin v27.1.1 - https:\/\/yoast.com\/product\/yoast-seo-wordpress\/ -->\n<title>Rosa Oriente Bio - Comprar Own Production en l\u00ednea - Ch\u00e1 Cam\u00e9lia<\/title>\n<meta name=\"description\" content=\"Rosa do Oriente is handcrafted green tea from the early spring leaves Rosa do Oriente is handcrafted green tea from the early spring leaves\" \/>\n<meta name=\"robots\" content=\"index, follow, max-snippet:-1, max-image-preview:large, max-video-preview:-1\" \/>\n<link rel=\"canonical\" href=\"https:\/\/chacamelia.com\/en\/catalogue\/teas\/own-production\/rosa-do-oriente\/\" \/>\n<meta property=\"og:locale\" content=\"en_US\" \/>\n<meta property=\"og:type\" content=\"article\" \/>\n<meta property=\"og:title\" content=\"Rosa Oriente Bio - Comprar Own Production en l\u00ednea - Ch\u00e1 Cam\u00e9lia\" \/>\n<meta property=\"og:description\" content=\"Rosa do Oriente is handcrafted green tea from the early spring leaves Rosa do Oriente is handcrafted green tea from the early spring leaves\" \/>\n<meta property=\"og:url\" content=\"https:\/\/chacamelia.com\/en\/catalogue\/teas\/own-production\/rosa-do-oriente\/\" \/>\n<meta property=\"og:site_name\" content=\"Ch\u00e1 Cam\u00e9lia\" \/>\n<meta property=\"article:modified_time\" content=\"2025-08-25T15:14:52+00:00\" \/>\n<meta property=\"og:image\" content=\"https:\/\/chacamelia.com\/admin\/wp-content\/uploads\/2022\/10\/rosa-do-oriente.jpg\" \/>\n\t<meta property=\"og:image:width\" content=\"2500\" \/>\n\t<meta property=\"og:image:height\" content=\"2500\" \/>\n\t<meta property=\"og:image:type\" content=\"image\/jpeg\" \/>\n<meta name=\"twitter:card\" content=\"summary_large_image\" \/>\n<meta name=\"twitter:label1\" content=\"Est. reading time\" \/>\n\t<meta name=\"twitter:data1\" content=\"1 minute\" \/>\n<script type=\"application\/ld+json\" class=\"yoast-schema-graph\">{\"@context\":\"https:\/\/schema.org\",\"@graph\":[{\"@type\":\"WebPage\",\"@id\":\"https:\/\/chacamelia.com\/en\/catalogue\/teas\/own-production\/rosa-do-oriente\/\",\"url\":\"https:\/\/chacamelia.com\/en\/catalogue\/teas\/own-production\/rosa-do-oriente\/\",\"name\":\"Rosa Oriente Bio - Comprar Own Production en l\u00ednea - Ch\u00e1 Cam\u00e9lia\",\"isPartOf\":{\"@id\":\"https:\/\/chacamelia.com\/#website\"},\"primaryImageOfPage\":{\"@id\":\"https:\/\/chacamelia.com\/en\/catalogue\/teas\/own-production\/rosa-do-oriente\/#primaryimage\"},\"image\":{\"@id\":\"https:\/\/chacamelia.com\/en\/catalogue\/teas\/own-production\/rosa-do-oriente\/#primaryimage\"},\"thumbnailUrl\":\"https:\/\/chacamelia.com\/admin\/wp-content\/uploads\/2022\/10\/rosa-do-oriente.jpg\",\"datePublished\":\"2022-10-18T09:46:42+00:00\",\"dateModified\":\"2025-08-25T15:14:52+00:00\",\"description\":\"Rosa do Oriente is handcrafted green tea from the early spring leaves Rosa do Oriente is handcrafted green tea from the early spring leaves\",\"breadcrumb\":{\"@id\":\"https:\/\/chacamelia.com\/en\/catalogue\/teas\/own-production\/rosa-do-oriente\/#breadcrumb\"},\"inLanguage\":\"en-US\",\"potentialAction\":[{\"@type\":\"ReadAction\",\"target\":[\"https:\/\/chacamelia.com\/en\/catalogue\/teas\/own-production\/rosa-do-oriente\/\"]}]},{\"@type\":\"ImageObject\",\"inLanguage\":\"en-US\",\"@id\":\"https:\/\/chacamelia.com\/en\/catalogue\/teas\/own-production\/rosa-do-oriente\/#primaryimage\",\"url\":\"https:\/\/chacamelia.com\/admin\/wp-content\/uploads\/2022\/10\/rosa-do-oriente.jpg\",\"contentUrl\":\"https:\/\/chacamelia.com\/admin\/wp-content\/uploads\/2022\/10\/rosa-do-oriente.jpg\",\"width\":2500,\"height\":2500},{\"@type\":\"BreadcrumbList\",\"@id\":\"https:\/\/chacamelia.com\/en\/catalogue\/teas\/own-production\/rosa-do-oriente\/#breadcrumb\",\"itemListElement\":[{\"@type\":\"ListItem\",\"position\":1,\"name\":\"Home\",\"item\":\"https:\/\/chacamelia.com\/en\/\"},{\"@type\":\"ListItem\",\"position\":2,\"name\":\"Online Store &#8211; Teas\",\"item\":\"https:\/\/chacamelia.com\/en\/online-store-teas\/\"},{\"@type\":\"ListItem\",\"position\":3,\"name\":\"Rosa Oriente Bio\"}]},{\"@type\":\"WebSite\",\"@id\":\"https:\/\/chacamelia.com\/#website\",\"url\":\"https:\/\/chacamelia.com\/\",\"name\":\"Ch\u00e1 Cam\u00e9lia\",\"description\":\"More than a drink, an attitude\",\"publisher\":{\"@id\":\"https:\/\/chacamelia.com\/#organization\"},\"potentialAction\":[{\"@type\":\"SearchAction\",\"target\":{\"@type\":\"EntryPoint\",\"urlTemplate\":\"https:\/\/chacamelia.com\/?s={search_term_string}\"},\"query-input\":{\"@type\":\"PropertyValueSpecification\",\"valueRequired\":true,\"valueName\":\"search_term_string\"}}],\"inLanguage\":\"en-US\"},{\"@type\":\"Organization\",\"@id\":\"https:\/\/chacamelia.com\/#organization\",\"name\":\"Ch\u00e1 Cam\u00e9lia\",\"url\":\"https:\/\/chacamelia.com\/\",\"logo\":{\"@type\":\"ImageObject\",\"inLanguage\":\"en-US\",\"@id\":\"https:\/\/chacamelia.com\/#\/schema\/logo\/image\/\",\"url\":\"https:\/\/chacamelia.com\/admin\/wp-content\/uploads\/2015\/06\/Logotipo.jpg\",\"contentUrl\":\"https:\/\/chacamelia.com\/admin\/wp-content\/uploads\/2015\/06\/Logotipo.jpg\",\"width\":289,\"height\":289,\"caption\":\"Ch\u00e1 Cam\u00e9lia\"},\"image\":{\"@id\":\"https:\/\/chacamelia.com\/#\/schema\/logo\/image\/\"}}]}<\/script>\n<!-- \/ Yoast SEO plugin. -->","yoast_head_json":{"title":"Rosa Oriente Bio - Comprar Own Production en l\u00ednea - Ch\u00e1 Cam\u00e9lia","description":"Rosa do Oriente is handcrafted green tea from the early spring leaves Rosa do Oriente is handcrafted green tea from the early spring leaves","robots":{"index":"index","follow":"follow","max-snippet":"max-snippet:-1","max-image-preview":"max-image-preview:large","max-video-preview":"max-video-preview:-1"},"canonical":"https:\/\/chacamelia.com\/en\/catalogue\/teas\/own-production\/rosa-do-oriente\/","og_locale":"en_US","og_type":"article","og_title":"Rosa Oriente Bio - Comprar Own Production en l\u00ednea - Ch\u00e1 Cam\u00e9lia","og_description":"Rosa do Oriente is handcrafted green tea from the early spring leaves Rosa do Oriente is handcrafted green tea from the early spring leaves","og_url":"https:\/\/chacamelia.com\/en\/catalogue\/teas\/own-production\/rosa-do-oriente\/","og_site_name":"Ch\u00e1 Cam\u00e9lia","article_modified_time":"2025-08-25T15:14:52+00:00","og_image":[{"width":2500,"height":2500,"url":"https:\/\/chacamelia.com\/admin\/wp-content\/uploads\/2022\/10\/rosa-do-oriente.jpg","type":"image\/jpeg"}],"twitter_card":"summary_large_image","twitter_misc":{"Est. reading time":"1 minute"},"schema":{"@context":"https:\/\/schema.org","@graph":[{"@type":"WebPage","@id":"https:\/\/chacamelia.com\/en\/catalogue\/teas\/own-production\/rosa-do-oriente\/","url":"https:\/\/chacamelia.com\/en\/catalogue\/teas\/own-production\/rosa-do-oriente\/","name":"Rosa Oriente Bio - Comprar Own Production en l\u00ednea - Ch\u00e1 Cam\u00e9lia","isPartOf":{"@id":"https:\/\/chacamelia.com\/#website"},"primaryImageOfPage":{"@id":"https:\/\/chacamelia.com\/en\/catalogue\/teas\/own-production\/rosa-do-oriente\/#primaryimage"},"image":{"@id":"https:\/\/chacamelia.com\/en\/catalogue\/teas\/own-production\/rosa-do-oriente\/#primaryimage"},"thumbnailUrl":"https:\/\/chacamelia.com\/admin\/wp-content\/uploads\/2022\/10\/rosa-do-oriente.jpg","datePublished":"2022-10-18T09:46:42+00:00","dateModified":"2025-08-25T15:14:52+00:00","description":"Rosa do Oriente is handcrafted green tea from the early spring leaves Rosa do Oriente is handcrafted green tea from the early spring leaves","breadcrumb":{"@id":"https:\/\/chacamelia.com\/en\/catalogue\/teas\/own-production\/rosa-do-oriente\/#breadcrumb"},"inLanguage":"en-US","potentialAction":[{"@type":"ReadAction","target":["https:\/\/chacamelia.com\/en\/catalogue\/teas\/own-production\/rosa-do-oriente\/"]}]},{"@type":"ImageObject","inLanguage":"en-US","@id":"https:\/\/chacamelia.com\/en\/catalogue\/teas\/own-production\/rosa-do-oriente\/#primaryimage","url":"https:\/\/chacamelia.com\/admin\/wp-content\/uploads\/2022\/10\/rosa-do-oriente.jpg","contentUrl":"https:\/\/chacamelia.com\/admin\/wp-content\/uploads\/2022\/10\/rosa-do-oriente.jpg","width":2500,"height":2500},{"@type":"BreadcrumbList","@id":"https:\/\/chacamelia.com\/en\/catalogue\/teas\/own-production\/rosa-do-oriente\/#breadcrumb","itemListElement":[{"@type":"ListItem","position":1,"name":"Home","item":"https:\/\/chacamelia.com\/en\/"},{"@type":"ListItem","position":2,"name":"Online Store &#8211; Teas","item":"https:\/\/chacamelia.com\/en\/online-store-teas\/"},{"@type":"ListItem","position":3,"name":"Rosa Oriente Bio"}]},{"@type":"WebSite","@id":"https:\/\/chacamelia.com\/#website","url":"https:\/\/chacamelia.com\/","name":"Ch\u00e1 Cam\u00e9lia","description":"More than a drink, an attitude","publisher":{"@id":"https:\/\/chacamelia.com\/#organization"},"potentialAction":[{"@type":"SearchAction","target":{"@type":"EntryPoint","urlTemplate":"https:\/\/chacamelia.com\/?s={search_term_string}"},"query-input":{"@type":"PropertyValueSpecification","valueRequired":true,"valueName":"search_term_string"}}],"inLanguage":"en-US"},{"@type":"Organization","@id":"https:\/\/chacamelia.com\/#organization","name":"Ch\u00e1 Cam\u00e9lia","url":"https:\/\/chacamelia.com\/","logo":{"@type":"ImageObject","inLanguage":"en-US","@id":"https:\/\/chacamelia.com\/#\/schema\/logo\/image\/","url":"https:\/\/chacamelia.com\/admin\/wp-content\/uploads\/2015\/06\/Logotipo.jpg","contentUrl":"https:\/\/chacamelia.com\/admin\/wp-content\/uploads\/2015\/06\/Logotipo.jpg","width":289,"height":289,"caption":"Ch\u00e1 Cam\u00e9lia"},"image":{"@id":"https:\/\/chacamelia.com\/#\/schema\/logo\/image\/"}}]}},"_links":{"self":[{"href":"https:\/\/chacamelia.com\/en\/wp-json\/wp\/v2\/product\/13602","targetHints":{"allow":["GET"]}}],"collection":[{"href":"https:\/\/chacamelia.com\/en\/wp-json\/wp\/v2\/product"}],"about":[{"href":"https:\/\/chacamelia.com\/en\/wp-json\/wp\/v2\/types\/product"}],"wp:featuredmedia":[{"embeddable":true,"href":"https:\/\/chacamelia.com\/en\/wp-json\/wp\/v2\/media\/13580"}],"wp:attachment":[{"href":"https:\/\/chacamelia.com\/en\/wp-json\/wp\/v2\/media?parent=13602"}],"wp:term":[{"taxonomy":"product_brand","embeddable":true,"href":"https:\/\/chacamelia.com\/en\/wp-json\/wp\/v2\/product_brand?post=13602"},{"taxonomy":"product_cat","embeddable":true,"href":"https:\/\/chacamelia.com\/en\/wp-json\/wp\/v2\/product_cat?post=13602"},{"taxonomy":"product_tag","embeddable":true,"href":"https:\/\/chacamelia.com\/en\/wp-json\/wp\/v2\/product_tag?post=13602"}],"curies":[{"name":"wp","href":"https:\/\/api.w.org\/{rel}","templated":true}]}}