{"id":12756,"date":"2021-12-07T11:34:34","date_gmt":"2021-12-07T11:34:34","guid":{"rendered":"https:\/\/chacamelia.com\/catalogue\/uncategorized\/cha-branco-azores\/"},"modified":"2022-03-30T08:04:39","modified_gmt":"2022-03-30T08:04:39","slug":"white-tea-azores","status":"publish","type":"product","link":"https:\/\/chacamelia.com\/en\/catalogue\/teas\/portuguese-blends\/white-tea-azores\/","title":{"rendered":"White Tea Azores"},"content":{"rendered":"<p class=\"p1\">In the 1980s, the S\u00e3o Miguel Agrarian Development Service (Azores\/Portugal) planted 0.4 hectares with Camellia sinensis, more specifically the varietal \u2018Assamica\u2019. This variety is most commonly used for the production of black tea. In this small experimental plantation no synthetic fertilizers or pesticides are used. Clara Estrela Rego started producing white tea, dried naturally. The whole leaves reveal the unique terroir of the Azores &#8211; the oldest tea-producing area in Europe.<\/p>\n<p>&nbsp;<\/p>\n<p>50g pack<\/p>\n<p>&nbsp;<\/p>\n<p class=\"p1\">Delicate aromas with slight sweetness, some caffeine<\/p>\n<p>&nbsp;<\/p>\n<p class=\"p1\">\n","protected":false},"excerpt":{"rendered":"<p>WHITE TEA FROM THE AZORES ISLANDS\/PORTUGAL<\/p>\n","protected":false},"featured_media":12719,"template":"","meta":{"_acf_changed":false},"product_brand":[],"product_cat":[289,608],"product_tag":[],"class_list":{"0":"post-12756","1":"product","2":"type-product","3":"status-publish","4":"has-post-thumbnail","6":"product_cat-portuguese-blends","7":"product_cat-specialities","9":"first","10":"instock","11":"taxable","12":"shipping-taxable","13":"purchasable","14":"product-type-simple"},"group_of_quantity":0,"min_quantity":0,"max_quantity":"","exclude_order_quantity_value_rules":"no","exclude_category_quantity_rules":"no","combine_variations":"no","acf":[],"yoast_head":"<!-- This site is optimized with the Yoast SEO plugin v27.1.1 - https:\/\/yoast.com\/product\/yoast-seo-wordpress\/ -->\n<title>White Tea Azores - Comprar Portuguese Blends, Specialities en l\u00ednea - Ch\u00e1 Cam\u00e9lia<\/title>\n<meta name=\"description\" content=\"WHITE TEA FROM THE AZORES ISLANDS\/PORTUGAL WHITE TEA FROM THE AZORES ISLANDS\/PORTUGAL\u00a0\" \/>\n<meta name=\"robots\" content=\"index, follow, max-snippet:-1, max-image-preview:large, max-video-preview:-1\" \/>\n<link rel=\"canonical\" href=\"https:\/\/chacamelia.com\/catalogue\/chas\/blends-portugueses\/cha-branco-azores\/\" \/>\n<meta property=\"og:locale\" content=\"en_US\" \/>\n<meta property=\"og:type\" content=\"article\" \/>\n<meta property=\"og:title\" content=\"White Tea Azores - Comprar Portuguese Blends, Specialities en l\u00ednea - Ch\u00e1 Cam\u00e9lia\" \/>\n<meta property=\"og:description\" content=\"WHITE TEA FROM THE AZORES ISLANDS\/PORTUGAL WHITE TEA FROM THE AZORES ISLANDS\/PORTUGAL\u00a0\" \/>\n<meta property=\"og:url\" content=\"https:\/\/chacamelia.com\/catalogue\/chas\/blends-portugueses\/cha-branco-azores\/\" \/>\n<meta property=\"og:site_name\" content=\"Ch\u00e1 Cam\u00e9lia\" \/>\n<meta property=\"article:modified_time\" content=\"2022-03-30T08:04:39+00:00\" \/>\n<meta property=\"og:image\" content=\"https:\/\/chacamelia.com\/admin\/wp-content\/uploads\/2021\/12\/cha-branco_azores.png\" \/>\n\t<meta property=\"og:image:width\" content=\"2500\" \/>\n\t<meta property=\"og:image:height\" content=\"2500\" \/>\n\t<meta property=\"og:image:type\" content=\"image\/png\" \/>\n<meta name=\"twitter:card\" content=\"summary_large_image\" \/>\n<script type=\"application\/ld+json\" class=\"yoast-schema-graph\">{\"@context\":\"https:\/\/schema.org\",\"@graph\":[{\"@type\":\"WebPage\",\"@id\":\"https:\/\/chacamelia.com\/catalogue\/chas\/blends-portugueses\/cha-branco-azores\/\",\"url\":\"https:\/\/chacamelia.com\/catalogue\/chas\/blends-portugueses\/cha-branco-azores\/\",\"name\":\"White Tea Azores - Comprar Portuguese Blends, Specialities en l\u00ednea - Ch\u00e1 Cam\u00e9lia\",\"isPartOf\":{\"@id\":\"https:\/\/chacamelia.com\/#website\"},\"primaryImageOfPage\":{\"@id\":\"https:\/\/chacamelia.com\/catalogue\/chas\/blends-portugueses\/cha-branco-azores\/#primaryimage\"},\"image\":{\"@id\":\"https:\/\/chacamelia.com\/catalogue\/chas\/blends-portugueses\/cha-branco-azores\/#primaryimage\"},\"thumbnailUrl\":\"https:\/\/chacamelia.com\/admin\/wp-content\/uploads\/2021\/12\/cha-branco_azores.png\",\"datePublished\":\"2021-12-07T11:34:34+00:00\",\"dateModified\":\"2022-03-30T08:04:39+00:00\",\"description\":\"WHITE TEA FROM THE AZORES ISLANDS\/PORTUGAL WHITE TEA FROM THE AZORES ISLANDS\/PORTUGAL\u00a0\",\"breadcrumb\":{\"@id\":\"https:\/\/chacamelia.com\/catalogue\/chas\/blends-portugueses\/cha-branco-azores\/#breadcrumb\"},\"inLanguage\":\"en-US\",\"potentialAction\":[{\"@type\":\"ReadAction\",\"target\":[\"https:\/\/chacamelia.com\/catalogue\/chas\/blends-portugueses\/cha-branco-azores\/\"]}]},{\"@type\":\"ImageObject\",\"inLanguage\":\"en-US\",\"@id\":\"https:\/\/chacamelia.com\/catalogue\/chas\/blends-portugueses\/cha-branco-azores\/#primaryimage\",\"url\":\"https:\/\/chacamelia.com\/admin\/wp-content\/uploads\/2021\/12\/cha-branco_azores.png\",\"contentUrl\":\"https:\/\/chacamelia.com\/admin\/wp-content\/uploads\/2021\/12\/cha-branco_azores.png\",\"width\":2500,\"height\":2500},{\"@type\":\"BreadcrumbList\",\"@id\":\"https:\/\/chacamelia.com\/catalogue\/chas\/blends-portugueses\/cha-branco-azores\/#breadcrumb\",\"itemListElement\":[{\"@type\":\"ListItem\",\"position\":1,\"name\":\"Home\",\"item\":\"https:\/\/chacamelia.com\/en\/\"},{\"@type\":\"ListItem\",\"position\":2,\"name\":\"Online Store &#8211; Teas\",\"item\":\"https:\/\/chacamelia.com\/en\/online-store-teas\/\"},{\"@type\":\"ListItem\",\"position\":3,\"name\":\"White Tea Azores\"}]},{\"@type\":\"WebSite\",\"@id\":\"https:\/\/chacamelia.com\/#website\",\"url\":\"https:\/\/chacamelia.com\/\",\"name\":\"Ch\u00e1 Cam\u00e9lia\",\"description\":\"More than a drink, an attitude\",\"publisher\":{\"@id\":\"https:\/\/chacamelia.com\/#organization\"},\"potentialAction\":[{\"@type\":\"SearchAction\",\"target\":{\"@type\":\"EntryPoint\",\"urlTemplate\":\"https:\/\/chacamelia.com\/?s={search_term_string}\"},\"query-input\":{\"@type\":\"PropertyValueSpecification\",\"valueRequired\":true,\"valueName\":\"search_term_string\"}}],\"inLanguage\":\"en-US\"},{\"@type\":\"Organization\",\"@id\":\"https:\/\/chacamelia.com\/#organization\",\"name\":\"Ch\u00e1 Cam\u00e9lia\",\"url\":\"https:\/\/chacamelia.com\/\",\"logo\":{\"@type\":\"ImageObject\",\"inLanguage\":\"en-US\",\"@id\":\"https:\/\/chacamelia.com\/#\/schema\/logo\/image\/\",\"url\":\"https:\/\/chacamelia.com\/admin\/wp-content\/uploads\/2015\/06\/Logotipo.jpg\",\"contentUrl\":\"https:\/\/chacamelia.com\/admin\/wp-content\/uploads\/2015\/06\/Logotipo.jpg\",\"width\":289,\"height\":289,\"caption\":\"Ch\u00e1 Cam\u00e9lia\"},\"image\":{\"@id\":\"https:\/\/chacamelia.com\/#\/schema\/logo\/image\/\"}}]}<\/script>\n<!-- \/ Yoast SEO plugin. -->","yoast_head_json":{"title":"White Tea Azores - Comprar Portuguese Blends, Specialities en l\u00ednea - Ch\u00e1 Cam\u00e9lia","description":"WHITE TEA FROM THE AZORES ISLANDS\/PORTUGAL WHITE TEA FROM THE AZORES ISLANDS\/PORTUGAL\u00a0","robots":{"index":"index","follow":"follow","max-snippet":"max-snippet:-1","max-image-preview":"max-image-preview:large","max-video-preview":"max-video-preview:-1"},"canonical":"https:\/\/chacamelia.com\/catalogue\/chas\/blends-portugueses\/cha-branco-azores\/","og_locale":"en_US","og_type":"article","og_title":"White Tea Azores - Comprar Portuguese Blends, Specialities en l\u00ednea - Ch\u00e1 Cam\u00e9lia","og_description":"WHITE TEA FROM THE AZORES ISLANDS\/PORTUGAL WHITE TEA FROM THE AZORES ISLANDS\/PORTUGAL\u00a0","og_url":"https:\/\/chacamelia.com\/catalogue\/chas\/blends-portugueses\/cha-branco-azores\/","og_site_name":"Ch\u00e1 Cam\u00e9lia","article_modified_time":"2022-03-30T08:04:39+00:00","og_image":[{"width":2500,"height":2500,"url":"https:\/\/chacamelia.com\/admin\/wp-content\/uploads\/2021\/12\/cha-branco_azores.png","type":"image\/png"}],"twitter_card":"summary_large_image","schema":{"@context":"https:\/\/schema.org","@graph":[{"@type":"WebPage","@id":"https:\/\/chacamelia.com\/catalogue\/chas\/blends-portugueses\/cha-branco-azores\/","url":"https:\/\/chacamelia.com\/catalogue\/chas\/blends-portugueses\/cha-branco-azores\/","name":"White Tea Azores - Comprar Portuguese Blends, Specialities en l\u00ednea - Ch\u00e1 Cam\u00e9lia","isPartOf":{"@id":"https:\/\/chacamelia.com\/#website"},"primaryImageOfPage":{"@id":"https:\/\/chacamelia.com\/catalogue\/chas\/blends-portugueses\/cha-branco-azores\/#primaryimage"},"image":{"@id":"https:\/\/chacamelia.com\/catalogue\/chas\/blends-portugueses\/cha-branco-azores\/#primaryimage"},"thumbnailUrl":"https:\/\/chacamelia.com\/admin\/wp-content\/uploads\/2021\/12\/cha-branco_azores.png","datePublished":"2021-12-07T11:34:34+00:00","dateModified":"2022-03-30T08:04:39+00:00","description":"WHITE TEA FROM THE AZORES ISLANDS\/PORTUGAL WHITE TEA FROM THE AZORES ISLANDS\/PORTUGAL\u00a0","breadcrumb":{"@id":"https:\/\/chacamelia.com\/catalogue\/chas\/blends-portugueses\/cha-branco-azores\/#breadcrumb"},"inLanguage":"en-US","potentialAction":[{"@type":"ReadAction","target":["https:\/\/chacamelia.com\/catalogue\/chas\/blends-portugueses\/cha-branco-azores\/"]}]},{"@type":"ImageObject","inLanguage":"en-US","@id":"https:\/\/chacamelia.com\/catalogue\/chas\/blends-portugueses\/cha-branco-azores\/#primaryimage","url":"https:\/\/chacamelia.com\/admin\/wp-content\/uploads\/2021\/12\/cha-branco_azores.png","contentUrl":"https:\/\/chacamelia.com\/admin\/wp-content\/uploads\/2021\/12\/cha-branco_azores.png","width":2500,"height":2500},{"@type":"BreadcrumbList","@id":"https:\/\/chacamelia.com\/catalogue\/chas\/blends-portugueses\/cha-branco-azores\/#breadcrumb","itemListElement":[{"@type":"ListItem","position":1,"name":"Home","item":"https:\/\/chacamelia.com\/en\/"},{"@type":"ListItem","position":2,"name":"Online Store &#8211; Teas","item":"https:\/\/chacamelia.com\/en\/online-store-teas\/"},{"@type":"ListItem","position":3,"name":"White Tea Azores"}]},{"@type":"WebSite","@id":"https:\/\/chacamelia.com\/#website","url":"https:\/\/chacamelia.com\/","name":"Ch\u00e1 Cam\u00e9lia","description":"More than a drink, an attitude","publisher":{"@id":"https:\/\/chacamelia.com\/#organization"},"potentialAction":[{"@type":"SearchAction","target":{"@type":"EntryPoint","urlTemplate":"https:\/\/chacamelia.com\/?s={search_term_string}"},"query-input":{"@type":"PropertyValueSpecification","valueRequired":true,"valueName":"search_term_string"}}],"inLanguage":"en-US"},{"@type":"Organization","@id":"https:\/\/chacamelia.com\/#organization","name":"Ch\u00e1 Cam\u00e9lia","url":"https:\/\/chacamelia.com\/","logo":{"@type":"ImageObject","inLanguage":"en-US","@id":"https:\/\/chacamelia.com\/#\/schema\/logo\/image\/","url":"https:\/\/chacamelia.com\/admin\/wp-content\/uploads\/2015\/06\/Logotipo.jpg","contentUrl":"https:\/\/chacamelia.com\/admin\/wp-content\/uploads\/2015\/06\/Logotipo.jpg","width":289,"height":289,"caption":"Ch\u00e1 Cam\u00e9lia"},"image":{"@id":"https:\/\/chacamelia.com\/#\/schema\/logo\/image\/"}}]}},"_links":{"self":[{"href":"https:\/\/chacamelia.com\/en\/wp-json\/wp\/v2\/product\/12756","targetHints":{"allow":["GET"]}}],"collection":[{"href":"https:\/\/chacamelia.com\/en\/wp-json\/wp\/v2\/product"}],"about":[{"href":"https:\/\/chacamelia.com\/en\/wp-json\/wp\/v2\/types\/product"}],"wp:featuredmedia":[{"embeddable":true,"href":"https:\/\/chacamelia.com\/en\/wp-json\/wp\/v2\/media\/12719"}],"wp:attachment":[{"href":"https:\/\/chacamelia.com\/en\/wp-json\/wp\/v2\/media?parent=12756"}],"wp:term":[{"taxonomy":"product_brand","embeddable":true,"href":"https:\/\/chacamelia.com\/en\/wp-json\/wp\/v2\/product_brand?post=12756"},{"taxonomy":"product_cat","embeddable":true,"href":"https:\/\/chacamelia.com\/en\/wp-json\/wp\/v2\/product_cat?post=12756"},{"taxonomy":"product_tag","embeddable":true,"href":"https:\/\/chacamelia.com\/en\/wp-json\/wp\/v2\/product_tag?post=12756"}],"curies":[{"name":"wp","href":"https:\/\/api.w.org\/{rel}","templated":true}]}}