{"id":11506,"date":"2020-12-04T13:46:56","date_gmt":"2020-12-04T13:46:56","guid":{"rendered":"https:\/\/chacamelia.com\/catalogue\/uncategorized\/eighty-degrees-vol-5\/"},"modified":"2020-12-04T16:14:36","modified_gmt":"2020-12-04T16:14:36","slug":"eighty-degrees-vol-5","status":"publish","type":"product","link":"https:\/\/chacamelia.com\/en\/catalogue\/accessories\/good-company\/eighty-degrees-vol-5\/","title":{"rendered":"Eighty Degrees Vol 5"},"content":{"rendered":"<p>Tea is a multifaceted subject and one can rank the many types according to countless features. In this issue, we will look at four of the most famous and highly acclaimed Chinese teas \u2014 China\u2019s green kings.<\/p>\n<p>&nbsp;<\/p>\n<p>James Hoffmann, the coffee wizard with a soft spot for tea, helps us dissect the rivalry between coffee and tea drinkers and investigate the appeal of both beverages. \u2063<\/p>\n<p>&nbsp;<\/p>\n<p>Five businesses tell us about their journey through the current pandemic and what pitfalls and opportunities befell them.<\/p>\n<p>&nbsp;<\/p>\n<p>We explore which teas go well with which foods and how readily restaurants might onboard a proper tea menu.<\/p>\n<p>&nbsp;<\/p>\n<p>We take tea with a fifth-generation metal craftsman in the heart of Kyoto, visit a team of renegades in the forgotten fields of an ex-Soviet Union country, and discover high-elevation gardens in the Himalayas.<\/p>\n","protected":false},"excerpt":{"rendered":"<p>EIGHTY DEGREES VOL 5 IS A PROFOUND MAGAZINE ON THE CULTURE OF TEA.<\/p>\n","protected":false},"featured_media":11503,"template":"","meta":{"_acf_changed":false},"product_brand":[],"product_cat":[1219],"product_tag":[],"class_list":{"0":"post-11506","1":"product","2":"type-product","3":"status-publish","4":"has-post-thumbnail","6":"product_cat-good-company","8":"first","9":"instock","10":"taxable","11":"shipping-taxable","12":"purchasable","13":"product-type-simple"},"group_of_quantity":0,"min_quantity":0,"max_quantity":"","exclude_order_quantity_value_rules":"no","exclude_category_quantity_rules":"no","combine_variations":"no","acf":[],"yoast_head":"<!-- This site is optimized with the Yoast SEO plugin v27.1.1 - https:\/\/yoast.com\/product\/yoast-seo-wordpress\/ -->\n<title>Eighty Degrees Vol 5 - Comprar Good Company en l\u00ednea - Ch\u00e1 Cam\u00e9lia<\/title>\n<meta name=\"description\" content=\"EIGHTY DEGREES VOL 5 IS A PROFOUND MAGAZINE ON THE CULTURE OF TEA. EIGHTY DEGREES VOL 2 IS A PROFOUND MAGAZINE ON THE CULTURE OF TEA.\" \/>\n<meta name=\"robots\" content=\"index, follow, max-snippet:-1, max-image-preview:large, max-video-preview:-1\" \/>\n<link rel=\"canonical\" href=\"https:\/\/chacamelia.com\/catalogue\/acessorios\/companhia\/eighty-degrees-vol-5\/\" \/>\n<meta property=\"og:locale\" content=\"en_US\" \/>\n<meta property=\"og:type\" content=\"article\" \/>\n<meta property=\"og:title\" content=\"Eighty Degrees Vol 5 - Comprar Good Company en l\u00ednea - Ch\u00e1 Cam\u00e9lia\" \/>\n<meta property=\"og:description\" content=\"EIGHTY DEGREES VOL 5 IS A PROFOUND MAGAZINE ON THE CULTURE OF TEA. EIGHTY DEGREES VOL 2 IS A PROFOUND MAGAZINE ON THE CULTURE OF TEA.\" \/>\n<meta property=\"og:url\" content=\"https:\/\/chacamelia.com\/catalogue\/acessorios\/companhia\/eighty-degrees-vol-5\/\" \/>\n<meta property=\"og:site_name\" content=\"Ch\u00e1 Cam\u00e9lia\" \/>\n<meta property=\"article:modified_time\" content=\"2020-12-04T16:14:36+00:00\" \/>\n<meta property=\"og:image\" content=\"https:\/\/chacamelia.com\/admin\/wp-content\/uploads\/2020\/12\/is-05-front-cover-small-1.jpeg\" \/>\n\t<meta property=\"og:image:width\" content=\"477\" \/>\n\t<meta property=\"og:image:height\" content=\"640\" \/>\n\t<meta property=\"og:image:type\" content=\"image\/jpeg\" \/>\n<meta name=\"twitter:card\" content=\"summary_large_image\" \/>\n<meta name=\"twitter:label1\" content=\"Est. reading time\" \/>\n\t<meta name=\"twitter:data1\" content=\"1 minute\" \/>\n<script type=\"application\/ld+json\" class=\"yoast-schema-graph\">{\"@context\":\"https:\/\/schema.org\",\"@graph\":[{\"@type\":\"WebPage\",\"@id\":\"https:\/\/chacamelia.com\/catalogue\/acessorios\/companhia\/eighty-degrees-vol-5\/\",\"url\":\"https:\/\/chacamelia.com\/catalogue\/acessorios\/companhia\/eighty-degrees-vol-5\/\",\"name\":\"Eighty Degrees Vol 5 - Comprar Good Company en l\u00ednea - Ch\u00e1 Cam\u00e9lia\",\"isPartOf\":{\"@id\":\"https:\/\/chacamelia.com\/#website\"},\"primaryImageOfPage\":{\"@id\":\"https:\/\/chacamelia.com\/catalogue\/acessorios\/companhia\/eighty-degrees-vol-5\/#primaryimage\"},\"image\":{\"@id\":\"https:\/\/chacamelia.com\/catalogue\/acessorios\/companhia\/eighty-degrees-vol-5\/#primaryimage\"},\"thumbnailUrl\":\"https:\/\/chacamelia.com\/admin\/wp-content\/uploads\/2020\/12\/is-05-front-cover-small-1.jpeg\",\"datePublished\":\"2020-12-04T13:46:56+00:00\",\"dateModified\":\"2020-12-04T16:14:36+00:00\",\"description\":\"EIGHTY DEGREES VOL 5 IS A PROFOUND MAGAZINE ON THE CULTURE OF TEA. EIGHTY DEGREES VOL 2 IS A PROFOUND MAGAZINE ON THE CULTURE OF TEA.\",\"breadcrumb\":{\"@id\":\"https:\/\/chacamelia.com\/catalogue\/acessorios\/companhia\/eighty-degrees-vol-5\/#breadcrumb\"},\"inLanguage\":\"en-US\",\"potentialAction\":[{\"@type\":\"ReadAction\",\"target\":[\"https:\/\/chacamelia.com\/catalogue\/acessorios\/companhia\/eighty-degrees-vol-5\/\"]}]},{\"@type\":\"ImageObject\",\"inLanguage\":\"en-US\",\"@id\":\"https:\/\/chacamelia.com\/catalogue\/acessorios\/companhia\/eighty-degrees-vol-5\/#primaryimage\",\"url\":\"https:\/\/chacamelia.com\/admin\/wp-content\/uploads\/2020\/12\/is-05-front-cover-small-1.jpeg\",\"contentUrl\":\"https:\/\/chacamelia.com\/admin\/wp-content\/uploads\/2020\/12\/is-05-front-cover-small-1.jpeg\",\"width\":477,\"height\":640},{\"@type\":\"BreadcrumbList\",\"@id\":\"https:\/\/chacamelia.com\/catalogue\/acessorios\/companhia\/eighty-degrees-vol-5\/#breadcrumb\",\"itemListElement\":[{\"@type\":\"ListItem\",\"position\":1,\"name\":\"Home\",\"item\":\"https:\/\/chacamelia.com\/en\/\"},{\"@type\":\"ListItem\",\"position\":2,\"name\":\"Online Store &#8211; Teas\",\"item\":\"https:\/\/chacamelia.com\/en\/online-store-teas\/\"},{\"@type\":\"ListItem\",\"position\":3,\"name\":\"Eighty Degrees Vol 5\"}]},{\"@type\":\"WebSite\",\"@id\":\"https:\/\/chacamelia.com\/#website\",\"url\":\"https:\/\/chacamelia.com\/\",\"name\":\"Ch\u00e1 Cam\u00e9lia\",\"description\":\"More than a drink, an attitude\",\"publisher\":{\"@id\":\"https:\/\/chacamelia.com\/#organization\"},\"potentialAction\":[{\"@type\":\"SearchAction\",\"target\":{\"@type\":\"EntryPoint\",\"urlTemplate\":\"https:\/\/chacamelia.com\/?s={search_term_string}\"},\"query-input\":{\"@type\":\"PropertyValueSpecification\",\"valueRequired\":true,\"valueName\":\"search_term_string\"}}],\"inLanguage\":\"en-US\"},{\"@type\":\"Organization\",\"@id\":\"https:\/\/chacamelia.com\/#organization\",\"name\":\"Ch\u00e1 Cam\u00e9lia\",\"url\":\"https:\/\/chacamelia.com\/\",\"logo\":{\"@type\":\"ImageObject\",\"inLanguage\":\"en-US\",\"@id\":\"https:\/\/chacamelia.com\/#\/schema\/logo\/image\/\",\"url\":\"https:\/\/chacamelia.com\/admin\/wp-content\/uploads\/2015\/06\/Logotipo.jpg\",\"contentUrl\":\"https:\/\/chacamelia.com\/admin\/wp-content\/uploads\/2015\/06\/Logotipo.jpg\",\"width\":289,\"height\":289,\"caption\":\"Ch\u00e1 Cam\u00e9lia\"},\"image\":{\"@id\":\"https:\/\/chacamelia.com\/#\/schema\/logo\/image\/\"}}]}<\/script>\n<!-- \/ Yoast SEO plugin. -->","yoast_head_json":{"title":"Eighty Degrees Vol 5 - Comprar Good Company en l\u00ednea - Ch\u00e1 Cam\u00e9lia","description":"EIGHTY DEGREES VOL 5 IS A PROFOUND MAGAZINE ON THE CULTURE OF TEA. EIGHTY DEGREES VOL 2 IS A PROFOUND MAGAZINE ON THE CULTURE OF TEA.","robots":{"index":"index","follow":"follow","max-snippet":"max-snippet:-1","max-image-preview":"max-image-preview:large","max-video-preview":"max-video-preview:-1"},"canonical":"https:\/\/chacamelia.com\/catalogue\/acessorios\/companhia\/eighty-degrees-vol-5\/","og_locale":"en_US","og_type":"article","og_title":"Eighty Degrees Vol 5 - Comprar Good Company en l\u00ednea - Ch\u00e1 Cam\u00e9lia","og_description":"EIGHTY DEGREES VOL 5 IS A PROFOUND MAGAZINE ON THE CULTURE OF TEA. EIGHTY DEGREES VOL 2 IS A PROFOUND MAGAZINE ON THE CULTURE OF TEA.","og_url":"https:\/\/chacamelia.com\/catalogue\/acessorios\/companhia\/eighty-degrees-vol-5\/","og_site_name":"Ch\u00e1 Cam\u00e9lia","article_modified_time":"2020-12-04T16:14:36+00:00","og_image":[{"width":477,"height":640,"url":"https:\/\/chacamelia.com\/admin\/wp-content\/uploads\/2020\/12\/is-05-front-cover-small-1.jpeg","type":"image\/jpeg"}],"twitter_card":"summary_large_image","twitter_misc":{"Est. reading time":"1 minute"},"schema":{"@context":"https:\/\/schema.org","@graph":[{"@type":"WebPage","@id":"https:\/\/chacamelia.com\/catalogue\/acessorios\/companhia\/eighty-degrees-vol-5\/","url":"https:\/\/chacamelia.com\/catalogue\/acessorios\/companhia\/eighty-degrees-vol-5\/","name":"Eighty Degrees Vol 5 - Comprar Good Company en l\u00ednea - Ch\u00e1 Cam\u00e9lia","isPartOf":{"@id":"https:\/\/chacamelia.com\/#website"},"primaryImageOfPage":{"@id":"https:\/\/chacamelia.com\/catalogue\/acessorios\/companhia\/eighty-degrees-vol-5\/#primaryimage"},"image":{"@id":"https:\/\/chacamelia.com\/catalogue\/acessorios\/companhia\/eighty-degrees-vol-5\/#primaryimage"},"thumbnailUrl":"https:\/\/chacamelia.com\/admin\/wp-content\/uploads\/2020\/12\/is-05-front-cover-small-1.jpeg","datePublished":"2020-12-04T13:46:56+00:00","dateModified":"2020-12-04T16:14:36+00:00","description":"EIGHTY DEGREES VOL 5 IS A PROFOUND MAGAZINE ON THE CULTURE OF TEA. EIGHTY DEGREES VOL 2 IS A PROFOUND MAGAZINE ON THE CULTURE OF TEA.","breadcrumb":{"@id":"https:\/\/chacamelia.com\/catalogue\/acessorios\/companhia\/eighty-degrees-vol-5\/#breadcrumb"},"inLanguage":"en-US","potentialAction":[{"@type":"ReadAction","target":["https:\/\/chacamelia.com\/catalogue\/acessorios\/companhia\/eighty-degrees-vol-5\/"]}]},{"@type":"ImageObject","inLanguage":"en-US","@id":"https:\/\/chacamelia.com\/catalogue\/acessorios\/companhia\/eighty-degrees-vol-5\/#primaryimage","url":"https:\/\/chacamelia.com\/admin\/wp-content\/uploads\/2020\/12\/is-05-front-cover-small-1.jpeg","contentUrl":"https:\/\/chacamelia.com\/admin\/wp-content\/uploads\/2020\/12\/is-05-front-cover-small-1.jpeg","width":477,"height":640},{"@type":"BreadcrumbList","@id":"https:\/\/chacamelia.com\/catalogue\/acessorios\/companhia\/eighty-degrees-vol-5\/#breadcrumb","itemListElement":[{"@type":"ListItem","position":1,"name":"Home","item":"https:\/\/chacamelia.com\/en\/"},{"@type":"ListItem","position":2,"name":"Online Store &#8211; Teas","item":"https:\/\/chacamelia.com\/en\/online-store-teas\/"},{"@type":"ListItem","position":3,"name":"Eighty Degrees Vol 5"}]},{"@type":"WebSite","@id":"https:\/\/chacamelia.com\/#website","url":"https:\/\/chacamelia.com\/","name":"Ch\u00e1 Cam\u00e9lia","description":"More than a drink, an attitude","publisher":{"@id":"https:\/\/chacamelia.com\/#organization"},"potentialAction":[{"@type":"SearchAction","target":{"@type":"EntryPoint","urlTemplate":"https:\/\/chacamelia.com\/?s={search_term_string}"},"query-input":{"@type":"PropertyValueSpecification","valueRequired":true,"valueName":"search_term_string"}}],"inLanguage":"en-US"},{"@type":"Organization","@id":"https:\/\/chacamelia.com\/#organization","name":"Ch\u00e1 Cam\u00e9lia","url":"https:\/\/chacamelia.com\/","logo":{"@type":"ImageObject","inLanguage":"en-US","@id":"https:\/\/chacamelia.com\/#\/schema\/logo\/image\/","url":"https:\/\/chacamelia.com\/admin\/wp-content\/uploads\/2015\/06\/Logotipo.jpg","contentUrl":"https:\/\/chacamelia.com\/admin\/wp-content\/uploads\/2015\/06\/Logotipo.jpg","width":289,"height":289,"caption":"Ch\u00e1 Cam\u00e9lia"},"image":{"@id":"https:\/\/chacamelia.com\/#\/schema\/logo\/image\/"}}]}},"_links":{"self":[{"href":"https:\/\/chacamelia.com\/en\/wp-json\/wp\/v2\/product\/11506","targetHints":{"allow":["GET"]}}],"collection":[{"href":"https:\/\/chacamelia.com\/en\/wp-json\/wp\/v2\/product"}],"about":[{"href":"https:\/\/chacamelia.com\/en\/wp-json\/wp\/v2\/types\/product"}],"wp:featuredmedia":[{"embeddable":true,"href":"https:\/\/chacamelia.com\/en\/wp-json\/wp\/v2\/media\/11503"}],"wp:attachment":[{"href":"https:\/\/chacamelia.com\/en\/wp-json\/wp\/v2\/media?parent=11506"}],"wp:term":[{"taxonomy":"product_brand","embeddable":true,"href":"https:\/\/chacamelia.com\/en\/wp-json\/wp\/v2\/product_brand?post=11506"},{"taxonomy":"product_cat","embeddable":true,"href":"https:\/\/chacamelia.com\/en\/wp-json\/wp\/v2\/product_cat?post=11506"},{"taxonomy":"product_tag","embeddable":true,"href":"https:\/\/chacamelia.com\/en\/wp-json\/wp\/v2\/product_tag?post=11506"}],"curies":[{"name":"wp","href":"https:\/\/api.w.org\/{rel}","templated":true}]}}