{"id":11149,"date":"2020-09-14T15:55:31","date_gmt":"2020-09-14T15:55:31","guid":{"rendered":"https:\/\/chacamelia.com\/catalogue\/uncategorized\/luso-cha\/"},"modified":"2025-08-25T15:11:35","modified_gmt":"2025-08-25T15:11:35","slug":"luso-cha","status":"publish","type":"product","link":"https:\/\/chacamelia.com\/en\/catalogue\/teas\/own-production\/luso-cha\/","title":{"rendered":"Luso Ch\u00e1 Bio"},"content":{"rendered":"<p class=\"p1\"><span class=\"s1\">Luso Ch\u00e1 celebrates the first European imports of tea by the Portuguese in the 19th century, in which the boxes were marked with the acronym &#8220;TEA&#8221;, an abbreviation for Transport of Aromatic Herbs. The origin of the word TEA that the English then gave to this incredible drink.<\/span><\/p>\n<p class=\"p1\"><span class=\"s1\">It is a tea crafted from the leaves of the summer harvest, made with larger leaves and less caffeine, whose fresh, characterful flavour, lends itself to a cup of tea, which pairs beautifully with different dishes, both savoury and sweet and can be enjoyed at any time of the day.<\/span><\/p>\n<p>&nbsp;<\/p>\n<p class=\"p1\"><span class=\"s1\">We recommend up to 2 infusions.<\/span><\/p>\n<p>&nbsp;<\/p>\n<p>50g pack<\/p>\n<p>&nbsp;<\/p>\n<p>Tasting notes: Delicate green, little caffeine.<\/p>\n<p>&nbsp;<\/p>\n<p><img loading=\"lazy\" decoding=\"async\" class=\"alignnone wp-image-12905\" src=\"https:\/\/chacamelia.com\/admin\/wp-content\/uploads\/2015\/06\/eu_organic_logo_colour_outerline_rgb-280x186.jpg\" alt=\"\" width=\"101\" height=\"67\" \/><\/p>\n<p class=\"p1\">AGRICULTURE EU \/ PT-BIO-04<\/p>\n","protected":false},"excerpt":{"rendered":"<p>Luso Ch\u00e1 is handmade, organic green tea from our summer harvest.<\/p>\n<p>&nbsp;<\/p>\n","protected":false},"featured_media":12413,"template":"","meta":{"_acf_changed":false},"product_brand":[],"product_cat":[606],"product_tag":[300,1262],"class_list":{"0":"post-11149","1":"product","2":"type-product","3":"status-publish","4":"has-post-thumbnail","6":"product_cat-own-production","7":"product_tag-cha-verde-en","8":"product_tag-lusocha-en","10":"first","11":"instock","12":"taxable","13":"shipping-taxable","14":"purchasable","15":"product-type-simple"},"group_of_quantity":0,"min_quantity":0,"max_quantity":"","exclude_order_quantity_value_rules":"no","exclude_category_quantity_rules":"no","combine_variations":"no","acf":[],"yoast_head":"<!-- This site is optimized with the Yoast SEO plugin v27.1.1 - https:\/\/yoast.com\/product\/yoast-seo-wordpress\/ -->\n<title>Luso Ch\u00e1 Bio - Comprar Own Production en l\u00ednea - Ch\u00e1 Cam\u00e9lia<\/title>\n<meta name=\"description\" content=\"Luso Ch\u00e1 is handmade, organic green tea from our summer harvest.  &nbsp; Luso Ch\u00e1 is handmade, organic green tea from our summer harvest.\" \/>\n<meta name=\"robots\" content=\"index, follow, max-snippet:-1, max-image-preview:large, max-video-preview:-1\" \/>\n<link rel=\"canonical\" href=\"https:\/\/chacamelia.com\/en\/catalogue\/teas\/own-production\/luso-cha\/\" \/>\n<meta property=\"og:locale\" content=\"en_US\" \/>\n<meta property=\"og:type\" content=\"article\" \/>\n<meta property=\"og:title\" content=\"Luso Ch\u00e1 Bio - Comprar Own Production en l\u00ednea - Ch\u00e1 Cam\u00e9lia\" \/>\n<meta property=\"og:description\" content=\"Luso Ch\u00e1 is handmade, organic green tea from our summer harvest.  &nbsp; Luso Ch\u00e1 is handmade, organic green tea from our summer harvest.\" \/>\n<meta property=\"og:url\" content=\"https:\/\/chacamelia.com\/en\/catalogue\/teas\/own-production\/luso-cha\/\" \/>\n<meta property=\"og:site_name\" content=\"Ch\u00e1 Cam\u00e9lia\" \/>\n<meta property=\"article:modified_time\" content=\"2025-08-25T15:11:35+00:00\" \/>\n<meta property=\"og:image\" content=\"https:\/\/chacamelia.com\/admin\/wp-content\/uploads\/2020\/09\/luso-cha-50g-1.jpg\" \/>\n\t<meta property=\"og:image:width\" content=\"2500\" \/>\n\t<meta property=\"og:image:height\" content=\"2500\" \/>\n\t<meta property=\"og:image:type\" content=\"image\/jpeg\" \/>\n<meta name=\"twitter:card\" content=\"summary_large_image\" \/>\n<meta name=\"twitter:label1\" content=\"Est. reading time\" \/>\n\t<meta name=\"twitter:data1\" content=\"1 minute\" \/>\n<script type=\"application\/ld+json\" class=\"yoast-schema-graph\">{\"@context\":\"https:\/\/schema.org\",\"@graph\":[{\"@type\":\"WebPage\",\"@id\":\"https:\/\/chacamelia.com\/en\/catalogue\/teas\/own-production\/luso-cha\/\",\"url\":\"https:\/\/chacamelia.com\/en\/catalogue\/teas\/own-production\/luso-cha\/\",\"name\":\"Luso Ch\u00e1 Bio - Comprar Own Production en l\u00ednea - Ch\u00e1 Cam\u00e9lia\",\"isPartOf\":{\"@id\":\"https:\/\/chacamelia.com\/#website\"},\"primaryImageOfPage\":{\"@id\":\"https:\/\/chacamelia.com\/en\/catalogue\/teas\/own-production\/luso-cha\/#primaryimage\"},\"image\":{\"@id\":\"https:\/\/chacamelia.com\/en\/catalogue\/teas\/own-production\/luso-cha\/#primaryimage\"},\"thumbnailUrl\":\"https:\/\/chacamelia.com\/admin\/wp-content\/uploads\/2020\/09\/luso-cha-50g-1.jpg\",\"datePublished\":\"2020-09-14T15:55:31+00:00\",\"dateModified\":\"2025-08-25T15:11:35+00:00\",\"description\":\"Luso Ch\u00e1 is handmade, organic green tea from our summer harvest. &nbsp; Luso Ch\u00e1 is handmade, organic green tea from our summer harvest.\",\"breadcrumb\":{\"@id\":\"https:\/\/chacamelia.com\/en\/catalogue\/teas\/own-production\/luso-cha\/#breadcrumb\"},\"inLanguage\":\"en-US\",\"potentialAction\":[{\"@type\":\"ReadAction\",\"target\":[\"https:\/\/chacamelia.com\/en\/catalogue\/teas\/own-production\/luso-cha\/\"]}]},{\"@type\":\"ImageObject\",\"inLanguage\":\"en-US\",\"@id\":\"https:\/\/chacamelia.com\/en\/catalogue\/teas\/own-production\/luso-cha\/#primaryimage\",\"url\":\"https:\/\/chacamelia.com\/admin\/wp-content\/uploads\/2020\/09\/luso-cha-50g-1.jpg\",\"contentUrl\":\"https:\/\/chacamelia.com\/admin\/wp-content\/uploads\/2020\/09\/luso-cha-50g-1.jpg\",\"width\":2500,\"height\":2500},{\"@type\":\"BreadcrumbList\",\"@id\":\"https:\/\/chacamelia.com\/en\/catalogue\/teas\/own-production\/luso-cha\/#breadcrumb\",\"itemListElement\":[{\"@type\":\"ListItem\",\"position\":1,\"name\":\"Home\",\"item\":\"https:\/\/chacamelia.com\/en\/\"},{\"@type\":\"ListItem\",\"position\":2,\"name\":\"Online Store &#8211; Teas\",\"item\":\"https:\/\/chacamelia.com\/en\/online-store-teas\/\"},{\"@type\":\"ListItem\",\"position\":3,\"name\":\"Luso Ch\u00e1 Bio\"}]},{\"@type\":\"WebSite\",\"@id\":\"https:\/\/chacamelia.com\/#website\",\"url\":\"https:\/\/chacamelia.com\/\",\"name\":\"Ch\u00e1 Cam\u00e9lia\",\"description\":\"More than a drink, an attitude\",\"publisher\":{\"@id\":\"https:\/\/chacamelia.com\/#organization\"},\"potentialAction\":[{\"@type\":\"SearchAction\",\"target\":{\"@type\":\"EntryPoint\",\"urlTemplate\":\"https:\/\/chacamelia.com\/?s={search_term_string}\"},\"query-input\":{\"@type\":\"PropertyValueSpecification\",\"valueRequired\":true,\"valueName\":\"search_term_string\"}}],\"inLanguage\":\"en-US\"},{\"@type\":\"Organization\",\"@id\":\"https:\/\/chacamelia.com\/#organization\",\"name\":\"Ch\u00e1 Cam\u00e9lia\",\"url\":\"https:\/\/chacamelia.com\/\",\"logo\":{\"@type\":\"ImageObject\",\"inLanguage\":\"en-US\",\"@id\":\"https:\/\/chacamelia.com\/#\/schema\/logo\/image\/\",\"url\":\"https:\/\/chacamelia.com\/admin\/wp-content\/uploads\/2015\/06\/Logotipo.jpg\",\"contentUrl\":\"https:\/\/chacamelia.com\/admin\/wp-content\/uploads\/2015\/06\/Logotipo.jpg\",\"width\":289,\"height\":289,\"caption\":\"Ch\u00e1 Cam\u00e9lia\"},\"image\":{\"@id\":\"https:\/\/chacamelia.com\/#\/schema\/logo\/image\/\"}}]}<\/script>\n<!-- \/ Yoast SEO plugin. -->","yoast_head_json":{"title":"Luso Ch\u00e1 Bio - Comprar Own Production en l\u00ednea - Ch\u00e1 Cam\u00e9lia","description":"Luso Ch\u00e1 is handmade, organic green tea from our summer harvest.  &nbsp; Luso Ch\u00e1 is handmade, organic green tea from our summer harvest.","robots":{"index":"index","follow":"follow","max-snippet":"max-snippet:-1","max-image-preview":"max-image-preview:large","max-video-preview":"max-video-preview:-1"},"canonical":"https:\/\/chacamelia.com\/en\/catalogue\/teas\/own-production\/luso-cha\/","og_locale":"en_US","og_type":"article","og_title":"Luso Ch\u00e1 Bio - Comprar Own Production en l\u00ednea - Ch\u00e1 Cam\u00e9lia","og_description":"Luso Ch\u00e1 is handmade, organic green tea from our summer harvest.  &nbsp; Luso Ch\u00e1 is handmade, organic green tea from our summer harvest.","og_url":"https:\/\/chacamelia.com\/en\/catalogue\/teas\/own-production\/luso-cha\/","og_site_name":"Ch\u00e1 Cam\u00e9lia","article_modified_time":"2025-08-25T15:11:35+00:00","og_image":[{"width":2500,"height":2500,"url":"https:\/\/chacamelia.com\/admin\/wp-content\/uploads\/2020\/09\/luso-cha-50g-1.jpg","type":"image\/jpeg"}],"twitter_card":"summary_large_image","twitter_misc":{"Est. reading time":"1 minute"},"schema":{"@context":"https:\/\/schema.org","@graph":[{"@type":"WebPage","@id":"https:\/\/chacamelia.com\/en\/catalogue\/teas\/own-production\/luso-cha\/","url":"https:\/\/chacamelia.com\/en\/catalogue\/teas\/own-production\/luso-cha\/","name":"Luso Ch\u00e1 Bio - Comprar Own Production en l\u00ednea - Ch\u00e1 Cam\u00e9lia","isPartOf":{"@id":"https:\/\/chacamelia.com\/#website"},"primaryImageOfPage":{"@id":"https:\/\/chacamelia.com\/en\/catalogue\/teas\/own-production\/luso-cha\/#primaryimage"},"image":{"@id":"https:\/\/chacamelia.com\/en\/catalogue\/teas\/own-production\/luso-cha\/#primaryimage"},"thumbnailUrl":"https:\/\/chacamelia.com\/admin\/wp-content\/uploads\/2020\/09\/luso-cha-50g-1.jpg","datePublished":"2020-09-14T15:55:31+00:00","dateModified":"2025-08-25T15:11:35+00:00","description":"Luso Ch\u00e1 is handmade, organic green tea from our summer harvest. &nbsp; Luso Ch\u00e1 is handmade, organic green tea from our summer harvest.","breadcrumb":{"@id":"https:\/\/chacamelia.com\/en\/catalogue\/teas\/own-production\/luso-cha\/#breadcrumb"},"inLanguage":"en-US","potentialAction":[{"@type":"ReadAction","target":["https:\/\/chacamelia.com\/en\/catalogue\/teas\/own-production\/luso-cha\/"]}]},{"@type":"ImageObject","inLanguage":"en-US","@id":"https:\/\/chacamelia.com\/en\/catalogue\/teas\/own-production\/luso-cha\/#primaryimage","url":"https:\/\/chacamelia.com\/admin\/wp-content\/uploads\/2020\/09\/luso-cha-50g-1.jpg","contentUrl":"https:\/\/chacamelia.com\/admin\/wp-content\/uploads\/2020\/09\/luso-cha-50g-1.jpg","width":2500,"height":2500},{"@type":"BreadcrumbList","@id":"https:\/\/chacamelia.com\/en\/catalogue\/teas\/own-production\/luso-cha\/#breadcrumb","itemListElement":[{"@type":"ListItem","position":1,"name":"Home","item":"https:\/\/chacamelia.com\/en\/"},{"@type":"ListItem","position":2,"name":"Online Store &#8211; Teas","item":"https:\/\/chacamelia.com\/en\/online-store-teas\/"},{"@type":"ListItem","position":3,"name":"Luso Ch\u00e1 Bio"}]},{"@type":"WebSite","@id":"https:\/\/chacamelia.com\/#website","url":"https:\/\/chacamelia.com\/","name":"Ch\u00e1 Cam\u00e9lia","description":"More than a drink, an attitude","publisher":{"@id":"https:\/\/chacamelia.com\/#organization"},"potentialAction":[{"@type":"SearchAction","target":{"@type":"EntryPoint","urlTemplate":"https:\/\/chacamelia.com\/?s={search_term_string}"},"query-input":{"@type":"PropertyValueSpecification","valueRequired":true,"valueName":"search_term_string"}}],"inLanguage":"en-US"},{"@type":"Organization","@id":"https:\/\/chacamelia.com\/#organization","name":"Ch\u00e1 Cam\u00e9lia","url":"https:\/\/chacamelia.com\/","logo":{"@type":"ImageObject","inLanguage":"en-US","@id":"https:\/\/chacamelia.com\/#\/schema\/logo\/image\/","url":"https:\/\/chacamelia.com\/admin\/wp-content\/uploads\/2015\/06\/Logotipo.jpg","contentUrl":"https:\/\/chacamelia.com\/admin\/wp-content\/uploads\/2015\/06\/Logotipo.jpg","width":289,"height":289,"caption":"Ch\u00e1 Cam\u00e9lia"},"image":{"@id":"https:\/\/chacamelia.com\/#\/schema\/logo\/image\/"}}]}},"_links":{"self":[{"href":"https:\/\/chacamelia.com\/en\/wp-json\/wp\/v2\/product\/11149","targetHints":{"allow":["GET"]}}],"collection":[{"href":"https:\/\/chacamelia.com\/en\/wp-json\/wp\/v2\/product"}],"about":[{"href":"https:\/\/chacamelia.com\/en\/wp-json\/wp\/v2\/types\/product"}],"wp:featuredmedia":[{"embeddable":true,"href":"https:\/\/chacamelia.com\/en\/wp-json\/wp\/v2\/media\/12413"}],"wp:attachment":[{"href":"https:\/\/chacamelia.com\/en\/wp-json\/wp\/v2\/media?parent=11149"}],"wp:term":[{"taxonomy":"product_brand","embeddable":true,"href":"https:\/\/chacamelia.com\/en\/wp-json\/wp\/v2\/product_brand?post=11149"},{"taxonomy":"product_cat","embeddable":true,"href":"https:\/\/chacamelia.com\/en\/wp-json\/wp\/v2\/product_cat?post=11149"},{"taxonomy":"product_tag","embeddable":true,"href":"https:\/\/chacamelia.com\/en\/wp-json\/wp\/v2\/product_tag?post=11149"}],"curies":[{"name":"wp","href":"https:\/\/api.w.org\/{rel}","templated":true}]}}