{"id":2438,"date":"2015-07-14T09:45:21","date_gmt":"2015-07-14T09:45:21","guid":{"rendered":"https:\/\/chacamelia.com\/admin\/tudo-sobre-o-cha\/beneficios-do-cha\/"},"modified":"2016-10-18T15:46:10","modified_gmt":"2016-10-18T15:46:10","slug":"tea-benefits","status":"publish","type":"page","link":"https:\/\/chacamelia.com\/en\/all-about-tea\/tea-benefits\/","title":{"rendered":"Tea benefits"},"content":{"rendered":"<p>In China, for over 5000 years, the extracts in tea leaves have been used for medicinal purposes. However, it was only in the 6th century that tea became a popular drink and its consumption spread all over Asia. The Japanese Buddhist monks, who had learned to appreciate the beneficial effects of the green tea on their ability to concentrate, began to cultivate the first tea plants in Japan in the 8th century.<\/p>\n<p>&nbsp;<\/p>\n<pre><img loading=\"lazy\" decoding=\"async\" class=\"alignnone size-full wp-image-2462 no-full-width\" src=\"https:\/\/chacamelia.com\/admin\/wp-content\/uploads\/2015\/07\/disegno.jpg\" alt=\"disegno\" width=\"400\" height=\"616\" \/><\/pre>\n<p>&nbsp;<\/p>\n<p>The active substances of the tea leaf dissolve very easily and quickly in water, which makes the leaves very suitable for preparation of the beverage via infusion. This is only true for green tea, whose active substances are not changed during the processing methods. In Japanese green tea, the content of the active substances is particularly high, since the leaves are steamed at a very early stage during processing, which conserves the active substances.<\/p>\n<p>Green tea can contain appreciable amounts of vitamin C, in quantities comparable with that found in lemon juice. Since vitamin C is sensitive to heat, it is advisable to prepare the tea with the water at a temperature between 60 and 75\u00b0C. Green tea is also a good source of other vitamins: vitamin K is present in large quantities and folic acid to a lesser extent. Since, for the vast majority of the population, folic acid is consumed in low quantities, green tea can be a useful supplement.<\/p>\n<p>The green tea polyphenols (catechins or tannins) are of great importance. These substances produce antioxidant effects and have been linked to cancer prevention. Additionally tea contains the alkaloids caffeine, theobromine and theophylline. These alkaloids are responsible for teas stimulating effect. The joint presence of these stimulants with catechins make tea an easily digestible drink. By contrast, the caffeine in coffee, has chlorogenic acid, which can cause discomfort to the stomach.<\/p>\n<p>Furthermore, green tea is a good source of minerals and also has a significant amount of fluoride. Indeed, the tea plant (Camellia sinensis) has the highest fluoride content of all of the edible plants. The quantities of all these substances varies according to where the tea is planted, as different soils, altitude and climate zone will all have an impact and also according to the type of tea.<\/p>\n<p>However, these active substances should not be considered in isolation. It is the sum of all substances present in green tea that contribute to the beneficial effect on the body.<\/p>\n<p>&nbsp;<\/p>\n<p><img loading=\"lazy\" decoding=\"async\" class=\"alignnone wp-image-6967 size-full\" src=\"https:\/\/chacamelia.com\/admin\/wp-content\/uploads\/2015\/07\/Matcha-com-colher.jpg\" alt=\"matcha-com-colher\" width=\"1200\" height=\"512\" \/><\/p>\n<p>&nbsp;<\/p>\n<p>The Dutch physician Nicolas Diveks (1593 \u2013 1674) praises the virtues of tea with the following words:<\/p>\n<blockquote><p>&#8220;There is nothing that outweighs the tea. Drinking tea gets away all possible diseases of the human being and provides a long life. The tea gives energy and is very useful for those who study or work at night. It is perfectly right to drink twelve cups of tea a day.&#8221;<\/p><\/blockquote>\n<p>&nbsp;<\/p>\n<p><strong>Drinking green tea on a regular basis could prevent a number of diseases, such as:<\/strong><\/p>\n<ul>\n<li>High Cholesterol<\/li>\n<li>Hypertension<\/li>\n<li>Circulatory disorders<\/li>\n<li>Osteoporosis<\/li>\n<li>Lack of concentration<\/li>\n<li>Depression<\/li>\n<li>Stomach pains<\/li>\n<li>Digestive problems<\/li>\n<li>Dental caries<\/li>\n<li>Thyroid gland disorders<\/li>\n<\/ul>\n<p><strong>Also, drinking green tea could contribute to the wellbeing of the body by:<\/strong><\/p>\n<ul>\n<li>Combating stress<\/li>\n<li>Increasing resistance to disease<\/li>\n<li>Promoting skin regeneration<\/li>\n<li>Strengthening eyesight<\/li>\n<li>Stimulating the liver<\/li>\n<li>Helping the body to rejuvenate<\/li>\n<\/ul>\n<p style=\"text-align: center;\">\n","protected":false},"excerpt":{"rendered":"<p>In China, for over 5000 years, the extracts in tea leaves have been used for medicinal purposes. However, it was only in the 6th century that tea became a popular drink and its consumption spread all over Asia. The Japanese [&hellip;]<\/p>\n","protected":false},"author":5,"featured_media":0,"parent":280,"menu_order":0,"comment_status":"closed","ping_status":"closed","template":"","meta":{"_acf_changed":false,"footnotes":""},"class_list":["post-2438","page","type-page","status-publish","hentry"],"acf":[],"yoast_head":"<!-- This site is optimized with the Yoast SEO plugin v27.1.1 - https:\/\/yoast.com\/product\/yoast-seo-wordpress\/ -->\n<title>Tea benefits - Ch\u00e1 Cam\u00e9lia<\/title>\n<meta name=\"description\" content=\"Benef\u00edcios do ch\u00e1\" \/>\n<meta name=\"robots\" content=\"index, follow, max-snippet:-1, max-image-preview:large, max-video-preview:-1\" \/>\n<link rel=\"canonical\" href=\"https:\/\/chacamelia.com\/en\/all-about-tea\/tea-benefits\/\" \/>\n<meta property=\"og:locale\" content=\"en_US\" \/>\n<meta property=\"og:type\" content=\"article\" \/>\n<meta property=\"og:title\" content=\"Tea benefits - Ch\u00e1 Cam\u00e9lia\" \/>\n<meta property=\"og:description\" content=\"Benef\u00edcios do ch\u00e1\" \/>\n<meta property=\"og:url\" content=\"https:\/\/chacamelia.com\/en\/all-about-tea\/tea-benefits\/\" \/>\n<meta property=\"og:site_name\" content=\"Ch\u00e1 Cam\u00e9lia\" \/>\n<meta property=\"article:modified_time\" content=\"2016-10-18T15:46:10+00:00\" \/>\n<meta property=\"og:image\" content=\"https:\/\/chacamelia.com\/admin\/wp-content\/uploads\/2015\/07\/disegno.jpg\" \/>\n<meta name=\"twitter:card\" content=\"summary_large_image\" \/>\n<meta name=\"twitter:label1\" content=\"Est. reading time\" \/>\n\t<meta name=\"twitter:data1\" content=\"3 minutes\" \/>\n<script type=\"application\/ld+json\" class=\"yoast-schema-graph\">{\"@context\":\"https:\/\/schema.org\",\"@graph\":[{\"@type\":\"WebPage\",\"@id\":\"https:\/\/chacamelia.com\/en\/all-about-tea\/tea-benefits\/\",\"url\":\"https:\/\/chacamelia.com\/en\/all-about-tea\/tea-benefits\/\",\"name\":\"Tea benefits - Ch\u00e1 Cam\u00e9lia\",\"isPartOf\":{\"@id\":\"https:\/\/chacamelia.com\/#website\"},\"primaryImageOfPage\":{\"@id\":\"https:\/\/chacamelia.com\/en\/all-about-tea\/tea-benefits\/#primaryimage\"},\"image\":{\"@id\":\"https:\/\/chacamelia.com\/en\/all-about-tea\/tea-benefits\/#primaryimage\"},\"thumbnailUrl\":\"https:\/\/chacamelia.com\/admin\/wp-content\/uploads\/2015\/07\/disegno.jpg\",\"datePublished\":\"2015-07-14T09:45:21+00:00\",\"dateModified\":\"2016-10-18T15:46:10+00:00\",\"description\":\"Benef\u00edcios do ch\u00e1\",\"breadcrumb\":{\"@id\":\"https:\/\/chacamelia.com\/en\/all-about-tea\/tea-benefits\/#breadcrumb\"},\"inLanguage\":\"en-US\",\"potentialAction\":[{\"@type\":\"ReadAction\",\"target\":[\"https:\/\/chacamelia.com\/en\/all-about-tea\/tea-benefits\/\"]}]},{\"@type\":\"ImageObject\",\"inLanguage\":\"en-US\",\"@id\":\"https:\/\/chacamelia.com\/en\/all-about-tea\/tea-benefits\/#primaryimage\",\"url\":\"https:\/\/chacamelia.com\/admin\/wp-content\/uploads\/2015\/07\/disegno.jpg\",\"contentUrl\":\"https:\/\/chacamelia.com\/admin\/wp-content\/uploads\/2015\/07\/disegno.jpg\"},{\"@type\":\"BreadcrumbList\",\"@id\":\"https:\/\/chacamelia.com\/en\/all-about-tea\/tea-benefits\/#breadcrumb\",\"itemListElement\":[{\"@type\":\"ListItem\",\"position\":1,\"name\":\"Home\",\"item\":\"https:\/\/chacamelia.com\/en\/\"},{\"@type\":\"ListItem\",\"position\":2,\"name\":\"All about tea\",\"item\":\"https:\/\/chacamelia.com\/en\/all-about-tea\/\"},{\"@type\":\"ListItem\",\"position\":3,\"name\":\"Tea benefits\"}]},{\"@type\":\"WebSite\",\"@id\":\"https:\/\/chacamelia.com\/#website\",\"url\":\"https:\/\/chacamelia.com\/\",\"name\":\"Ch\u00e1 Cam\u00e9lia\",\"description\":\"More than a drink, an attitude\",\"publisher\":{\"@id\":\"https:\/\/chacamelia.com\/#organization\"},\"potentialAction\":[{\"@type\":\"SearchAction\",\"target\":{\"@type\":\"EntryPoint\",\"urlTemplate\":\"https:\/\/chacamelia.com\/?s={search_term_string}\"},\"query-input\":{\"@type\":\"PropertyValueSpecification\",\"valueRequired\":true,\"valueName\":\"search_term_string\"}}],\"inLanguage\":\"en-US\"},{\"@type\":\"Organization\",\"@id\":\"https:\/\/chacamelia.com\/#organization\",\"name\":\"Ch\u00e1 Cam\u00e9lia\",\"url\":\"https:\/\/chacamelia.com\/\",\"logo\":{\"@type\":\"ImageObject\",\"inLanguage\":\"en-US\",\"@id\":\"https:\/\/chacamelia.com\/#\/schema\/logo\/image\/\",\"url\":\"https:\/\/chacamelia.com\/admin\/wp-content\/uploads\/2015\/06\/Logotipo.jpg\",\"contentUrl\":\"https:\/\/chacamelia.com\/admin\/wp-content\/uploads\/2015\/06\/Logotipo.jpg\",\"width\":289,\"height\":289,\"caption\":\"Ch\u00e1 Cam\u00e9lia\"},\"image\":{\"@id\":\"https:\/\/chacamelia.com\/#\/schema\/logo\/image\/\"}}]}<\/script>\n<!-- \/ Yoast SEO plugin. -->","yoast_head_json":{"title":"Tea benefits - Ch\u00e1 Cam\u00e9lia","description":"Benef\u00edcios do ch\u00e1","robots":{"index":"index","follow":"follow","max-snippet":"max-snippet:-1","max-image-preview":"max-image-preview:large","max-video-preview":"max-video-preview:-1"},"canonical":"https:\/\/chacamelia.com\/en\/all-about-tea\/tea-benefits\/","og_locale":"en_US","og_type":"article","og_title":"Tea benefits - Ch\u00e1 Cam\u00e9lia","og_description":"Benef\u00edcios do ch\u00e1","og_url":"https:\/\/chacamelia.com\/en\/all-about-tea\/tea-benefits\/","og_site_name":"Ch\u00e1 Cam\u00e9lia","article_modified_time":"2016-10-18T15:46:10+00:00","og_image":[{"url":"https:\/\/chacamelia.com\/admin\/wp-content\/uploads\/2015\/07\/disegno.jpg","type":"","width":"","height":""}],"twitter_card":"summary_large_image","twitter_misc":{"Est. reading time":"3 minutes"},"schema":{"@context":"https:\/\/schema.org","@graph":[{"@type":"WebPage","@id":"https:\/\/chacamelia.com\/en\/all-about-tea\/tea-benefits\/","url":"https:\/\/chacamelia.com\/en\/all-about-tea\/tea-benefits\/","name":"Tea benefits - Ch\u00e1 Cam\u00e9lia","isPartOf":{"@id":"https:\/\/chacamelia.com\/#website"},"primaryImageOfPage":{"@id":"https:\/\/chacamelia.com\/en\/all-about-tea\/tea-benefits\/#primaryimage"},"image":{"@id":"https:\/\/chacamelia.com\/en\/all-about-tea\/tea-benefits\/#primaryimage"},"thumbnailUrl":"https:\/\/chacamelia.com\/admin\/wp-content\/uploads\/2015\/07\/disegno.jpg","datePublished":"2015-07-14T09:45:21+00:00","dateModified":"2016-10-18T15:46:10+00:00","description":"Benef\u00edcios do ch\u00e1","breadcrumb":{"@id":"https:\/\/chacamelia.com\/en\/all-about-tea\/tea-benefits\/#breadcrumb"},"inLanguage":"en-US","potentialAction":[{"@type":"ReadAction","target":["https:\/\/chacamelia.com\/en\/all-about-tea\/tea-benefits\/"]}]},{"@type":"ImageObject","inLanguage":"en-US","@id":"https:\/\/chacamelia.com\/en\/all-about-tea\/tea-benefits\/#primaryimage","url":"https:\/\/chacamelia.com\/admin\/wp-content\/uploads\/2015\/07\/disegno.jpg","contentUrl":"https:\/\/chacamelia.com\/admin\/wp-content\/uploads\/2015\/07\/disegno.jpg"},{"@type":"BreadcrumbList","@id":"https:\/\/chacamelia.com\/en\/all-about-tea\/tea-benefits\/#breadcrumb","itemListElement":[{"@type":"ListItem","position":1,"name":"Home","item":"https:\/\/chacamelia.com\/en\/"},{"@type":"ListItem","position":2,"name":"All about tea","item":"https:\/\/chacamelia.com\/en\/all-about-tea\/"},{"@type":"ListItem","position":3,"name":"Tea benefits"}]},{"@type":"WebSite","@id":"https:\/\/chacamelia.com\/#website","url":"https:\/\/chacamelia.com\/","name":"Ch\u00e1 Cam\u00e9lia","description":"More than a drink, an attitude","publisher":{"@id":"https:\/\/chacamelia.com\/#organization"},"potentialAction":[{"@type":"SearchAction","target":{"@type":"EntryPoint","urlTemplate":"https:\/\/chacamelia.com\/?s={search_term_string}"},"query-input":{"@type":"PropertyValueSpecification","valueRequired":true,"valueName":"search_term_string"}}],"inLanguage":"en-US"},{"@type":"Organization","@id":"https:\/\/chacamelia.com\/#organization","name":"Ch\u00e1 Cam\u00e9lia","url":"https:\/\/chacamelia.com\/","logo":{"@type":"ImageObject","inLanguage":"en-US","@id":"https:\/\/chacamelia.com\/#\/schema\/logo\/image\/","url":"https:\/\/chacamelia.com\/admin\/wp-content\/uploads\/2015\/06\/Logotipo.jpg","contentUrl":"https:\/\/chacamelia.com\/admin\/wp-content\/uploads\/2015\/06\/Logotipo.jpg","width":289,"height":289,"caption":"Ch\u00e1 Cam\u00e9lia"},"image":{"@id":"https:\/\/chacamelia.com\/#\/schema\/logo\/image\/"}}]}},"_links":{"self":[{"href":"https:\/\/chacamelia.com\/en\/wp-json\/wp\/v2\/pages\/2438","targetHints":{"allow":["GET"]}}],"collection":[{"href":"https:\/\/chacamelia.com\/en\/wp-json\/wp\/v2\/pages"}],"about":[{"href":"https:\/\/chacamelia.com\/en\/wp-json\/wp\/v2\/types\/page"}],"author":[{"embeddable":true,"href":"https:\/\/chacamelia.com\/en\/wp-json\/wp\/v2\/users\/5"}],"replies":[{"embeddable":true,"href":"https:\/\/chacamelia.com\/en\/wp-json\/wp\/v2\/comments?post=2438"}],"version-history":[{"count":0,"href":"https:\/\/chacamelia.com\/en\/wp-json\/wp\/v2\/pages\/2438\/revisions"}],"up":[{"embeddable":true,"href":"https:\/\/chacamelia.com\/en\/wp-json\/wp\/v2\/pages\/280"}],"wp:attachment":[{"href":"https:\/\/chacamelia.com\/en\/wp-json\/wp\/v2\/media?parent=2438"}],"curies":[{"name":"wp","href":"https:\/\/api.w.org\/{rel}","templated":true}]}}